{"id":3601,"date":"2023-12-02T16:04:37","date_gmt":"2023-12-02T15:04:37","guid":{"rendered":"https:\/\/musee-lalique.adipso.fr\/lalique-in-france-and-in-the-world\/"},"modified":"2024-08-07T14:06:47","modified_gmt":"2024-08-07T12:06:47","slug":"lalique-in-france-and-in-the-world","status":"publish","type":"page","link":"https:\/\/www.musee-lalique.com\/en\/tourism\/glass-and-crystal\/lalique-in-france-and-in-the-world\/","title":{"rendered":"Lalique in France and in the world"},"content":{"rendered":"<p>At Douvre-la-D\u00e9livrande in <strong>Normandy <\/strong>in the 1930s, Ren\u00e9 Lalique redesigned the interior of the Convent of Notre-Dame-de-Fid\u00e9lit\u00e9 chapel. The chapel makes an extraordinary visit!<br \/>\n<a href=\"https:\/\/www.congregation-notre-dame-de-fidelite.com\/bienvenue\/la-chapelle-lalique\/\">http:\/\/www.congregation-notre-dame-de-fidelite.com\/bienvenue\/l-accueil\/la-chapelle-lalique\/<\/a><\/p>\n<p>Visit St Mathew\u2019s Church on the island of <strong>Jersey<\/strong>, where Florence Boot commissioned Ren\u00e9 Lalique to redesign the interior with a magnificent decor of angels and lilies, in honour of her deceased husband.<br \/>\n<a href=\"https:\/\/stmatthews.je\/glass-church\">https:\/\/stmatthews.je\/glass-church<\/a><\/p>\n<p>Discover another Lalique Museum on the other side of the world! At Hakon\u00e9 in<strong> Japan<\/strong>, a devoted collector has created a moving tribute to Ren\u00e9 Lalique.<br \/>\n<a href=\"https:\/\/www.lalique-museum.com\/english\/\">http:\/\/www.lalique-museum.com\/common\/about\/english.html<\/a><\/p>\n<p>And you can find works by Lalique in numerous museums all over the world, including:<\/p>\n<ul>\n<li>the Arts D\u00e9coratifs, the Paris Museum of Decorative Arts<\/li>\n<li>the Calouste Gulbenkian Museum in Lisbon<\/li>\n<li>the Victoria and Albert Museum in London<\/li>\n<li>the Soci\u00e9t\u00e9 Mus\u00e9e Lalique at Doesburg in the Netherlands<\/li>\n<li>the Schmuckmuseum at Pforzheim in Germany<\/li>\n<li>the Wolfsonian\u2013Florida International University in Miami Beach<\/li>\n<\/ul>\n<p>You\u2019ll also find Lalique in all Lalique stores: <a href=\"http:\/\/www.lalique.com\" target=\"_blank\" rel=\"noopener\">http:\/\/www.lalique.com<\/a><\/p>\n","protected":false},"excerpt":{"rendered":"<p>At Douvre-la-D\u00e9livrande in Normandy in the 1930s, Ren\u00e9 Lalique redesigned the interior of the Convent of Notre-Dame-de-Fid\u00e9lit\u00e9 chapel. The chapel makes an extraordinary visit! http:\/\/www.congregation-notre-dame-de-fidelite.com\/bienvenue\/l-accueil\/la-chapelle-lalique\/ Visit St Mathew\u2019s Church on the island of Jersey, where Florence Boot commissioned Ren\u00e9 Lalique to redesign the interior with a magnificent decor of angels and lilies, in honour of [&hellip;]<\/p>\n","protected":false},"author":3,"featured_media":0,"parent":3358,"menu_order":0,"comment_status":"closed","ping_status":"closed","template":"","meta":{"_acf_changed":false,"footnotes":""},"class_list":["post-3601","page","type-page","status-publish","hentry"],"acf":[],"yoast_head":"<!-- This site is optimized with the Yoast SEO plugin v27.4 - https:\/\/yoast.com\/product\/yoast-seo-wordpress\/ -->\n<title>Lalique in France and in the world - museelalique<\/title>\n<meta name=\"robots\" content=\"index, follow, max-snippet:-1, max-image-preview:large, max-video-preview:-1\" \/>\n<link rel=\"canonical\" href=\"https:\/\/www.musee-lalique.com\/en\/tourism\/glass-and-crystal\/lalique-in-france-and-in-the-world\/\" \/>\n<meta property=\"og:locale\" content=\"en_US\" \/>\n<meta property=\"og:type\" content=\"article\" \/>\n<meta property=\"og:title\" content=\"Lalique in France and in the world - museelalique\" \/>\n<meta property=\"og:description\" content=\"At Douvre-la-D\u00e9livrande in Normandy in the 1930s, Ren\u00e9 Lalique redesigned the interior of the Convent of Notre-Dame-de-Fid\u00e9lit\u00e9 chapel. The chapel makes an extraordinary visit! http:\/\/www.congregation-notre-dame-de-fidelite.com\/bienvenue\/l-accueil\/la-chapelle-lalique\/ Visit St Mathew\u2019s Church on the island of Jersey, where Florence Boot commissioned Ren\u00e9 Lalique to redesign the interior with a magnificent decor of angels and lilies, in honour of [&hellip;]\" \/>\n<meta property=\"og:url\" content=\"https:\/\/www.musee-lalique.com\/en\/tourism\/glass-and-crystal\/lalique-in-france-and-in-the-world\/\" \/>\n<meta property=\"og:site_name\" content=\"museelalique\" \/>\n<meta property=\"article:modified_time\" content=\"2024-08-07T12:06:47+00:00\" \/>\n<meta name=\"twitter:card\" content=\"summary_large_image\" \/>\n<meta name=\"twitter:label1\" content=\"Est. reading time\" \/>\n\t<meta name=\"twitter:data1\" content=\"1 minute\" \/>\n<script type=\"application\/ld+json\" class=\"yoast-schema-graph\">{\"@context\":\"https:\\\/\\\/schema.org\",\"@graph\":[{\"@type\":\"WebPage\",\"@id\":\"https:\\\/\\\/www.musee-lalique.com\\\/en\\\/tourism\\\/glass-and-crystal\\\/lalique-in-france-and-in-the-world\\\/\",\"url\":\"https:\\\/\\\/www.musee-lalique.com\\\/en\\\/tourism\\\/glass-and-crystal\\\/lalique-in-france-and-in-the-world\\\/\",\"name\":\"Lalique in France and in the world - museelalique\",\"isPartOf\":{\"@id\":\"https:\\\/\\\/musee-lalique.com\\\/#website\"},\"datePublished\":\"2023-12-02T15:04:37+00:00\",\"dateModified\":\"2024-08-07T12:06:47+00:00\",\"breadcrumb\":{\"@id\":\"https:\\\/\\\/www.musee-lalique.com\\\/en\\\/tourism\\\/glass-and-crystal\\\/lalique-in-france-and-in-the-world\\\/#breadcrumb\"},\"inLanguage\":\"en-US\",\"potentialAction\":[{\"@type\":\"ReadAction\",\"target\":[\"https:\\\/\\\/www.musee-lalique.com\\\/en\\\/tourism\\\/glass-and-crystal\\\/lalique-in-france-and-in-the-world\\\/\"]}]},{\"@type\":\"BreadcrumbList\",\"@id\":\"https:\\\/\\\/www.musee-lalique.com\\\/en\\\/tourism\\\/glass-and-crystal\\\/lalique-in-france-and-in-the-world\\\/#breadcrumb\",\"itemListElement\":[{\"@type\":\"ListItem\",\"position\":1,\"name\":\"Homepage\",\"item\":\"https:\\\/\\\/www.musee-lalique.com\\\/en\\\/\"},{\"@type\":\"ListItem\",\"position\":2,\"name\":\"Tourism\",\"item\":\"https:\\\/\\\/musee-lalique.com\\\/tourisme\\\/\"},{\"@type\":\"ListItem\",\"position\":3,\"name\":\"Glass and crystal\",\"item\":\"https:\\\/\\\/musee-lalique.com\\\/tourisme\\\/verre-et-cristal\\\/\"},{\"@type\":\"ListItem\",\"position\":4,\"name\":\"Lalique in France and in the world\"}]},{\"@type\":\"WebSite\",\"@id\":\"https:\\\/\\\/musee-lalique.com\\\/#website\",\"url\":\"https:\\\/\\\/musee-lalique.com\\\/\",\"name\":\"museelalique\",\"description\":\"\",\"potentialAction\":[{\"@type\":\"SearchAction\",\"target\":{\"@type\":\"EntryPoint\",\"urlTemplate\":\"https:\\\/\\\/musee-lalique.com\\\/?s={search_term_string}\"},\"query-input\":{\"@type\":\"PropertyValueSpecification\",\"valueRequired\":true,\"valueName\":\"search_term_string\"}}],\"inLanguage\":\"en-US\"}]}<\/script>\n<!-- \/ Yoast SEO plugin. -->","yoast_head_json":{"title":"Lalique in France and in the world - museelalique","robots":{"index":"index","follow":"follow","max-snippet":"max-snippet:-1","max-image-preview":"max-image-preview:large","max-video-preview":"max-video-preview:-1"},"canonical":"https:\/\/www.musee-lalique.com\/en\/tourism\/glass-and-crystal\/lalique-in-france-and-in-the-world\/","og_locale":"en_US","og_type":"article","og_title":"Lalique in France and in the world - museelalique","og_description":"At Douvre-la-D\u00e9livrande in Normandy in the 1930s, Ren\u00e9 Lalique redesigned the interior of the Convent of Notre-Dame-de-Fid\u00e9lit\u00e9 chapel. The chapel makes an extraordinary visit! http:\/\/www.congregation-notre-dame-de-fidelite.com\/bienvenue\/l-accueil\/la-chapelle-lalique\/ Visit St Mathew\u2019s Church on the island of Jersey, where Florence Boot commissioned Ren\u00e9 Lalique to redesign the interior with a magnificent decor of angels and lilies, in honour of [&hellip;]","og_url":"https:\/\/www.musee-lalique.com\/en\/tourism\/glass-and-crystal\/lalique-in-france-and-in-the-world\/","og_site_name":"museelalique","article_modified_time":"2024-08-07T12:06:47+00:00","twitter_card":"summary_large_image","twitter_misc":{"Est. reading time":"1 minute"},"schema":{"@context":"https:\/\/schema.org","@graph":[{"@type":"WebPage","@id":"https:\/\/www.musee-lalique.com\/en\/tourism\/glass-and-crystal\/lalique-in-france-and-in-the-world\/","url":"https:\/\/www.musee-lalique.com\/en\/tourism\/glass-and-crystal\/lalique-in-france-and-in-the-world\/","name":"Lalique in France and in the world - museelalique","isPartOf":{"@id":"https:\/\/musee-lalique.com\/#website"},"datePublished":"2023-12-02T15:04:37+00:00","dateModified":"2024-08-07T12:06:47+00:00","breadcrumb":{"@id":"https:\/\/www.musee-lalique.com\/en\/tourism\/glass-and-crystal\/lalique-in-france-and-in-the-world\/#breadcrumb"},"inLanguage":"en-US","potentialAction":[{"@type":"ReadAction","target":["https:\/\/www.musee-lalique.com\/en\/tourism\/glass-and-crystal\/lalique-in-france-and-in-the-world\/"]}]},{"@type":"BreadcrumbList","@id":"https:\/\/www.musee-lalique.com\/en\/tourism\/glass-and-crystal\/lalique-in-france-and-in-the-world\/#breadcrumb","itemListElement":[{"@type":"ListItem","position":1,"name":"Homepage","item":"https:\/\/www.musee-lalique.com\/en\/"},{"@type":"ListItem","position":2,"name":"Tourism","item":"https:\/\/musee-lalique.com\/tourisme\/"},{"@type":"ListItem","position":3,"name":"Glass and crystal","item":"https:\/\/musee-lalique.com\/tourisme\/verre-et-cristal\/"},{"@type":"ListItem","position":4,"name":"Lalique in France and in the world"}]},{"@type":"WebSite","@id":"https:\/\/musee-lalique.com\/#website","url":"https:\/\/musee-lalique.com\/","name":"museelalique","description":"","potentialAction":[{"@type":"SearchAction","target":{"@type":"EntryPoint","urlTemplate":"https:\/\/musee-lalique.com\/?s={search_term_string}"},"query-input":{"@type":"PropertyValueSpecification","valueRequired":true,"valueName":"search_term_string"}}],"inLanguage":"en-US"}]}},"_links":{"self":[{"href":"https:\/\/www.musee-lalique.com\/en\/wp-json\/wp\/v2\/pages\/3601","targetHints":{"allow":["GET"]}}],"collection":[{"href":"https:\/\/www.musee-lalique.com\/en\/wp-json\/wp\/v2\/pages"}],"about":[{"href":"https:\/\/www.musee-lalique.com\/en\/wp-json\/wp\/v2\/types\/page"}],"author":[{"embeddable":true,"href":"https:\/\/www.musee-lalique.com\/en\/wp-json\/wp\/v2\/users\/3"}],"replies":[{"embeddable":true,"href":"https:\/\/www.musee-lalique.com\/en\/wp-json\/wp\/v2\/comments?post=3601"}],"version-history":[{"count":4,"href":"https:\/\/www.musee-lalique.com\/en\/wp-json\/wp\/v2\/pages\/3601\/revisions"}],"predecessor-version":[{"id":13554,"href":"https:\/\/www.musee-lalique.com\/en\/wp-json\/wp\/v2\/pages\/3601\/revisions\/13554"}],"up":[{"embeddable":true,"href":"https:\/\/www.musee-lalique.com\/en\/wp-json\/wp\/v2\/pages\/3358"}],"wp:attachment":[{"href":"https:\/\/www.musee-lalique.com\/en\/wp-json\/wp\/v2\/media?parent=3601"}],"curies":[{"name":"wp","href":"https:\/\/api.w.org\/{rel}","templated":true}]}}