{"id":14351,"date":"2025-04-12T14:57:07","date_gmt":"2025-04-12T12:57:07","guid":{"rendered":"https:\/\/www.musee-lalique.com\/discover\/temporary-exhibitions\/2025-rene-lalique-architecte-et-decorateur\/2025-contenus-additionnels\/flacon-scarabee-pour-l-t-piver\/"},"modified":"2025-04-23T15:50:50","modified_gmt":"2025-04-23T13:50:50","slug":"flacon-scarabee-pour-l-t-piver","status":"publish","type":"page","link":"https:\/\/www.musee-lalique.com\/en\/discover\/temporary-exhibitions\/2025-rene-lalique-architecte-et-decorateur\/2025-contenus-additionnels\/flacon-scarabee-pour-l-t-piver\/","title":{"rendered":"Scarab\u00e9e bottle for L.T. Piver"},"content":{"rendered":"<p>Created in 1909<\/p>\n<p>L.T. Piver (L.T. for Louis-Toussaint) is one of France\u2019s oldest perfumeries. Founded in 1769, by the mid 19th century it had gained international fame. In 1893, Jacques Rouch\u00e9 (1862-1957), a graduate of the \u00e9lite Ecole Polytechique with a passion for politics and the theatre, married the heir to the prestigious perfume house and became its managing director. He subsequently turned his scientific talents to chemistry, but also strove to relook the perfumery\u2019s image, redesigning the graphics of the labels and presentation boxes. In 1909 he commissioned Ren\u00e9 Lalique to create a new presentation for his latest perfume, <em>Scarab\u00e9e <\/em>(Beetle)<em>.<\/em><\/p>\n<p>Four years later, Jacques Rouch\u00e9 bought a mansion at number 30 rue de Prony in Paris and set to renovating the building in the Art Nouveau style. He called upon artists such as Edgar Brandt for the wrought ironwork and William Lemit for the sculptures on the fa\u00e7ade, Maurice Denis and Henri Matisse for the walls and ceilings, Maurice Dufr\u00eane and Louis Majorelle for the furniture. He commissioned Ren\u00e9 Lalique to design chandeliers, wall lamps, windows and doorknobs that the art critic Eug\u00e8ne Belville called \u00ab\u00a0Lalique at his best\u00a0\u00bb in an article in the <em>Art and Decoration <\/em>magazine. The result was admired by the Parisian \u00e9lite of the arts and culture, guests of the Rouch\u00e9s\u2019 hospitality.<\/p>\n<p>&nbsp;<\/p>\n<p><img loading=\"lazy\" decoding=\"async\" class=\"alignnone size-full wp-image-14306\" src=\"https:\/\/www.musee-lalique.com\/wp-content\/uploads\/2025\/04\/salle-a-manger-rouche.jpg\" alt=\"\" width=\"2194\" height=\"1602\" srcset=\"https:\/\/www.musee-lalique.com\/wp-content\/uploads\/2025\/04\/salle-a-manger-rouche.jpg 2194w, https:\/\/www.musee-lalique.com\/wp-content\/uploads\/2025\/04\/salle-a-manger-rouche-300x219.jpg 300w, https:\/\/www.musee-lalique.com\/wp-content\/uploads\/2025\/04\/salle-a-manger-rouche-1232x900.jpg 1232w, https:\/\/www.musee-lalique.com\/wp-content\/uploads\/2025\/04\/salle-a-manger-rouche-768x561.jpg 768w, https:\/\/www.musee-lalique.com\/wp-content\/uploads\/2025\/04\/salle-a-manger-rouche-1536x1122.jpg 1536w, https:\/\/www.musee-lalique.com\/wp-content\/uploads\/2025\/04\/salle-a-manger-rouche-2048x1495.jpg 2048w, https:\/\/www.musee-lalique.com\/wp-content\/uploads\/2025\/04\/salle-a-manger-rouche-1184x865.jpg 1184w, https:\/\/www.musee-lalique.com\/wp-content\/uploads\/2025\/04\/salle-a-manger-rouche-592x432.jpg 592w, https:\/\/www.musee-lalique.com\/wp-content\/uploads\/2025\/04\/salle-a-manger-rouche-1984x1449.jpg 1984w, https:\/\/www.musee-lalique.com\/wp-content\/uploads\/2025\/04\/salle-a-manger-rouche-992x724.jpg 992w, https:\/\/www.musee-lalique.com\/wp-content\/uploads\/2025\/04\/salle-a-manger-rouche-580x424.jpg 580w, https:\/\/www.musee-lalique.com\/wp-content\/uploads\/2025\/04\/salle-a-manger-rouche-290x212.jpg 290w, https:\/\/www.musee-lalique.com\/wp-content\/uploads\/2025\/04\/salle-a-manger-rouche-685x500.jpg 685w, https:\/\/www.musee-lalique.com\/wp-content\/uploads\/2025\/04\/salle-a-manger-rouche-342x250.jpg 342w\" sizes=\"auto, (max-width: 2194px) 100vw, 2194px\" \/><\/p>\n","protected":false},"excerpt":{"rendered":"<p>Created in 1909 L.T. Piver (L.T. for Louis-Toussaint) is one of France\u2019s oldest perfumeries. Founded in 1769, by the mid 19th century it had gained international fame. In 1893, Jacques Rouch\u00e9 (1862-1957), a graduate of the \u00e9lite Ecole Polytechique with a passion for politics and the theatre, married the heir to the prestigious perfume house [&hellip;]<\/p>\n","protected":false},"author":6,"featured_media":0,"parent":14334,"menu_order":0,"comment_status":"closed","ping_status":"closed","template":"","meta":{"_acf_changed":false,"footnotes":""},"class_list":["post-14351","page","type-page","status-publish","hentry"],"acf":[],"yoast_head":"<!-- This site is optimized with the Yoast SEO plugin v27.3 - https:\/\/yoast.com\/product\/yoast-seo-wordpress\/ -->\n<title>Scarab\u00e9e bottle for L.T. Piver - museelalique<\/title>\n<meta name=\"robots\" content=\"index, follow, max-snippet:-1, max-image-preview:large, max-video-preview:-1\" \/>\n<link rel=\"canonical\" href=\"https:\/\/www.musee-lalique.com\/en\/discover\/temporary-exhibitions\/2025-rene-lalique-architecte-et-decorateur\/2025-contenus-additionnels\/flacon-scarabee-pour-l-t-piver\/\" \/>\n<meta property=\"og:locale\" content=\"en_US\" \/>\n<meta property=\"og:type\" content=\"article\" \/>\n<meta property=\"og:title\" content=\"Scarab\u00e9e bottle for L.T. Piver - museelalique\" \/>\n<meta property=\"og:description\" content=\"Created in 1909 L.T. Piver (L.T. for Louis-Toussaint) is one of France\u2019s oldest perfumeries. Founded in 1769, by the mid 19th century it had gained international fame. In 1893, Jacques Rouch\u00e9 (1862-1957), a graduate of the \u00e9lite Ecole Polytechique with a passion for politics and the theatre, married the heir to the prestigious perfume house [&hellip;]\" \/>\n<meta property=\"og:url\" content=\"https:\/\/www.musee-lalique.com\/en\/discover\/temporary-exhibitions\/2025-rene-lalique-architecte-et-decorateur\/2025-contenus-additionnels\/flacon-scarabee-pour-l-t-piver\/\" \/>\n<meta property=\"og:site_name\" content=\"museelalique\" \/>\n<meta property=\"article:modified_time\" content=\"2025-04-23T13:50:50+00:00\" \/>\n<meta property=\"og:image\" content=\"https:\/\/www.musee-lalique.com\/wp-content\/uploads\/2025\/04\/salle-a-manger-rouche.jpg\" \/>\n\t<meta property=\"og:image:width\" content=\"2194\" \/>\n\t<meta property=\"og:image:height\" content=\"1602\" \/>\n\t<meta property=\"og:image:type\" content=\"image\/jpeg\" \/>\n<meta name=\"twitter:card\" content=\"summary_large_image\" \/>\n<meta name=\"twitter:label1\" content=\"Est. reading time\" \/>\n\t<meta name=\"twitter:data1\" content=\"2 minutes\" \/>\n<script type=\"application\/ld+json\" class=\"yoast-schema-graph\">{\"@context\":\"https:\\\/\\\/schema.org\",\"@graph\":[{\"@type\":\"WebPage\",\"@id\":\"https:\\\/\\\/www.musee-lalique.com\\\/en\\\/discover\\\/temporary-exhibitions\\\/2025-rene-lalique-architecte-et-decorateur\\\/2025-contenus-additionnels\\\/flacon-scarabee-pour-l-t-piver\\\/\",\"url\":\"https:\\\/\\\/www.musee-lalique.com\\\/en\\\/discover\\\/temporary-exhibitions\\\/2025-rene-lalique-architecte-et-decorateur\\\/2025-contenus-additionnels\\\/flacon-scarabee-pour-l-t-piver\\\/\",\"name\":\"Scarab\u00e9e bottle for L.T. Piver - museelalique\",\"isPartOf\":{\"@id\":\"https:\\\/\\\/musee-lalique.com\\\/#website\"},\"primaryImageOfPage\":{\"@id\":\"https:\\\/\\\/www.musee-lalique.com\\\/en\\\/discover\\\/temporary-exhibitions\\\/2025-rene-lalique-architecte-et-decorateur\\\/2025-contenus-additionnels\\\/flacon-scarabee-pour-l-t-piver\\\/#primaryimage\"},\"image\":{\"@id\":\"https:\\\/\\\/www.musee-lalique.com\\\/en\\\/discover\\\/temporary-exhibitions\\\/2025-rene-lalique-architecte-et-decorateur\\\/2025-contenus-additionnels\\\/flacon-scarabee-pour-l-t-piver\\\/#primaryimage\"},\"thumbnailUrl\":\"https:\\\/\\\/www.musee-lalique.com\\\/wp-content\\\/uploads\\\/2025\\\/04\\\/salle-a-manger-rouche.jpg\",\"datePublished\":\"2025-04-12T12:57:07+00:00\",\"dateModified\":\"2025-04-23T13:50:50+00:00\",\"breadcrumb\":{\"@id\":\"https:\\\/\\\/www.musee-lalique.com\\\/en\\\/discover\\\/temporary-exhibitions\\\/2025-rene-lalique-architecte-et-decorateur\\\/2025-contenus-additionnels\\\/flacon-scarabee-pour-l-t-piver\\\/#breadcrumb\"},\"inLanguage\":\"en-US\",\"potentialAction\":[{\"@type\":\"ReadAction\",\"target\":[\"https:\\\/\\\/www.musee-lalique.com\\\/en\\\/discover\\\/temporary-exhibitions\\\/2025-rene-lalique-architecte-et-decorateur\\\/2025-contenus-additionnels\\\/flacon-scarabee-pour-l-t-piver\\\/\"]}]},{\"@type\":\"ImageObject\",\"inLanguage\":\"en-US\",\"@id\":\"https:\\\/\\\/www.musee-lalique.com\\\/en\\\/discover\\\/temporary-exhibitions\\\/2025-rene-lalique-architecte-et-decorateur\\\/2025-contenus-additionnels\\\/flacon-scarabee-pour-l-t-piver\\\/#primaryimage\",\"url\":\"https:\\\/\\\/www.musee-lalique.com\\\/wp-content\\\/uploads\\\/2025\\\/04\\\/salle-a-manger-rouche.jpg\",\"contentUrl\":\"https:\\\/\\\/www.musee-lalique.com\\\/wp-content\\\/uploads\\\/2025\\\/04\\\/salle-a-manger-rouche.jpg\"},{\"@type\":\"BreadcrumbList\",\"@id\":\"https:\\\/\\\/www.musee-lalique.com\\\/en\\\/discover\\\/temporary-exhibitions\\\/2025-rene-lalique-architecte-et-decorateur\\\/2025-contenus-additionnels\\\/flacon-scarabee-pour-l-t-piver\\\/#breadcrumb\",\"itemListElement\":[{\"@type\":\"ListItem\",\"position\":1,\"name\":\"Homepage\",\"item\":\"https:\\\/\\\/www.musee-lalique.com\\\/en\\\/\"},{\"@type\":\"ListItem\",\"position\":2,\"name\":\"Discover\",\"item\":\"https:\\\/\\\/www.musee-lalique.com\\\/en\\\/discover\\\/\"},{\"@type\":\"ListItem\",\"position\":3,\"name\":\"Temporary exhibitions\",\"item\":\"https:\\\/\\\/www.musee-lalique.com\\\/en\\\/discover\\\/temporary-exhibitions\\\/\"},{\"@type\":\"ListItem\",\"position\":4,\"name\":\"2025: Ren\u00e9 Lalique, architect and decorator\",\"item\":\"https:\\\/\\\/www.musee-lalique.com\\\/en\\\/discover\\\/temporary-exhibitions\\\/2025-rene-lalique-architecte-et-decorateur\\\/\"},{\"@type\":\"ListItem\",\"position\":5,\"name\":\"2025: more content\",\"item\":\"https:\\\/\\\/www.musee-lalique.com\\\/en\\\/discover\\\/temporary-exhibitions\\\/2025-rene-lalique-architecte-et-decorateur\\\/2025-contenus-additionnels\\\/\"},{\"@type\":\"ListItem\",\"position\":6,\"name\":\"Scarab\u00e9e bottle for L.T. Piver\"}]},{\"@type\":\"WebSite\",\"@id\":\"https:\\\/\\\/musee-lalique.com\\\/#website\",\"url\":\"https:\\\/\\\/musee-lalique.com\\\/\",\"name\":\"museelalique\",\"description\":\"\",\"potentialAction\":[{\"@type\":\"SearchAction\",\"target\":{\"@type\":\"EntryPoint\",\"urlTemplate\":\"https:\\\/\\\/musee-lalique.com\\\/?s={search_term_string}\"},\"query-input\":{\"@type\":\"PropertyValueSpecification\",\"valueRequired\":true,\"valueName\":\"search_term_string\"}}],\"inLanguage\":\"en-US\"}]}<\/script>\n<!-- \/ Yoast SEO plugin. -->","yoast_head_json":{"title":"Scarab\u00e9e bottle for L.T. Piver - museelalique","robots":{"index":"index","follow":"follow","max-snippet":"max-snippet:-1","max-image-preview":"max-image-preview:large","max-video-preview":"max-video-preview:-1"},"canonical":"https:\/\/www.musee-lalique.com\/en\/discover\/temporary-exhibitions\/2025-rene-lalique-architecte-et-decorateur\/2025-contenus-additionnels\/flacon-scarabee-pour-l-t-piver\/","og_locale":"en_US","og_type":"article","og_title":"Scarab\u00e9e bottle for L.T. Piver - museelalique","og_description":"Created in 1909 L.T. Piver (L.T. for Louis-Toussaint) is one of France\u2019s oldest perfumeries. Founded in 1769, by the mid 19th century it had gained international fame. In 1893, Jacques Rouch\u00e9 (1862-1957), a graduate of the \u00e9lite Ecole Polytechique with a passion for politics and the theatre, married the heir to the prestigious perfume house [&hellip;]","og_url":"https:\/\/www.musee-lalique.com\/en\/discover\/temporary-exhibitions\/2025-rene-lalique-architecte-et-decorateur\/2025-contenus-additionnels\/flacon-scarabee-pour-l-t-piver\/","og_site_name":"museelalique","article_modified_time":"2025-04-23T13:50:50+00:00","og_image":[{"width":2194,"height":1602,"url":"https:\/\/www.musee-lalique.com\/wp-content\/uploads\/2025\/04\/salle-a-manger-rouche.jpg","type":"image\/jpeg"}],"twitter_card":"summary_large_image","twitter_misc":{"Est. reading time":"2 minutes"},"schema":{"@context":"https:\/\/schema.org","@graph":[{"@type":"WebPage","@id":"https:\/\/www.musee-lalique.com\/en\/discover\/temporary-exhibitions\/2025-rene-lalique-architecte-et-decorateur\/2025-contenus-additionnels\/flacon-scarabee-pour-l-t-piver\/","url":"https:\/\/www.musee-lalique.com\/en\/discover\/temporary-exhibitions\/2025-rene-lalique-architecte-et-decorateur\/2025-contenus-additionnels\/flacon-scarabee-pour-l-t-piver\/","name":"Scarab\u00e9e bottle for L.T. Piver - museelalique","isPartOf":{"@id":"https:\/\/musee-lalique.com\/#website"},"primaryImageOfPage":{"@id":"https:\/\/www.musee-lalique.com\/en\/discover\/temporary-exhibitions\/2025-rene-lalique-architecte-et-decorateur\/2025-contenus-additionnels\/flacon-scarabee-pour-l-t-piver\/#primaryimage"},"image":{"@id":"https:\/\/www.musee-lalique.com\/en\/discover\/temporary-exhibitions\/2025-rene-lalique-architecte-et-decorateur\/2025-contenus-additionnels\/flacon-scarabee-pour-l-t-piver\/#primaryimage"},"thumbnailUrl":"https:\/\/www.musee-lalique.com\/wp-content\/uploads\/2025\/04\/salle-a-manger-rouche.jpg","datePublished":"2025-04-12T12:57:07+00:00","dateModified":"2025-04-23T13:50:50+00:00","breadcrumb":{"@id":"https:\/\/www.musee-lalique.com\/en\/discover\/temporary-exhibitions\/2025-rene-lalique-architecte-et-decorateur\/2025-contenus-additionnels\/flacon-scarabee-pour-l-t-piver\/#breadcrumb"},"inLanguage":"en-US","potentialAction":[{"@type":"ReadAction","target":["https:\/\/www.musee-lalique.com\/en\/discover\/temporary-exhibitions\/2025-rene-lalique-architecte-et-decorateur\/2025-contenus-additionnels\/flacon-scarabee-pour-l-t-piver\/"]}]},{"@type":"ImageObject","inLanguage":"en-US","@id":"https:\/\/www.musee-lalique.com\/en\/discover\/temporary-exhibitions\/2025-rene-lalique-architecte-et-decorateur\/2025-contenus-additionnels\/flacon-scarabee-pour-l-t-piver\/#primaryimage","url":"https:\/\/www.musee-lalique.com\/wp-content\/uploads\/2025\/04\/salle-a-manger-rouche.jpg","contentUrl":"https:\/\/www.musee-lalique.com\/wp-content\/uploads\/2025\/04\/salle-a-manger-rouche.jpg"},{"@type":"BreadcrumbList","@id":"https:\/\/www.musee-lalique.com\/en\/discover\/temporary-exhibitions\/2025-rene-lalique-architecte-et-decorateur\/2025-contenus-additionnels\/flacon-scarabee-pour-l-t-piver\/#breadcrumb","itemListElement":[{"@type":"ListItem","position":1,"name":"Homepage","item":"https:\/\/www.musee-lalique.com\/en\/"},{"@type":"ListItem","position":2,"name":"Discover","item":"https:\/\/www.musee-lalique.com\/en\/discover\/"},{"@type":"ListItem","position":3,"name":"Temporary exhibitions","item":"https:\/\/www.musee-lalique.com\/en\/discover\/temporary-exhibitions\/"},{"@type":"ListItem","position":4,"name":"2025: Ren\u00e9 Lalique, architect and decorator","item":"https:\/\/www.musee-lalique.com\/en\/discover\/temporary-exhibitions\/2025-rene-lalique-architecte-et-decorateur\/"},{"@type":"ListItem","position":5,"name":"2025: more content","item":"https:\/\/www.musee-lalique.com\/en\/discover\/temporary-exhibitions\/2025-rene-lalique-architecte-et-decorateur\/2025-contenus-additionnels\/"},{"@type":"ListItem","position":6,"name":"Scarab\u00e9e bottle for L.T. Piver"}]},{"@type":"WebSite","@id":"https:\/\/musee-lalique.com\/#website","url":"https:\/\/musee-lalique.com\/","name":"museelalique","description":"","potentialAction":[{"@type":"SearchAction","target":{"@type":"EntryPoint","urlTemplate":"https:\/\/musee-lalique.com\/?s={search_term_string}"},"query-input":{"@type":"PropertyValueSpecification","valueRequired":true,"valueName":"search_term_string"}}],"inLanguage":"en-US"}]}},"_links":{"self":[{"href":"https:\/\/www.musee-lalique.com\/en\/wp-json\/wp\/v2\/pages\/14351","targetHints":{"allow":["GET"]}}],"collection":[{"href":"https:\/\/www.musee-lalique.com\/en\/wp-json\/wp\/v2\/pages"}],"about":[{"href":"https:\/\/www.musee-lalique.com\/en\/wp-json\/wp\/v2\/types\/page"}],"author":[{"embeddable":true,"href":"https:\/\/www.musee-lalique.com\/en\/wp-json\/wp\/v2\/users\/6"}],"replies":[{"embeddable":true,"href":"https:\/\/www.musee-lalique.com\/en\/wp-json\/wp\/v2\/comments?post=14351"}],"version-history":[{"count":2,"href":"https:\/\/www.musee-lalique.com\/en\/wp-json\/wp\/v2\/pages\/14351\/revisions"}],"predecessor-version":[{"id":14355,"href":"https:\/\/www.musee-lalique.com\/en\/wp-json\/wp\/v2\/pages\/14351\/revisions\/14355"}],"up":[{"embeddable":true,"href":"https:\/\/www.musee-lalique.com\/en\/wp-json\/wp\/v2\/pages\/14334"}],"wp:attachment":[{"href":"https:\/\/www.musee-lalique.com\/en\/wp-json\/wp\/v2\/media?parent=14351"}],"curies":[{"name":"wp","href":"https:\/\/api.w.org\/{rel}","templated":true}]}}