{"id":13478,"date":"2024-04-25T07:31:40","date_gmt":"2024-04-25T05:31:40","guid":{"rendered":"https:\/\/www.musee-lalique.com\/discover\/temporary-exhibitions\/rene-lalique-linventeur-du-bijou-moderne\/"},"modified":"2024-06-20T07:29:25","modified_gmt":"2024-06-20T05:29:25","slug":"rene-lalique-linventeur-du-bijou-moderne","status":"publish","type":"page","link":"https:\/\/www.musee-lalique.com\/en\/discover\/temporary-exhibitions\/rene-lalique-linventeur-du-bijou-moderne\/","title":{"rendered":"Ren\u00e9 Lalique, l&#8217;inventeur du bijou moderne"},"content":{"rendered":"<p><em>Un seul artiste et des plus grands [\u2026], Ren\u00e9 Lalique, eut le don de faire passer sur le monde un frisson de beaut\u00e9 nouvelle<\/em>, souligne Henri Clouzot. <em>La bijouterie avant lui n\u2019avait connu que l\u2019or, l\u2019argent, la perle, le diamant et les pierres pr\u00e9cieuses. [\u2026] Bouleversant toutes les traditions, il r\u00e9habilita les modestes pierres jusque-l\u00e0 d\u00e9daign\u00e9es, corindon, onyx et sardoines, jades, agates et cornalines, jaspes, coraux et opales. Il constitua une parure compl\u00e8te de la femme : diad\u00e8mes, peignes, broches, pectoraux, pendentifs, bagues, bracelets, o\u00f9 la valeur intrins\u00e8que des mati\u00e8res s\u2019effa\u00e7ait devant l\u2019excellence du travail artistique, l\u2019effort d\u2019imagination cr\u00e9atrice. Toutes les formes de la nature prirent part dans un \u00e9crin panth\u00e9iste, les fleurs, les fruits, les insectes, les oiseaux, les poissons, les reptiles. Mais il les recr\u00e9a pour les adapter \u00e0 la technique du bijou, ce que ne sauront pas \u2013 ou ne pourront pas faire \u2013 la l\u00e9gion de suiveurs que son art g\u00e9nial lui suscitera dans les deux mondes. La joaillerie reprendra bient\u00f4t tous ses droits.<\/em><\/p>\n<p>L\u2019exposition <em>Ren\u00e9 Lalique, l\u2019inventeur du bijou moderne<\/em>, s\u2019attache \u00e0 montrer les apports de l\u2019artiste\u00a0 \u00e0 l\u2019art de la bijouterie \u00e0 la p\u00e9riode Art nouveau. A travers le port de ses parures, elle aborde la question de la mode \u00e0 la Belle Epoque. Soulignant que ses bijoux sont des \u0153uvres d\u2019art totales, elle s\u2019attache \u00e0 montrer \u00e0 la fois leur dimension architecturale et l\u2019attention scrupuleuse port\u00e9e aux d\u00e9tails.<\/p>\n<p>Enfin, elle s\u2019int\u00e9resse aux processus de cr\u00e9ation et de fabrication, \u00e0 travers l\u2019imaginaire du cr\u00e9ateur, l\u2019importance du dessin dans son travail, les mat\u00e9riaux employ\u00e9s, la question du volume et enfin celle de la d\u00e9clinaison de ses \u0153uvres. Elle t\u00e9moigne, pour reprendre les propos d\u2019Andr\u00e9 Beaunier, qu\u2019<em>il a cr\u00e9\u00e9 une \u0153uvre nouvelle, autonome et libre de toute influence<\/em>, ou ceux d\u2019Emile Sedeyn : <em>C\u2019est ainsi que le g\u00e9nie, tout en cr\u00e9ant de l\u2019\u00e9ternel, s\u2019amuse \u00e0 faire de l\u2019actualit\u00e9.<\/em><\/p>\n<p>&nbsp;<\/p>\n<p><em>Exposition du 1er mai au 3 novembre 2024<\/em><br \/>\n<em>Entr\u00e9e comprise dans le prix du mus\u00e9e<\/em><\/p>\n<p>&nbsp;<\/p>\n<p><iframe loading=\"lazy\" title=\"YouTube video player\" src=\"https:\/\/www.youtube.com\/embed\/9I-ZuWfwg94?si=9OGzVVYtvrtN_bed\" width=\"560\" height=\"315\" frameborder=\"0\" allowfullscreen=\"allowfullscreen\"><\/iframe><\/p>\n","protected":false},"excerpt":{"rendered":"<p>Un seul artiste et des plus grands [\u2026], Ren\u00e9 Lalique, eut le don de faire passer sur le monde un frisson de beaut\u00e9 nouvelle, souligne Henri Clouzot. La bijouterie avant lui n\u2019avait connu que l\u2019or, l\u2019argent, la perle, le diamant et les pierres pr\u00e9cieuses. [\u2026] Bouleversant toutes les traditions, il r\u00e9habilita les modestes pierres jusque-l\u00e0 [&hellip;]<\/p>\n","protected":false},"author":6,"featured_media":0,"parent":3145,"menu_order":0,"comment_status":"closed","ping_status":"closed","template":"","meta":{"_acf_changed":false,"footnotes":""},"class_list":["post-13478","page","type-page","status-publish","hentry"],"acf":[],"yoast_head":"<!-- This site is optimized with the Yoast SEO plugin v27.3 - https:\/\/yoast.com\/product\/yoast-seo-wordpress\/ -->\n<title>Ren\u00e9 Lalique, l&#039;inventeur du bijou moderne - museelalique<\/title>\n<meta name=\"robots\" content=\"index, follow, max-snippet:-1, max-image-preview:large, max-video-preview:-1\" \/>\n<link rel=\"canonical\" href=\"https:\/\/www.musee-lalique.com\/en\/discover\/temporary-exhibitions\/rene-lalique-linventeur-du-bijou-moderne\/\" \/>\n<meta property=\"og:locale\" content=\"en_US\" \/>\n<meta property=\"og:type\" content=\"article\" \/>\n<meta property=\"og:title\" content=\"Ren\u00e9 Lalique, l&#039;inventeur du bijou moderne - museelalique\" \/>\n<meta property=\"og:description\" content=\"Un seul artiste et des plus grands [\u2026], Ren\u00e9 Lalique, eut le don de faire passer sur le monde un frisson de beaut\u00e9 nouvelle, souligne Henri Clouzot. La bijouterie avant lui n\u2019avait connu que l\u2019or, l\u2019argent, la perle, le diamant et les pierres pr\u00e9cieuses. [\u2026] Bouleversant toutes les traditions, il r\u00e9habilita les modestes pierres jusque-l\u00e0 [&hellip;]\" \/>\n<meta property=\"og:url\" content=\"https:\/\/www.musee-lalique.com\/en\/discover\/temporary-exhibitions\/rene-lalique-linventeur-du-bijou-moderne\/\" \/>\n<meta property=\"og:site_name\" content=\"museelalique\" \/>\n<meta property=\"article:modified_time\" content=\"2024-06-20T05:29:25+00:00\" \/>\n<meta name=\"twitter:card\" content=\"summary_large_image\" \/>\n<meta name=\"twitter:label1\" content=\"Est. reading time\" \/>\n\t<meta name=\"twitter:data1\" content=\"2 minutes\" \/>\n<script type=\"application\/ld+json\" class=\"yoast-schema-graph\">{\"@context\":\"https:\\\/\\\/schema.org\",\"@graph\":[{\"@type\":\"WebPage\",\"@id\":\"https:\\\/\\\/www.musee-lalique.com\\\/en\\\/discover\\\/temporary-exhibitions\\\/rene-lalique-linventeur-du-bijou-moderne\\\/\",\"url\":\"https:\\\/\\\/www.musee-lalique.com\\\/en\\\/discover\\\/temporary-exhibitions\\\/rene-lalique-linventeur-du-bijou-moderne\\\/\",\"name\":\"Ren\u00e9 Lalique, l'inventeur du bijou moderne - museelalique\",\"isPartOf\":{\"@id\":\"https:\\\/\\\/musee-lalique.com\\\/#website\"},\"datePublished\":\"2024-04-25T05:31:40+00:00\",\"dateModified\":\"2024-06-20T05:29:25+00:00\",\"breadcrumb\":{\"@id\":\"https:\\\/\\\/www.musee-lalique.com\\\/en\\\/discover\\\/temporary-exhibitions\\\/rene-lalique-linventeur-du-bijou-moderne\\\/#breadcrumb\"},\"inLanguage\":\"en-US\",\"potentialAction\":[{\"@type\":\"ReadAction\",\"target\":[\"https:\\\/\\\/www.musee-lalique.com\\\/en\\\/discover\\\/temporary-exhibitions\\\/rene-lalique-linventeur-du-bijou-moderne\\\/\"]}]},{\"@type\":\"BreadcrumbList\",\"@id\":\"https:\\\/\\\/www.musee-lalique.com\\\/en\\\/discover\\\/temporary-exhibitions\\\/rene-lalique-linventeur-du-bijou-moderne\\\/#breadcrumb\",\"itemListElement\":[{\"@type\":\"ListItem\",\"position\":1,\"name\":\"Homepage\",\"item\":\"https:\\\/\\\/www.musee-lalique.com\\\/en\\\/\"},{\"@type\":\"ListItem\",\"position\":2,\"name\":\"Discover\",\"item\":\"https:\\\/\\\/www.musee-lalique.com\\\/en\\\/discover\\\/\"},{\"@type\":\"ListItem\",\"position\":3,\"name\":\"Temporary exhibitions\",\"item\":\"https:\\\/\\\/www.musee-lalique.com\\\/en\\\/discover\\\/temporary-exhibitions\\\/\"},{\"@type\":\"ListItem\",\"position\":4,\"name\":\"Ren\u00e9 Lalique, l&rsquo;inventeur du bijou moderne\"}]},{\"@type\":\"WebSite\",\"@id\":\"https:\\\/\\\/musee-lalique.com\\\/#website\",\"url\":\"https:\\\/\\\/musee-lalique.com\\\/\",\"name\":\"museelalique\",\"description\":\"\",\"potentialAction\":[{\"@type\":\"SearchAction\",\"target\":{\"@type\":\"EntryPoint\",\"urlTemplate\":\"https:\\\/\\\/musee-lalique.com\\\/?s={search_term_string}\"},\"query-input\":{\"@type\":\"PropertyValueSpecification\",\"valueRequired\":true,\"valueName\":\"search_term_string\"}}],\"inLanguage\":\"en-US\"}]}<\/script>\n<!-- \/ Yoast SEO plugin. -->","yoast_head_json":{"title":"Ren\u00e9 Lalique, l'inventeur du bijou moderne - museelalique","robots":{"index":"index","follow":"follow","max-snippet":"max-snippet:-1","max-image-preview":"max-image-preview:large","max-video-preview":"max-video-preview:-1"},"canonical":"https:\/\/www.musee-lalique.com\/en\/discover\/temporary-exhibitions\/rene-lalique-linventeur-du-bijou-moderne\/","og_locale":"en_US","og_type":"article","og_title":"Ren\u00e9 Lalique, l'inventeur du bijou moderne - museelalique","og_description":"Un seul artiste et des plus grands [\u2026], Ren\u00e9 Lalique, eut le don de faire passer sur le monde un frisson de beaut\u00e9 nouvelle, souligne Henri Clouzot. La bijouterie avant lui n\u2019avait connu que l\u2019or, l\u2019argent, la perle, le diamant et les pierres pr\u00e9cieuses. [\u2026] Bouleversant toutes les traditions, il r\u00e9habilita les modestes pierres jusque-l\u00e0 [&hellip;]","og_url":"https:\/\/www.musee-lalique.com\/en\/discover\/temporary-exhibitions\/rene-lalique-linventeur-du-bijou-moderne\/","og_site_name":"museelalique","article_modified_time":"2024-06-20T05:29:25+00:00","twitter_card":"summary_large_image","twitter_misc":{"Est. reading time":"2 minutes"},"schema":{"@context":"https:\/\/schema.org","@graph":[{"@type":"WebPage","@id":"https:\/\/www.musee-lalique.com\/en\/discover\/temporary-exhibitions\/rene-lalique-linventeur-du-bijou-moderne\/","url":"https:\/\/www.musee-lalique.com\/en\/discover\/temporary-exhibitions\/rene-lalique-linventeur-du-bijou-moderne\/","name":"Ren\u00e9 Lalique, l'inventeur du bijou moderne - museelalique","isPartOf":{"@id":"https:\/\/musee-lalique.com\/#website"},"datePublished":"2024-04-25T05:31:40+00:00","dateModified":"2024-06-20T05:29:25+00:00","breadcrumb":{"@id":"https:\/\/www.musee-lalique.com\/en\/discover\/temporary-exhibitions\/rene-lalique-linventeur-du-bijou-moderne\/#breadcrumb"},"inLanguage":"en-US","potentialAction":[{"@type":"ReadAction","target":["https:\/\/www.musee-lalique.com\/en\/discover\/temporary-exhibitions\/rene-lalique-linventeur-du-bijou-moderne\/"]}]},{"@type":"BreadcrumbList","@id":"https:\/\/www.musee-lalique.com\/en\/discover\/temporary-exhibitions\/rene-lalique-linventeur-du-bijou-moderne\/#breadcrumb","itemListElement":[{"@type":"ListItem","position":1,"name":"Homepage","item":"https:\/\/www.musee-lalique.com\/en\/"},{"@type":"ListItem","position":2,"name":"Discover","item":"https:\/\/www.musee-lalique.com\/en\/discover\/"},{"@type":"ListItem","position":3,"name":"Temporary exhibitions","item":"https:\/\/www.musee-lalique.com\/en\/discover\/temporary-exhibitions\/"},{"@type":"ListItem","position":4,"name":"Ren\u00e9 Lalique, l&rsquo;inventeur du bijou moderne"}]},{"@type":"WebSite","@id":"https:\/\/musee-lalique.com\/#website","url":"https:\/\/musee-lalique.com\/","name":"museelalique","description":"","potentialAction":[{"@type":"SearchAction","target":{"@type":"EntryPoint","urlTemplate":"https:\/\/musee-lalique.com\/?s={search_term_string}"},"query-input":{"@type":"PropertyValueSpecification","valueRequired":true,"valueName":"search_term_string"}}],"inLanguage":"en-US"}]}},"_links":{"self":[{"href":"https:\/\/www.musee-lalique.com\/en\/wp-json\/wp\/v2\/pages\/13478","targetHints":{"allow":["GET"]}}],"collection":[{"href":"https:\/\/www.musee-lalique.com\/en\/wp-json\/wp\/v2\/pages"}],"about":[{"href":"https:\/\/www.musee-lalique.com\/en\/wp-json\/wp\/v2\/types\/page"}],"author":[{"embeddable":true,"href":"https:\/\/www.musee-lalique.com\/en\/wp-json\/wp\/v2\/users\/6"}],"replies":[{"embeddable":true,"href":"https:\/\/www.musee-lalique.com\/en\/wp-json\/wp\/v2\/comments?post=13478"}],"version-history":[{"count":1,"href":"https:\/\/www.musee-lalique.com\/en\/wp-json\/wp\/v2\/pages\/13478\/revisions"}],"predecessor-version":[{"id":13480,"href":"https:\/\/www.musee-lalique.com\/en\/wp-json\/wp\/v2\/pages\/13478\/revisions\/13480"}],"up":[{"embeddable":true,"href":"https:\/\/www.musee-lalique.com\/en\/wp-json\/wp\/v2\/pages\/3145"}],"wp:attachment":[{"href":"https:\/\/www.musee-lalique.com\/en\/wp-json\/wp\/v2\/media?parent=13478"}],"curies":[{"name":"wp","href":"https:\/\/api.w.org\/{rel}","templated":true}]}}