{"id":3615,"date":"2023-12-02T16:04:38","date_gmt":"2023-12-02T15:04:38","guid":{"rendered":"https:\/\/musee-lalique.adipso.fr\/weitere-sehenswerte-sammlungen-rund-um-das-glas\/"},"modified":"2024-08-07T14:12:33","modified_gmt":"2024-08-07T12:12:33","slug":"weitere-sehenswerte-sammlungen-rund-um-das-glas","status":"publish","type":"page","link":"https:\/\/www.musee-lalique.com\/de\/touristisches\/glas-und-kristallglas\/weitere-sehenswerte-sammlungen-rund-um-das-glas\/","title":{"rendered":"Weitere sehenswerte Sammlungen rund um das Glas"},"content":{"rendered":"<p>Glas ist ein Werkstoff, von dem in allen Epochen und in allen L\u00e4ndern stets gro\u00dfe Faszination ausging. Besichtigen Sie au\u00dferordentliche Sammlungen rund um den Erdball:<\/p>\n<h2>In Frankreich<\/h2>\n<ul>\n<li><a href=\"http:\/\/www.ecole-de-nancy.com\/web\/index.php?page=presentation-men-en\" target=\"_blank\" rel=\"noopener\">Mus\u00e9e de l&#8217;Ecole de Nancy<\/a><\/li>\n<li><a href=\"https:\/\/musee-des-beaux-arts.nancy.fr\/accueil\" target=\"_blank\" rel=\"noopener\">Mus\u00e9e des Beaux-Arts de Nancy<\/a><\/li>\n<li><a href=\"http:\/\/www.museeverre-tarn.com\/?lang=en\" target=\"_blank\" rel=\"noopener\">Mus\u00e9e \/ Centre d&#8217;art du verre de Carmaux<\/a><\/li>\n<li><a href=\"https:\/\/musverre.lenord.fr\/fr\/Accueil.aspx\" target=\"_blank\" rel=\"noopener\">Musverre<\/a><\/li>\n<li><a href=\"http:\/\/www.ecomusee-avesnois.fr\/page\/25\">Ecomus\u00e9e de l&#8217;Avesnois<\/a><\/li>\n<li><a href=\"http:\/\/www.museeduverre.fr\/fr\" target=\"_blank\" rel=\"noopener\">Mus\u00e9e du verre de Conches<\/a><\/li>\n<li><a href=\"https:\/\/www.baccarat.com\/fr_fr\/le-monde-de-baccarat\/lieux-enchanteurs\/collection-baccarat.html\" target=\"_blank\" rel=\"noopener\">Mus\u00e9e de Baccarat<\/a><\/li>\n<\/ul>\n<h2>In Europa<\/h2>\n<ul>\n<li><a href=\"http:\/\/www.glasmuseum-rheinbach.de\" target=\"_blank\" rel=\"noopener\">Glasmuseum Rheinbach<\/a><\/li>\n<li><a href=\"https:\/\/www.kunstpalast.de\/de\/museum\/\" target=\"_blank\" rel=\"noopener\">Glasmuseum Hentrich &#8211; D\u00fcsseldorf<\/a><\/li>\n<li><a href=\"https:\/\/museovetro.visitmuve.it\/de\/home\/\" target=\"_blank\" rel=\"noopener\">Mus\u00e9e du verre de Murano<\/a><\/li>\n<\/ul>\n<h2>&#8230;und weiter weg<\/h2>\n<ul>\n<li><a href=\"https:\/\/kitazawa-museum.or.jp\/en\/english_visit.html\" target=\"_blank\" rel=\"noopener\">Mus\u00e9e Kitazawa (Japan)<\/a><\/li>\n<li>Corning Museum of Glass ( die Vereinigten Staaten von Amerika )<\/li>\n<\/ul>\n<p>&nbsp;<\/p>\n","protected":false},"excerpt":{"rendered":"<p>Glas ist ein Werkstoff, von dem in allen Epochen und in allen L\u00e4ndern stets gro\u00dfe Faszination ausging. Besichtigen Sie au\u00dferordentliche Sammlungen rund um den Erdball: In Frankreich Mus\u00e9e de l&#8217;Ecole de Nancy Mus\u00e9e des Beaux-Arts de Nancy Mus\u00e9e \/ Centre d&#8217;art du verre de Carmaux Musverre Ecomus\u00e9e de l&#8217;Avesnois Mus\u00e9e du verre de Conches Mus\u00e9e [&hellip;]<\/p>\n","protected":false},"author":3,"featured_media":0,"parent":3363,"menu_order":0,"comment_status":"closed","ping_status":"closed","template":"","meta":{"_acf_changed":false,"footnotes":""},"class_list":["post-3615","page","type-page","status-publish","hentry"],"acf":[],"yoast_head":"<!-- This site is optimized with the Yoast SEO plugin v27.3 - https:\/\/yoast.com\/product\/yoast-seo-wordpress\/ -->\n<title>Weitere sehenswerte Sammlungen rund um das Glas - museelalique<\/title>\n<meta name=\"robots\" content=\"index, follow, max-snippet:-1, max-image-preview:large, max-video-preview:-1\" \/>\n<link rel=\"canonical\" href=\"https:\/\/www.musee-lalique.com\/de\/touristisches\/glas-und-kristallglas\/weitere-sehenswerte-sammlungen-rund-um-das-glas\/\" \/>\n<meta property=\"og:locale\" content=\"de_DE\" \/>\n<meta property=\"og:type\" content=\"article\" \/>\n<meta property=\"og:title\" content=\"Weitere sehenswerte Sammlungen rund um das Glas - museelalique\" \/>\n<meta property=\"og:description\" content=\"Glas ist ein Werkstoff, von dem in allen Epochen und in allen L\u00e4ndern stets gro\u00dfe Faszination ausging. Besichtigen Sie au\u00dferordentliche Sammlungen rund um den Erdball: In Frankreich Mus\u00e9e de l&#8217;Ecole de Nancy Mus\u00e9e des Beaux-Arts de Nancy Mus\u00e9e \/ Centre d&#8217;art du verre de Carmaux Musverre Ecomus\u00e9e de l&#8217;Avesnois Mus\u00e9e du verre de Conches Mus\u00e9e [&hellip;]\" \/>\n<meta property=\"og:url\" content=\"https:\/\/www.musee-lalique.com\/de\/touristisches\/glas-und-kristallglas\/weitere-sehenswerte-sammlungen-rund-um-das-glas\/\" \/>\n<meta property=\"og:site_name\" content=\"museelalique\" \/>\n<meta property=\"article:modified_time\" content=\"2024-08-07T12:12:33+00:00\" \/>\n<meta name=\"twitter:card\" content=\"summary_large_image\" \/>\n<meta name=\"twitter:label1\" content=\"Est. reading time\" \/>\n\t<meta name=\"twitter:data1\" content=\"1 minute\" \/>\n<script type=\"application\/ld+json\" class=\"yoast-schema-graph\">{\"@context\":\"https:\\\/\\\/schema.org\",\"@graph\":[{\"@type\":\"WebPage\",\"@id\":\"https:\\\/\\\/www.musee-lalique.com\\\/de\\\/touristisches\\\/glas-und-kristallglas\\\/weitere-sehenswerte-sammlungen-rund-um-das-glas\\\/\",\"url\":\"https:\\\/\\\/www.musee-lalique.com\\\/de\\\/touristisches\\\/glas-und-kristallglas\\\/weitere-sehenswerte-sammlungen-rund-um-das-glas\\\/\",\"name\":\"Weitere sehenswerte Sammlungen rund um das Glas - museelalique\",\"isPartOf\":{\"@id\":\"https:\\\/\\\/musee-lalique.com\\\/#website\"},\"datePublished\":\"2023-12-02T15:04:38+00:00\",\"dateModified\":\"2024-08-07T12:12:33+00:00\",\"breadcrumb\":{\"@id\":\"https:\\\/\\\/www.musee-lalique.com\\\/de\\\/touristisches\\\/glas-und-kristallglas\\\/weitere-sehenswerte-sammlungen-rund-um-das-glas\\\/#breadcrumb\"},\"inLanguage\":\"de-DE\",\"potentialAction\":[{\"@type\":\"ReadAction\",\"target\":[\"https:\\\/\\\/www.musee-lalique.com\\\/de\\\/touristisches\\\/glas-und-kristallglas\\\/weitere-sehenswerte-sammlungen-rund-um-das-glas\\\/\"]}]},{\"@type\":\"BreadcrumbList\",\"@id\":\"https:\\\/\\\/www.musee-lalique.com\\\/de\\\/touristisches\\\/glas-und-kristallglas\\\/weitere-sehenswerte-sammlungen-rund-um-das-glas\\\/#breadcrumb\",\"itemListElement\":[{\"@type\":\"ListItem\",\"position\":1,\"name\":\"Home\",\"item\":\"https:\\\/\\\/www.musee-lalique.com\\\/de\\\/\"},{\"@type\":\"ListItem\",\"position\":2,\"name\":\"Touristisches\",\"item\":\"https:\\\/\\\/musee-lalique.com\\\/tourisme\\\/\"},{\"@type\":\"ListItem\",\"position\":3,\"name\":\"Glas und Kristallglas\",\"item\":\"https:\\\/\\\/musee-lalique.com\\\/tourisme\\\/verre-et-cristal\\\/\"},{\"@type\":\"ListItem\",\"position\":4,\"name\":\"Weitere sehenswerte Sammlungen rund um das Glas\"}]},{\"@type\":\"WebSite\",\"@id\":\"https:\\\/\\\/musee-lalique.com\\\/#website\",\"url\":\"https:\\\/\\\/musee-lalique.com\\\/\",\"name\":\"museelalique\",\"description\":\"\",\"potentialAction\":[{\"@type\":\"SearchAction\",\"target\":{\"@type\":\"EntryPoint\",\"urlTemplate\":\"https:\\\/\\\/musee-lalique.com\\\/?s={search_term_string}\"},\"query-input\":{\"@type\":\"PropertyValueSpecification\",\"valueRequired\":true,\"valueName\":\"search_term_string\"}}],\"inLanguage\":\"de-DE\"}]}<\/script>\n<!-- \/ Yoast SEO plugin. -->","yoast_head_json":{"title":"Weitere sehenswerte Sammlungen rund um das Glas - museelalique","robots":{"index":"index","follow":"follow","max-snippet":"max-snippet:-1","max-image-preview":"max-image-preview:large","max-video-preview":"max-video-preview:-1"},"canonical":"https:\/\/www.musee-lalique.com\/de\/touristisches\/glas-und-kristallglas\/weitere-sehenswerte-sammlungen-rund-um-das-glas\/","og_locale":"de_DE","og_type":"article","og_title":"Weitere sehenswerte Sammlungen rund um das Glas - museelalique","og_description":"Glas ist ein Werkstoff, von dem in allen Epochen und in allen L\u00e4ndern stets gro\u00dfe Faszination ausging. Besichtigen Sie au\u00dferordentliche Sammlungen rund um den Erdball: In Frankreich Mus\u00e9e de l&#8217;Ecole de Nancy Mus\u00e9e des Beaux-Arts de Nancy Mus\u00e9e \/ Centre d&#8217;art du verre de Carmaux Musverre Ecomus\u00e9e de l&#8217;Avesnois Mus\u00e9e du verre de Conches Mus\u00e9e [&hellip;]","og_url":"https:\/\/www.musee-lalique.com\/de\/touristisches\/glas-und-kristallglas\/weitere-sehenswerte-sammlungen-rund-um-das-glas\/","og_site_name":"museelalique","article_modified_time":"2024-08-07T12:12:33+00:00","twitter_card":"summary_large_image","twitter_misc":{"Est. reading time":"1 minute"},"schema":{"@context":"https:\/\/schema.org","@graph":[{"@type":"WebPage","@id":"https:\/\/www.musee-lalique.com\/de\/touristisches\/glas-und-kristallglas\/weitere-sehenswerte-sammlungen-rund-um-das-glas\/","url":"https:\/\/www.musee-lalique.com\/de\/touristisches\/glas-und-kristallglas\/weitere-sehenswerte-sammlungen-rund-um-das-glas\/","name":"Weitere sehenswerte Sammlungen rund um das Glas - museelalique","isPartOf":{"@id":"https:\/\/musee-lalique.com\/#website"},"datePublished":"2023-12-02T15:04:38+00:00","dateModified":"2024-08-07T12:12:33+00:00","breadcrumb":{"@id":"https:\/\/www.musee-lalique.com\/de\/touristisches\/glas-und-kristallglas\/weitere-sehenswerte-sammlungen-rund-um-das-glas\/#breadcrumb"},"inLanguage":"de-DE","potentialAction":[{"@type":"ReadAction","target":["https:\/\/www.musee-lalique.com\/de\/touristisches\/glas-und-kristallglas\/weitere-sehenswerte-sammlungen-rund-um-das-glas\/"]}]},{"@type":"BreadcrumbList","@id":"https:\/\/www.musee-lalique.com\/de\/touristisches\/glas-und-kristallglas\/weitere-sehenswerte-sammlungen-rund-um-das-glas\/#breadcrumb","itemListElement":[{"@type":"ListItem","position":1,"name":"Home","item":"https:\/\/www.musee-lalique.com\/de\/"},{"@type":"ListItem","position":2,"name":"Touristisches","item":"https:\/\/musee-lalique.com\/tourisme\/"},{"@type":"ListItem","position":3,"name":"Glas und Kristallglas","item":"https:\/\/musee-lalique.com\/tourisme\/verre-et-cristal\/"},{"@type":"ListItem","position":4,"name":"Weitere sehenswerte Sammlungen rund um das Glas"}]},{"@type":"WebSite","@id":"https:\/\/musee-lalique.com\/#website","url":"https:\/\/musee-lalique.com\/","name":"museelalique","description":"","potentialAction":[{"@type":"SearchAction","target":{"@type":"EntryPoint","urlTemplate":"https:\/\/musee-lalique.com\/?s={search_term_string}"},"query-input":{"@type":"PropertyValueSpecification","valueRequired":true,"valueName":"search_term_string"}}],"inLanguage":"de-DE"}]}},"_links":{"self":[{"href":"https:\/\/www.musee-lalique.com\/de\/wp-json\/wp\/v2\/pages\/3615","targetHints":{"allow":["GET"]}}],"collection":[{"href":"https:\/\/www.musee-lalique.com\/de\/wp-json\/wp\/v2\/pages"}],"about":[{"href":"https:\/\/www.musee-lalique.com\/de\/wp-json\/wp\/v2\/types\/page"}],"author":[{"embeddable":true,"href":"https:\/\/www.musee-lalique.com\/de\/wp-json\/wp\/v2\/users\/3"}],"replies":[{"embeddable":true,"href":"https:\/\/www.musee-lalique.com\/de\/wp-json\/wp\/v2\/comments?post=3615"}],"version-history":[{"count":8,"href":"https:\/\/www.musee-lalique.com\/de\/wp-json\/wp\/v2\/pages\/3615\/revisions"}],"predecessor-version":[{"id":13558,"href":"https:\/\/www.musee-lalique.com\/de\/wp-json\/wp\/v2\/pages\/3615\/revisions\/13558"}],"up":[{"embeddable":true,"href":"https:\/\/www.musee-lalique.com\/de\/wp-json\/wp\/v2\/pages\/3363"}],"wp:attachment":[{"href":"https:\/\/www.musee-lalique.com\/de\/wp-json\/wp\/v2\/media?parent=3615"}],"curies":[{"name":"wp","href":"https:\/\/api.w.org\/{rel}","templated":true}]}}