{"id":3603,"date":"2023-12-02T16:04:37","date_gmt":"2023-12-02T15:04:37","guid":{"rendered":"https:\/\/musee-lalique.adipso.fr\/lalique-weltweit\/"},"modified":"2024-08-07T14:07:56","modified_gmt":"2024-08-07T12:07:56","slug":"lalique-weltweit","status":"publish","type":"page","link":"https:\/\/www.musee-lalique.com\/de\/touristisches\/glas-und-kristallglas\/lalique-weltweit\/","title":{"rendered":"Lalique weltweit"},"content":{"rendered":"<p>In Douvre-la-D\u00e9livrande in der <strong>\u00a0Normandie<\/strong> hat Ren\u00e9 Lalique in den 1930er Jahren die Kapelle des Klosters Notre-Dame-de-Fid\u00e9lit\u00e9 neu dekoriert. Eine au\u00dfergew\u00f6hnliche St\u00e4tte, die den Besuch wert ist! <a href=\"https:\/\/www.congregation-notre-dame-de-fidelite.com\/bienvenue\/la-chapelle-lalique\/\">http:\/\/www.congregation-notre-dame-de-fidelite.com\/bienvenue\/l-accueil\/la-chapelle-lalique\/<\/a><\/p>\n<p>Auf der Kanalinsel <strong>Jersey<\/strong> k\u00f6nnen Sie die Glaskirche St Matthew&#8217;s Church besuchen, die Ren\u00e9 Lalique mit Engeln und Lilien im Auftrag von Florence Boot ausgestaltet hat, die das Andenken an ihren verstorbenen Gatten ehren wollte.<br \/>\n<a href=\"https:\/\/stmatthews.je\/glass-church\">https:\/\/stmatthews.je\/glass-church<\/a><\/p>\n<p>Auch auf der anderen Welthalbkugel gibt es ein sehenswertes Lalique-Museum: In Hakon\u00e9 in <strong>Japan<\/strong> hat ein begeisterter Sammler eine St\u00e4tte eingerichtet, um Ren\u00e9 Lalique die Ehre zu erweisen.<br \/>\n<a href=\"https:\/\/www.lalique-museum.com\/english\/\">http:\/\/www.lalique-museum.com\/common\/about\/english.html<\/a><\/p>\n<p>Au\u00dferdem finden Sie Werke von Lalique in zahlreichen Einrichtungen weltweit, und zwar unter anderem hier:<\/p>\n<ul>\n<li>Les Arts D\u00e9coratifs, das Pariser Museum f\u00fcr dekorative K\u00fcnste<\/li>\n<li>Calouste Gulbenkian Museum in Lissabon<\/li>\n<li>Victoria and Albert&#8217;s Museum in London<\/li>\n<li>Museum Soci\u00e9t\u00e9 Mus\u00e9e Lalique in Doesburg in den Niederlanden<\/li>\n<li>Das Pforzheimer Schmuckmuseum in Deutschland<\/li>\n<li>The Wolfsonian\u2013Florida International University in Miami Beach<\/li>\n<\/ul>\n<p>Sie k\u00f6nnen Lalique auch in den Lalique-Boutiquen finden: <a href=\"http:\/\/www.lalique.com\" target=\"_blank\" rel=\"noopener\">http:\/\/www.lalique.com<\/a><\/p>\n","protected":false},"excerpt":{"rendered":"<p>In Douvre-la-D\u00e9livrande in der \u00a0Normandie hat Ren\u00e9 Lalique in den 1930er Jahren die Kapelle des Klosters Notre-Dame-de-Fid\u00e9lit\u00e9 neu dekoriert. Eine au\u00dfergew\u00f6hnliche St\u00e4tte, die den Besuch wert ist! http:\/\/www.congregation-notre-dame-de-fidelite.com\/bienvenue\/l-accueil\/la-chapelle-lalique\/ Auf der Kanalinsel Jersey k\u00f6nnen Sie die Glaskirche St Matthew&#8217;s Church besuchen, die Ren\u00e9 Lalique mit Engeln und Lilien im Auftrag von Florence Boot ausgestaltet hat, die [&hellip;]<\/p>\n","protected":false},"author":3,"featured_media":0,"parent":3363,"menu_order":0,"comment_status":"closed","ping_status":"closed","template":"","meta":{"_acf_changed":false,"footnotes":""},"class_list":["post-3603","page","type-page","status-publish","hentry"],"acf":[],"yoast_head":"<!-- This site is optimized with the Yoast SEO plugin v27.4 - https:\/\/yoast.com\/product\/yoast-seo-wordpress\/ -->\n<title>Lalique weltweit - museelalique<\/title>\n<meta name=\"robots\" content=\"index, follow, max-snippet:-1, max-image-preview:large, max-video-preview:-1\" \/>\n<link rel=\"canonical\" href=\"https:\/\/www.musee-lalique.com\/de\/touristisches\/glas-und-kristallglas\/lalique-weltweit\/\" \/>\n<meta property=\"og:locale\" content=\"de_DE\" \/>\n<meta property=\"og:type\" content=\"article\" \/>\n<meta property=\"og:title\" content=\"Lalique weltweit - museelalique\" \/>\n<meta property=\"og:description\" content=\"In Douvre-la-D\u00e9livrande in der \u00a0Normandie hat Ren\u00e9 Lalique in den 1930er Jahren die Kapelle des Klosters Notre-Dame-de-Fid\u00e9lit\u00e9 neu dekoriert. Eine au\u00dfergew\u00f6hnliche St\u00e4tte, die den Besuch wert ist! http:\/\/www.congregation-notre-dame-de-fidelite.com\/bienvenue\/l-accueil\/la-chapelle-lalique\/ Auf der Kanalinsel Jersey k\u00f6nnen Sie die Glaskirche St Matthew&#8217;s Church besuchen, die Ren\u00e9 Lalique mit Engeln und Lilien im Auftrag von Florence Boot ausgestaltet hat, die [&hellip;]\" \/>\n<meta property=\"og:url\" content=\"https:\/\/www.musee-lalique.com\/de\/touristisches\/glas-und-kristallglas\/lalique-weltweit\/\" \/>\n<meta property=\"og:site_name\" content=\"museelalique\" \/>\n<meta property=\"article:modified_time\" content=\"2024-08-07T12:07:56+00:00\" \/>\n<meta name=\"twitter:card\" content=\"summary_large_image\" \/>\n<meta name=\"twitter:label1\" content=\"Est. reading time\" \/>\n\t<meta name=\"twitter:data1\" content=\"2 minutes\" \/>\n<script type=\"application\/ld+json\" class=\"yoast-schema-graph\">{\"@context\":\"https:\\\/\\\/schema.org\",\"@graph\":[{\"@type\":\"WebPage\",\"@id\":\"https:\\\/\\\/www.musee-lalique.com\\\/de\\\/touristisches\\\/glas-und-kristallglas\\\/lalique-weltweit\\\/\",\"url\":\"https:\\\/\\\/www.musee-lalique.com\\\/de\\\/touristisches\\\/glas-und-kristallglas\\\/lalique-weltweit\\\/\",\"name\":\"Lalique weltweit - museelalique\",\"isPartOf\":{\"@id\":\"https:\\\/\\\/musee-lalique.com\\\/#website\"},\"datePublished\":\"2023-12-02T15:04:37+00:00\",\"dateModified\":\"2024-08-07T12:07:56+00:00\",\"breadcrumb\":{\"@id\":\"https:\\\/\\\/www.musee-lalique.com\\\/de\\\/touristisches\\\/glas-und-kristallglas\\\/lalique-weltweit\\\/#breadcrumb\"},\"inLanguage\":\"de-DE\",\"potentialAction\":[{\"@type\":\"ReadAction\",\"target\":[\"https:\\\/\\\/www.musee-lalique.com\\\/de\\\/touristisches\\\/glas-und-kristallglas\\\/lalique-weltweit\\\/\"]}]},{\"@type\":\"BreadcrumbList\",\"@id\":\"https:\\\/\\\/www.musee-lalique.com\\\/de\\\/touristisches\\\/glas-und-kristallglas\\\/lalique-weltweit\\\/#breadcrumb\",\"itemListElement\":[{\"@type\":\"ListItem\",\"position\":1,\"name\":\"Home\",\"item\":\"https:\\\/\\\/www.musee-lalique.com\\\/de\\\/\"},{\"@type\":\"ListItem\",\"position\":2,\"name\":\"Touristisches\",\"item\":\"https:\\\/\\\/musee-lalique.com\\\/tourisme\\\/\"},{\"@type\":\"ListItem\",\"position\":3,\"name\":\"Glas und Kristallglas\",\"item\":\"https:\\\/\\\/musee-lalique.com\\\/tourisme\\\/verre-et-cristal\\\/\"},{\"@type\":\"ListItem\",\"position\":4,\"name\":\"Lalique weltweit\"}]},{\"@type\":\"WebSite\",\"@id\":\"https:\\\/\\\/musee-lalique.com\\\/#website\",\"url\":\"https:\\\/\\\/musee-lalique.com\\\/\",\"name\":\"museelalique\",\"description\":\"\",\"potentialAction\":[{\"@type\":\"SearchAction\",\"target\":{\"@type\":\"EntryPoint\",\"urlTemplate\":\"https:\\\/\\\/musee-lalique.com\\\/?s={search_term_string}\"},\"query-input\":{\"@type\":\"PropertyValueSpecification\",\"valueRequired\":true,\"valueName\":\"search_term_string\"}}],\"inLanguage\":\"de-DE\"}]}<\/script>\n<!-- \/ Yoast SEO plugin. -->","yoast_head_json":{"title":"Lalique weltweit - museelalique","robots":{"index":"index","follow":"follow","max-snippet":"max-snippet:-1","max-image-preview":"max-image-preview:large","max-video-preview":"max-video-preview:-1"},"canonical":"https:\/\/www.musee-lalique.com\/de\/touristisches\/glas-und-kristallglas\/lalique-weltweit\/","og_locale":"de_DE","og_type":"article","og_title":"Lalique weltweit - museelalique","og_description":"In Douvre-la-D\u00e9livrande in der \u00a0Normandie hat Ren\u00e9 Lalique in den 1930er Jahren die Kapelle des Klosters Notre-Dame-de-Fid\u00e9lit\u00e9 neu dekoriert. Eine au\u00dfergew\u00f6hnliche St\u00e4tte, die den Besuch wert ist! http:\/\/www.congregation-notre-dame-de-fidelite.com\/bienvenue\/l-accueil\/la-chapelle-lalique\/ Auf der Kanalinsel Jersey k\u00f6nnen Sie die Glaskirche St Matthew&#8217;s Church besuchen, die Ren\u00e9 Lalique mit Engeln und Lilien im Auftrag von Florence Boot ausgestaltet hat, die [&hellip;]","og_url":"https:\/\/www.musee-lalique.com\/de\/touristisches\/glas-und-kristallglas\/lalique-weltweit\/","og_site_name":"museelalique","article_modified_time":"2024-08-07T12:07:56+00:00","twitter_card":"summary_large_image","twitter_misc":{"Est. reading time":"2 minutes"},"schema":{"@context":"https:\/\/schema.org","@graph":[{"@type":"WebPage","@id":"https:\/\/www.musee-lalique.com\/de\/touristisches\/glas-und-kristallglas\/lalique-weltweit\/","url":"https:\/\/www.musee-lalique.com\/de\/touristisches\/glas-und-kristallglas\/lalique-weltweit\/","name":"Lalique weltweit - museelalique","isPartOf":{"@id":"https:\/\/musee-lalique.com\/#website"},"datePublished":"2023-12-02T15:04:37+00:00","dateModified":"2024-08-07T12:07:56+00:00","breadcrumb":{"@id":"https:\/\/www.musee-lalique.com\/de\/touristisches\/glas-und-kristallglas\/lalique-weltweit\/#breadcrumb"},"inLanguage":"de-DE","potentialAction":[{"@type":"ReadAction","target":["https:\/\/www.musee-lalique.com\/de\/touristisches\/glas-und-kristallglas\/lalique-weltweit\/"]}]},{"@type":"BreadcrumbList","@id":"https:\/\/www.musee-lalique.com\/de\/touristisches\/glas-und-kristallglas\/lalique-weltweit\/#breadcrumb","itemListElement":[{"@type":"ListItem","position":1,"name":"Home","item":"https:\/\/www.musee-lalique.com\/de\/"},{"@type":"ListItem","position":2,"name":"Touristisches","item":"https:\/\/musee-lalique.com\/tourisme\/"},{"@type":"ListItem","position":3,"name":"Glas und Kristallglas","item":"https:\/\/musee-lalique.com\/tourisme\/verre-et-cristal\/"},{"@type":"ListItem","position":4,"name":"Lalique weltweit"}]},{"@type":"WebSite","@id":"https:\/\/musee-lalique.com\/#website","url":"https:\/\/musee-lalique.com\/","name":"museelalique","description":"","potentialAction":[{"@type":"SearchAction","target":{"@type":"EntryPoint","urlTemplate":"https:\/\/musee-lalique.com\/?s={search_term_string}"},"query-input":{"@type":"PropertyValueSpecification","valueRequired":true,"valueName":"search_term_string"}}],"inLanguage":"de-DE"}]}},"_links":{"self":[{"href":"https:\/\/www.musee-lalique.com\/de\/wp-json\/wp\/v2\/pages\/3603","targetHints":{"allow":["GET"]}}],"collection":[{"href":"https:\/\/www.musee-lalique.com\/de\/wp-json\/wp\/v2\/pages"}],"about":[{"href":"https:\/\/www.musee-lalique.com\/de\/wp-json\/wp\/v2\/types\/page"}],"author":[{"embeddable":true,"href":"https:\/\/www.musee-lalique.com\/de\/wp-json\/wp\/v2\/users\/3"}],"replies":[{"embeddable":true,"href":"https:\/\/www.musee-lalique.com\/de\/wp-json\/wp\/v2\/comments?post=3603"}],"version-history":[{"count":4,"href":"https:\/\/www.musee-lalique.com\/de\/wp-json\/wp\/v2\/pages\/3603\/revisions"}],"predecessor-version":[{"id":13555,"href":"https:\/\/www.musee-lalique.com\/de\/wp-json\/wp\/v2\/pages\/3603\/revisions\/13555"}],"up":[{"embeddable":true,"href":"https:\/\/www.musee-lalique.com\/de\/wp-json\/wp\/v2\/pages\/3363"}],"wp:attachment":[{"href":"https:\/\/www.musee-lalique.com\/de\/wp-json\/wp\/v2\/media?parent=3603"}],"curies":[{"name":"wp","href":"https:\/\/api.w.org\/{rel}","templated":true}]}}