{"id":3558,"date":"2023-12-02T16:04:17","date_gmt":"2023-12-02T15:04:17","guid":{"rendered":"https:\/\/musee-lalique.adipso.fr\/ein-event-organisieren\/"},"modified":"2025-12-04T14:24:24","modified_gmt":"2025-12-04T13:24:24","slug":"ein-event-organisieren","status":"publish","type":"page","link":"https:\/\/www.musee-lalique.com\/de\/fachbesucher-und-gruppen\/ein-event-organisieren\/","title":{"rendered":"Ein Event organisieren"},"content":{"rendered":"<p>Das Lalique-Museum eignet sich hervorragend f\u00fcr Ihre Seminare, Produktpr\u00e4sentationen oder Sitzungen! Machen Sie sich diesen vorteilhaften Rahmen zunutze, um in angenehmer Atmosph\u00e4re zu arbeiten. Sitzungen k\u00f6nnen sowohl im Auditorium als auch in den p\u00e4dagogischen Bereichen und Kulturr\u00e4umen stattfinden.<\/p>\n<p><strong>Auditorium <\/strong><\/p>\n<ul>\n<li>80 Sitzpl\u00e4tze<\/li>\n<li>Leinwand + Projektionsger\u00e4t<\/li>\n<li>Podium<\/li>\n<li>Mikrofone<\/li>\n<li>Redepult<\/li>\n<\/ul>\n<p><strong>P\u00e4dagogische Bereiche und Kulturr\u00e4ume<\/strong><\/p>\n<p>Ein 30 m\u00b2 gro\u00dfer Raum im Erdgeschoss und ein 60 m\u00b2 gro\u00dfer Saal im Obergeschoss, der durch eine Schiebewand unterteilt werden kann.<\/p>\n<ul>\n<li>Whiteboard \/ Paperboard<\/li>\n<li>Tische und Bestuhlung je nach gew\u00e4hlter Konfiguration<\/li>\n<li>Beamer<\/li>\n<\/ul>\n<p>Informationen und abrufbare Preise:\u00a0<a href=\"https:\/\/www.musee-lalique.com\/sites\/default\/files\/Demande%20de%20devis.pdf\">Einholung eines Kostenvoranschlags<\/a><a href=\"\/wp-content\/uploads\/2023\/12\/conditions_de_mise_a_dispo_2022.pdf\">.<\/a><\/p>\n<p>&nbsp;<\/p>\n<p>Unsere Einrichtung ist bei <a href=\"http:\/\/www.alsameeting.fr\" target=\"_blank\" rel=\"noopener\">www.alsameeting.fr<\/a>, dem Internetauftritt f\u00fcr gesch\u00e4ftliche Seminar- und Konferenzr\u00e4ume im Elsass.<\/p>\n<p>&nbsp;<\/p>\n<p>Im Rahmenprogramm Ihrer Sitzungen k\u00f6nnen Sie einen Museumsbesuch anbieten!<\/p>\n<p>&nbsp;<\/p>\n","protected":false},"excerpt":{"rendered":"<p>Das Lalique-Museum eignet sich hervorragend f\u00fcr Ihre Seminare, Produktpr\u00e4sentationen oder Sitzungen! Machen Sie sich diesen vorteilhaften Rahmen zunutze, um in angenehmer Atmosph\u00e4re zu arbeiten. Sitzungen k\u00f6nnen sowohl im Auditorium als auch in den p\u00e4dagogischen Bereichen und Kulturr\u00e4umen stattfinden. Auditorium 80 Sitzpl\u00e4tze Leinwand + Projektionsger\u00e4t Podium Mikrofone Redepult P\u00e4dagogische Bereiche und Kulturr\u00e4ume Ein 30 m\u00b2 gro\u00dfer [&hellip;]<\/p>\n","protected":false},"author":3,"featured_media":0,"parent":3324,"menu_order":0,"comment_status":"closed","ping_status":"closed","template":"","meta":{"_acf_changed":false,"footnotes":""},"class_list":["post-3558","page","type-page","status-publish","hentry"],"acf":[],"yoast_head":"<!-- This site is optimized with the Yoast SEO plugin v27.3 - https:\/\/yoast.com\/product\/yoast-seo-wordpress\/ -->\n<title>Ein Event organisieren - museelalique<\/title>\n<meta name=\"robots\" content=\"index, follow, max-snippet:-1, max-image-preview:large, max-video-preview:-1\" \/>\n<link rel=\"canonical\" href=\"https:\/\/www.musee-lalique.com\/de\/fachbesucher-und-gruppen\/ein-event-organisieren\/\" \/>\n<meta property=\"og:locale\" content=\"de_DE\" \/>\n<meta property=\"og:type\" content=\"article\" \/>\n<meta property=\"og:title\" content=\"Ein Event organisieren - museelalique\" \/>\n<meta property=\"og:description\" content=\"Das Lalique-Museum eignet sich hervorragend f\u00fcr Ihre Seminare, Produktpr\u00e4sentationen oder Sitzungen! Machen Sie sich diesen vorteilhaften Rahmen zunutze, um in angenehmer Atmosph\u00e4re zu arbeiten. Sitzungen k\u00f6nnen sowohl im Auditorium als auch in den p\u00e4dagogischen Bereichen und Kulturr\u00e4umen stattfinden. Auditorium 80 Sitzpl\u00e4tze Leinwand + Projektionsger\u00e4t Podium Mikrofone Redepult P\u00e4dagogische Bereiche und Kulturr\u00e4ume Ein 30 m\u00b2 gro\u00dfer [&hellip;]\" \/>\n<meta property=\"og:url\" content=\"https:\/\/www.musee-lalique.com\/de\/fachbesucher-und-gruppen\/ein-event-organisieren\/\" \/>\n<meta property=\"og:site_name\" content=\"museelalique\" \/>\n<meta property=\"article:modified_time\" content=\"2025-12-04T13:24:24+00:00\" \/>\n<meta name=\"twitter:card\" content=\"summary_large_image\" \/>\n<meta name=\"twitter:label1\" content=\"Est. reading time\" \/>\n\t<meta name=\"twitter:data1\" content=\"1 minute\" \/>\n<script type=\"application\/ld+json\" class=\"yoast-schema-graph\">{\"@context\":\"https:\\\/\\\/schema.org\",\"@graph\":[{\"@type\":\"WebPage\",\"@id\":\"https:\\\/\\\/www.musee-lalique.com\\\/de\\\/fachbesucher-und-gruppen\\\/ein-event-organisieren\\\/\",\"url\":\"https:\\\/\\\/www.musee-lalique.com\\\/de\\\/fachbesucher-und-gruppen\\\/ein-event-organisieren\\\/\",\"name\":\"Ein Event organisieren - museelalique\",\"isPartOf\":{\"@id\":\"https:\\\/\\\/musee-lalique.com\\\/#website\"},\"datePublished\":\"2023-12-02T15:04:17+00:00\",\"dateModified\":\"2025-12-04T13:24:24+00:00\",\"breadcrumb\":{\"@id\":\"https:\\\/\\\/www.musee-lalique.com\\\/de\\\/fachbesucher-und-gruppen\\\/ein-event-organisieren\\\/#breadcrumb\"},\"inLanguage\":\"de-DE\",\"potentialAction\":[{\"@type\":\"ReadAction\",\"target\":[\"https:\\\/\\\/www.musee-lalique.com\\\/de\\\/fachbesucher-und-gruppen\\\/ein-event-organisieren\\\/\"]}]},{\"@type\":\"BreadcrumbList\",\"@id\":\"https:\\\/\\\/www.musee-lalique.com\\\/de\\\/fachbesucher-und-gruppen\\\/ein-event-organisieren\\\/#breadcrumb\",\"itemListElement\":[{\"@type\":\"ListItem\",\"position\":1,\"name\":\"Home\",\"item\":\"https:\\\/\\\/www.musee-lalique.com\\\/de\\\/\"},{\"@type\":\"ListItem\",\"position\":2,\"name\":\"Fachbesucher und Gruppen\",\"item\":\"https:\\\/\\\/musee-lalique.com\\\/professionnels-et-groupes\\\/\"},{\"@type\":\"ListItem\",\"position\":3,\"name\":\"Ein Event organisieren\"}]},{\"@type\":\"WebSite\",\"@id\":\"https:\\\/\\\/musee-lalique.com\\\/#website\",\"url\":\"https:\\\/\\\/musee-lalique.com\\\/\",\"name\":\"museelalique\",\"description\":\"\",\"potentialAction\":[{\"@type\":\"SearchAction\",\"target\":{\"@type\":\"EntryPoint\",\"urlTemplate\":\"https:\\\/\\\/musee-lalique.com\\\/?s={search_term_string}\"},\"query-input\":{\"@type\":\"PropertyValueSpecification\",\"valueRequired\":true,\"valueName\":\"search_term_string\"}}],\"inLanguage\":\"de-DE\"}]}<\/script>\n<!-- \/ Yoast SEO plugin. -->","yoast_head_json":{"title":"Ein Event organisieren - museelalique","robots":{"index":"index","follow":"follow","max-snippet":"max-snippet:-1","max-image-preview":"max-image-preview:large","max-video-preview":"max-video-preview:-1"},"canonical":"https:\/\/www.musee-lalique.com\/de\/fachbesucher-und-gruppen\/ein-event-organisieren\/","og_locale":"de_DE","og_type":"article","og_title":"Ein Event organisieren - museelalique","og_description":"Das Lalique-Museum eignet sich hervorragend f\u00fcr Ihre Seminare, Produktpr\u00e4sentationen oder Sitzungen! Machen Sie sich diesen vorteilhaften Rahmen zunutze, um in angenehmer Atmosph\u00e4re zu arbeiten. Sitzungen k\u00f6nnen sowohl im Auditorium als auch in den p\u00e4dagogischen Bereichen und Kulturr\u00e4umen stattfinden. Auditorium 80 Sitzpl\u00e4tze Leinwand + Projektionsger\u00e4t Podium Mikrofone Redepult P\u00e4dagogische Bereiche und Kulturr\u00e4ume Ein 30 m\u00b2 gro\u00dfer [&hellip;]","og_url":"https:\/\/www.musee-lalique.com\/de\/fachbesucher-und-gruppen\/ein-event-organisieren\/","og_site_name":"museelalique","article_modified_time":"2025-12-04T13:24:24+00:00","twitter_card":"summary_large_image","twitter_misc":{"Est. reading time":"1 minute"},"schema":{"@context":"https:\/\/schema.org","@graph":[{"@type":"WebPage","@id":"https:\/\/www.musee-lalique.com\/de\/fachbesucher-und-gruppen\/ein-event-organisieren\/","url":"https:\/\/www.musee-lalique.com\/de\/fachbesucher-und-gruppen\/ein-event-organisieren\/","name":"Ein Event organisieren - museelalique","isPartOf":{"@id":"https:\/\/musee-lalique.com\/#website"},"datePublished":"2023-12-02T15:04:17+00:00","dateModified":"2025-12-04T13:24:24+00:00","breadcrumb":{"@id":"https:\/\/www.musee-lalique.com\/de\/fachbesucher-und-gruppen\/ein-event-organisieren\/#breadcrumb"},"inLanguage":"de-DE","potentialAction":[{"@type":"ReadAction","target":["https:\/\/www.musee-lalique.com\/de\/fachbesucher-und-gruppen\/ein-event-organisieren\/"]}]},{"@type":"BreadcrumbList","@id":"https:\/\/www.musee-lalique.com\/de\/fachbesucher-und-gruppen\/ein-event-organisieren\/#breadcrumb","itemListElement":[{"@type":"ListItem","position":1,"name":"Home","item":"https:\/\/www.musee-lalique.com\/de\/"},{"@type":"ListItem","position":2,"name":"Fachbesucher und Gruppen","item":"https:\/\/musee-lalique.com\/professionnels-et-groupes\/"},{"@type":"ListItem","position":3,"name":"Ein Event organisieren"}]},{"@type":"WebSite","@id":"https:\/\/musee-lalique.com\/#website","url":"https:\/\/musee-lalique.com\/","name":"museelalique","description":"","potentialAction":[{"@type":"SearchAction","target":{"@type":"EntryPoint","urlTemplate":"https:\/\/musee-lalique.com\/?s={search_term_string}"},"query-input":{"@type":"PropertyValueSpecification","valueRequired":true,"valueName":"search_term_string"}}],"inLanguage":"de-DE"}]}},"_links":{"self":[{"href":"https:\/\/www.musee-lalique.com\/de\/wp-json\/wp\/v2\/pages\/3558","targetHints":{"allow":["GET"]}}],"collection":[{"href":"https:\/\/www.musee-lalique.com\/de\/wp-json\/wp\/v2\/pages"}],"about":[{"href":"https:\/\/www.musee-lalique.com\/de\/wp-json\/wp\/v2\/types\/page"}],"author":[{"embeddable":true,"href":"https:\/\/www.musee-lalique.com\/de\/wp-json\/wp\/v2\/users\/3"}],"replies":[{"embeddable":true,"href":"https:\/\/www.musee-lalique.com\/de\/wp-json\/wp\/v2\/comments?post=3558"}],"version-history":[{"count":4,"href":"https:\/\/www.musee-lalique.com\/de\/wp-json\/wp\/v2\/pages\/3558\/revisions"}],"predecessor-version":[{"id":14788,"href":"https:\/\/www.musee-lalique.com\/de\/wp-json\/wp\/v2\/pages\/3558\/revisions\/14788"}],"up":[{"embeddable":true,"href":"https:\/\/www.musee-lalique.com\/de\/wp-json\/wp\/v2\/pages\/3324"}],"wp:attachment":[{"href":"https:\/\/www.musee-lalique.com\/de\/wp-json\/wp\/v2\/media?parent=3558"}],"curies":[{"name":"wp","href":"https:\/\/api.w.org\/{rel}","templated":true}]}}