{"id":3546,"date":"2023-12-02T16:04:15","date_gmt":"2023-12-02T15:04:15","guid":{"rendered":"https:\/\/musee-lalique.adipso.fr\/mit-oder-ohne-fuhrung\/"},"modified":"2025-12-04T13:42:03","modified_gmt":"2025-12-04T12:42:03","slug":"mit-oder-ohne-fuhrung","status":"publish","type":"page","link":"https:\/\/www.musee-lalique.com\/de\/fachbesucher-und-gruppen\/mit-oder-ohne-fuhrung\/","title":{"rendered":"Mit oder ohne F\u00fchrung"},"content":{"rendered":"<h2><img loading=\"lazy\" decoding=\"async\" style=\"float: right;\" src=\"\/wp-content\/uploads\/2023\/12\/gauche_pay_visite_guidee_au_musee_lalique_-_c_r._letscher.jpg\" alt=\"\" width=\"360\" height=\"250\" \/><\/h2>\n<h2>Museumsbesuch ohne F\u00fchrung<\/h2>\n<p>Das Lalique-Museum ist bestens f\u00fcr einen Besuch ohne F\u00fchrung in Ihrem eigenen Tempo geeignet. Dabei k\u00f6nnen Sie die auf die\u00a0 Erl\u00e4uterungstexte des Museums in franz\u00f6sischer, englischer und deutscher Sprache stehen.<\/p>\n<h2><\/h2>\n<h2>F\u00fchrung durch die Dauerausstellungen &#8211; 1 Std. 30<\/h2>\n<p>Die Museumsf\u00fchrer nehmen Sie auf eine Reise in die Zauberwelt Laliques mit. Sie passen sich Ihren Erwartungen und dem Programm der begleiteten Gruppen an und legen dabei Wert auf den Austausch mit den Teilnehmern.<\/p>\n<h2><\/h2>\n<h2>Pr\u00e4sentation des Museums &#8211; 20 min<\/h2>\n<p>Sie haben nur wenig Zeit, um das Lalique-Museum zu erkunden, m\u00f6chten aber Schl\u00fcsselinformationen f\u00fcr das Verst\u00e4ndnis unserer Sammlungen erhalten? Daf\u00fcr bietet sich die zwanzigmin\u00fctige Pr\u00e4sentation an, die im Auditorium stattfindet (bis zu 80 Pl\u00e4tze).<\/p>\n<p>&nbsp;<\/p>\n<h2>Praktische Informationen<\/h2>\n<p>Gruppen ab 15 Personen.<br \/>\nHier k\u00f6nnen Sie unsere <a href=\"https:\/\/www.musee-lalique.com\/wp-content\/uploads\/2025\/10\/doc-2025-d-web.pdf\">Eintrittspreise und Reservierungsbedingungen<\/a> abrufen.<br \/>\n<a href=\"https:\/\/www.musee-lalique.com\/wp-content\/uploads\/2025\/12\/doc-2026-fr-web.pdf\" target=\"_blank\" rel=\"noopener\">2026 Eintrittspreise und Reservierungsbedingungen<\/a><\/p>\n<p>Sie k\u00f6nnen gerne bei unserer <a href=\"mailto:reservation@musee-lalique.com?subject=Gruppen\">Reservierungsabteilung<\/a> einen Kostenvoranschlag oder Informationen einholen!<\/p>\n","protected":false},"excerpt":{"rendered":"<p>Museumsbesuch ohne F\u00fchrung Das Lalique-Museum ist bestens f\u00fcr einen Besuch ohne F\u00fchrung in Ihrem eigenen Tempo geeignet. Dabei k\u00f6nnen Sie die auf die\u00a0 Erl\u00e4uterungstexte des Museums in franz\u00f6sischer, englischer und deutscher Sprache stehen. F\u00fchrung durch die Dauerausstellungen &#8211; 1 Std. 30 Die Museumsf\u00fchrer nehmen Sie auf eine Reise in die Zauberwelt Laliques mit. Sie passen [&hellip;]<\/p>\n","protected":false},"author":3,"featured_media":0,"parent":3324,"menu_order":0,"comment_status":"closed","ping_status":"closed","template":"","meta":{"_acf_changed":false,"footnotes":""},"class_list":["post-3546","page","type-page","status-publish","hentry"],"acf":[],"yoast_head":"<!-- This site is optimized with the Yoast SEO plugin v27.3 - https:\/\/yoast.com\/product\/yoast-seo-wordpress\/ -->\n<title>Mit oder ohne F\u00fchrung - museelalique<\/title>\n<meta name=\"robots\" content=\"index, follow, max-snippet:-1, max-image-preview:large, max-video-preview:-1\" \/>\n<link rel=\"canonical\" href=\"https:\/\/www.musee-lalique.com\/de\/fachbesucher-und-gruppen\/mit-oder-ohne-fuhrung\/\" \/>\n<meta property=\"og:locale\" content=\"de_DE\" \/>\n<meta property=\"og:type\" content=\"article\" \/>\n<meta property=\"og:title\" content=\"Mit oder ohne F\u00fchrung - museelalique\" \/>\n<meta property=\"og:description\" content=\"Museumsbesuch ohne F\u00fchrung Das Lalique-Museum ist bestens f\u00fcr einen Besuch ohne F\u00fchrung in Ihrem eigenen Tempo geeignet. Dabei k\u00f6nnen Sie die auf die\u00a0 Erl\u00e4uterungstexte des Museums in franz\u00f6sischer, englischer und deutscher Sprache stehen. F\u00fchrung durch die Dauerausstellungen &#8211; 1 Std. 30 Die Museumsf\u00fchrer nehmen Sie auf eine Reise in die Zauberwelt Laliques mit. Sie passen [&hellip;]\" \/>\n<meta property=\"og:url\" content=\"https:\/\/www.musee-lalique.com\/de\/fachbesucher-und-gruppen\/mit-oder-ohne-fuhrung\/\" \/>\n<meta property=\"og:site_name\" content=\"museelalique\" \/>\n<meta property=\"article:modified_time\" content=\"2025-12-04T12:42:03+00:00\" \/>\n<meta name=\"twitter:card\" content=\"summary_large_image\" \/>\n<meta name=\"twitter:label1\" content=\"Est. reading time\" \/>\n\t<meta name=\"twitter:data1\" content=\"2 minutes\" \/>\n<script type=\"application\/ld+json\" class=\"yoast-schema-graph\">{\"@context\":\"https:\\\/\\\/schema.org\",\"@graph\":[{\"@type\":\"WebPage\",\"@id\":\"https:\\\/\\\/www.musee-lalique.com\\\/de\\\/fachbesucher-und-gruppen\\\/mit-oder-ohne-fuhrung\\\/\",\"url\":\"https:\\\/\\\/www.musee-lalique.com\\\/de\\\/fachbesucher-und-gruppen\\\/mit-oder-ohne-fuhrung\\\/\",\"name\":\"Mit oder ohne F\u00fchrung - museelalique\",\"isPartOf\":{\"@id\":\"https:\\\/\\\/musee-lalique.com\\\/#website\"},\"datePublished\":\"2023-12-02T15:04:15+00:00\",\"dateModified\":\"2025-12-04T12:42:03+00:00\",\"breadcrumb\":{\"@id\":\"https:\\\/\\\/www.musee-lalique.com\\\/de\\\/fachbesucher-und-gruppen\\\/mit-oder-ohne-fuhrung\\\/#breadcrumb\"},\"inLanguage\":\"de-DE\",\"potentialAction\":[{\"@type\":\"ReadAction\",\"target\":[\"https:\\\/\\\/www.musee-lalique.com\\\/de\\\/fachbesucher-und-gruppen\\\/mit-oder-ohne-fuhrung\\\/\"]}]},{\"@type\":\"BreadcrumbList\",\"@id\":\"https:\\\/\\\/www.musee-lalique.com\\\/de\\\/fachbesucher-und-gruppen\\\/mit-oder-ohne-fuhrung\\\/#breadcrumb\",\"itemListElement\":[{\"@type\":\"ListItem\",\"position\":1,\"name\":\"Home\",\"item\":\"https:\\\/\\\/www.musee-lalique.com\\\/de\\\/\"},{\"@type\":\"ListItem\",\"position\":2,\"name\":\"Fachbesucher und Gruppen\",\"item\":\"https:\\\/\\\/musee-lalique.com\\\/professionnels-et-groupes\\\/\"},{\"@type\":\"ListItem\",\"position\":3,\"name\":\"Mit oder ohne F\u00fchrung\"}]},{\"@type\":\"WebSite\",\"@id\":\"https:\\\/\\\/musee-lalique.com\\\/#website\",\"url\":\"https:\\\/\\\/musee-lalique.com\\\/\",\"name\":\"museelalique\",\"description\":\"\",\"potentialAction\":[{\"@type\":\"SearchAction\",\"target\":{\"@type\":\"EntryPoint\",\"urlTemplate\":\"https:\\\/\\\/musee-lalique.com\\\/?s={search_term_string}\"},\"query-input\":{\"@type\":\"PropertyValueSpecification\",\"valueRequired\":true,\"valueName\":\"search_term_string\"}}],\"inLanguage\":\"de-DE\"}]}<\/script>\n<!-- \/ Yoast SEO plugin. -->","yoast_head_json":{"title":"Mit oder ohne F\u00fchrung - museelalique","robots":{"index":"index","follow":"follow","max-snippet":"max-snippet:-1","max-image-preview":"max-image-preview:large","max-video-preview":"max-video-preview:-1"},"canonical":"https:\/\/www.musee-lalique.com\/de\/fachbesucher-und-gruppen\/mit-oder-ohne-fuhrung\/","og_locale":"de_DE","og_type":"article","og_title":"Mit oder ohne F\u00fchrung - museelalique","og_description":"Museumsbesuch ohne F\u00fchrung Das Lalique-Museum ist bestens f\u00fcr einen Besuch ohne F\u00fchrung in Ihrem eigenen Tempo geeignet. Dabei k\u00f6nnen Sie die auf die\u00a0 Erl\u00e4uterungstexte des Museums in franz\u00f6sischer, englischer und deutscher Sprache stehen. F\u00fchrung durch die Dauerausstellungen &#8211; 1 Std. 30 Die Museumsf\u00fchrer nehmen Sie auf eine Reise in die Zauberwelt Laliques mit. Sie passen [&hellip;]","og_url":"https:\/\/www.musee-lalique.com\/de\/fachbesucher-und-gruppen\/mit-oder-ohne-fuhrung\/","og_site_name":"museelalique","article_modified_time":"2025-12-04T12:42:03+00:00","twitter_card":"summary_large_image","twitter_misc":{"Est. reading time":"2 minutes"},"schema":{"@context":"https:\/\/schema.org","@graph":[{"@type":"WebPage","@id":"https:\/\/www.musee-lalique.com\/de\/fachbesucher-und-gruppen\/mit-oder-ohne-fuhrung\/","url":"https:\/\/www.musee-lalique.com\/de\/fachbesucher-und-gruppen\/mit-oder-ohne-fuhrung\/","name":"Mit oder ohne F\u00fchrung - museelalique","isPartOf":{"@id":"https:\/\/musee-lalique.com\/#website"},"datePublished":"2023-12-02T15:04:15+00:00","dateModified":"2025-12-04T12:42:03+00:00","breadcrumb":{"@id":"https:\/\/www.musee-lalique.com\/de\/fachbesucher-und-gruppen\/mit-oder-ohne-fuhrung\/#breadcrumb"},"inLanguage":"de-DE","potentialAction":[{"@type":"ReadAction","target":["https:\/\/www.musee-lalique.com\/de\/fachbesucher-und-gruppen\/mit-oder-ohne-fuhrung\/"]}]},{"@type":"BreadcrumbList","@id":"https:\/\/www.musee-lalique.com\/de\/fachbesucher-und-gruppen\/mit-oder-ohne-fuhrung\/#breadcrumb","itemListElement":[{"@type":"ListItem","position":1,"name":"Home","item":"https:\/\/www.musee-lalique.com\/de\/"},{"@type":"ListItem","position":2,"name":"Fachbesucher und Gruppen","item":"https:\/\/musee-lalique.com\/professionnels-et-groupes\/"},{"@type":"ListItem","position":3,"name":"Mit oder ohne F\u00fchrung"}]},{"@type":"WebSite","@id":"https:\/\/musee-lalique.com\/#website","url":"https:\/\/musee-lalique.com\/","name":"museelalique","description":"","potentialAction":[{"@type":"SearchAction","target":{"@type":"EntryPoint","urlTemplate":"https:\/\/musee-lalique.com\/?s={search_term_string}"},"query-input":{"@type":"PropertyValueSpecification","valueRequired":true,"valueName":"search_term_string"}}],"inLanguage":"de-DE"}]}},"_links":{"self":[{"href":"https:\/\/www.musee-lalique.com\/de\/wp-json\/wp\/v2\/pages\/3546","targetHints":{"allow":["GET"]}}],"collection":[{"href":"https:\/\/www.musee-lalique.com\/de\/wp-json\/wp\/v2\/pages"}],"about":[{"href":"https:\/\/www.musee-lalique.com\/de\/wp-json\/wp\/v2\/types\/page"}],"author":[{"embeddable":true,"href":"https:\/\/www.musee-lalique.com\/de\/wp-json\/wp\/v2\/users\/3"}],"replies":[{"embeddable":true,"href":"https:\/\/www.musee-lalique.com\/de\/wp-json\/wp\/v2\/comments?post=3546"}],"version-history":[{"count":6,"href":"https:\/\/www.musee-lalique.com\/de\/wp-json\/wp\/v2\/pages\/3546\/revisions"}],"predecessor-version":[{"id":14787,"href":"https:\/\/www.musee-lalique.com\/de\/wp-json\/wp\/v2\/pages\/3546\/revisions\/14787"}],"up":[{"embeddable":true,"href":"https:\/\/www.musee-lalique.com\/de\/wp-json\/wp\/v2\/pages\/3324"}],"wp:attachment":[{"href":"https:\/\/www.musee-lalique.com\/de\/wp-json\/wp\/v2\/media?parent=3546"}],"curies":[{"name":"wp","href":"https:\/\/api.w.org\/{rel}","templated":true}]}}