{"id":3420,"date":"2023-12-02T16:02:45","date_gmt":"2023-12-02T15:02:45","guid":{"rendered":"https:\/\/musee-lalique.adipso.fr\/shop-des-museums\/"},"modified":"2025-01-20T15:13:37","modified_gmt":"2025-01-20T14:13:37","slug":"shop-des-museums","status":"publish","type":"page","link":"https:\/\/www.musee-lalique.com\/de\/infos\/shop-des-museums\/","title":{"rendered":"Shop des Museums"},"content":{"rendered":"<p>G\u00f6nnen Sie sich selbst oder anderen etwas, mit einem traumhaften Souvenir aus dem Lalique-Museum. Wir halten f\u00fcr Sie ein wundersch\u00f6nes Sortiment an Parf\u00fcms sowie Kristallglasobjekten von Lalique aus den aktuellen Sammlungen bereit.<\/p>\n<p>Das Lalique-Museum hat auch einen <a href=\"https:\/\/boutique.musee-lalique.com\/\">Online-Shop!<\/a><\/p>\n<p><img loading=\"lazy\" decoding=\"async\" src=\"\/wp-content\/uploads\/2023\/12\/boutique_1.jpg\" alt=\"\" width=\"840\" height=\"368\" \/><\/p>\n<p>Au\u00dferdem hat das Lalique-Museum eine breit gef\u00e4cherte Palette von Postkarten und Papeterieartikeln geschaffen. Auch B\u00fccher \u00fcber Ren\u00e9 Lalique sowie \u00fcber Glas, Kristallglas, Schmuck, Art nouveau, usw. d\u00fcrfen nicht fehlen.<\/p>\n<p>Und auch die Kinder bleiben nicht au\u00dfen vor! Vom Malbuch \u201eLalique-Museum\u201c \u00fcber Spiele bis zum Einf\u00fchrungsbuch in die Kunstgeschichte, f\u00fcr jedes Alter und jeden Geschmack ist etwas dabei!<\/p>\n<h2><\/h2>\n<h2>Museumskatalog: <em>Lalique &#8211; Das Glaskunstgenie, der Zauber des Kristallglases<\/em><br \/>\n<em>Ein Katalog mit 8 B\u00e4nden in franz\u00f6sischer oder englischer Sprache <\/em><\/h2>\n<p>Mit einem im April 2017 herausgegebenen v\u00f6llig neuen Katalog stellt das Lalique-Museum seine Sammlungen vor. Jeder Band (48 oder 64 Seiten) deckt einen der Museumsbereiche ab und erm\u00f6glicht die thematisch organisierte Entdeckung des Glas-Universums Laliques.<\/p>\n<p>Der K\u00fcnstler<br \/>\nDie Schmuckst\u00fccke<br \/>\nDie Zeichnungen<br \/>\nDie Parf\u00fcmflakons<br \/>\nDie Objekte der Tischkultur<br \/>\nArchitektur und Innenausstattung<br \/>\nEin Poet des Glases<br \/>\nKristallglas<\/p>\n<p><strong>EXKLUSIV!<\/strong> Sie k\u00f6nnen die einzelnen B\u00e4nde des Katalogs\u00a0 <em>Lalique, das Glaskunstgenie, der Zauber des Kristallglases<\/em> in der Museumsboutique kaufen, oder indem Sie sich mit uns in Verbindung setzen. Wir bieten auch leere Sammelschuber an, so dass Sie jeden Monat einen Band kaufen k\u00f6nnen, um Ihre Sammlung zu erg\u00e4nzen.<\/p>\n<p><strong>Preis\u00a0 <\/strong><br \/>\nVollst\u00e4ndiger Katalog (alle 8 B\u00e4nde in einem Sammelschuber): 120 \u20ac einschl. MwSt. \/ einzelner Band: 15 \u20ac einschl. MwSt. \/ Leerer Schuber: 9,50 \u20ac<br \/>\nAuf Wunsch k\u00f6nnen wir Ihnen Ihre Bestellung auch zusenden. Die Versandkosten teilen wir Ihnen gerne auf Anfrage mit.<\/p>\n<p>&nbsp;<\/p>\n<p><img loading=\"lazy\" decoding=\"async\" src=\"https:\/\/www.musee-lalique.com\/sites\/default\/files\/img_9742_0.jpg\" alt=\"\" width=\"838\" height=\"628\" \/><\/p>\n<p>Der Shop ist w\u00e4hrend der \u00d6ffnungszeiten des Museums frei zug\u00e4nglich<\/p>\n<h2>Akzeptierte Zahlungsmittel<\/h2>\n<ul>\n<li>Bargeld (bis 300\u20ac)<\/li>\n<li>Kreditkarten (Mastercard, Visa, Maestro, Pay)<\/li>\n<\/ul>\n","protected":false},"excerpt":{"rendered":"<p>G\u00f6nnen Sie sich selbst oder anderen etwas, mit einem traumhaften Souvenir aus dem Lalique-Museum. Wir halten f\u00fcr Sie ein wundersch\u00f6nes Sortiment an Parf\u00fcms sowie Kristallglasobjekten von Lalique aus den aktuellen Sammlungen bereit. Das Lalique-Museum hat auch einen Online-Shop! Au\u00dferdem hat das Lalique-Museum eine breit gef\u00e4cherte Palette von Postkarten und Papeterieartikeln geschaffen. Auch B\u00fccher \u00fcber Ren\u00e9 [&hellip;]<\/p>\n","protected":false},"author":3,"featured_media":0,"parent":3138,"menu_order":0,"comment_status":"closed","ping_status":"closed","template":"","meta":{"_acf_changed":false,"footnotes":""},"class_list":["post-3420","page","type-page","status-publish","hentry"],"acf":[],"yoast_head":"<!-- This site is optimized with the Yoast SEO plugin v27.4 - https:\/\/yoast.com\/product\/yoast-seo-wordpress\/ -->\n<title>Shop des Museums - museelalique<\/title>\n<meta name=\"robots\" content=\"index, follow, max-snippet:-1, max-image-preview:large, max-video-preview:-1\" \/>\n<link rel=\"canonical\" href=\"https:\/\/www.musee-lalique.com\/de\/infos\/shop-des-museums\/\" \/>\n<meta property=\"og:locale\" content=\"de_DE\" \/>\n<meta property=\"og:type\" content=\"article\" \/>\n<meta property=\"og:title\" content=\"Shop des Museums - museelalique\" \/>\n<meta property=\"og:description\" content=\"G\u00f6nnen Sie sich selbst oder anderen etwas, mit einem traumhaften Souvenir aus dem Lalique-Museum. Wir halten f\u00fcr Sie ein wundersch\u00f6nes Sortiment an Parf\u00fcms sowie Kristallglasobjekten von Lalique aus den aktuellen Sammlungen bereit. Das Lalique-Museum hat auch einen Online-Shop! Au\u00dferdem hat das Lalique-Museum eine breit gef\u00e4cherte Palette von Postkarten und Papeterieartikeln geschaffen. Auch B\u00fccher \u00fcber Ren\u00e9 [&hellip;]\" \/>\n<meta property=\"og:url\" content=\"https:\/\/www.musee-lalique.com\/de\/infos\/shop-des-museums\/\" \/>\n<meta property=\"og:site_name\" content=\"museelalique\" \/>\n<meta property=\"article:modified_time\" content=\"2025-01-20T14:13:37+00:00\" \/>\n<meta property=\"og:image\" content=\"https:\/\/www.musee-lalique.com\/sites\/default\/files\/img_9742_0.jpg\" \/>\n<meta name=\"twitter:card\" content=\"summary_large_image\" \/>\n<meta name=\"twitter:label1\" content=\"Est. reading time\" \/>\n\t<meta name=\"twitter:data1\" content=\"3 minutes\" \/>\n<script type=\"application\/ld+json\" class=\"yoast-schema-graph\">{\"@context\":\"https:\\\/\\\/schema.org\",\"@graph\":[{\"@type\":\"WebPage\",\"@id\":\"https:\\\/\\\/www.musee-lalique.com\\\/de\\\/infos\\\/shop-des-museums\\\/\",\"url\":\"https:\\\/\\\/www.musee-lalique.com\\\/de\\\/infos\\\/shop-des-museums\\\/\",\"name\":\"Shop des Museums - museelalique\",\"isPartOf\":{\"@id\":\"https:\\\/\\\/musee-lalique.com\\\/#website\"},\"primaryImageOfPage\":{\"@id\":\"https:\\\/\\\/www.musee-lalique.com\\\/de\\\/infos\\\/shop-des-museums\\\/#primaryimage\"},\"image\":{\"@id\":\"https:\\\/\\\/www.musee-lalique.com\\\/de\\\/infos\\\/shop-des-museums\\\/#primaryimage\"},\"thumbnailUrl\":\"https:\\\/\\\/www.musee-lalique.com\\\/sites\\\/default\\\/files\\\/img_9742_0.jpg\",\"datePublished\":\"2023-12-02T15:02:45+00:00\",\"dateModified\":\"2025-01-20T14:13:37+00:00\",\"breadcrumb\":{\"@id\":\"https:\\\/\\\/www.musee-lalique.com\\\/de\\\/infos\\\/shop-des-museums\\\/#breadcrumb\"},\"inLanguage\":\"de-DE\",\"potentialAction\":[{\"@type\":\"ReadAction\",\"target\":[\"https:\\\/\\\/www.musee-lalique.com\\\/de\\\/infos\\\/shop-des-museums\\\/\"]}]},{\"@type\":\"ImageObject\",\"inLanguage\":\"de-DE\",\"@id\":\"https:\\\/\\\/www.musee-lalique.com\\\/de\\\/infos\\\/shop-des-museums\\\/#primaryimage\",\"url\":\"https:\\\/\\\/www.musee-lalique.com\\\/sites\\\/default\\\/files\\\/img_9742_0.jpg\",\"contentUrl\":\"https:\\\/\\\/www.musee-lalique.com\\\/sites\\\/default\\\/files\\\/img_9742_0.jpg\"},{\"@type\":\"BreadcrumbList\",\"@id\":\"https:\\\/\\\/www.musee-lalique.com\\\/de\\\/infos\\\/shop-des-museums\\\/#breadcrumb\",\"itemListElement\":[{\"@type\":\"ListItem\",\"position\":1,\"name\":\"Home\",\"item\":\"https:\\\/\\\/www.musee-lalique.com\\\/de\\\/\"},{\"@type\":\"ListItem\",\"position\":2,\"name\":\"Infos\",\"item\":\"https:\\\/\\\/musee-lalique.com\\\/infos-pratiques\\\/\"},{\"@type\":\"ListItem\",\"position\":3,\"name\":\"Shop des Museums\"}]},{\"@type\":\"WebSite\",\"@id\":\"https:\\\/\\\/musee-lalique.com\\\/#website\",\"url\":\"https:\\\/\\\/musee-lalique.com\\\/\",\"name\":\"museelalique\",\"description\":\"\",\"potentialAction\":[{\"@type\":\"SearchAction\",\"target\":{\"@type\":\"EntryPoint\",\"urlTemplate\":\"https:\\\/\\\/musee-lalique.com\\\/?s={search_term_string}\"},\"query-input\":{\"@type\":\"PropertyValueSpecification\",\"valueRequired\":true,\"valueName\":\"search_term_string\"}}],\"inLanguage\":\"de-DE\"}]}<\/script>\n<!-- \/ Yoast SEO plugin. -->","yoast_head_json":{"title":"Shop des Museums - museelalique","robots":{"index":"index","follow":"follow","max-snippet":"max-snippet:-1","max-image-preview":"max-image-preview:large","max-video-preview":"max-video-preview:-1"},"canonical":"https:\/\/www.musee-lalique.com\/de\/infos\/shop-des-museums\/","og_locale":"de_DE","og_type":"article","og_title":"Shop des Museums - museelalique","og_description":"G\u00f6nnen Sie sich selbst oder anderen etwas, mit einem traumhaften Souvenir aus dem Lalique-Museum. Wir halten f\u00fcr Sie ein wundersch\u00f6nes Sortiment an Parf\u00fcms sowie Kristallglasobjekten von Lalique aus den aktuellen Sammlungen bereit. Das Lalique-Museum hat auch einen Online-Shop! Au\u00dferdem hat das Lalique-Museum eine breit gef\u00e4cherte Palette von Postkarten und Papeterieartikeln geschaffen. Auch B\u00fccher \u00fcber Ren\u00e9 [&hellip;]","og_url":"https:\/\/www.musee-lalique.com\/de\/infos\/shop-des-museums\/","og_site_name":"museelalique","article_modified_time":"2025-01-20T14:13:37+00:00","og_image":[{"url":"https:\/\/www.musee-lalique.com\/sites\/default\/files\/img_9742_0.jpg","type":"","width":"","height":""}],"twitter_card":"summary_large_image","twitter_misc":{"Est. reading time":"3 minutes"},"schema":{"@context":"https:\/\/schema.org","@graph":[{"@type":"WebPage","@id":"https:\/\/www.musee-lalique.com\/de\/infos\/shop-des-museums\/","url":"https:\/\/www.musee-lalique.com\/de\/infos\/shop-des-museums\/","name":"Shop des Museums - museelalique","isPartOf":{"@id":"https:\/\/musee-lalique.com\/#website"},"primaryImageOfPage":{"@id":"https:\/\/www.musee-lalique.com\/de\/infos\/shop-des-museums\/#primaryimage"},"image":{"@id":"https:\/\/www.musee-lalique.com\/de\/infos\/shop-des-museums\/#primaryimage"},"thumbnailUrl":"https:\/\/www.musee-lalique.com\/sites\/default\/files\/img_9742_0.jpg","datePublished":"2023-12-02T15:02:45+00:00","dateModified":"2025-01-20T14:13:37+00:00","breadcrumb":{"@id":"https:\/\/www.musee-lalique.com\/de\/infos\/shop-des-museums\/#breadcrumb"},"inLanguage":"de-DE","potentialAction":[{"@type":"ReadAction","target":["https:\/\/www.musee-lalique.com\/de\/infos\/shop-des-museums\/"]}]},{"@type":"ImageObject","inLanguage":"de-DE","@id":"https:\/\/www.musee-lalique.com\/de\/infos\/shop-des-museums\/#primaryimage","url":"https:\/\/www.musee-lalique.com\/sites\/default\/files\/img_9742_0.jpg","contentUrl":"https:\/\/www.musee-lalique.com\/sites\/default\/files\/img_9742_0.jpg"},{"@type":"BreadcrumbList","@id":"https:\/\/www.musee-lalique.com\/de\/infos\/shop-des-museums\/#breadcrumb","itemListElement":[{"@type":"ListItem","position":1,"name":"Home","item":"https:\/\/www.musee-lalique.com\/de\/"},{"@type":"ListItem","position":2,"name":"Infos","item":"https:\/\/musee-lalique.com\/infos-pratiques\/"},{"@type":"ListItem","position":3,"name":"Shop des Museums"}]},{"@type":"WebSite","@id":"https:\/\/musee-lalique.com\/#website","url":"https:\/\/musee-lalique.com\/","name":"museelalique","description":"","potentialAction":[{"@type":"SearchAction","target":{"@type":"EntryPoint","urlTemplate":"https:\/\/musee-lalique.com\/?s={search_term_string}"},"query-input":{"@type":"PropertyValueSpecification","valueRequired":true,"valueName":"search_term_string"}}],"inLanguage":"de-DE"}]}},"_links":{"self":[{"href":"https:\/\/www.musee-lalique.com\/de\/wp-json\/wp\/v2\/pages\/3420","targetHints":{"allow":["GET"]}}],"collection":[{"href":"https:\/\/www.musee-lalique.com\/de\/wp-json\/wp\/v2\/pages"}],"about":[{"href":"https:\/\/www.musee-lalique.com\/de\/wp-json\/wp\/v2\/types\/page"}],"author":[{"embeddable":true,"href":"https:\/\/www.musee-lalique.com\/de\/wp-json\/wp\/v2\/users\/3"}],"replies":[{"embeddable":true,"href":"https:\/\/www.musee-lalique.com\/de\/wp-json\/wp\/v2\/comments?post=3420"}],"version-history":[{"count":2,"href":"https:\/\/www.musee-lalique.com\/de\/wp-json\/wp\/v2\/pages\/3420\/revisions"}],"predecessor-version":[{"id":13769,"href":"https:\/\/www.musee-lalique.com\/de\/wp-json\/wp\/v2\/pages\/3420\/revisions\/13769"}],"up":[{"embeddable":true,"href":"https:\/\/www.musee-lalique.com\/de\/wp-json\/wp\/v2\/pages\/3138"}],"wp:attachment":[{"href":"https:\/\/www.musee-lalique.com\/de\/wp-json\/wp\/v2\/media?parent=3420"}],"curies":[{"name":"wp","href":"https:\/\/api.w.org\/{rel}","templated":true}]}}