{"id":3393,"date":"2023-12-02T16:02:42","date_gmt":"2023-12-02T15:02:42","guid":{"rendered":"https:\/\/musee-lalique.adipso.fr\/eintrittspreise\/"},"modified":"2026-01-05T08:48:12","modified_gmt":"2026-01-05T07:48:12","slug":"eintrittspreise","status":"publish","type":"page","link":"https:\/\/www.musee-lalique.com\/de\/infos\/eintrittspreise\/","title":{"rendered":"Eintrittspreise"},"content":{"rendered":"<h2>Eintritt f\u00fcr Einzelpersonen &#8211; 2026<\/h2>\n<p>&#8211; <strong>Voller Eintrittspreis<\/strong>: <strong>9.5 \u20ac<\/strong><br \/>\n&#8211;\u00a0 <strong>Erm\u00e4\u00dfigter Eintrittspreis<\/strong> (Kinder und Jugendliche von 6 bis 18 Jahren, Arbeitssuchende, Menschen mit Behinderung, Studierende (gegen Vorlage eines Nachweises j\u00fcngeren Datums): <strong>6 \u20ac<\/strong><br \/>\n&#8211; <strong>Eintrittspreis f\u00fcr Familien<\/strong> (ein oder zwei Erwachsene und bis zu 5 Kinder unter 18 Jahre): <strong>25 \u20ac<\/strong><br \/>\n&#8211; <strong>Kostenloser Eintritt<\/strong>: Kinder unter 6 Jahren, Journalisten, Lehrkr\u00e4fte, Inhaber der ICOM-Karte, Mitarbeiter des Kulturministeriums, Inhaber des MuseumsPassMus\u00e9es oder Pass&#8217;Alsace, Begleitpersonen von Besuchern mit Behinderung (gegen Vorlage eines g\u00fcltigen Nachweises)<\/p>\n<p>Jeder Einzelbesucher erh\u00e4lt Rabattgutscheine f\u00fcr das Glaszentrum Meisenthal und La Grande Place, das Kristallmuseum Saint-Louis.<\/p>\n<p>Manche Ausstellungen k\u00f6nnen geb\u00fchrenpflichtig sein, bitte beachten Sie den auf der entsprechenden Kalenderseite angegebenen Preis.<\/p>\n<p><strong>TIPPS!<\/strong> Nutzen Sie die Museumspartnerp\u00e4sse f\u00fcr den Besuch des Lalique-Museums: <a href=\"http:\/\/www.museumspass.com\/de\">MuseumsPassMus\u00e9es<\/a> oder<a href=\"https:\/\/www.pass-alsace.com\/index.php\/lang\/de\"> Pass&#8217;Alsace<\/a>.<\/p>\n<h2>Jahrespass f\u00fcr das Lalique-Museum &#8211; 2026<\/h2>\n<p>Jahresp\u00e4sse sind un\u00fcbertragbar.<\/p>\n<p>&#8211; <strong>Jahrespass f\u00fcr Kinder<\/strong> (unter 18 Jahre): Einschlie\u00dflich Zugang zu den mit Workshops kombinierten Besuchen w\u00e4hrend der Schulferien (5-10\u20ac)+ Museumseintritt + Eintritt zu Ausstellungen: <strong>24 \u20ac<\/strong><br \/>\n&#8211; <strong>Jahrespass f\u00fcr erwachsene Einzelpersonen<\/strong>: unbegrenzter Zugang zum Museum + Ausstellungen + Vortr\u00e4ge + kostenloser Audioguide + kostenlose individuelle F\u00fchrung + kostenlose Teilnahme an geplanten Familienveranstaltungen (5 oder 10 \u20ac) + 10 % Rabatt im Museumsshop auf Parf\u00fcm und Kristall (au\u00dfer Lalique Museum-Briefbeschwerer), Versand von Einladungen zur Vernissage: <strong>35 \u20ac<br \/>\n<\/strong>&#8211; <strong>Erm\u00e4\u00dfigter Jahrespass f\u00fcr Einzelpersonen<\/strong>: gleiche Vorteile wie der Jahrespass f\u00fcr Einzelpersonen, gegen Vorlage der aktuellen Mitgliedschaft im Verein \u201eLes Amis du mus\u00e9e Lalique\u201d oder f\u00fcr F\u00f6rderer (gem\u00e4\u00df den Bedingungen):<strong> 30 \u20ac<\/strong><\/p>\n<p>&nbsp;<\/p>\n<h2>Eintritt f\u00fcr Gruppen &#8211; 2026<\/h2>\n<p>&#8211; <strong>Voller Eintrittspreis<\/strong>: <strong>8 \u20ac<\/strong><br \/>\n&#8211; <strong>Reduzierter Eintrittspreis<\/strong> (Kinder und Jugendliche von 6 bis 18 Jahren, Arbeitssuchende, Menschen mit Behinderung, Studierende (gegen Vorlage eines Nachweises j\u00fcngeren Datums): <strong>4 \u20ac<\/strong><br \/>\n&#8211; Gef\u00fchrte Besichtigung (f\u00fcr eine Gruppe bis zu 30 Personen): <strong>95 \u20ac<\/strong><br \/>\n&#8211; Vortragsrecht (Sie bringen Ihren eigenen Museumsf\u00fchrer mit): <strong>45 \u20ac<br \/>\n<\/strong>&#8211; 20-min\u00fctige Pr\u00e4sentation des Museums durch einen Museumsf\u00fchrer (bis zu 80 Personen): <strong>40 \u20ac<br \/>\n<\/strong>&#8211; 20-min\u00fctige Pr\u00e4sentation der Sonderausstellung durch einen Museumsf\u00fchrer (bis zu 20 Personen): <strong>40 \u20ac\u00a0<\/strong><strong><br \/>\n<\/strong>&#8211; Preis f\u00fcr Schulgruppen nach Kostenvoranschlag, in Abh\u00e4ngigkeit von den gew\u00e4hlten Optionen<\/p>\n<p>&nbsp;<\/p>\n<p>&nbsp;<\/p>\n<h2>Im Lalique-Museum angebotene Leistungen &#8211; 2026<\/h2>\n<p>&#8211; Animationen und Veranstaltungen f\u00fcr Erwachsene oder Kinder: Je nach Animation, auf Anfrage.<br \/>\n&#8211; Videoguide: <strong>3,50 \u20ac<\/strong><br \/>\n&#8211; F\u00fchrung zu festen Uhrzeiten (gem\u00e4\u00df Animationskalender): <strong>4,5 \u20ac\/Pers.<\/strong><\/p>\n<p>&nbsp;<\/p>\n","protected":false},"excerpt":{"rendered":"<p>Eintritt f\u00fcr Einzelpersonen &#8211; 2026 &#8211; Voller Eintrittspreis: 9.5 \u20ac &#8211;\u00a0 Erm\u00e4\u00dfigter Eintrittspreis (Kinder und Jugendliche von 6 bis 18 Jahren, Arbeitssuchende, Menschen mit Behinderung, Studierende (gegen Vorlage eines Nachweises j\u00fcngeren Datums): 6 \u20ac &#8211; Eintrittspreis f\u00fcr Familien (ein oder zwei Erwachsene und bis zu 5 Kinder unter 18 Jahre): 25 \u20ac &#8211; Kostenloser Eintritt: [&hellip;]<\/p>\n","protected":false},"author":3,"featured_media":0,"parent":3138,"menu_order":0,"comment_status":"closed","ping_status":"closed","template":"","meta":{"_acf_changed":false,"footnotes":""},"class_list":["post-3393","page","type-page","status-publish","hentry"],"acf":[],"yoast_head":"<!-- This site is optimized with the Yoast SEO plugin v27.3 - https:\/\/yoast.com\/product\/yoast-seo-wordpress\/ -->\n<title>Eintrittspreise - museelalique<\/title>\n<meta name=\"robots\" content=\"index, follow, max-snippet:-1, max-image-preview:large, max-video-preview:-1\" \/>\n<link rel=\"canonical\" href=\"https:\/\/www.musee-lalique.com\/de\/infos\/eintrittspreise\/\" \/>\n<meta property=\"og:locale\" content=\"de_DE\" \/>\n<meta property=\"og:type\" content=\"article\" \/>\n<meta property=\"og:title\" content=\"Eintrittspreise - museelalique\" \/>\n<meta property=\"og:description\" content=\"Eintritt f\u00fcr Einzelpersonen &#8211; 2026 &#8211; Voller Eintrittspreis: 9.5 \u20ac &#8211;\u00a0 Erm\u00e4\u00dfigter Eintrittspreis (Kinder und Jugendliche von 6 bis 18 Jahren, Arbeitssuchende, Menschen mit Behinderung, Studierende (gegen Vorlage eines Nachweises j\u00fcngeren Datums): 6 \u20ac &#8211; Eintrittspreis f\u00fcr Familien (ein oder zwei Erwachsene und bis zu 5 Kinder unter 18 Jahre): 25 \u20ac &#8211; Kostenloser Eintritt: [&hellip;]\" \/>\n<meta property=\"og:url\" content=\"https:\/\/www.musee-lalique.com\/de\/infos\/eintrittspreise\/\" \/>\n<meta property=\"og:site_name\" content=\"museelalique\" \/>\n<meta property=\"article:modified_time\" content=\"2026-01-05T07:48:12+00:00\" \/>\n<meta name=\"twitter:card\" content=\"summary_large_image\" \/>\n<meta name=\"twitter:label1\" content=\"Est. reading time\" \/>\n\t<meta name=\"twitter:data1\" content=\"2 minutes\" \/>\n<script type=\"application\/ld+json\" class=\"yoast-schema-graph\">{\"@context\":\"https:\\\/\\\/schema.org\",\"@graph\":[{\"@type\":\"WebPage\",\"@id\":\"https:\\\/\\\/www.musee-lalique.com\\\/de\\\/infos\\\/eintrittspreise\\\/\",\"url\":\"https:\\\/\\\/www.musee-lalique.com\\\/de\\\/infos\\\/eintrittspreise\\\/\",\"name\":\"Eintrittspreise - museelalique\",\"isPartOf\":{\"@id\":\"https:\\\/\\\/musee-lalique.com\\\/#website\"},\"datePublished\":\"2023-12-02T15:02:42+00:00\",\"dateModified\":\"2026-01-05T07:48:12+00:00\",\"breadcrumb\":{\"@id\":\"https:\\\/\\\/www.musee-lalique.com\\\/de\\\/infos\\\/eintrittspreise\\\/#breadcrumb\"},\"inLanguage\":\"de-DE\",\"potentialAction\":[{\"@type\":\"ReadAction\",\"target\":[\"https:\\\/\\\/www.musee-lalique.com\\\/de\\\/infos\\\/eintrittspreise\\\/\"]}]},{\"@type\":\"BreadcrumbList\",\"@id\":\"https:\\\/\\\/www.musee-lalique.com\\\/de\\\/infos\\\/eintrittspreise\\\/#breadcrumb\",\"itemListElement\":[{\"@type\":\"ListItem\",\"position\":1,\"name\":\"Home\",\"item\":\"https:\\\/\\\/www.musee-lalique.com\\\/de\\\/\"},{\"@type\":\"ListItem\",\"position\":2,\"name\":\"Infos\",\"item\":\"https:\\\/\\\/musee-lalique.com\\\/infos-pratiques\\\/\"},{\"@type\":\"ListItem\",\"position\":3,\"name\":\"Eintrittspreise\"}]},{\"@type\":\"WebSite\",\"@id\":\"https:\\\/\\\/musee-lalique.com\\\/#website\",\"url\":\"https:\\\/\\\/musee-lalique.com\\\/\",\"name\":\"museelalique\",\"description\":\"\",\"potentialAction\":[{\"@type\":\"SearchAction\",\"target\":{\"@type\":\"EntryPoint\",\"urlTemplate\":\"https:\\\/\\\/musee-lalique.com\\\/?s={search_term_string}\"},\"query-input\":{\"@type\":\"PropertyValueSpecification\",\"valueRequired\":true,\"valueName\":\"search_term_string\"}}],\"inLanguage\":\"de-DE\"}]}<\/script>\n<!-- \/ Yoast SEO plugin. -->","yoast_head_json":{"title":"Eintrittspreise - museelalique","robots":{"index":"index","follow":"follow","max-snippet":"max-snippet:-1","max-image-preview":"max-image-preview:large","max-video-preview":"max-video-preview:-1"},"canonical":"https:\/\/www.musee-lalique.com\/de\/infos\/eintrittspreise\/","og_locale":"de_DE","og_type":"article","og_title":"Eintrittspreise - museelalique","og_description":"Eintritt f\u00fcr Einzelpersonen &#8211; 2026 &#8211; Voller Eintrittspreis: 9.5 \u20ac &#8211;\u00a0 Erm\u00e4\u00dfigter Eintrittspreis (Kinder und Jugendliche von 6 bis 18 Jahren, Arbeitssuchende, Menschen mit Behinderung, Studierende (gegen Vorlage eines Nachweises j\u00fcngeren Datums): 6 \u20ac &#8211; Eintrittspreis f\u00fcr Familien (ein oder zwei Erwachsene und bis zu 5 Kinder unter 18 Jahre): 25 \u20ac &#8211; Kostenloser Eintritt: [&hellip;]","og_url":"https:\/\/www.musee-lalique.com\/de\/infos\/eintrittspreise\/","og_site_name":"museelalique","article_modified_time":"2026-01-05T07:48:12+00:00","twitter_card":"summary_large_image","twitter_misc":{"Est. reading time":"2 minutes"},"schema":{"@context":"https:\/\/schema.org","@graph":[{"@type":"WebPage","@id":"https:\/\/www.musee-lalique.com\/de\/infos\/eintrittspreise\/","url":"https:\/\/www.musee-lalique.com\/de\/infos\/eintrittspreise\/","name":"Eintrittspreise - museelalique","isPartOf":{"@id":"https:\/\/musee-lalique.com\/#website"},"datePublished":"2023-12-02T15:02:42+00:00","dateModified":"2026-01-05T07:48:12+00:00","breadcrumb":{"@id":"https:\/\/www.musee-lalique.com\/de\/infos\/eintrittspreise\/#breadcrumb"},"inLanguage":"de-DE","potentialAction":[{"@type":"ReadAction","target":["https:\/\/www.musee-lalique.com\/de\/infos\/eintrittspreise\/"]}]},{"@type":"BreadcrumbList","@id":"https:\/\/www.musee-lalique.com\/de\/infos\/eintrittspreise\/#breadcrumb","itemListElement":[{"@type":"ListItem","position":1,"name":"Home","item":"https:\/\/www.musee-lalique.com\/de\/"},{"@type":"ListItem","position":2,"name":"Infos","item":"https:\/\/musee-lalique.com\/infos-pratiques\/"},{"@type":"ListItem","position":3,"name":"Eintrittspreise"}]},{"@type":"WebSite","@id":"https:\/\/musee-lalique.com\/#website","url":"https:\/\/musee-lalique.com\/","name":"museelalique","description":"","potentialAction":[{"@type":"SearchAction","target":{"@type":"EntryPoint","urlTemplate":"https:\/\/musee-lalique.com\/?s={search_term_string}"},"query-input":{"@type":"PropertyValueSpecification","valueRequired":true,"valueName":"search_term_string"}}],"inLanguage":"de-DE"}]}},"_links":{"self":[{"href":"https:\/\/www.musee-lalique.com\/de\/wp-json\/wp\/v2\/pages\/3393","targetHints":{"allow":["GET"]}}],"collection":[{"href":"https:\/\/www.musee-lalique.com\/de\/wp-json\/wp\/v2\/pages"}],"about":[{"href":"https:\/\/www.musee-lalique.com\/de\/wp-json\/wp\/v2\/types\/page"}],"author":[{"embeddable":true,"href":"https:\/\/www.musee-lalique.com\/de\/wp-json\/wp\/v2\/users\/3"}],"replies":[{"embeddable":true,"href":"https:\/\/www.musee-lalique.com\/de\/wp-json\/wp\/v2\/comments?post=3393"}],"version-history":[{"count":10,"href":"https:\/\/www.musee-lalique.com\/de\/wp-json\/wp\/v2\/pages\/3393\/revisions"}],"predecessor-version":[{"id":14804,"href":"https:\/\/www.musee-lalique.com\/de\/wp-json\/wp\/v2\/pages\/3393\/revisions\/14804"}],"up":[{"embeddable":true,"href":"https:\/\/www.musee-lalique.com\/de\/wp-json\/wp\/v2\/pages\/3138"}],"wp:attachment":[{"href":"https:\/\/www.musee-lalique.com\/de\/wp-json\/wp\/v2\/media?parent=3393"}],"curies":[{"name":"wp","href":"https:\/\/api.w.org\/{rel}","templated":true}]}}