{"id":3384,"date":"2023-12-02T16:02:41","date_gmt":"2023-12-02T15:02:41","guid":{"rendered":"https:\/\/musee-lalique.adipso.fr\/offnungszeiten\/"},"modified":"2026-02-02T16:18:12","modified_gmt":"2026-02-02T15:18:12","slug":"offnungszeiten","status":"publish","type":"page","link":"https:\/\/www.musee-lalique.com\/de\/infos\/offnungszeiten\/","title":{"rendered":"\u00d6ffnungszeiten"},"content":{"rendered":"<p>Der letzte Einlass erfolgt jeweils eine Stunde vor der Schlie\u00dfung des Museums<\/p>\n<p><strong>Hinweis: Haustiere sind im Museum nicht erlaubt.<\/strong><br \/>\n<em>Der Sicherheitsaspekt (f\u00fcr Tier und Mensch) spielt beim Tierverbot eine wichtige Rolle. Die meisten verantwortungsbewussten Besitzer passen sicher auf ihre Haustiere auf, aber Hunde k\u00f6nnen gegen\u00fcber Fremden und sogar Artgenossen immer noch unerwartetes Sozialverhalten zeigen. Danke f\u00fcr Ihr Verst\u00e4ndnis.<\/em><\/p>\n<h2>Im Jahr 2026:<\/h2>\n<p>&#8211; Das Museum im Januar geschlossen, au\u00dfer vom 2. bis 4. Januar.<\/p>\n<p>Wiederer\u00f6ffnung f\u00fcr die Saison 2026 am 1. Februar.<br \/>\n&#8211; Februar und M\u00e4rz: Dienstags bis Sonntags von 10 Uhr bis 18 Uhr ge\u00f6ffnet.<br \/>\n&#8211; Vom 1. April bis zum 30. September: T\u00e4glich von 9 Uhr 30\u00a0 bis 18\u00a0 Uhr 30 ge\u00f6ffnet, auch an Feiertagen.<br \/>\n&#8211; Oktober und November: Dienstags bis Sonntags von 10 Uhr bis 18 Uhr ge\u00f6ffnet, auch an Feiertagen.<br \/>\n&#8211; Dezember: T\u00e4glich von 10 Uhr bis 18 Uhr ge\u00f6ffnet, au\u00dfer am 24. und 31. Dezember: bis 16 Uhr ge\u00f6ffnet. Das Museum ist am 25. Dezember geschlossen.<\/p>\n<p>&nbsp;<\/p>\n","protected":false},"excerpt":{"rendered":"<p>Der letzte Einlass erfolgt jeweils eine Stunde vor der Schlie\u00dfung des Museums Hinweis: Haustiere sind im Museum nicht erlaubt. Der Sicherheitsaspekt (f\u00fcr Tier und Mensch) spielt beim Tierverbot eine wichtige Rolle. Die meisten verantwortungsbewussten Besitzer passen sicher auf ihre Haustiere auf, aber Hunde k\u00f6nnen gegen\u00fcber Fremden und sogar Artgenossen immer noch unerwartetes Sozialverhalten zeigen. Danke [&hellip;]<\/p>\n","protected":false},"author":3,"featured_media":0,"parent":3138,"menu_order":0,"comment_status":"closed","ping_status":"closed","template":"","meta":{"_acf_changed":false,"footnotes":""},"class_list":["post-3384","page","type-page","status-publish","hentry"],"acf":[],"yoast_head":"<!-- This site is optimized with the Yoast SEO plugin v27.4 - https:\/\/yoast.com\/product\/yoast-seo-wordpress\/ -->\n<title>\u00d6ffnungszeiten - museelalique<\/title>\n<meta name=\"robots\" content=\"index, follow, max-snippet:-1, max-image-preview:large, max-video-preview:-1\" \/>\n<link rel=\"canonical\" href=\"https:\/\/www.musee-lalique.com\/de\/infos\/offnungszeiten\/\" \/>\n<meta property=\"og:locale\" content=\"de_DE\" \/>\n<meta property=\"og:type\" content=\"article\" \/>\n<meta property=\"og:title\" content=\"\u00d6ffnungszeiten - museelalique\" \/>\n<meta property=\"og:description\" content=\"Der letzte Einlass erfolgt jeweils eine Stunde vor der Schlie\u00dfung des Museums Hinweis: Haustiere sind im Museum nicht erlaubt. Der Sicherheitsaspekt (f\u00fcr Tier und Mensch) spielt beim Tierverbot eine wichtige Rolle. Die meisten verantwortungsbewussten Besitzer passen sicher auf ihre Haustiere auf, aber Hunde k\u00f6nnen gegen\u00fcber Fremden und sogar Artgenossen immer noch unerwartetes Sozialverhalten zeigen. Danke [&hellip;]\" \/>\n<meta property=\"og:url\" content=\"https:\/\/www.musee-lalique.com\/de\/infos\/offnungszeiten\/\" \/>\n<meta property=\"og:site_name\" content=\"museelalique\" \/>\n<meta property=\"article:modified_time\" content=\"2026-02-02T15:18:12+00:00\" \/>\n<meta name=\"twitter:card\" content=\"summary_large_image\" \/>\n<meta name=\"twitter:label1\" content=\"Est. reading time\" \/>\n\t<meta name=\"twitter:data1\" content=\"1 minute\" \/>\n<script type=\"application\/ld+json\" class=\"yoast-schema-graph\">{\"@context\":\"https:\\\/\\\/schema.org\",\"@graph\":[{\"@type\":\"WebPage\",\"@id\":\"https:\\\/\\\/www.musee-lalique.com\\\/de\\\/infos\\\/offnungszeiten\\\/\",\"url\":\"https:\\\/\\\/www.musee-lalique.com\\\/de\\\/infos\\\/offnungszeiten\\\/\",\"name\":\"\u00d6ffnungszeiten - museelalique\",\"isPartOf\":{\"@id\":\"https:\\\/\\\/musee-lalique.com\\\/#website\"},\"datePublished\":\"2023-12-02T15:02:41+00:00\",\"dateModified\":\"2026-02-02T15:18:12+00:00\",\"breadcrumb\":{\"@id\":\"https:\\\/\\\/www.musee-lalique.com\\\/de\\\/infos\\\/offnungszeiten\\\/#breadcrumb\"},\"inLanguage\":\"de-DE\",\"potentialAction\":[{\"@type\":\"ReadAction\",\"target\":[\"https:\\\/\\\/www.musee-lalique.com\\\/de\\\/infos\\\/offnungszeiten\\\/\"]}]},{\"@type\":\"BreadcrumbList\",\"@id\":\"https:\\\/\\\/www.musee-lalique.com\\\/de\\\/infos\\\/offnungszeiten\\\/#breadcrumb\",\"itemListElement\":[{\"@type\":\"ListItem\",\"position\":1,\"name\":\"Home\",\"item\":\"https:\\\/\\\/www.musee-lalique.com\\\/de\\\/\"},{\"@type\":\"ListItem\",\"position\":2,\"name\":\"Infos\",\"item\":\"https:\\\/\\\/musee-lalique.com\\\/infos-pratiques\\\/\"},{\"@type\":\"ListItem\",\"position\":3,\"name\":\"\u00d6ffnungszeiten\"}]},{\"@type\":\"WebSite\",\"@id\":\"https:\\\/\\\/musee-lalique.com\\\/#website\",\"url\":\"https:\\\/\\\/musee-lalique.com\\\/\",\"name\":\"museelalique\",\"description\":\"\",\"potentialAction\":[{\"@type\":\"SearchAction\",\"target\":{\"@type\":\"EntryPoint\",\"urlTemplate\":\"https:\\\/\\\/musee-lalique.com\\\/?s={search_term_string}\"},\"query-input\":{\"@type\":\"PropertyValueSpecification\",\"valueRequired\":true,\"valueName\":\"search_term_string\"}}],\"inLanguage\":\"de-DE\"}]}<\/script>\n<!-- \/ Yoast SEO plugin. -->","yoast_head_json":{"title":"\u00d6ffnungszeiten - museelalique","robots":{"index":"index","follow":"follow","max-snippet":"max-snippet:-1","max-image-preview":"max-image-preview:large","max-video-preview":"max-video-preview:-1"},"canonical":"https:\/\/www.musee-lalique.com\/de\/infos\/offnungszeiten\/","og_locale":"de_DE","og_type":"article","og_title":"\u00d6ffnungszeiten - museelalique","og_description":"Der letzte Einlass erfolgt jeweils eine Stunde vor der Schlie\u00dfung des Museums Hinweis: Haustiere sind im Museum nicht erlaubt. Der Sicherheitsaspekt (f\u00fcr Tier und Mensch) spielt beim Tierverbot eine wichtige Rolle. Die meisten verantwortungsbewussten Besitzer passen sicher auf ihre Haustiere auf, aber Hunde k\u00f6nnen gegen\u00fcber Fremden und sogar Artgenossen immer noch unerwartetes Sozialverhalten zeigen. Danke [&hellip;]","og_url":"https:\/\/www.musee-lalique.com\/de\/infos\/offnungszeiten\/","og_site_name":"museelalique","article_modified_time":"2026-02-02T15:18:12+00:00","twitter_card":"summary_large_image","twitter_misc":{"Est. reading time":"1 minute"},"schema":{"@context":"https:\/\/schema.org","@graph":[{"@type":"WebPage","@id":"https:\/\/www.musee-lalique.com\/de\/infos\/offnungszeiten\/","url":"https:\/\/www.musee-lalique.com\/de\/infos\/offnungszeiten\/","name":"\u00d6ffnungszeiten - museelalique","isPartOf":{"@id":"https:\/\/musee-lalique.com\/#website"},"datePublished":"2023-12-02T15:02:41+00:00","dateModified":"2026-02-02T15:18:12+00:00","breadcrumb":{"@id":"https:\/\/www.musee-lalique.com\/de\/infos\/offnungszeiten\/#breadcrumb"},"inLanguage":"de-DE","potentialAction":[{"@type":"ReadAction","target":["https:\/\/www.musee-lalique.com\/de\/infos\/offnungszeiten\/"]}]},{"@type":"BreadcrumbList","@id":"https:\/\/www.musee-lalique.com\/de\/infos\/offnungszeiten\/#breadcrumb","itemListElement":[{"@type":"ListItem","position":1,"name":"Home","item":"https:\/\/www.musee-lalique.com\/de\/"},{"@type":"ListItem","position":2,"name":"Infos","item":"https:\/\/musee-lalique.com\/infos-pratiques\/"},{"@type":"ListItem","position":3,"name":"\u00d6ffnungszeiten"}]},{"@type":"WebSite","@id":"https:\/\/musee-lalique.com\/#website","url":"https:\/\/musee-lalique.com\/","name":"museelalique","description":"","potentialAction":[{"@type":"SearchAction","target":{"@type":"EntryPoint","urlTemplate":"https:\/\/musee-lalique.com\/?s={search_term_string}"},"query-input":{"@type":"PropertyValueSpecification","valueRequired":true,"valueName":"search_term_string"}}],"inLanguage":"de-DE"}]}},"_links":{"self":[{"href":"https:\/\/www.musee-lalique.com\/de\/wp-json\/wp\/v2\/pages\/3384","targetHints":{"allow":["GET"]}}],"collection":[{"href":"https:\/\/www.musee-lalique.com\/de\/wp-json\/wp\/v2\/pages"}],"about":[{"href":"https:\/\/www.musee-lalique.com\/de\/wp-json\/wp\/v2\/types\/page"}],"author":[{"embeddable":true,"href":"https:\/\/www.musee-lalique.com\/de\/wp-json\/wp\/v2\/users\/3"}],"replies":[{"embeddable":true,"href":"https:\/\/www.musee-lalique.com\/de\/wp-json\/wp\/v2\/comments?post=3384"}],"version-history":[{"count":7,"href":"https:\/\/www.musee-lalique.com\/de\/wp-json\/wp\/v2\/pages\/3384\/revisions"}],"predecessor-version":[{"id":14890,"href":"https:\/\/www.musee-lalique.com\/de\/wp-json\/wp\/v2\/pages\/3384\/revisions\/14890"}],"up":[{"embeddable":true,"href":"https:\/\/www.musee-lalique.com\/de\/wp-json\/wp\/v2\/pages\/3138"}],"wp:attachment":[{"href":"https:\/\/www.musee-lalique.com\/de\/wp-json\/wp\/v2\/media?parent=3384"}],"curies":[{"name":"wp","href":"https:\/\/api.w.org\/{rel}","templated":true}]}}