{"id":3147,"date":"2023-12-02T16:00:23","date_gmt":"2023-12-02T15:00:23","guid":{"rendered":"https:\/\/musee-lalique.adipso.fr\/wechselausstellungen\/"},"modified":"2025-04-23T16:11:49","modified_gmt":"2025-04-23T14:11:49","slug":"wechselausstellungen","status":"publish","type":"page","link":"https:\/\/www.musee-lalique.com\/de\/rund-ums-museum\/wechselausstellungen\/","title":{"rendered":"Wechselausstellungen"},"content":{"rendered":"<p>Das Lalique-Museum organisiert jedes Jahr im Sommer eine gro\u00dfe Ausstellung. Bei der n\u00e4chsten steht das Thema<a href=\"https:\/\/www.musee-lalique.com\/de\/rund-ums-museum\/wechselausstellungen\/2025-rene-lalique-architecte-et-decorateur\/\"> <em>Ren\u00e9 Lalique, Architekt und Dekorateur<\/em><\/a> im Mittelpunkt.<\/p>\n<p>&nbsp;<\/p>\n<h3>R\u00fcckblick auf die vorausgehenden Ausstellungen:<\/h3>\n<p>&#8211; 2024: <a href=\"https:\/\/www.musee-lalique.com\/de\/rund-ums-museum\/wechselausstellungen\/rene-lalique-linventeur-du-bijou-moderne\/\"><em>Ren\u00e9 Lalique, der Erfinder des modernen Schmucks <\/em><\/a><br \/>\n&#8211; 2023: <a href=\"https:\/\/www.musee-lalique.com\/de\/terminkalender\/faune3-2\/\"><em>Faune3<\/em><\/a><br \/>\n&#8211; 2022: <a href=\"\/de\/rund-ums-museum\/wechselausstellungen\/100-jahre-lalique-im-elsass\"><em>100 Jahre Lalique im Elsass<\/em><\/a><br \/>\n&#8211; 2021: <a href=\"\/de\/rund-ums-museum\/wechselausstellungen\/tafelkuenste\"><em>Tafelk\u00fcnste<\/em><\/a><br \/>\n&#8211; 2020: keine Ausstellung<br \/>\n&#8211; 2019: <a href=\"\/de\/rund-ums-museum\/wechselausstellungen\/die-erfindung-des-modernen-parfuems\"><em>Die Erfindung des modernen Parf\u00fcms<\/em><\/a><br \/>\n&#8211; 2018: <a href=\"\/de\/rund-ums-museum\/wechselausstellungen\/prisma\"><em>Prisma &#8211;\u00a0Lalique-Kristallglas trifft auf zeitgen\u00f6ssische Kunst<\/em><\/a><br \/>\n&#8211; 2017: <a href=\"\/de\/rund-ums-museum\/wechselausstellungen\/zurueck-zu-den-quellen-wenn-lalique-inspiration-aus-der-welt\"><em>Zur\u00fcck zu den Quellen &#8211; Wenn Lalique Inspiration aus der Welt sch\u00f6pft<\/em><\/a><br \/>\n&#8211; 2016: <a href=\"\/de\/rund-ums-museum\/wechselausstellungen\/lalique-und-die-kunst-des-reisens\"><em>Lalique und die Kunst des Reisens<\/em><\/a><br \/>\n&#8211; 2015: <a href=\"\/de\/rund-ums-museum\/wechselausstellungen\/2015-das-glas-im-alltag\"><em>Glas im Alltag, Gebrauch und teschnische Verfahren im Elsass und Lothringen von der Antike bis heute<\/em><\/a><br \/>\n&#8211; 2014: <a href=\"\/de\/rund-ums-museum\/wechselausstellungen\/2014-laliques-wasserwelt\"><em>Laliques Wasserwelt<\/em><\/a><br \/>\n&#8211; 2013: <a href=\"\/de\/rund-ums-museum\/wechselausstellungen\/2013-glas-und-die-meister-der-modernen-kunst\"><em>Glas und die Meister der modernen Kunst<\/em><\/a><br \/>\n&#8211; 2012: <a href=\"\/de\/rund-ums-museum\/wechselausstellungen\/2012-suzanne-lalique-haviland-das-dekor-neu-erfunden\"><em>Suzanne Lalique-Haviland, das Dekor neu erfunden<\/em><\/a><\/p>\n","protected":false},"excerpt":{"rendered":"<p>Das Lalique-Museum organisiert jedes Jahr im Sommer eine gro\u00dfe Ausstellung. Bei der n\u00e4chsten steht das Thema Ren\u00e9 Lalique, Architekt und Dekorateur im Mittelpunkt. &nbsp; R\u00fcckblick auf die vorausgehenden Ausstellungen: &#8211; 2024: Ren\u00e9 Lalique, der Erfinder des modernen Schmucks &#8211; 2023: Faune3 &#8211; 2022: 100 Jahre Lalique im Elsass &#8211; 2021: Tafelk\u00fcnste &#8211; 2020: keine Ausstellung [&hellip;]<\/p>\n","protected":false},"author":3,"featured_media":0,"parent":3103,"menu_order":0,"comment_status":"closed","ping_status":"closed","template":"","meta":{"_acf_changed":false,"footnotes":""},"class_list":["post-3147","page","type-page","status-publish","hentry"],"acf":[],"yoast_head":"<!-- This site is optimized with the Yoast SEO plugin v27.3 - https:\/\/yoast.com\/product\/yoast-seo-wordpress\/ -->\n<title>Wechselausstellungen - museelalique<\/title>\n<meta name=\"robots\" content=\"index, follow, max-snippet:-1, max-image-preview:large, max-video-preview:-1\" \/>\n<link rel=\"canonical\" href=\"https:\/\/www.musee-lalique.com\/de\/rund-ums-museum\/wechselausstellungen\/\" \/>\n<meta property=\"og:locale\" content=\"de_DE\" \/>\n<meta property=\"og:type\" content=\"article\" \/>\n<meta property=\"og:title\" content=\"Wechselausstellungen - museelalique\" \/>\n<meta property=\"og:description\" content=\"Das Lalique-Museum organisiert jedes Jahr im Sommer eine gro\u00dfe Ausstellung. Bei der n\u00e4chsten steht das Thema Ren\u00e9 Lalique, Architekt und Dekorateur im Mittelpunkt. &nbsp; R\u00fcckblick auf die vorausgehenden Ausstellungen: &#8211; 2024: Ren\u00e9 Lalique, der Erfinder des modernen Schmucks &#8211; 2023: Faune3 &#8211; 2022: 100 Jahre Lalique im Elsass &#8211; 2021: Tafelk\u00fcnste &#8211; 2020: keine Ausstellung [&hellip;]\" \/>\n<meta property=\"og:url\" content=\"https:\/\/www.musee-lalique.com\/de\/rund-ums-museum\/wechselausstellungen\/\" \/>\n<meta property=\"og:site_name\" content=\"museelalique\" \/>\n<meta property=\"article:modified_time\" content=\"2025-04-23T14:11:49+00:00\" \/>\n<meta name=\"twitter:card\" content=\"summary_large_image\" \/>\n<meta name=\"twitter:label1\" content=\"Est. reading time\" \/>\n\t<meta name=\"twitter:data1\" content=\"1 minute\" \/>\n<script type=\"application\/ld+json\" class=\"yoast-schema-graph\">{\"@context\":\"https:\\\/\\\/schema.org\",\"@graph\":[{\"@type\":\"WebPage\",\"@id\":\"https:\\\/\\\/www.musee-lalique.com\\\/de\\\/rund-ums-museum\\\/wechselausstellungen\\\/\",\"url\":\"https:\\\/\\\/www.musee-lalique.com\\\/de\\\/rund-ums-museum\\\/wechselausstellungen\\\/\",\"name\":\"Wechselausstellungen - museelalique\",\"isPartOf\":{\"@id\":\"https:\\\/\\\/musee-lalique.com\\\/#website\"},\"datePublished\":\"2023-12-02T15:00:23+00:00\",\"dateModified\":\"2025-04-23T14:11:49+00:00\",\"breadcrumb\":{\"@id\":\"https:\\\/\\\/www.musee-lalique.com\\\/de\\\/rund-ums-museum\\\/wechselausstellungen\\\/#breadcrumb\"},\"inLanguage\":\"de-DE\",\"potentialAction\":[{\"@type\":\"ReadAction\",\"target\":[\"https:\\\/\\\/www.musee-lalique.com\\\/de\\\/rund-ums-museum\\\/wechselausstellungen\\\/\"]}]},{\"@type\":\"BreadcrumbList\",\"@id\":\"https:\\\/\\\/www.musee-lalique.com\\\/de\\\/rund-ums-museum\\\/wechselausstellungen\\\/#breadcrumb\",\"itemListElement\":[{\"@type\":\"ListItem\",\"position\":1,\"name\":\"Home\",\"item\":\"https:\\\/\\\/www.musee-lalique.com\\\/de\\\/\"},{\"@type\":\"ListItem\",\"position\":2,\"name\":\"Rund ums Museum\",\"item\":\"https:\\\/\\\/www.musee-lalique.com\\\/de\\\/rund-ums-museum\\\/\"},{\"@type\":\"ListItem\",\"position\":3,\"name\":\"Wechselausstellungen\"}]},{\"@type\":\"WebSite\",\"@id\":\"https:\\\/\\\/musee-lalique.com\\\/#website\",\"url\":\"https:\\\/\\\/musee-lalique.com\\\/\",\"name\":\"museelalique\",\"description\":\"\",\"potentialAction\":[{\"@type\":\"SearchAction\",\"target\":{\"@type\":\"EntryPoint\",\"urlTemplate\":\"https:\\\/\\\/musee-lalique.com\\\/?s={search_term_string}\"},\"query-input\":{\"@type\":\"PropertyValueSpecification\",\"valueRequired\":true,\"valueName\":\"search_term_string\"}}],\"inLanguage\":\"de-DE\"}]}<\/script>\n<!-- \/ Yoast SEO plugin. -->","yoast_head_json":{"title":"Wechselausstellungen - museelalique","robots":{"index":"index","follow":"follow","max-snippet":"max-snippet:-1","max-image-preview":"max-image-preview:large","max-video-preview":"max-video-preview:-1"},"canonical":"https:\/\/www.musee-lalique.com\/de\/rund-ums-museum\/wechselausstellungen\/","og_locale":"de_DE","og_type":"article","og_title":"Wechselausstellungen - museelalique","og_description":"Das Lalique-Museum organisiert jedes Jahr im Sommer eine gro\u00dfe Ausstellung. Bei der n\u00e4chsten steht das Thema Ren\u00e9 Lalique, Architekt und Dekorateur im Mittelpunkt. &nbsp; R\u00fcckblick auf die vorausgehenden Ausstellungen: &#8211; 2024: Ren\u00e9 Lalique, der Erfinder des modernen Schmucks &#8211; 2023: Faune3 &#8211; 2022: 100 Jahre Lalique im Elsass &#8211; 2021: Tafelk\u00fcnste &#8211; 2020: keine Ausstellung [&hellip;]","og_url":"https:\/\/www.musee-lalique.com\/de\/rund-ums-museum\/wechselausstellungen\/","og_site_name":"museelalique","article_modified_time":"2025-04-23T14:11:49+00:00","twitter_card":"summary_large_image","twitter_misc":{"Est. reading time":"1 minute"},"schema":{"@context":"https:\/\/schema.org","@graph":[{"@type":"WebPage","@id":"https:\/\/www.musee-lalique.com\/de\/rund-ums-museum\/wechselausstellungen\/","url":"https:\/\/www.musee-lalique.com\/de\/rund-ums-museum\/wechselausstellungen\/","name":"Wechselausstellungen - museelalique","isPartOf":{"@id":"https:\/\/musee-lalique.com\/#website"},"datePublished":"2023-12-02T15:00:23+00:00","dateModified":"2025-04-23T14:11:49+00:00","breadcrumb":{"@id":"https:\/\/www.musee-lalique.com\/de\/rund-ums-museum\/wechselausstellungen\/#breadcrumb"},"inLanguage":"de-DE","potentialAction":[{"@type":"ReadAction","target":["https:\/\/www.musee-lalique.com\/de\/rund-ums-museum\/wechselausstellungen\/"]}]},{"@type":"BreadcrumbList","@id":"https:\/\/www.musee-lalique.com\/de\/rund-ums-museum\/wechselausstellungen\/#breadcrumb","itemListElement":[{"@type":"ListItem","position":1,"name":"Home","item":"https:\/\/www.musee-lalique.com\/de\/"},{"@type":"ListItem","position":2,"name":"Rund ums Museum","item":"https:\/\/www.musee-lalique.com\/de\/rund-ums-museum\/"},{"@type":"ListItem","position":3,"name":"Wechselausstellungen"}]},{"@type":"WebSite","@id":"https:\/\/musee-lalique.com\/#website","url":"https:\/\/musee-lalique.com\/","name":"museelalique","description":"","potentialAction":[{"@type":"SearchAction","target":{"@type":"EntryPoint","urlTemplate":"https:\/\/musee-lalique.com\/?s={search_term_string}"},"query-input":{"@type":"PropertyValueSpecification","valueRequired":true,"valueName":"search_term_string"}}],"inLanguage":"de-DE"}]}},"_links":{"self":[{"href":"https:\/\/www.musee-lalique.com\/de\/wp-json\/wp\/v2\/pages\/3147","targetHints":{"allow":["GET"]}}],"collection":[{"href":"https:\/\/www.musee-lalique.com\/de\/wp-json\/wp\/v2\/pages"}],"about":[{"href":"https:\/\/www.musee-lalique.com\/de\/wp-json\/wp\/v2\/types\/page"}],"author":[{"embeddable":true,"href":"https:\/\/www.musee-lalique.com\/de\/wp-json\/wp\/v2\/users\/3"}],"replies":[{"embeddable":true,"href":"https:\/\/www.musee-lalique.com\/de\/wp-json\/wp\/v2\/comments?post=3147"}],"version-history":[{"count":7,"href":"https:\/\/www.musee-lalique.com\/de\/wp-json\/wp\/v2\/pages\/3147\/revisions"}],"predecessor-version":[{"id":14366,"href":"https:\/\/www.musee-lalique.com\/de\/wp-json\/wp\/v2\/pages\/3147\/revisions\/14366"}],"up":[{"embeddable":true,"href":"https:\/\/www.musee-lalique.com\/de\/wp-json\/wp\/v2\/pages\/3103"}],"wp:attachment":[{"href":"https:\/\/www.musee-lalique.com\/de\/wp-json\/wp\/v2\/media?parent=3147"}],"curies":[{"name":"wp","href":"https:\/\/api.w.org\/{rel}","templated":true}]}}