{"id":14509,"date":"2025-04-12T08:18:22","date_gmt":"2025-04-12T06:18:22","guid":{"rendered":"https:\/\/www.musee-lalique.com\/rund-ums-museum\/wechselausstellungen\/2025-rene-lalique-architecte-et-decorateur\/2025-contenus-additionnels\/vase-manifesto\/"},"modified":"2025-04-23T20:03:48","modified_gmt":"2025-04-23T18:03:48","slug":"vase-manifesto","status":"publish","type":"page","link":"https:\/\/www.musee-lalique.com\/de\/rund-ums-museum\/wechselausstellungen\/2025-rene-lalique-architecte-et-decorateur\/2025-contenus-additionnels\/vase-manifesto\/","title":{"rendered":"Vase Manifesto"},"content":{"rendered":"<p>Modell entworfen 2014 mit Zaha Hadid<\/p>\n<p>Zaha Hadid (1950-2016) war eine international anerkannte irakisch-amerikanische Architektin, die als erste Frau den Pritzker-Preis f\u00fcr Architektur erhielt. In ihrer Zusammenarbeit mit Lalique entstanden drei Werke: die Vasen <em>Manifesto<\/em> und <em>Visio<\/em> sowie die Schale <em>Fontana<\/em>.<\/p>\n<p><em>Glas und Kristall haben mich schon immer fasziniert<\/em>, betonte Zaha Hadid. <em>In meiner Jugend sammelte ich St\u00fccke in allen Formen, Gr\u00f6\u00dfen und Farben.<\/em> F\u00fcr sie war Lalique <em>ein Synonym f\u00fcr Eleganz, flie\u00dfende, gleichzeitig innovative und zeitlose Linien, die weder die Eigenheit des Materials noch die kunsthandwerkliche Handschrift beeintr\u00e4chtigen. Jedes St\u00fcck ist ein hohes Lied auf die einzigartigen Eigenschaften des Kristallglases.<\/em><\/p>\n<p>Die sinnlichen Formen der Vasen <em>Visio<\/em> und <em>Manifesto<\/em> sowie der Schale <em>Fontana<\/em> sind eine Widerspiegelung des architektonische Werks Zaha Hadids.\u00a0Die in st\u00e4ndiger Bewegung befindlichen, flie\u00dfenden, mineralischen Linien, die so typisch sind f\u00fcr ihren Stil, werden durch den Kontrast zwischen den mattierten und aufpolierten Oberfl\u00e4chen verst\u00e4rkt, die bezeichnend sind f\u00fcr das fachliche K\u00f6nnen des Hauses Lalique. Durchgespielt werden diese zugleich modernen und zeitlosen Kreationen in den Varianten klar, schwarz, nachtblau und Fuchsia.<\/p>\n<p>&nbsp;<\/p>\n<p>&nbsp;<\/p>\n<p>&nbsp;<\/p>\n","protected":false},"excerpt":{"rendered":"<p>Modell entworfen 2014 mit Zaha Hadid Zaha Hadid (1950-2016) war eine international anerkannte irakisch-amerikanische Architektin, die als erste Frau den Pritzker-Preis f\u00fcr Architektur erhielt. In ihrer Zusammenarbeit mit Lalique entstanden drei Werke: die Vasen Manifesto und Visio sowie die Schale Fontana. Glas und Kristall haben mich schon immer fasziniert, betonte Zaha Hadid. In meiner Jugend [&hellip;]<\/p>\n","protected":false},"author":6,"featured_media":0,"parent":14333,"menu_order":0,"comment_status":"closed","ping_status":"closed","template":"","meta":{"_acf_changed":false,"footnotes":""},"class_list":["post-14509","page","type-page","status-publish","hentry"],"acf":[],"yoast_head":"<!-- This site is optimized with the Yoast SEO plugin v27.4 - https:\/\/yoast.com\/product\/yoast-seo-wordpress\/ -->\n<title>Vase Manifesto - museelalique<\/title>\n<meta name=\"robots\" content=\"index, follow, max-snippet:-1, max-image-preview:large, max-video-preview:-1\" \/>\n<link rel=\"canonical\" href=\"https:\/\/www.musee-lalique.com\/de\/rund-ums-museum\/wechselausstellungen\/2025-rene-lalique-architecte-et-decorateur\/2025-contenus-additionnels\/vase-manifesto\/\" \/>\n<meta property=\"og:locale\" content=\"de_DE\" \/>\n<meta property=\"og:type\" content=\"article\" \/>\n<meta property=\"og:title\" content=\"Vase Manifesto - museelalique\" \/>\n<meta property=\"og:description\" content=\"Modell entworfen 2014 mit Zaha Hadid Zaha Hadid (1950-2016) war eine international anerkannte irakisch-amerikanische Architektin, die als erste Frau den Pritzker-Preis f\u00fcr Architektur erhielt. In ihrer Zusammenarbeit mit Lalique entstanden drei Werke: die Vasen Manifesto und Visio sowie die Schale Fontana. Glas und Kristall haben mich schon immer fasziniert, betonte Zaha Hadid. In meiner Jugend [&hellip;]\" \/>\n<meta property=\"og:url\" content=\"https:\/\/www.musee-lalique.com\/de\/rund-ums-museum\/wechselausstellungen\/2025-rene-lalique-architecte-et-decorateur\/2025-contenus-additionnels\/vase-manifesto\/\" \/>\n<meta property=\"og:site_name\" content=\"museelalique\" \/>\n<meta property=\"article:modified_time\" content=\"2025-04-23T18:03:48+00:00\" \/>\n<meta name=\"twitter:card\" content=\"summary_large_image\" \/>\n<meta name=\"twitter:label1\" content=\"Est. reading time\" \/>\n\t<meta name=\"twitter:data1\" content=\"4 minutes\" \/>\n<script type=\"application\/ld+json\" class=\"yoast-schema-graph\">{\"@context\":\"https:\\\/\\\/schema.org\",\"@graph\":[{\"@type\":\"WebPage\",\"@id\":\"https:\\\/\\\/www.musee-lalique.com\\\/de\\\/rund-ums-museum\\\/wechselausstellungen\\\/2025-rene-lalique-architecte-et-decorateur\\\/2025-contenus-additionnels\\\/vase-manifesto\\\/\",\"url\":\"https:\\\/\\\/www.musee-lalique.com\\\/de\\\/rund-ums-museum\\\/wechselausstellungen\\\/2025-rene-lalique-architecte-et-decorateur\\\/2025-contenus-additionnels\\\/vase-manifesto\\\/\",\"name\":\"Vase Manifesto - museelalique\",\"isPartOf\":{\"@id\":\"https:\\\/\\\/musee-lalique.com\\\/#website\"},\"datePublished\":\"2025-04-12T06:18:22+00:00\",\"dateModified\":\"2025-04-23T18:03:48+00:00\",\"breadcrumb\":{\"@id\":\"https:\\\/\\\/www.musee-lalique.com\\\/de\\\/rund-ums-museum\\\/wechselausstellungen\\\/2025-rene-lalique-architecte-et-decorateur\\\/2025-contenus-additionnels\\\/vase-manifesto\\\/#breadcrumb\"},\"inLanguage\":\"de-DE\",\"potentialAction\":[{\"@type\":\"ReadAction\",\"target\":[\"https:\\\/\\\/www.musee-lalique.com\\\/de\\\/rund-ums-museum\\\/wechselausstellungen\\\/2025-rene-lalique-architecte-et-decorateur\\\/2025-contenus-additionnels\\\/vase-manifesto\\\/\"]}]},{\"@type\":\"BreadcrumbList\",\"@id\":\"https:\\\/\\\/www.musee-lalique.com\\\/de\\\/rund-ums-museum\\\/wechselausstellungen\\\/2025-rene-lalique-architecte-et-decorateur\\\/2025-contenus-additionnels\\\/vase-manifesto\\\/#breadcrumb\",\"itemListElement\":[{\"@type\":\"ListItem\",\"position\":1,\"name\":\"Home\",\"item\":\"https:\\\/\\\/www.musee-lalique.com\\\/de\\\/\"},{\"@type\":\"ListItem\",\"position\":2,\"name\":\"Rund ums Museum\",\"item\":\"https:\\\/\\\/www.musee-lalique.com\\\/de\\\/rund-ums-museum\\\/\"},{\"@type\":\"ListItem\",\"position\":3,\"name\":\"Wechselausstellungen\",\"item\":\"https:\\\/\\\/www.musee-lalique.com\\\/de\\\/rund-ums-museum\\\/wechselausstellungen\\\/\"},{\"@type\":\"ListItem\",\"position\":4,\"name\":\"2025 : Ren\u00e9 Lalique, Architekt und Dekorateur\",\"item\":\"https:\\\/\\\/www.musee-lalique.com\\\/de\\\/rund-ums-museum\\\/wechselausstellungen\\\/2025-rene-lalique-architecte-et-decorateur\\\/\"},{\"@type\":\"ListItem\",\"position\":5,\"name\":\"2025 : zus\u00e4tzlichen Inhalten\",\"item\":\"https:\\\/\\\/www.musee-lalique.com\\\/de\\\/rund-ums-museum\\\/wechselausstellungen\\\/2025-rene-lalique-architecte-et-decorateur\\\/2025-contenus-additionnels\\\/\"},{\"@type\":\"ListItem\",\"position\":6,\"name\":\"Vase Manifesto\"}]},{\"@type\":\"WebSite\",\"@id\":\"https:\\\/\\\/musee-lalique.com\\\/#website\",\"url\":\"https:\\\/\\\/musee-lalique.com\\\/\",\"name\":\"museelalique\",\"description\":\"\",\"potentialAction\":[{\"@type\":\"SearchAction\",\"target\":{\"@type\":\"EntryPoint\",\"urlTemplate\":\"https:\\\/\\\/musee-lalique.com\\\/?s={search_term_string}\"},\"query-input\":{\"@type\":\"PropertyValueSpecification\",\"valueRequired\":true,\"valueName\":\"search_term_string\"}}],\"inLanguage\":\"de-DE\"}]}<\/script>\n<!-- \/ Yoast SEO plugin. -->","yoast_head_json":{"title":"Vase Manifesto - museelalique","robots":{"index":"index","follow":"follow","max-snippet":"max-snippet:-1","max-image-preview":"max-image-preview:large","max-video-preview":"max-video-preview:-1"},"canonical":"https:\/\/www.musee-lalique.com\/de\/rund-ums-museum\/wechselausstellungen\/2025-rene-lalique-architecte-et-decorateur\/2025-contenus-additionnels\/vase-manifesto\/","og_locale":"de_DE","og_type":"article","og_title":"Vase Manifesto - museelalique","og_description":"Modell entworfen 2014 mit Zaha Hadid Zaha Hadid (1950-2016) war eine international anerkannte irakisch-amerikanische Architektin, die als erste Frau den Pritzker-Preis f\u00fcr Architektur erhielt. In ihrer Zusammenarbeit mit Lalique entstanden drei Werke: die Vasen Manifesto und Visio sowie die Schale Fontana. Glas und Kristall haben mich schon immer fasziniert, betonte Zaha Hadid. In meiner Jugend [&hellip;]","og_url":"https:\/\/www.musee-lalique.com\/de\/rund-ums-museum\/wechselausstellungen\/2025-rene-lalique-architecte-et-decorateur\/2025-contenus-additionnels\/vase-manifesto\/","og_site_name":"museelalique","article_modified_time":"2025-04-23T18:03:48+00:00","twitter_card":"summary_large_image","twitter_misc":{"Est. reading time":"4 minutes"},"schema":{"@context":"https:\/\/schema.org","@graph":[{"@type":"WebPage","@id":"https:\/\/www.musee-lalique.com\/de\/rund-ums-museum\/wechselausstellungen\/2025-rene-lalique-architecte-et-decorateur\/2025-contenus-additionnels\/vase-manifesto\/","url":"https:\/\/www.musee-lalique.com\/de\/rund-ums-museum\/wechselausstellungen\/2025-rene-lalique-architecte-et-decorateur\/2025-contenus-additionnels\/vase-manifesto\/","name":"Vase Manifesto - museelalique","isPartOf":{"@id":"https:\/\/musee-lalique.com\/#website"},"datePublished":"2025-04-12T06:18:22+00:00","dateModified":"2025-04-23T18:03:48+00:00","breadcrumb":{"@id":"https:\/\/www.musee-lalique.com\/de\/rund-ums-museum\/wechselausstellungen\/2025-rene-lalique-architecte-et-decorateur\/2025-contenus-additionnels\/vase-manifesto\/#breadcrumb"},"inLanguage":"de-DE","potentialAction":[{"@type":"ReadAction","target":["https:\/\/www.musee-lalique.com\/de\/rund-ums-museum\/wechselausstellungen\/2025-rene-lalique-architecte-et-decorateur\/2025-contenus-additionnels\/vase-manifesto\/"]}]},{"@type":"BreadcrumbList","@id":"https:\/\/www.musee-lalique.com\/de\/rund-ums-museum\/wechselausstellungen\/2025-rene-lalique-architecte-et-decorateur\/2025-contenus-additionnels\/vase-manifesto\/#breadcrumb","itemListElement":[{"@type":"ListItem","position":1,"name":"Home","item":"https:\/\/www.musee-lalique.com\/de\/"},{"@type":"ListItem","position":2,"name":"Rund ums Museum","item":"https:\/\/www.musee-lalique.com\/de\/rund-ums-museum\/"},{"@type":"ListItem","position":3,"name":"Wechselausstellungen","item":"https:\/\/www.musee-lalique.com\/de\/rund-ums-museum\/wechselausstellungen\/"},{"@type":"ListItem","position":4,"name":"2025 : Ren\u00e9 Lalique, Architekt und Dekorateur","item":"https:\/\/www.musee-lalique.com\/de\/rund-ums-museum\/wechselausstellungen\/2025-rene-lalique-architecte-et-decorateur\/"},{"@type":"ListItem","position":5,"name":"2025 : zus\u00e4tzlichen Inhalten","item":"https:\/\/www.musee-lalique.com\/de\/rund-ums-museum\/wechselausstellungen\/2025-rene-lalique-architecte-et-decorateur\/2025-contenus-additionnels\/"},{"@type":"ListItem","position":6,"name":"Vase Manifesto"}]},{"@type":"WebSite","@id":"https:\/\/musee-lalique.com\/#website","url":"https:\/\/musee-lalique.com\/","name":"museelalique","description":"","potentialAction":[{"@type":"SearchAction","target":{"@type":"EntryPoint","urlTemplate":"https:\/\/musee-lalique.com\/?s={search_term_string}"},"query-input":{"@type":"PropertyValueSpecification","valueRequired":true,"valueName":"search_term_string"}}],"inLanguage":"de-DE"}]}},"_links":{"self":[{"href":"https:\/\/www.musee-lalique.com\/de\/wp-json\/wp\/v2\/pages\/14509","targetHints":{"allow":["GET"]}}],"collection":[{"href":"https:\/\/www.musee-lalique.com\/de\/wp-json\/wp\/v2\/pages"}],"about":[{"href":"https:\/\/www.musee-lalique.com\/de\/wp-json\/wp\/v2\/types\/page"}],"author":[{"embeddable":true,"href":"https:\/\/www.musee-lalique.com\/de\/wp-json\/wp\/v2\/users\/6"}],"replies":[{"embeddable":true,"href":"https:\/\/www.musee-lalique.com\/de\/wp-json\/wp\/v2\/comments?post=14509"}],"version-history":[{"count":2,"href":"https:\/\/www.musee-lalique.com\/de\/wp-json\/wp\/v2\/pages\/14509\/revisions"}],"predecessor-version":[{"id":14512,"href":"https:\/\/www.musee-lalique.com\/de\/wp-json\/wp\/v2\/pages\/14509\/revisions\/14512"}],"up":[{"embeddable":true,"href":"https:\/\/www.musee-lalique.com\/de\/wp-json\/wp\/v2\/pages\/14333"}],"wp:attachment":[{"href":"https:\/\/www.musee-lalique.com\/de\/wp-json\/wp\/v2\/media?parent=14509"}],"curies":[{"name":"wp","href":"https:\/\/api.w.org\/{rel}","templated":true}]}}