{"id":14501,"date":"2025-04-12T14:23:40","date_gmt":"2025-04-12T12:23:40","guid":{"rendered":"https:\/\/www.musee-lalique.com\/rund-ums-museum\/wechselausstellungen\/2025-rene-lalique-architecte-et-decorateur\/2025-contenus-additionnels\/chapelle-de-la-vierge-fidele-douvres-la-delivrande\/"},"modified":"2025-04-23T19:54:14","modified_gmt":"2025-04-23T17:54:14","slug":"chapelle-de-la-vierge-fidele-douvres-la-delivrande","status":"publish","type":"page","link":"https:\/\/www.musee-lalique.com\/de\/rund-ums-museum\/wechselausstellungen\/2025-rene-lalique-architecte-et-decorateur\/2025-contenus-additionnels\/chapelle-de-la-vierge-fidele-douvres-la-delivrande\/","title":{"rendered":"Chapelle de la Vierge Fid\u00e8le &#8211; Douvres-la-D\u00e9livrande"},"content":{"rendered":"<p>F\u00fcr das hundertj\u00e4hrige Bestehen ihrer Ordensgemeinschaft, das 1931 gefeiert werden sollte, gelobten die Nonnen der Vierge Fid\u00e8le in Douvres-la-D\u00e9livrande im Calvados, <em>ein gro\u00dfes, durchscheinendes Kreuz in Auftrag zu geben, dessen schlichte Gestaltung und klare k\u00fcnstlerische Form die wesentlichen Eigenschaften der Treue symbolisieren sollten<\/em>. Nicht vorhersehen konnten sie dabei die sch\u00f6pferische Kraft Ren\u00e9 Laliques, der ein Kreuz in einem Rahmen aus Licht schuf. Im Laufe der Stunden und der Jahreszeiten taucht der wechselnde Einfall des Tageslichts den Chor in ein nahezu unwirkliches wei\u00dfes Schimmern zwischen leuchtender Transparenz und mattem Opalisieren. Mit sich prachtvoll entfaltenden Lilien entsteht eine Atmosph\u00e4re der Reinheit und der Andacht, die zu Gebet und Reflexion einladen. Das Werk hat eine ausgesprochen starke Ausstrahlung Es offenbart die Genialit\u00e4t Laliques: die absolute Beherrschung des Lichts und des Glases.<\/p>\n<p><img loading=\"lazy\" decoding=\"async\" class=\"alignnone wp-image-14242\" src=\"https:\/\/www.musee-lalique.com\/wp-content\/uploads\/2025\/04\/maitre-autel-salon-dautomne-de-1930-douvres.jpg\" alt=\"\" width=\"674\" height=\"494\" srcset=\"https:\/\/www.musee-lalique.com\/wp-content\/uploads\/2025\/04\/maitre-autel-salon-dautomne-de-1930-douvres.jpg 4928w, https:\/\/www.musee-lalique.com\/wp-content\/uploads\/2025\/04\/maitre-autel-salon-dautomne-de-1930-douvres-300x220.jpg 300w, https:\/\/www.musee-lalique.com\/wp-content\/uploads\/2025\/04\/maitre-autel-salon-dautomne-de-1930-douvres-1232x902.jpg 1232w, https:\/\/www.musee-lalique.com\/wp-content\/uploads\/2025\/04\/maitre-autel-salon-dautomne-de-1930-douvres-768x562.jpg 768w, https:\/\/www.musee-lalique.com\/wp-content\/uploads\/2025\/04\/maitre-autel-salon-dautomne-de-1930-douvres-1536x1125.jpg 1536w, https:\/\/www.musee-lalique.com\/wp-content\/uploads\/2025\/04\/maitre-autel-salon-dautomne-de-1930-douvres-2048x1500.jpg 2048w, https:\/\/www.musee-lalique.com\/wp-content\/uploads\/2025\/04\/maitre-autel-salon-dautomne-de-1930-douvres-1184x867.jpg 1184w, https:\/\/www.musee-lalique.com\/wp-content\/uploads\/2025\/04\/maitre-autel-salon-dautomne-de-1930-douvres-592x434.jpg 592w, https:\/\/www.musee-lalique.com\/wp-content\/uploads\/2025\/04\/maitre-autel-salon-dautomne-de-1930-douvres-1984x1453.jpg 1984w, https:\/\/www.musee-lalique.com\/wp-content\/uploads\/2025\/04\/maitre-autel-salon-dautomne-de-1930-douvres-992x726.jpg 992w, https:\/\/www.musee-lalique.com\/wp-content\/uploads\/2025\/04\/maitre-autel-salon-dautomne-de-1930-douvres-580x425.jpg 580w, https:\/\/www.musee-lalique.com\/wp-content\/uploads\/2025\/04\/maitre-autel-salon-dautomne-de-1930-douvres-290x212.jpg 290w, https:\/\/www.musee-lalique.com\/wp-content\/uploads\/2025\/04\/maitre-autel-salon-dautomne-de-1930-douvres-683x500.jpg 683w, https:\/\/www.musee-lalique.com\/wp-content\/uploads\/2025\/04\/maitre-autel-salon-dautomne-de-1930-douvres-341x250.jpg 341w\" sizes=\"auto, (max-width: 674px) 100vw, 674px\" \/><\/p>\n","protected":false},"excerpt":{"rendered":"<p>F\u00fcr das hundertj\u00e4hrige Bestehen ihrer Ordensgemeinschaft, das 1931 gefeiert werden sollte, gelobten die Nonnen der Vierge Fid\u00e8le in Douvres-la-D\u00e9livrande im Calvados, ein gro\u00dfes, durchscheinendes Kreuz in Auftrag zu geben, dessen schlichte Gestaltung und klare k\u00fcnstlerische Form die wesentlichen Eigenschaften der Treue symbolisieren sollten. Nicht vorhersehen konnten sie dabei die sch\u00f6pferische Kraft Ren\u00e9 Laliques, der ein [&hellip;]<\/p>\n","protected":false},"author":6,"featured_media":0,"parent":14333,"menu_order":0,"comment_status":"closed","ping_status":"closed","template":"","meta":{"_acf_changed":false,"footnotes":""},"class_list":["post-14501","page","type-page","status-publish","hentry"],"acf":[],"yoast_head":"<!-- This site is optimized with the Yoast SEO plugin v27.3 - https:\/\/yoast.com\/product\/yoast-seo-wordpress\/ -->\n<title>Chapelle de la Vierge Fid\u00e8le - Douvres-la-D\u00e9livrande - museelalique<\/title>\n<meta name=\"robots\" content=\"index, follow, max-snippet:-1, max-image-preview:large, max-video-preview:-1\" \/>\n<link rel=\"canonical\" href=\"https:\/\/www.musee-lalique.com\/de\/rund-ums-museum\/wechselausstellungen\/2025-rene-lalique-architecte-et-decorateur\/2025-contenus-additionnels\/chapelle-de-la-vierge-fidele-douvres-la-delivrande\/\" \/>\n<meta property=\"og:locale\" content=\"de_DE\" \/>\n<meta property=\"og:type\" content=\"article\" \/>\n<meta property=\"og:title\" content=\"Chapelle de la Vierge Fid\u00e8le - Douvres-la-D\u00e9livrande - museelalique\" \/>\n<meta property=\"og:description\" content=\"F\u00fcr das hundertj\u00e4hrige Bestehen ihrer Ordensgemeinschaft, das 1931 gefeiert werden sollte, gelobten die Nonnen der Vierge Fid\u00e8le in Douvres-la-D\u00e9livrande im Calvados, ein gro\u00dfes, durchscheinendes Kreuz in Auftrag zu geben, dessen schlichte Gestaltung und klare k\u00fcnstlerische Form die wesentlichen Eigenschaften der Treue symbolisieren sollten. Nicht vorhersehen konnten sie dabei die sch\u00f6pferische Kraft Ren\u00e9 Laliques, der ein [&hellip;]\" \/>\n<meta property=\"og:url\" content=\"https:\/\/www.musee-lalique.com\/de\/rund-ums-museum\/wechselausstellungen\/2025-rene-lalique-architecte-et-decorateur\/2025-contenus-additionnels\/chapelle-de-la-vierge-fidele-douvres-la-delivrande\/\" \/>\n<meta property=\"og:site_name\" content=\"museelalique\" \/>\n<meta property=\"article:modified_time\" content=\"2025-04-23T17:54:14+00:00\" \/>\n<meta property=\"og:image\" content=\"https:\/\/www.musee-lalique.com\/wp-content\/uploads\/2025\/04\/maitre-autel-salon-dautomne-de-1930-douvres-1232x902.jpg\" \/>\n\t<meta property=\"og:image:width\" content=\"1232\" \/>\n\t<meta property=\"og:image:height\" content=\"902\" \/>\n\t<meta property=\"og:image:type\" content=\"image\/jpeg\" \/>\n<meta name=\"twitter:card\" content=\"summary_large_image\" \/>\n<meta name=\"twitter:label1\" content=\"Est. reading time\" \/>\n\t<meta name=\"twitter:data1\" content=\"2 minutes\" \/>\n<script type=\"application\/ld+json\" class=\"yoast-schema-graph\">{\"@context\":\"https:\\\/\\\/schema.org\",\"@graph\":[{\"@type\":\"WebPage\",\"@id\":\"https:\\\/\\\/www.musee-lalique.com\\\/de\\\/rund-ums-museum\\\/wechselausstellungen\\\/2025-rene-lalique-architecte-et-decorateur\\\/2025-contenus-additionnels\\\/chapelle-de-la-vierge-fidele-douvres-la-delivrande\\\/\",\"url\":\"https:\\\/\\\/www.musee-lalique.com\\\/de\\\/rund-ums-museum\\\/wechselausstellungen\\\/2025-rene-lalique-architecte-et-decorateur\\\/2025-contenus-additionnels\\\/chapelle-de-la-vierge-fidele-douvres-la-delivrande\\\/\",\"name\":\"Chapelle de la Vierge Fid\u00e8le - Douvres-la-D\u00e9livrande - museelalique\",\"isPartOf\":{\"@id\":\"https:\\\/\\\/musee-lalique.com\\\/#website\"},\"primaryImageOfPage\":{\"@id\":\"https:\\\/\\\/www.musee-lalique.com\\\/de\\\/rund-ums-museum\\\/wechselausstellungen\\\/2025-rene-lalique-architecte-et-decorateur\\\/2025-contenus-additionnels\\\/chapelle-de-la-vierge-fidele-douvres-la-delivrande\\\/#primaryimage\"},\"image\":{\"@id\":\"https:\\\/\\\/www.musee-lalique.com\\\/de\\\/rund-ums-museum\\\/wechselausstellungen\\\/2025-rene-lalique-architecte-et-decorateur\\\/2025-contenus-additionnels\\\/chapelle-de-la-vierge-fidele-douvres-la-delivrande\\\/#primaryimage\"},\"thumbnailUrl\":\"https:\\\/\\\/www.musee-lalique.com\\\/wp-content\\\/uploads\\\/2025\\\/04\\\/maitre-autel-salon-dautomne-de-1930-douvres.jpg\",\"datePublished\":\"2025-04-12T12:23:40+00:00\",\"dateModified\":\"2025-04-23T17:54:14+00:00\",\"breadcrumb\":{\"@id\":\"https:\\\/\\\/www.musee-lalique.com\\\/de\\\/rund-ums-museum\\\/wechselausstellungen\\\/2025-rene-lalique-architecte-et-decorateur\\\/2025-contenus-additionnels\\\/chapelle-de-la-vierge-fidele-douvres-la-delivrande\\\/#breadcrumb\"},\"inLanguage\":\"de-DE\",\"potentialAction\":[{\"@type\":\"ReadAction\",\"target\":[\"https:\\\/\\\/www.musee-lalique.com\\\/de\\\/rund-ums-museum\\\/wechselausstellungen\\\/2025-rene-lalique-architecte-et-decorateur\\\/2025-contenus-additionnels\\\/chapelle-de-la-vierge-fidele-douvres-la-delivrande\\\/\"]}]},{\"@type\":\"ImageObject\",\"inLanguage\":\"de-DE\",\"@id\":\"https:\\\/\\\/www.musee-lalique.com\\\/de\\\/rund-ums-museum\\\/wechselausstellungen\\\/2025-rene-lalique-architecte-et-decorateur\\\/2025-contenus-additionnels\\\/chapelle-de-la-vierge-fidele-douvres-la-delivrande\\\/#primaryimage\",\"url\":\"https:\\\/\\\/www.musee-lalique.com\\\/wp-content\\\/uploads\\\/2025\\\/04\\\/maitre-autel-salon-dautomne-de-1930-douvres.jpg\",\"contentUrl\":\"https:\\\/\\\/www.musee-lalique.com\\\/wp-content\\\/uploads\\\/2025\\\/04\\\/maitre-autel-salon-dautomne-de-1930-douvres.jpg\"},{\"@type\":\"BreadcrumbList\",\"@id\":\"https:\\\/\\\/www.musee-lalique.com\\\/de\\\/rund-ums-museum\\\/wechselausstellungen\\\/2025-rene-lalique-architecte-et-decorateur\\\/2025-contenus-additionnels\\\/chapelle-de-la-vierge-fidele-douvres-la-delivrande\\\/#breadcrumb\",\"itemListElement\":[{\"@type\":\"ListItem\",\"position\":1,\"name\":\"Home\",\"item\":\"https:\\\/\\\/www.musee-lalique.com\\\/de\\\/\"},{\"@type\":\"ListItem\",\"position\":2,\"name\":\"Rund ums Museum\",\"item\":\"https:\\\/\\\/www.musee-lalique.com\\\/de\\\/rund-ums-museum\\\/\"},{\"@type\":\"ListItem\",\"position\":3,\"name\":\"Wechselausstellungen\",\"item\":\"https:\\\/\\\/www.musee-lalique.com\\\/de\\\/rund-ums-museum\\\/wechselausstellungen\\\/\"},{\"@type\":\"ListItem\",\"position\":4,\"name\":\"2025 : Ren\u00e9 Lalique, Architekt und Dekorateur\",\"item\":\"https:\\\/\\\/www.musee-lalique.com\\\/de\\\/rund-ums-museum\\\/wechselausstellungen\\\/2025-rene-lalique-architecte-et-decorateur\\\/\"},{\"@type\":\"ListItem\",\"position\":5,\"name\":\"2025 : zus\u00e4tzlichen Inhalten\",\"item\":\"https:\\\/\\\/www.musee-lalique.com\\\/de\\\/rund-ums-museum\\\/wechselausstellungen\\\/2025-rene-lalique-architecte-et-decorateur\\\/2025-contenus-additionnels\\\/\"},{\"@type\":\"ListItem\",\"position\":6,\"name\":\"Chapelle de la Vierge Fid\u00e8le &#8211; Douvres-la-D\u00e9livrande\"}]},{\"@type\":\"WebSite\",\"@id\":\"https:\\\/\\\/musee-lalique.com\\\/#website\",\"url\":\"https:\\\/\\\/musee-lalique.com\\\/\",\"name\":\"museelalique\",\"description\":\"\",\"potentialAction\":[{\"@type\":\"SearchAction\",\"target\":{\"@type\":\"EntryPoint\",\"urlTemplate\":\"https:\\\/\\\/musee-lalique.com\\\/?s={search_term_string}\"},\"query-input\":{\"@type\":\"PropertyValueSpecification\",\"valueRequired\":true,\"valueName\":\"search_term_string\"}}],\"inLanguage\":\"de-DE\"}]}<\/script>\n<!-- \/ Yoast SEO plugin. -->","yoast_head_json":{"title":"Chapelle de la Vierge Fid\u00e8le - Douvres-la-D\u00e9livrande - museelalique","robots":{"index":"index","follow":"follow","max-snippet":"max-snippet:-1","max-image-preview":"max-image-preview:large","max-video-preview":"max-video-preview:-1"},"canonical":"https:\/\/www.musee-lalique.com\/de\/rund-ums-museum\/wechselausstellungen\/2025-rene-lalique-architecte-et-decorateur\/2025-contenus-additionnels\/chapelle-de-la-vierge-fidele-douvres-la-delivrande\/","og_locale":"de_DE","og_type":"article","og_title":"Chapelle de la Vierge Fid\u00e8le - Douvres-la-D\u00e9livrande - museelalique","og_description":"F\u00fcr das hundertj\u00e4hrige Bestehen ihrer Ordensgemeinschaft, das 1931 gefeiert werden sollte, gelobten die Nonnen der Vierge Fid\u00e8le in Douvres-la-D\u00e9livrande im Calvados, ein gro\u00dfes, durchscheinendes Kreuz in Auftrag zu geben, dessen schlichte Gestaltung und klare k\u00fcnstlerische Form die wesentlichen Eigenschaften der Treue symbolisieren sollten. Nicht vorhersehen konnten sie dabei die sch\u00f6pferische Kraft Ren\u00e9 Laliques, der ein [&hellip;]","og_url":"https:\/\/www.musee-lalique.com\/de\/rund-ums-museum\/wechselausstellungen\/2025-rene-lalique-architecte-et-decorateur\/2025-contenus-additionnels\/chapelle-de-la-vierge-fidele-douvres-la-delivrande\/","og_site_name":"museelalique","article_modified_time":"2025-04-23T17:54:14+00:00","og_image":[{"width":1232,"height":902,"url":"https:\/\/www.musee-lalique.com\/wp-content\/uploads\/2025\/04\/maitre-autel-salon-dautomne-de-1930-douvres-1232x902.jpg","type":"image\/jpeg"}],"twitter_card":"summary_large_image","twitter_misc":{"Est. reading time":"2 minutes"},"schema":{"@context":"https:\/\/schema.org","@graph":[{"@type":"WebPage","@id":"https:\/\/www.musee-lalique.com\/de\/rund-ums-museum\/wechselausstellungen\/2025-rene-lalique-architecte-et-decorateur\/2025-contenus-additionnels\/chapelle-de-la-vierge-fidele-douvres-la-delivrande\/","url":"https:\/\/www.musee-lalique.com\/de\/rund-ums-museum\/wechselausstellungen\/2025-rene-lalique-architecte-et-decorateur\/2025-contenus-additionnels\/chapelle-de-la-vierge-fidele-douvres-la-delivrande\/","name":"Chapelle de la Vierge Fid\u00e8le - Douvres-la-D\u00e9livrande - museelalique","isPartOf":{"@id":"https:\/\/musee-lalique.com\/#website"},"primaryImageOfPage":{"@id":"https:\/\/www.musee-lalique.com\/de\/rund-ums-museum\/wechselausstellungen\/2025-rene-lalique-architecte-et-decorateur\/2025-contenus-additionnels\/chapelle-de-la-vierge-fidele-douvres-la-delivrande\/#primaryimage"},"image":{"@id":"https:\/\/www.musee-lalique.com\/de\/rund-ums-museum\/wechselausstellungen\/2025-rene-lalique-architecte-et-decorateur\/2025-contenus-additionnels\/chapelle-de-la-vierge-fidele-douvres-la-delivrande\/#primaryimage"},"thumbnailUrl":"https:\/\/www.musee-lalique.com\/wp-content\/uploads\/2025\/04\/maitre-autel-salon-dautomne-de-1930-douvres.jpg","datePublished":"2025-04-12T12:23:40+00:00","dateModified":"2025-04-23T17:54:14+00:00","breadcrumb":{"@id":"https:\/\/www.musee-lalique.com\/de\/rund-ums-museum\/wechselausstellungen\/2025-rene-lalique-architecte-et-decorateur\/2025-contenus-additionnels\/chapelle-de-la-vierge-fidele-douvres-la-delivrande\/#breadcrumb"},"inLanguage":"de-DE","potentialAction":[{"@type":"ReadAction","target":["https:\/\/www.musee-lalique.com\/de\/rund-ums-museum\/wechselausstellungen\/2025-rene-lalique-architecte-et-decorateur\/2025-contenus-additionnels\/chapelle-de-la-vierge-fidele-douvres-la-delivrande\/"]}]},{"@type":"ImageObject","inLanguage":"de-DE","@id":"https:\/\/www.musee-lalique.com\/de\/rund-ums-museum\/wechselausstellungen\/2025-rene-lalique-architecte-et-decorateur\/2025-contenus-additionnels\/chapelle-de-la-vierge-fidele-douvres-la-delivrande\/#primaryimage","url":"https:\/\/www.musee-lalique.com\/wp-content\/uploads\/2025\/04\/maitre-autel-salon-dautomne-de-1930-douvres.jpg","contentUrl":"https:\/\/www.musee-lalique.com\/wp-content\/uploads\/2025\/04\/maitre-autel-salon-dautomne-de-1930-douvres.jpg"},{"@type":"BreadcrumbList","@id":"https:\/\/www.musee-lalique.com\/de\/rund-ums-museum\/wechselausstellungen\/2025-rene-lalique-architecte-et-decorateur\/2025-contenus-additionnels\/chapelle-de-la-vierge-fidele-douvres-la-delivrande\/#breadcrumb","itemListElement":[{"@type":"ListItem","position":1,"name":"Home","item":"https:\/\/www.musee-lalique.com\/de\/"},{"@type":"ListItem","position":2,"name":"Rund ums Museum","item":"https:\/\/www.musee-lalique.com\/de\/rund-ums-museum\/"},{"@type":"ListItem","position":3,"name":"Wechselausstellungen","item":"https:\/\/www.musee-lalique.com\/de\/rund-ums-museum\/wechselausstellungen\/"},{"@type":"ListItem","position":4,"name":"2025 : Ren\u00e9 Lalique, Architekt und Dekorateur","item":"https:\/\/www.musee-lalique.com\/de\/rund-ums-museum\/wechselausstellungen\/2025-rene-lalique-architecte-et-decorateur\/"},{"@type":"ListItem","position":5,"name":"2025 : zus\u00e4tzlichen Inhalten","item":"https:\/\/www.musee-lalique.com\/de\/rund-ums-museum\/wechselausstellungen\/2025-rene-lalique-architecte-et-decorateur\/2025-contenus-additionnels\/"},{"@type":"ListItem","position":6,"name":"Chapelle de la Vierge Fid\u00e8le &#8211; Douvres-la-D\u00e9livrande"}]},{"@type":"WebSite","@id":"https:\/\/musee-lalique.com\/#website","url":"https:\/\/musee-lalique.com\/","name":"museelalique","description":"","potentialAction":[{"@type":"SearchAction","target":{"@type":"EntryPoint","urlTemplate":"https:\/\/musee-lalique.com\/?s={search_term_string}"},"query-input":{"@type":"PropertyValueSpecification","valueRequired":true,"valueName":"search_term_string"}}],"inLanguage":"de-DE"}]}},"_links":{"self":[{"href":"https:\/\/www.musee-lalique.com\/de\/wp-json\/wp\/v2\/pages\/14501","targetHints":{"allow":["GET"]}}],"collection":[{"href":"https:\/\/www.musee-lalique.com\/de\/wp-json\/wp\/v2\/pages"}],"about":[{"href":"https:\/\/www.musee-lalique.com\/de\/wp-json\/wp\/v2\/types\/page"}],"author":[{"embeddable":true,"href":"https:\/\/www.musee-lalique.com\/de\/wp-json\/wp\/v2\/users\/6"}],"replies":[{"embeddable":true,"href":"https:\/\/www.musee-lalique.com\/de\/wp-json\/wp\/v2\/comments?post=14501"}],"version-history":[{"count":2,"href":"https:\/\/www.musee-lalique.com\/de\/wp-json\/wp\/v2\/pages\/14501\/revisions"}],"predecessor-version":[{"id":14506,"href":"https:\/\/www.musee-lalique.com\/de\/wp-json\/wp\/v2\/pages\/14501\/revisions\/14506"}],"up":[{"embeddable":true,"href":"https:\/\/www.musee-lalique.com\/de\/wp-json\/wp\/v2\/pages\/14333"}],"wp:attachment":[{"href":"https:\/\/www.musee-lalique.com\/de\/wp-json\/wp\/v2\/media?parent=14501"}],"curies":[{"name":"wp","href":"https:\/\/api.w.org\/{rel}","templated":true}]}}