{"id":14471,"date":"2025-04-12T14:07:26","date_gmt":"2025-04-12T12:07:26","guid":{"rendered":"https:\/\/www.musee-lalique.com\/rund-ums-museum\/wechselausstellungen\/2025-rene-lalique-architecte-et-decorateur\/2025-contenus-additionnels\/statuettes-sources-de-france\/"},"modified":"2025-04-23T19:15:42","modified_gmt":"2025-04-23T17:15:42","slug":"statuettes-sources-de-france","status":"publish","type":"page","link":"https:\/\/www.musee-lalique.com\/de\/rund-ums-museum\/wechselausstellungen\/2025-rene-lalique-architecte-et-decorateur\/2025-contenus-additionnels\/statuettes-sources-de-france\/","title":{"rendered":"Statuetten Sources de France"},"content":{"rendered":"<p>Ren\u00e9 Lalique entwarf f\u00fcr die <em>Exposition des Arts d\u00e9coratifs et industriels modernes<\/em> 1925 einen Brunnen mit dem Namen <em>Les Sources de France<\/em> (Die Quellen Frankreichs). Er symbolisierte die Quellen, B\u00e4che und Fl\u00fcsse des pr\u00e4chtigen Landes Frankreich und bestand aus einem 15 Meter hohen pyramidenf\u00f6rmigen Element, das sich aus 17 achteckigen, \u00fcbereinanderliegenden Ebenen mit insgesamt 128 Karyatiden zusammensetzte. Es gab 16 unterschiedliche Modellen von Karyatiden. Sie waren zwischen 47 und 70 cm gro\u00df, die meisten trugen Namen von Nymphen und waren mit spezifischen Attributen ausgestattet: Fischen, Schalentieren, Seerosen, Schilf usw.<\/p>\n<p><img loading=\"lazy\" decoding=\"async\" class=\"alignnone size-full wp-image-14231\" src=\"https:\/\/www.musee-lalique.com\/wp-content\/uploads\/2025\/04\/sources-de-france.jpg\" alt=\"\" width=\"2191\" height=\"1227\" srcset=\"https:\/\/www.musee-lalique.com\/wp-content\/uploads\/2025\/04\/sources-de-france.jpg 2191w, https:\/\/www.musee-lalique.com\/wp-content\/uploads\/2025\/04\/sources-de-france-300x168.jpg 300w, https:\/\/www.musee-lalique.com\/wp-content\/uploads\/2025\/04\/sources-de-france-1232x690.jpg 1232w, https:\/\/www.musee-lalique.com\/wp-content\/uploads\/2025\/04\/sources-de-france-768x430.jpg 768w, https:\/\/www.musee-lalique.com\/wp-content\/uploads\/2025\/04\/sources-de-france-1536x860.jpg 1536w, https:\/\/www.musee-lalique.com\/wp-content\/uploads\/2025\/04\/sources-de-france-2048x1147.jpg 2048w, https:\/\/www.musee-lalique.com\/wp-content\/uploads\/2025\/04\/sources-de-france-378x212.jpg 378w, https:\/\/www.musee-lalique.com\/wp-content\/uploads\/2025\/04\/sources-de-france-1184x663.jpg 1184w, https:\/\/www.musee-lalique.com\/wp-content\/uploads\/2025\/04\/sources-de-france-592x332.jpg 592w, https:\/\/www.musee-lalique.com\/wp-content\/uploads\/2025\/04\/sources-de-france-1984x1111.jpg 1984w, https:\/\/www.musee-lalique.com\/wp-content\/uploads\/2025\/04\/sources-de-france-992x556.jpg 992w, https:\/\/www.musee-lalique.com\/wp-content\/uploads\/2025\/04\/sources-de-france-580x325.jpg 580w, https:\/\/www.musee-lalique.com\/wp-content\/uploads\/2025\/04\/sources-de-france-290x162.jpg 290w, https:\/\/www.musee-lalique.com\/wp-content\/uploads\/2025\/04\/sources-de-france-820x459.jpg 820w, https:\/\/www.musee-lalique.com\/wp-content\/uploads\/2025\/04\/sources-de-france-410x230.jpg 410w\" sizes=\"auto, (max-width: 2191px) 100vw, 2191px\" \/><\/p>\n","protected":false},"excerpt":{"rendered":"<p>Ren\u00e9 Lalique entwarf f\u00fcr die Exposition des Arts d\u00e9coratifs et industriels modernes 1925 einen Brunnen mit dem Namen Les Sources de France (Die Quellen Frankreichs). Er symbolisierte die Quellen, B\u00e4che und Fl\u00fcsse des pr\u00e4chtigen Landes Frankreich und bestand aus einem 15 Meter hohen pyramidenf\u00f6rmigen Element, das sich aus 17 achteckigen, \u00fcbereinanderliegenden Ebenen mit insgesamt 128 [&hellip;]<\/p>\n","protected":false},"author":6,"featured_media":0,"parent":14333,"menu_order":0,"comment_status":"closed","ping_status":"closed","template":"","meta":{"_acf_changed":false,"footnotes":""},"class_list":["post-14471","page","type-page","status-publish","hentry"],"acf":[],"yoast_head":"<!-- This site is optimized with the Yoast SEO plugin v27.3 - https:\/\/yoast.com\/product\/yoast-seo-wordpress\/ -->\n<title>Statuetten Sources de France - museelalique<\/title>\n<meta name=\"robots\" content=\"index, follow, max-snippet:-1, max-image-preview:large, max-video-preview:-1\" \/>\n<link rel=\"canonical\" href=\"https:\/\/www.musee-lalique.com\/de\/rund-ums-museum\/wechselausstellungen\/2025-rene-lalique-architecte-et-decorateur\/2025-contenus-additionnels\/statuettes-sources-de-france\/\" \/>\n<meta property=\"og:locale\" content=\"de_DE\" \/>\n<meta property=\"og:type\" content=\"article\" \/>\n<meta property=\"og:title\" content=\"Statuetten Sources de France - museelalique\" \/>\n<meta property=\"og:description\" content=\"Ren\u00e9 Lalique entwarf f\u00fcr die Exposition des Arts d\u00e9coratifs et industriels modernes 1925 einen Brunnen mit dem Namen Les Sources de France (Die Quellen Frankreichs). Er symbolisierte die Quellen, B\u00e4che und Fl\u00fcsse des pr\u00e4chtigen Landes Frankreich und bestand aus einem 15 Meter hohen pyramidenf\u00f6rmigen Element, das sich aus 17 achteckigen, \u00fcbereinanderliegenden Ebenen mit insgesamt 128 [&hellip;]\" \/>\n<meta property=\"og:url\" content=\"https:\/\/www.musee-lalique.com\/de\/rund-ums-museum\/wechselausstellungen\/2025-rene-lalique-architecte-et-decorateur\/2025-contenus-additionnels\/statuettes-sources-de-france\/\" \/>\n<meta property=\"og:site_name\" content=\"museelalique\" \/>\n<meta property=\"article:modified_time\" content=\"2025-04-23T17:15:42+00:00\" \/>\n<meta property=\"og:image\" content=\"https:\/\/www.musee-lalique.com\/wp-content\/uploads\/2025\/04\/sources-de-france.jpg\" \/>\n\t<meta property=\"og:image:width\" content=\"2191\" \/>\n\t<meta property=\"og:image:height\" content=\"1227\" \/>\n\t<meta property=\"og:image:type\" content=\"image\/jpeg\" \/>\n<meta name=\"twitter:card\" content=\"summary_large_image\" \/>\n<meta name=\"twitter:label1\" content=\"Est. reading time\" \/>\n\t<meta name=\"twitter:data1\" content=\"1 minute\" \/>\n<script type=\"application\/ld+json\" class=\"yoast-schema-graph\">{\"@context\":\"https:\\\/\\\/schema.org\",\"@graph\":[{\"@type\":\"WebPage\",\"@id\":\"https:\\\/\\\/www.musee-lalique.com\\\/de\\\/rund-ums-museum\\\/wechselausstellungen\\\/2025-rene-lalique-architecte-et-decorateur\\\/2025-contenus-additionnels\\\/statuettes-sources-de-france\\\/\",\"url\":\"https:\\\/\\\/www.musee-lalique.com\\\/de\\\/rund-ums-museum\\\/wechselausstellungen\\\/2025-rene-lalique-architecte-et-decorateur\\\/2025-contenus-additionnels\\\/statuettes-sources-de-france\\\/\",\"name\":\"Statuetten Sources de France - museelalique\",\"isPartOf\":{\"@id\":\"https:\\\/\\\/musee-lalique.com\\\/#website\"},\"primaryImageOfPage\":{\"@id\":\"https:\\\/\\\/www.musee-lalique.com\\\/de\\\/rund-ums-museum\\\/wechselausstellungen\\\/2025-rene-lalique-architecte-et-decorateur\\\/2025-contenus-additionnels\\\/statuettes-sources-de-france\\\/#primaryimage\"},\"image\":{\"@id\":\"https:\\\/\\\/www.musee-lalique.com\\\/de\\\/rund-ums-museum\\\/wechselausstellungen\\\/2025-rene-lalique-architecte-et-decorateur\\\/2025-contenus-additionnels\\\/statuettes-sources-de-france\\\/#primaryimage\"},\"thumbnailUrl\":\"https:\\\/\\\/www.musee-lalique.com\\\/wp-content\\\/uploads\\\/2025\\\/04\\\/sources-de-france.jpg\",\"datePublished\":\"2025-04-12T12:07:26+00:00\",\"dateModified\":\"2025-04-23T17:15:42+00:00\",\"breadcrumb\":{\"@id\":\"https:\\\/\\\/www.musee-lalique.com\\\/de\\\/rund-ums-museum\\\/wechselausstellungen\\\/2025-rene-lalique-architecte-et-decorateur\\\/2025-contenus-additionnels\\\/statuettes-sources-de-france\\\/#breadcrumb\"},\"inLanguage\":\"de-DE\",\"potentialAction\":[{\"@type\":\"ReadAction\",\"target\":[\"https:\\\/\\\/www.musee-lalique.com\\\/de\\\/rund-ums-museum\\\/wechselausstellungen\\\/2025-rene-lalique-architecte-et-decorateur\\\/2025-contenus-additionnels\\\/statuettes-sources-de-france\\\/\"]}]},{\"@type\":\"ImageObject\",\"inLanguage\":\"de-DE\",\"@id\":\"https:\\\/\\\/www.musee-lalique.com\\\/de\\\/rund-ums-museum\\\/wechselausstellungen\\\/2025-rene-lalique-architecte-et-decorateur\\\/2025-contenus-additionnels\\\/statuettes-sources-de-france\\\/#primaryimage\",\"url\":\"https:\\\/\\\/www.musee-lalique.com\\\/wp-content\\\/uploads\\\/2025\\\/04\\\/sources-de-france.jpg\",\"contentUrl\":\"https:\\\/\\\/www.musee-lalique.com\\\/wp-content\\\/uploads\\\/2025\\\/04\\\/sources-de-france.jpg\"},{\"@type\":\"BreadcrumbList\",\"@id\":\"https:\\\/\\\/www.musee-lalique.com\\\/de\\\/rund-ums-museum\\\/wechselausstellungen\\\/2025-rene-lalique-architecte-et-decorateur\\\/2025-contenus-additionnels\\\/statuettes-sources-de-france\\\/#breadcrumb\",\"itemListElement\":[{\"@type\":\"ListItem\",\"position\":1,\"name\":\"Home\",\"item\":\"https:\\\/\\\/www.musee-lalique.com\\\/de\\\/\"},{\"@type\":\"ListItem\",\"position\":2,\"name\":\"Rund ums Museum\",\"item\":\"https:\\\/\\\/www.musee-lalique.com\\\/de\\\/rund-ums-museum\\\/\"},{\"@type\":\"ListItem\",\"position\":3,\"name\":\"Wechselausstellungen\",\"item\":\"https:\\\/\\\/www.musee-lalique.com\\\/de\\\/rund-ums-museum\\\/wechselausstellungen\\\/\"},{\"@type\":\"ListItem\",\"position\":4,\"name\":\"2025 : Ren\u00e9 Lalique, Architekt und Dekorateur\",\"item\":\"https:\\\/\\\/www.musee-lalique.com\\\/de\\\/rund-ums-museum\\\/wechselausstellungen\\\/2025-rene-lalique-architecte-et-decorateur\\\/\"},{\"@type\":\"ListItem\",\"position\":5,\"name\":\"2025 : zus\u00e4tzlichen Inhalten\",\"item\":\"https:\\\/\\\/www.musee-lalique.com\\\/de\\\/rund-ums-museum\\\/wechselausstellungen\\\/2025-rene-lalique-architecte-et-decorateur\\\/2025-contenus-additionnels\\\/\"},{\"@type\":\"ListItem\",\"position\":6,\"name\":\"Statuetten Sources de France\"}]},{\"@type\":\"WebSite\",\"@id\":\"https:\\\/\\\/musee-lalique.com\\\/#website\",\"url\":\"https:\\\/\\\/musee-lalique.com\\\/\",\"name\":\"museelalique\",\"description\":\"\",\"potentialAction\":[{\"@type\":\"SearchAction\",\"target\":{\"@type\":\"EntryPoint\",\"urlTemplate\":\"https:\\\/\\\/musee-lalique.com\\\/?s={search_term_string}\"},\"query-input\":{\"@type\":\"PropertyValueSpecification\",\"valueRequired\":true,\"valueName\":\"search_term_string\"}}],\"inLanguage\":\"de-DE\"}]}<\/script>\n<!-- \/ Yoast SEO plugin. -->","yoast_head_json":{"title":"Statuetten Sources de France - museelalique","robots":{"index":"index","follow":"follow","max-snippet":"max-snippet:-1","max-image-preview":"max-image-preview:large","max-video-preview":"max-video-preview:-1"},"canonical":"https:\/\/www.musee-lalique.com\/de\/rund-ums-museum\/wechselausstellungen\/2025-rene-lalique-architecte-et-decorateur\/2025-contenus-additionnels\/statuettes-sources-de-france\/","og_locale":"de_DE","og_type":"article","og_title":"Statuetten Sources de France - museelalique","og_description":"Ren\u00e9 Lalique entwarf f\u00fcr die Exposition des Arts d\u00e9coratifs et industriels modernes 1925 einen Brunnen mit dem Namen Les Sources de France (Die Quellen Frankreichs). Er symbolisierte die Quellen, B\u00e4che und Fl\u00fcsse des pr\u00e4chtigen Landes Frankreich und bestand aus einem 15 Meter hohen pyramidenf\u00f6rmigen Element, das sich aus 17 achteckigen, \u00fcbereinanderliegenden Ebenen mit insgesamt 128 [&hellip;]","og_url":"https:\/\/www.musee-lalique.com\/de\/rund-ums-museum\/wechselausstellungen\/2025-rene-lalique-architecte-et-decorateur\/2025-contenus-additionnels\/statuettes-sources-de-france\/","og_site_name":"museelalique","article_modified_time":"2025-04-23T17:15:42+00:00","og_image":[{"width":2191,"height":1227,"url":"https:\/\/www.musee-lalique.com\/wp-content\/uploads\/2025\/04\/sources-de-france.jpg","type":"image\/jpeg"}],"twitter_card":"summary_large_image","twitter_misc":{"Est. reading time":"1 minute"},"schema":{"@context":"https:\/\/schema.org","@graph":[{"@type":"WebPage","@id":"https:\/\/www.musee-lalique.com\/de\/rund-ums-museum\/wechselausstellungen\/2025-rene-lalique-architecte-et-decorateur\/2025-contenus-additionnels\/statuettes-sources-de-france\/","url":"https:\/\/www.musee-lalique.com\/de\/rund-ums-museum\/wechselausstellungen\/2025-rene-lalique-architecte-et-decorateur\/2025-contenus-additionnels\/statuettes-sources-de-france\/","name":"Statuetten Sources de France - museelalique","isPartOf":{"@id":"https:\/\/musee-lalique.com\/#website"},"primaryImageOfPage":{"@id":"https:\/\/www.musee-lalique.com\/de\/rund-ums-museum\/wechselausstellungen\/2025-rene-lalique-architecte-et-decorateur\/2025-contenus-additionnels\/statuettes-sources-de-france\/#primaryimage"},"image":{"@id":"https:\/\/www.musee-lalique.com\/de\/rund-ums-museum\/wechselausstellungen\/2025-rene-lalique-architecte-et-decorateur\/2025-contenus-additionnels\/statuettes-sources-de-france\/#primaryimage"},"thumbnailUrl":"https:\/\/www.musee-lalique.com\/wp-content\/uploads\/2025\/04\/sources-de-france.jpg","datePublished":"2025-04-12T12:07:26+00:00","dateModified":"2025-04-23T17:15:42+00:00","breadcrumb":{"@id":"https:\/\/www.musee-lalique.com\/de\/rund-ums-museum\/wechselausstellungen\/2025-rene-lalique-architecte-et-decorateur\/2025-contenus-additionnels\/statuettes-sources-de-france\/#breadcrumb"},"inLanguage":"de-DE","potentialAction":[{"@type":"ReadAction","target":["https:\/\/www.musee-lalique.com\/de\/rund-ums-museum\/wechselausstellungen\/2025-rene-lalique-architecte-et-decorateur\/2025-contenus-additionnels\/statuettes-sources-de-france\/"]}]},{"@type":"ImageObject","inLanguage":"de-DE","@id":"https:\/\/www.musee-lalique.com\/de\/rund-ums-museum\/wechselausstellungen\/2025-rene-lalique-architecte-et-decorateur\/2025-contenus-additionnels\/statuettes-sources-de-france\/#primaryimage","url":"https:\/\/www.musee-lalique.com\/wp-content\/uploads\/2025\/04\/sources-de-france.jpg","contentUrl":"https:\/\/www.musee-lalique.com\/wp-content\/uploads\/2025\/04\/sources-de-france.jpg"},{"@type":"BreadcrumbList","@id":"https:\/\/www.musee-lalique.com\/de\/rund-ums-museum\/wechselausstellungen\/2025-rene-lalique-architecte-et-decorateur\/2025-contenus-additionnels\/statuettes-sources-de-france\/#breadcrumb","itemListElement":[{"@type":"ListItem","position":1,"name":"Home","item":"https:\/\/www.musee-lalique.com\/de\/"},{"@type":"ListItem","position":2,"name":"Rund ums Museum","item":"https:\/\/www.musee-lalique.com\/de\/rund-ums-museum\/"},{"@type":"ListItem","position":3,"name":"Wechselausstellungen","item":"https:\/\/www.musee-lalique.com\/de\/rund-ums-museum\/wechselausstellungen\/"},{"@type":"ListItem","position":4,"name":"2025 : Ren\u00e9 Lalique, Architekt und Dekorateur","item":"https:\/\/www.musee-lalique.com\/de\/rund-ums-museum\/wechselausstellungen\/2025-rene-lalique-architecte-et-decorateur\/"},{"@type":"ListItem","position":5,"name":"2025 : zus\u00e4tzlichen Inhalten","item":"https:\/\/www.musee-lalique.com\/de\/rund-ums-museum\/wechselausstellungen\/2025-rene-lalique-architecte-et-decorateur\/2025-contenus-additionnels\/"},{"@type":"ListItem","position":6,"name":"Statuetten Sources de France"}]},{"@type":"WebSite","@id":"https:\/\/musee-lalique.com\/#website","url":"https:\/\/musee-lalique.com\/","name":"museelalique","description":"","potentialAction":[{"@type":"SearchAction","target":{"@type":"EntryPoint","urlTemplate":"https:\/\/musee-lalique.com\/?s={search_term_string}"},"query-input":{"@type":"PropertyValueSpecification","valueRequired":true,"valueName":"search_term_string"}}],"inLanguage":"de-DE"}]}},"_links":{"self":[{"href":"https:\/\/www.musee-lalique.com\/de\/wp-json\/wp\/v2\/pages\/14471","targetHints":{"allow":["GET"]}}],"collection":[{"href":"https:\/\/www.musee-lalique.com\/de\/wp-json\/wp\/v2\/pages"}],"about":[{"href":"https:\/\/www.musee-lalique.com\/de\/wp-json\/wp\/v2\/types\/page"}],"author":[{"embeddable":true,"href":"https:\/\/www.musee-lalique.com\/de\/wp-json\/wp\/v2\/users\/6"}],"replies":[{"embeddable":true,"href":"https:\/\/www.musee-lalique.com\/de\/wp-json\/wp\/v2\/comments?post=14471"}],"version-history":[{"count":2,"href":"https:\/\/www.musee-lalique.com\/de\/wp-json\/wp\/v2\/pages\/14471\/revisions"}],"predecessor-version":[{"id":14476,"href":"https:\/\/www.musee-lalique.com\/de\/wp-json\/wp\/v2\/pages\/14471\/revisions\/14476"}],"up":[{"embeddable":true,"href":"https:\/\/www.musee-lalique.com\/de\/wp-json\/wp\/v2\/pages\/14333"}],"wp:attachment":[{"href":"https:\/\/www.musee-lalique.com\/de\/wp-json\/wp\/v2\/media?parent=14471"}],"curies":[{"name":"wp","href":"https:\/\/api.w.org\/{rel}","templated":true}]}}