{"id":14456,"date":"2025-04-12T13:54:36","date_gmt":"2025-04-12T11:54:36","guid":{"rendered":"https:\/\/www.musee-lalique.com\/rund-ums-museum\/wechselausstellungen\/2025-rene-lalique-architecte-et-decorateur\/2025-contenus-additionnels\/14208-2\/"},"modified":"2025-04-23T18:53:53","modified_gmt":"2025-04-23T16:53:53","slug":"14208-2","status":"publish","type":"page","link":"https:\/\/www.musee-lalique.com\/de\/rund-ums-museum\/wechselausstellungen\/2025-rene-lalique-architecte-et-decorateur\/2025-contenus-additionnels\/14208-2\/","title":{"rendered":"Gl\u00e4ser Normandie"},"content":{"rendered":"<p>Modell entworfen 1934<\/p>\n<p>Diese Gl\u00e4ser wurden von Ren\u00e9 Lalique zusammen mit seiner Tochter Suzanne Lalique-Haviland f\u00fcr die <em>Appartements de Grand Luxe<\/em> des Passagierschiffs <em>Normandie<\/em> gestaltet. Das Monogramm CGT \u2013 Compagnie G\u00e9n\u00e9rale Transatlantique \u2013 nimmt das Dekor der von der Manufaktur Th\u00e9odore Haviland herausgegebenen Teller auf, das ebenfalls von Suzanne gestaltet wurde.<\/p>\n<p>Die<em> Normandie<\/em>, die 1935 in Dienst genommen wurde, war das Inbild eines Traumschiffes: Sie war nicht nur das gr\u00f6\u00dfte und schnellste Passagierschiff ihrer Zeit, sondern auch eine Konzentration von absolutem Raffinement und Luxus. Im riesigen Speisesaal der Ersten Klasse, der gr\u00f6\u00dfer war als der Spiegelsaal von Versailles, wurden die Kreationen Laliques den beeindruckenden Dimensionen gerecht:\u00a0zwei Kronleuchter, achtundvierzig vier Meter hohe Fackeln, zw\u00f6lf riesige Feuert\u00f6pfe mit einer H\u00f6he von drei Metern und einem Durchmesser von eineinhalb Metern.<\/p>\n","protected":false},"excerpt":{"rendered":"<p>Modell entworfen 1934 Diese Gl\u00e4ser wurden von Ren\u00e9 Lalique zusammen mit seiner Tochter Suzanne Lalique-Haviland f\u00fcr die Appartements de Grand Luxe des Passagierschiffs Normandie gestaltet. Das Monogramm CGT \u2013 Compagnie G\u00e9n\u00e9rale Transatlantique \u2013 nimmt das Dekor der von der Manufaktur Th\u00e9odore Haviland herausgegebenen Teller auf, das ebenfalls von Suzanne gestaltet wurde. Die Normandie, die 1935 [&hellip;]<\/p>\n","protected":false},"author":6,"featured_media":0,"parent":14333,"menu_order":0,"comment_status":"closed","ping_status":"closed","template":"","meta":{"_acf_changed":false,"footnotes":""},"class_list":["post-14456","page","type-page","status-publish","hentry"],"acf":[],"yoast_head":"<!-- This site is optimized with the Yoast SEO plugin v27.3 - https:\/\/yoast.com\/product\/yoast-seo-wordpress\/ -->\n<title>Gl\u00e4ser Normandie - museelalique<\/title>\n<meta name=\"robots\" content=\"index, follow, max-snippet:-1, max-image-preview:large, max-video-preview:-1\" \/>\n<link rel=\"canonical\" href=\"https:\/\/www.musee-lalique.com\/de\/rund-ums-museum\/wechselausstellungen\/2025-rene-lalique-architecte-et-decorateur\/2025-contenus-additionnels\/14208-2\/\" \/>\n<meta property=\"og:locale\" content=\"de_DE\" \/>\n<meta property=\"og:type\" content=\"article\" \/>\n<meta property=\"og:title\" content=\"Gl\u00e4ser Normandie - museelalique\" \/>\n<meta property=\"og:description\" content=\"Modell entworfen 1934 Diese Gl\u00e4ser wurden von Ren\u00e9 Lalique zusammen mit seiner Tochter Suzanne Lalique-Haviland f\u00fcr die Appartements de Grand Luxe des Passagierschiffs Normandie gestaltet. Das Monogramm CGT \u2013 Compagnie G\u00e9n\u00e9rale Transatlantique \u2013 nimmt das Dekor der von der Manufaktur Th\u00e9odore Haviland herausgegebenen Teller auf, das ebenfalls von Suzanne gestaltet wurde. Die Normandie, die 1935 [&hellip;]\" \/>\n<meta property=\"og:url\" content=\"https:\/\/www.musee-lalique.com\/de\/rund-ums-museum\/wechselausstellungen\/2025-rene-lalique-architecte-et-decorateur\/2025-contenus-additionnels\/14208-2\/\" \/>\n<meta property=\"og:site_name\" content=\"museelalique\" \/>\n<meta property=\"article:modified_time\" content=\"2025-04-23T16:53:53+00:00\" \/>\n<meta name=\"twitter:card\" content=\"summary_large_image\" \/>\n<meta name=\"twitter:label1\" content=\"Est. reading time\" \/>\n\t<meta name=\"twitter:data1\" content=\"1 minute\" \/>\n<script type=\"application\/ld+json\" class=\"yoast-schema-graph\">{\"@context\":\"https:\\\/\\\/schema.org\",\"@graph\":[{\"@type\":\"WebPage\",\"@id\":\"https:\\\/\\\/www.musee-lalique.com\\\/de\\\/rund-ums-museum\\\/wechselausstellungen\\\/2025-rene-lalique-architecte-et-decorateur\\\/2025-contenus-additionnels\\\/14208-2\\\/\",\"url\":\"https:\\\/\\\/www.musee-lalique.com\\\/de\\\/rund-ums-museum\\\/wechselausstellungen\\\/2025-rene-lalique-architecte-et-decorateur\\\/2025-contenus-additionnels\\\/14208-2\\\/\",\"name\":\"Gl\u00e4ser Normandie - museelalique\",\"isPartOf\":{\"@id\":\"https:\\\/\\\/musee-lalique.com\\\/#website\"},\"datePublished\":\"2025-04-12T11:54:36+00:00\",\"dateModified\":\"2025-04-23T16:53:53+00:00\",\"breadcrumb\":{\"@id\":\"https:\\\/\\\/www.musee-lalique.com\\\/de\\\/rund-ums-museum\\\/wechselausstellungen\\\/2025-rene-lalique-architecte-et-decorateur\\\/2025-contenus-additionnels\\\/14208-2\\\/#breadcrumb\"},\"inLanguage\":\"de-DE\",\"potentialAction\":[{\"@type\":\"ReadAction\",\"target\":[\"https:\\\/\\\/www.musee-lalique.com\\\/de\\\/rund-ums-museum\\\/wechselausstellungen\\\/2025-rene-lalique-architecte-et-decorateur\\\/2025-contenus-additionnels\\\/14208-2\\\/\"]}]},{\"@type\":\"BreadcrumbList\",\"@id\":\"https:\\\/\\\/www.musee-lalique.com\\\/de\\\/rund-ums-museum\\\/wechselausstellungen\\\/2025-rene-lalique-architecte-et-decorateur\\\/2025-contenus-additionnels\\\/14208-2\\\/#breadcrumb\",\"itemListElement\":[{\"@type\":\"ListItem\",\"position\":1,\"name\":\"Home\",\"item\":\"https:\\\/\\\/www.musee-lalique.com\\\/de\\\/\"},{\"@type\":\"ListItem\",\"position\":2,\"name\":\"Rund ums Museum\",\"item\":\"https:\\\/\\\/www.musee-lalique.com\\\/de\\\/rund-ums-museum\\\/\"},{\"@type\":\"ListItem\",\"position\":3,\"name\":\"Wechselausstellungen\",\"item\":\"https:\\\/\\\/www.musee-lalique.com\\\/de\\\/rund-ums-museum\\\/wechselausstellungen\\\/\"},{\"@type\":\"ListItem\",\"position\":4,\"name\":\"2025 : Ren\u00e9 Lalique, Architekt und Dekorateur\",\"item\":\"https:\\\/\\\/www.musee-lalique.com\\\/de\\\/rund-ums-museum\\\/wechselausstellungen\\\/2025-rene-lalique-architecte-et-decorateur\\\/\"},{\"@type\":\"ListItem\",\"position\":5,\"name\":\"2025 : zus\u00e4tzlichen Inhalten\",\"item\":\"https:\\\/\\\/www.musee-lalique.com\\\/de\\\/rund-ums-museum\\\/wechselausstellungen\\\/2025-rene-lalique-architecte-et-decorateur\\\/2025-contenus-additionnels\\\/\"},{\"@type\":\"ListItem\",\"position\":6,\"name\":\"Gl\u00e4ser Normandie\"}]},{\"@type\":\"WebSite\",\"@id\":\"https:\\\/\\\/musee-lalique.com\\\/#website\",\"url\":\"https:\\\/\\\/musee-lalique.com\\\/\",\"name\":\"museelalique\",\"description\":\"\",\"potentialAction\":[{\"@type\":\"SearchAction\",\"target\":{\"@type\":\"EntryPoint\",\"urlTemplate\":\"https:\\\/\\\/musee-lalique.com\\\/?s={search_term_string}\"},\"query-input\":{\"@type\":\"PropertyValueSpecification\",\"valueRequired\":true,\"valueName\":\"search_term_string\"}}],\"inLanguage\":\"de-DE\"}]}<\/script>\n<!-- \/ Yoast SEO plugin. -->","yoast_head_json":{"title":"Gl\u00e4ser Normandie - museelalique","robots":{"index":"index","follow":"follow","max-snippet":"max-snippet:-1","max-image-preview":"max-image-preview:large","max-video-preview":"max-video-preview:-1"},"canonical":"https:\/\/www.musee-lalique.com\/de\/rund-ums-museum\/wechselausstellungen\/2025-rene-lalique-architecte-et-decorateur\/2025-contenus-additionnels\/14208-2\/","og_locale":"de_DE","og_type":"article","og_title":"Gl\u00e4ser Normandie - museelalique","og_description":"Modell entworfen 1934 Diese Gl\u00e4ser wurden von Ren\u00e9 Lalique zusammen mit seiner Tochter Suzanne Lalique-Haviland f\u00fcr die Appartements de Grand Luxe des Passagierschiffs Normandie gestaltet. Das Monogramm CGT \u2013 Compagnie G\u00e9n\u00e9rale Transatlantique \u2013 nimmt das Dekor der von der Manufaktur Th\u00e9odore Haviland herausgegebenen Teller auf, das ebenfalls von Suzanne gestaltet wurde. Die Normandie, die 1935 [&hellip;]","og_url":"https:\/\/www.musee-lalique.com\/de\/rund-ums-museum\/wechselausstellungen\/2025-rene-lalique-architecte-et-decorateur\/2025-contenus-additionnels\/14208-2\/","og_site_name":"museelalique","article_modified_time":"2025-04-23T16:53:53+00:00","twitter_card":"summary_large_image","twitter_misc":{"Est. reading time":"1 minute"},"schema":{"@context":"https:\/\/schema.org","@graph":[{"@type":"WebPage","@id":"https:\/\/www.musee-lalique.com\/de\/rund-ums-museum\/wechselausstellungen\/2025-rene-lalique-architecte-et-decorateur\/2025-contenus-additionnels\/14208-2\/","url":"https:\/\/www.musee-lalique.com\/de\/rund-ums-museum\/wechselausstellungen\/2025-rene-lalique-architecte-et-decorateur\/2025-contenus-additionnels\/14208-2\/","name":"Gl\u00e4ser Normandie - museelalique","isPartOf":{"@id":"https:\/\/musee-lalique.com\/#website"},"datePublished":"2025-04-12T11:54:36+00:00","dateModified":"2025-04-23T16:53:53+00:00","breadcrumb":{"@id":"https:\/\/www.musee-lalique.com\/de\/rund-ums-museum\/wechselausstellungen\/2025-rene-lalique-architecte-et-decorateur\/2025-contenus-additionnels\/14208-2\/#breadcrumb"},"inLanguage":"de-DE","potentialAction":[{"@type":"ReadAction","target":["https:\/\/www.musee-lalique.com\/de\/rund-ums-museum\/wechselausstellungen\/2025-rene-lalique-architecte-et-decorateur\/2025-contenus-additionnels\/14208-2\/"]}]},{"@type":"BreadcrumbList","@id":"https:\/\/www.musee-lalique.com\/de\/rund-ums-museum\/wechselausstellungen\/2025-rene-lalique-architecte-et-decorateur\/2025-contenus-additionnels\/14208-2\/#breadcrumb","itemListElement":[{"@type":"ListItem","position":1,"name":"Home","item":"https:\/\/www.musee-lalique.com\/de\/"},{"@type":"ListItem","position":2,"name":"Rund ums Museum","item":"https:\/\/www.musee-lalique.com\/de\/rund-ums-museum\/"},{"@type":"ListItem","position":3,"name":"Wechselausstellungen","item":"https:\/\/www.musee-lalique.com\/de\/rund-ums-museum\/wechselausstellungen\/"},{"@type":"ListItem","position":4,"name":"2025 : Ren\u00e9 Lalique, Architekt und Dekorateur","item":"https:\/\/www.musee-lalique.com\/de\/rund-ums-museum\/wechselausstellungen\/2025-rene-lalique-architecte-et-decorateur\/"},{"@type":"ListItem","position":5,"name":"2025 : zus\u00e4tzlichen Inhalten","item":"https:\/\/www.musee-lalique.com\/de\/rund-ums-museum\/wechselausstellungen\/2025-rene-lalique-architecte-et-decorateur\/2025-contenus-additionnels\/"},{"@type":"ListItem","position":6,"name":"Gl\u00e4ser Normandie"}]},{"@type":"WebSite","@id":"https:\/\/musee-lalique.com\/#website","url":"https:\/\/musee-lalique.com\/","name":"museelalique","description":"","potentialAction":[{"@type":"SearchAction","target":{"@type":"EntryPoint","urlTemplate":"https:\/\/musee-lalique.com\/?s={search_term_string}"},"query-input":{"@type":"PropertyValueSpecification","valueRequired":true,"valueName":"search_term_string"}}],"inLanguage":"de-DE"}]}},"_links":{"self":[{"href":"https:\/\/www.musee-lalique.com\/de\/wp-json\/wp\/v2\/pages\/14456","targetHints":{"allow":["GET"]}}],"collection":[{"href":"https:\/\/www.musee-lalique.com\/de\/wp-json\/wp\/v2\/pages"}],"about":[{"href":"https:\/\/www.musee-lalique.com\/de\/wp-json\/wp\/v2\/types\/page"}],"author":[{"embeddable":true,"href":"https:\/\/www.musee-lalique.com\/de\/wp-json\/wp\/v2\/users\/6"}],"replies":[{"embeddable":true,"href":"https:\/\/www.musee-lalique.com\/de\/wp-json\/wp\/v2\/comments?post=14456"}],"version-history":[{"count":2,"href":"https:\/\/www.musee-lalique.com\/de\/wp-json\/wp\/v2\/pages\/14456\/revisions"}],"predecessor-version":[{"id":14461,"href":"https:\/\/www.musee-lalique.com\/de\/wp-json\/wp\/v2\/pages\/14456\/revisions\/14461"}],"up":[{"embeddable":true,"href":"https:\/\/www.musee-lalique.com\/de\/wp-json\/wp\/v2\/pages\/14333"}],"wp:attachment":[{"href":"https:\/\/www.musee-lalique.com\/de\/wp-json\/wp\/v2\/media?parent=14456"}],"curies":[{"name":"wp","href":"https:\/\/api.w.org\/{rel}","templated":true}]}}