{"id":14447,"date":"2025-04-12T13:46:51","date_gmt":"2025-04-12T11:46:51","guid":{"rendered":"https:\/\/www.musee-lalique.com\/rund-ums-museum\/wechselausstellungen\/2025-rene-lalique-architecte-et-decorateur\/2025-contenus-additionnels\/candelabres-trois-branches-de-raisins\/"},"modified":"2025-04-23T18:07:20","modified_gmt":"2025-04-23T16:07:20","slug":"candelabres-trois-branches-de-raisins","status":"publish","type":"page","link":"https:\/\/www.musee-lalique.com\/de\/rund-ums-museum\/wechselausstellungen\/2025-rene-lalique-architecte-et-decorateur\/2025-contenus-additionnels\/candelabres-trois-branches-de-raisins\/","title":{"rendered":"Leuchter Trois branches de raisins (Drei Weinrebenzweige)"},"content":{"rendered":"<p>Modell entworfen 1924<\/p>\n<p>Seine Anwesenheit bei der <em>Exposition des Arts d\u00e9coratifs et industriels modernes <\/em>im Jahr 1925 erm\u00f6glichte es Lalique, an Ausstrahlung zu gewinnen und seine Arbeit als Glask\u00fcnstler international bekannt zu machen. In seinem Pavillon gestaltete er einen prunkvollen Speisesaal mit Harmonien aus Wei\u00df und Schneet\u00f6nen, in dem Glas, Bergahorn, Marmor und Porzellan miteinander vereint wurden. Motive mit Margeriten, Weinreben und Wasserfont\u00e4nen gingen eine poetische Verbindung ein. Der Tisch selbst war mit zwei \u201e<em>Branches de raisins<\/em>\u201c- Leuchtern sowie Tellern und Gl\u00e4sern aus dem <em>Lotus<\/em>-Service geschm\u00fcckt.<\/p>\n<p>Die Kritik erkl\u00e4rte diesen Speisesaal zu einem der gelungensten dekorativen Ensembles der Ausstellung. Dar\u00fcber hinaus hatte Lalique auch den Speisesaal der Manufaktur S\u00e8vres konzipiert. In einem Dekor aus beigem und grauem Marmor, auf dem unter einer Baumreihe ein Rudel Wildschweine zu sehen war, das von einem J\u00e4ger auf seinem Pferd und seinen Hunden verfolgt wurde, schm\u00fcckte Ren\u00e9 Lalique seinen Tisch mit <em>Haguenau<\/em>-Gl\u00e4sern.<\/p>\n<p>Gemeinsam ist diesen beiden Inszenierungen, die sich durch ihre sehr unterschiedlichen Atmosph\u00e4ren unterscheiden, das vom ber\u00fchmten Kunsttischler Charles Bernel gefertigte Mobiliar sowie mit Bl\u00e4ttern und Weinranken geschm\u00fcckte Leuchter, die vom Glask\u00fcnstler geschaffen wurden.<\/p>\n","protected":false},"excerpt":{"rendered":"<p>Modell entworfen 1924 Seine Anwesenheit bei der Exposition des Arts d\u00e9coratifs et industriels modernes im Jahr 1925 erm\u00f6glichte es Lalique, an Ausstrahlung zu gewinnen und seine Arbeit als Glask\u00fcnstler international bekannt zu machen. In seinem Pavillon gestaltete er einen prunkvollen Speisesaal mit Harmonien aus Wei\u00df und Schneet\u00f6nen, in dem Glas, Bergahorn, Marmor und Porzellan miteinander [&hellip;]<\/p>\n","protected":false},"author":6,"featured_media":0,"parent":14333,"menu_order":0,"comment_status":"closed","ping_status":"closed","template":"","meta":{"_acf_changed":false,"footnotes":""},"class_list":["post-14447","page","type-page","status-publish","hentry"],"acf":[],"yoast_head":"<!-- This site is optimized with the Yoast SEO plugin v27.4 - https:\/\/yoast.com\/product\/yoast-seo-wordpress\/ -->\n<title>Leuchter Trois branches de raisins (Drei Weinrebenzweige) - museelalique<\/title>\n<meta name=\"robots\" content=\"index, follow, max-snippet:-1, max-image-preview:large, max-video-preview:-1\" \/>\n<link rel=\"canonical\" href=\"https:\/\/www.musee-lalique.com\/de\/rund-ums-museum\/wechselausstellungen\/2025-rene-lalique-architecte-et-decorateur\/2025-contenus-additionnels\/candelabres-trois-branches-de-raisins\/\" \/>\n<meta property=\"og:locale\" content=\"de_DE\" \/>\n<meta property=\"og:type\" content=\"article\" \/>\n<meta property=\"og:title\" content=\"Leuchter Trois branches de raisins (Drei Weinrebenzweige) - museelalique\" \/>\n<meta property=\"og:description\" content=\"Modell entworfen 1924 Seine Anwesenheit bei der Exposition des Arts d\u00e9coratifs et industriels modernes im Jahr 1925 erm\u00f6glichte es Lalique, an Ausstrahlung zu gewinnen und seine Arbeit als Glask\u00fcnstler international bekannt zu machen. In seinem Pavillon gestaltete er einen prunkvollen Speisesaal mit Harmonien aus Wei\u00df und Schneet\u00f6nen, in dem Glas, Bergahorn, Marmor und Porzellan miteinander [&hellip;]\" \/>\n<meta property=\"og:url\" content=\"https:\/\/www.musee-lalique.com\/de\/rund-ums-museum\/wechselausstellungen\/2025-rene-lalique-architecte-et-decorateur\/2025-contenus-additionnels\/candelabres-trois-branches-de-raisins\/\" \/>\n<meta property=\"og:site_name\" content=\"museelalique\" \/>\n<meta property=\"article:modified_time\" content=\"2025-04-23T16:07:20+00:00\" \/>\n<meta name=\"twitter:card\" content=\"summary_large_image\" \/>\n<meta name=\"twitter:label1\" content=\"Est. reading time\" \/>\n\t<meta name=\"twitter:data1\" content=\"2 minutes\" \/>\n<script type=\"application\/ld+json\" class=\"yoast-schema-graph\">{\"@context\":\"https:\\\/\\\/schema.org\",\"@graph\":[{\"@type\":\"WebPage\",\"@id\":\"https:\\\/\\\/www.musee-lalique.com\\\/de\\\/rund-ums-museum\\\/wechselausstellungen\\\/2025-rene-lalique-architecte-et-decorateur\\\/2025-contenus-additionnels\\\/candelabres-trois-branches-de-raisins\\\/\",\"url\":\"https:\\\/\\\/www.musee-lalique.com\\\/de\\\/rund-ums-museum\\\/wechselausstellungen\\\/2025-rene-lalique-architecte-et-decorateur\\\/2025-contenus-additionnels\\\/candelabres-trois-branches-de-raisins\\\/\",\"name\":\"Leuchter Trois branches de raisins (Drei Weinrebenzweige) - museelalique\",\"isPartOf\":{\"@id\":\"https:\\\/\\\/musee-lalique.com\\\/#website\"},\"datePublished\":\"2025-04-12T11:46:51+00:00\",\"dateModified\":\"2025-04-23T16:07:20+00:00\",\"breadcrumb\":{\"@id\":\"https:\\\/\\\/www.musee-lalique.com\\\/de\\\/rund-ums-museum\\\/wechselausstellungen\\\/2025-rene-lalique-architecte-et-decorateur\\\/2025-contenus-additionnels\\\/candelabres-trois-branches-de-raisins\\\/#breadcrumb\"},\"inLanguage\":\"de-DE\",\"potentialAction\":[{\"@type\":\"ReadAction\",\"target\":[\"https:\\\/\\\/www.musee-lalique.com\\\/de\\\/rund-ums-museum\\\/wechselausstellungen\\\/2025-rene-lalique-architecte-et-decorateur\\\/2025-contenus-additionnels\\\/candelabres-trois-branches-de-raisins\\\/\"]}]},{\"@type\":\"BreadcrumbList\",\"@id\":\"https:\\\/\\\/www.musee-lalique.com\\\/de\\\/rund-ums-museum\\\/wechselausstellungen\\\/2025-rene-lalique-architecte-et-decorateur\\\/2025-contenus-additionnels\\\/candelabres-trois-branches-de-raisins\\\/#breadcrumb\",\"itemListElement\":[{\"@type\":\"ListItem\",\"position\":1,\"name\":\"Home\",\"item\":\"https:\\\/\\\/www.musee-lalique.com\\\/de\\\/\"},{\"@type\":\"ListItem\",\"position\":2,\"name\":\"Rund ums Museum\",\"item\":\"https:\\\/\\\/www.musee-lalique.com\\\/de\\\/rund-ums-museum\\\/\"},{\"@type\":\"ListItem\",\"position\":3,\"name\":\"Wechselausstellungen\",\"item\":\"https:\\\/\\\/www.musee-lalique.com\\\/de\\\/rund-ums-museum\\\/wechselausstellungen\\\/\"},{\"@type\":\"ListItem\",\"position\":4,\"name\":\"2025 : Ren\u00e9 Lalique, Architekt und Dekorateur\",\"item\":\"https:\\\/\\\/www.musee-lalique.com\\\/de\\\/rund-ums-museum\\\/wechselausstellungen\\\/2025-rene-lalique-architecte-et-decorateur\\\/\"},{\"@type\":\"ListItem\",\"position\":5,\"name\":\"2025 : zus\u00e4tzlichen Inhalten\",\"item\":\"https:\\\/\\\/www.musee-lalique.com\\\/de\\\/rund-ums-museum\\\/wechselausstellungen\\\/2025-rene-lalique-architecte-et-decorateur\\\/2025-contenus-additionnels\\\/\"},{\"@type\":\"ListItem\",\"position\":6,\"name\":\"Leuchter Trois branches de raisins (Drei Weinrebenzweige)\"}]},{\"@type\":\"WebSite\",\"@id\":\"https:\\\/\\\/musee-lalique.com\\\/#website\",\"url\":\"https:\\\/\\\/musee-lalique.com\\\/\",\"name\":\"museelalique\",\"description\":\"\",\"potentialAction\":[{\"@type\":\"SearchAction\",\"target\":{\"@type\":\"EntryPoint\",\"urlTemplate\":\"https:\\\/\\\/musee-lalique.com\\\/?s={search_term_string}\"},\"query-input\":{\"@type\":\"PropertyValueSpecification\",\"valueRequired\":true,\"valueName\":\"search_term_string\"}}],\"inLanguage\":\"de-DE\"}]}<\/script>\n<!-- \/ Yoast SEO plugin. -->","yoast_head_json":{"title":"Leuchter Trois branches de raisins (Drei Weinrebenzweige) - museelalique","robots":{"index":"index","follow":"follow","max-snippet":"max-snippet:-1","max-image-preview":"max-image-preview:large","max-video-preview":"max-video-preview:-1"},"canonical":"https:\/\/www.musee-lalique.com\/de\/rund-ums-museum\/wechselausstellungen\/2025-rene-lalique-architecte-et-decorateur\/2025-contenus-additionnels\/candelabres-trois-branches-de-raisins\/","og_locale":"de_DE","og_type":"article","og_title":"Leuchter Trois branches de raisins (Drei Weinrebenzweige) - museelalique","og_description":"Modell entworfen 1924 Seine Anwesenheit bei der Exposition des Arts d\u00e9coratifs et industriels modernes im Jahr 1925 erm\u00f6glichte es Lalique, an Ausstrahlung zu gewinnen und seine Arbeit als Glask\u00fcnstler international bekannt zu machen. In seinem Pavillon gestaltete er einen prunkvollen Speisesaal mit Harmonien aus Wei\u00df und Schneet\u00f6nen, in dem Glas, Bergahorn, Marmor und Porzellan miteinander [&hellip;]","og_url":"https:\/\/www.musee-lalique.com\/de\/rund-ums-museum\/wechselausstellungen\/2025-rene-lalique-architecte-et-decorateur\/2025-contenus-additionnels\/candelabres-trois-branches-de-raisins\/","og_site_name":"museelalique","article_modified_time":"2025-04-23T16:07:20+00:00","twitter_card":"summary_large_image","twitter_misc":{"Est. reading time":"2 minutes"},"schema":{"@context":"https:\/\/schema.org","@graph":[{"@type":"WebPage","@id":"https:\/\/www.musee-lalique.com\/de\/rund-ums-museum\/wechselausstellungen\/2025-rene-lalique-architecte-et-decorateur\/2025-contenus-additionnels\/candelabres-trois-branches-de-raisins\/","url":"https:\/\/www.musee-lalique.com\/de\/rund-ums-museum\/wechselausstellungen\/2025-rene-lalique-architecte-et-decorateur\/2025-contenus-additionnels\/candelabres-trois-branches-de-raisins\/","name":"Leuchter Trois branches de raisins (Drei Weinrebenzweige) - museelalique","isPartOf":{"@id":"https:\/\/musee-lalique.com\/#website"},"datePublished":"2025-04-12T11:46:51+00:00","dateModified":"2025-04-23T16:07:20+00:00","breadcrumb":{"@id":"https:\/\/www.musee-lalique.com\/de\/rund-ums-museum\/wechselausstellungen\/2025-rene-lalique-architecte-et-decorateur\/2025-contenus-additionnels\/candelabres-trois-branches-de-raisins\/#breadcrumb"},"inLanguage":"de-DE","potentialAction":[{"@type":"ReadAction","target":["https:\/\/www.musee-lalique.com\/de\/rund-ums-museum\/wechselausstellungen\/2025-rene-lalique-architecte-et-decorateur\/2025-contenus-additionnels\/candelabres-trois-branches-de-raisins\/"]}]},{"@type":"BreadcrumbList","@id":"https:\/\/www.musee-lalique.com\/de\/rund-ums-museum\/wechselausstellungen\/2025-rene-lalique-architecte-et-decorateur\/2025-contenus-additionnels\/candelabres-trois-branches-de-raisins\/#breadcrumb","itemListElement":[{"@type":"ListItem","position":1,"name":"Home","item":"https:\/\/www.musee-lalique.com\/de\/"},{"@type":"ListItem","position":2,"name":"Rund ums Museum","item":"https:\/\/www.musee-lalique.com\/de\/rund-ums-museum\/"},{"@type":"ListItem","position":3,"name":"Wechselausstellungen","item":"https:\/\/www.musee-lalique.com\/de\/rund-ums-museum\/wechselausstellungen\/"},{"@type":"ListItem","position":4,"name":"2025 : Ren\u00e9 Lalique, Architekt und Dekorateur","item":"https:\/\/www.musee-lalique.com\/de\/rund-ums-museum\/wechselausstellungen\/2025-rene-lalique-architecte-et-decorateur\/"},{"@type":"ListItem","position":5,"name":"2025 : zus\u00e4tzlichen Inhalten","item":"https:\/\/www.musee-lalique.com\/de\/rund-ums-museum\/wechselausstellungen\/2025-rene-lalique-architecte-et-decorateur\/2025-contenus-additionnels\/"},{"@type":"ListItem","position":6,"name":"Leuchter Trois branches de raisins (Drei Weinrebenzweige)"}]},{"@type":"WebSite","@id":"https:\/\/musee-lalique.com\/#website","url":"https:\/\/musee-lalique.com\/","name":"museelalique","description":"","potentialAction":[{"@type":"SearchAction","target":{"@type":"EntryPoint","urlTemplate":"https:\/\/musee-lalique.com\/?s={search_term_string}"},"query-input":{"@type":"PropertyValueSpecification","valueRequired":true,"valueName":"search_term_string"}}],"inLanguage":"de-DE"}]}},"_links":{"self":[{"href":"https:\/\/www.musee-lalique.com\/de\/wp-json\/wp\/v2\/pages\/14447","targetHints":{"allow":["GET"]}}],"collection":[{"href":"https:\/\/www.musee-lalique.com\/de\/wp-json\/wp\/v2\/pages"}],"about":[{"href":"https:\/\/www.musee-lalique.com\/de\/wp-json\/wp\/v2\/types\/page"}],"author":[{"embeddable":true,"href":"https:\/\/www.musee-lalique.com\/de\/wp-json\/wp\/v2\/users\/6"}],"replies":[{"embeddable":true,"href":"https:\/\/www.musee-lalique.com\/de\/wp-json\/wp\/v2\/comments?post=14447"}],"version-history":[{"count":3,"href":"https:\/\/www.musee-lalique.com\/de\/wp-json\/wp\/v2\/pages\/14447\/revisions"}],"predecessor-version":[{"id":14453,"href":"https:\/\/www.musee-lalique.com\/de\/wp-json\/wp\/v2\/pages\/14447\/revisions\/14453"}],"up":[{"embeddable":true,"href":"https:\/\/www.musee-lalique.com\/de\/wp-json\/wp\/v2\/pages\/14333"}],"wp:attachment":[{"href":"https:\/\/www.musee-lalique.com\/de\/wp-json\/wp\/v2\/media?parent=14447"}],"curies":[{"name":"wp","href":"https:\/\/api.w.org\/{rel}","templated":true}]}}