{"id":14437,"date":"2025-04-12T13:36:48","date_gmt":"2025-04-12T11:36:48","guid":{"rendered":"https:\/\/www.musee-lalique.com\/rund-ums-museum\/wechselausstellungen\/2025-rene-lalique-architecte-et-decorateur\/2025-contenus-additionnels\/vases-tourbillons-et-pierrefonds\/"},"modified":"2025-04-23T17:57:17","modified_gmt":"2025-04-23T15:57:17","slug":"vases-tourbillons-et-pierrefonds","status":"publish","type":"page","link":"https:\/\/www.musee-lalique.com\/de\/rund-ums-museum\/wechselausstellungen\/2025-rene-lalique-architecte-et-decorateur\/2025-contenus-additionnels\/vases-tourbillons-et-pierrefonds\/","title":{"rendered":"Vases Tourbillons und Pierrefonds"},"content":{"rendered":"<p><strong>Vase <em>Tourbillons<br \/>\n<\/em><\/strong>Modell entworfen 1926<\/p>\n<p><strong>Vase <em>Pierrefonds<br \/>\n<\/em><\/strong>Modell entworfen 1926<\/p>\n<p>Im Motiv der Vase <em>Tourbillons<\/em> und der Henkel der Vase <em>Pierrefonds<\/em>, beides Modelle aus dem Jahr 1926, spiegelt sich die Form der als Halterung f\u00fcr die Laternen dienenden schmiedeeisernen Bischofsst\u00e4be an der Fassade der im gleichen Jahr gestalteten Galerie des Champs-Elys\u00e9es wider.<\/p>\n<p>Ren\u00e9 Lalique wirkte an der Ausstattung dieser luxuri\u00f6sen Handelsgalerie mit, f\u00fcr die er eine Serie von mit Akanthusbl\u00e4ttern verzierten Leuchten sowie zwei beeindruckende Brunnen schuf. Verbunden wurde dieses Thema mit Statuetten, die vom Brunnen <em>Sources<\/em> <em>de France<\/em> stammten, der f\u00fcr die <em>Exposition des Arts d\u00e9coratifs et industriels modernes<\/em> 1925 geschaffen worden war.<\/p>\n<p>&nbsp;<\/p>\n<p><img loading=\"lazy\" decoding=\"async\" class=\"alignnone wp-image-14193\" src=\"https:\/\/www.musee-lalique.com\/wp-content\/uploads\/2025\/04\/arcades-des-champselysees.jpg\" alt=\"\" width=\"845\" height=\"1090\" srcset=\"https:\/\/www.musee-lalique.com\/wp-content\/uploads\/2025\/04\/arcades-des-champselysees.jpg 3819w, https:\/\/www.musee-lalique.com\/wp-content\/uploads\/2025\/04\/arcades-des-champselysees-232x300.jpg 232w, https:\/\/www.musee-lalique.com\/wp-content\/uploads\/2025\/04\/arcades-des-champselysees-1232x1590.jpg 1232w, https:\/\/www.musee-lalique.com\/wp-content\/uploads\/2025\/04\/arcades-des-champselysees-768x991.jpg 768w, https:\/\/www.musee-lalique.com\/wp-content\/uploads\/2025\/04\/arcades-des-champselysees-1190x1536.jpg 1190w, https:\/\/www.musee-lalique.com\/wp-content\/uploads\/2025\/04\/arcades-des-champselysees-1587x2048.jpg 1587w, https:\/\/www.musee-lalique.com\/wp-content\/uploads\/2025\/04\/arcades-des-champselysees-1184x1528.jpg 1184w, https:\/\/www.musee-lalique.com\/wp-content\/uploads\/2025\/04\/arcades-des-champselysees-592x764.jpg 592w, https:\/\/www.musee-lalique.com\/wp-content\/uploads\/2025\/04\/arcades-des-champselysees-1984x2560.jpg 1984w, https:\/\/www.musee-lalique.com\/wp-content\/uploads\/2025\/04\/arcades-des-champselysees-992x1280.jpg 992w, https:\/\/www.musee-lalique.com\/wp-content\/uploads\/2025\/04\/arcades-des-champselysees-580x748.jpg 580w, https:\/\/www.musee-lalique.com\/wp-content\/uploads\/2025\/04\/arcades-des-champselysees-290x374.jpg 290w, https:\/\/www.musee-lalique.com\/wp-content\/uploads\/2025\/04\/arcades-des-champselysees-387x500.jpg 387w, https:\/\/www.musee-lalique.com\/wp-content\/uploads\/2025\/04\/arcades-des-champselysees-194x250.jpg 194w\" sizes=\"auto, (max-width: 845px) 100vw, 845px\" \/><\/p>\n","protected":false},"excerpt":{"rendered":"<p>Vase Tourbillons Modell entworfen 1926 Vase Pierrefonds Modell entworfen 1926 Im Motiv der Vase Tourbillons und der Henkel der Vase Pierrefonds, beides Modelle aus dem Jahr 1926, spiegelt sich die Form der als Halterung f\u00fcr die Laternen dienenden schmiedeeisernen Bischofsst\u00e4be an der Fassade der im gleichen Jahr gestalteten Galerie des Champs-Elys\u00e9es wider. Ren\u00e9 Lalique wirkte [&hellip;]<\/p>\n","protected":false},"author":6,"featured_media":0,"parent":14333,"menu_order":0,"comment_status":"closed","ping_status":"closed","template":"","meta":{"_acf_changed":false,"footnotes":""},"class_list":["post-14437","page","type-page","status-publish","hentry"],"acf":[],"yoast_head":"<!-- This site is optimized with the Yoast SEO plugin v27.4 - https:\/\/yoast.com\/product\/yoast-seo-wordpress\/ -->\n<title>Vases Tourbillons und Pierrefonds - museelalique<\/title>\n<meta name=\"robots\" content=\"index, follow, max-snippet:-1, max-image-preview:large, max-video-preview:-1\" \/>\n<link rel=\"canonical\" href=\"https:\/\/www.musee-lalique.com\/de\/rund-ums-museum\/wechselausstellungen\/2025-rene-lalique-architecte-et-decorateur\/2025-contenus-additionnels\/vases-tourbillons-et-pierrefonds\/\" \/>\n<meta property=\"og:locale\" content=\"de_DE\" \/>\n<meta property=\"og:type\" content=\"article\" \/>\n<meta property=\"og:title\" content=\"Vases Tourbillons und Pierrefonds - museelalique\" \/>\n<meta property=\"og:description\" content=\"Vase Tourbillons Modell entworfen 1926 Vase Pierrefonds Modell entworfen 1926 Im Motiv der Vase Tourbillons und der Henkel der Vase Pierrefonds, beides Modelle aus dem Jahr 1926, spiegelt sich die Form der als Halterung f\u00fcr die Laternen dienenden schmiedeeisernen Bischofsst\u00e4be an der Fassade der im gleichen Jahr gestalteten Galerie des Champs-Elys\u00e9es wider. Ren\u00e9 Lalique wirkte [&hellip;]\" \/>\n<meta property=\"og:url\" content=\"https:\/\/www.musee-lalique.com\/de\/rund-ums-museum\/wechselausstellungen\/2025-rene-lalique-architecte-et-decorateur\/2025-contenus-additionnels\/vases-tourbillons-et-pierrefonds\/\" \/>\n<meta property=\"og:site_name\" content=\"museelalique\" \/>\n<meta property=\"article:modified_time\" content=\"2025-04-23T15:57:17+00:00\" \/>\n<meta property=\"og:image\" content=\"https:\/\/www.musee-lalique.com\/wp-content\/uploads\/2025\/04\/arcades-des-champselysees-1232x1590.jpg\" \/>\n\t<meta property=\"og:image:width\" content=\"1232\" \/>\n\t<meta property=\"og:image:height\" content=\"1590\" \/>\n\t<meta property=\"og:image:type\" content=\"image\/jpeg\" \/>\n<meta name=\"twitter:card\" content=\"summary_large_image\" \/>\n<meta name=\"twitter:label1\" content=\"Est. reading time\" \/>\n\t<meta name=\"twitter:data1\" content=\"1 minute\" \/>\n<script type=\"application\/ld+json\" class=\"yoast-schema-graph\">{\"@context\":\"https:\\\/\\\/schema.org\",\"@graph\":[{\"@type\":\"WebPage\",\"@id\":\"https:\\\/\\\/www.musee-lalique.com\\\/de\\\/rund-ums-museum\\\/wechselausstellungen\\\/2025-rene-lalique-architecte-et-decorateur\\\/2025-contenus-additionnels\\\/vases-tourbillons-et-pierrefonds\\\/\",\"url\":\"https:\\\/\\\/www.musee-lalique.com\\\/de\\\/rund-ums-museum\\\/wechselausstellungen\\\/2025-rene-lalique-architecte-et-decorateur\\\/2025-contenus-additionnels\\\/vases-tourbillons-et-pierrefonds\\\/\",\"name\":\"Vases Tourbillons und Pierrefonds - museelalique\",\"isPartOf\":{\"@id\":\"https:\\\/\\\/musee-lalique.com\\\/#website\"},\"primaryImageOfPage\":{\"@id\":\"https:\\\/\\\/www.musee-lalique.com\\\/de\\\/rund-ums-museum\\\/wechselausstellungen\\\/2025-rene-lalique-architecte-et-decorateur\\\/2025-contenus-additionnels\\\/vases-tourbillons-et-pierrefonds\\\/#primaryimage\"},\"image\":{\"@id\":\"https:\\\/\\\/www.musee-lalique.com\\\/de\\\/rund-ums-museum\\\/wechselausstellungen\\\/2025-rene-lalique-architecte-et-decorateur\\\/2025-contenus-additionnels\\\/vases-tourbillons-et-pierrefonds\\\/#primaryimage\"},\"thumbnailUrl\":\"https:\\\/\\\/www.musee-lalique.com\\\/wp-content\\\/uploads\\\/2025\\\/04\\\/arcades-des-champselysees.jpg\",\"datePublished\":\"2025-04-12T11:36:48+00:00\",\"dateModified\":\"2025-04-23T15:57:17+00:00\",\"breadcrumb\":{\"@id\":\"https:\\\/\\\/www.musee-lalique.com\\\/de\\\/rund-ums-museum\\\/wechselausstellungen\\\/2025-rene-lalique-architecte-et-decorateur\\\/2025-contenus-additionnels\\\/vases-tourbillons-et-pierrefonds\\\/#breadcrumb\"},\"inLanguage\":\"de-DE\",\"potentialAction\":[{\"@type\":\"ReadAction\",\"target\":[\"https:\\\/\\\/www.musee-lalique.com\\\/de\\\/rund-ums-museum\\\/wechselausstellungen\\\/2025-rene-lalique-architecte-et-decorateur\\\/2025-contenus-additionnels\\\/vases-tourbillons-et-pierrefonds\\\/\"]}]},{\"@type\":\"ImageObject\",\"inLanguage\":\"de-DE\",\"@id\":\"https:\\\/\\\/www.musee-lalique.com\\\/de\\\/rund-ums-museum\\\/wechselausstellungen\\\/2025-rene-lalique-architecte-et-decorateur\\\/2025-contenus-additionnels\\\/vases-tourbillons-et-pierrefonds\\\/#primaryimage\",\"url\":\"https:\\\/\\\/www.musee-lalique.com\\\/wp-content\\\/uploads\\\/2025\\\/04\\\/arcades-des-champselysees.jpg\",\"contentUrl\":\"https:\\\/\\\/www.musee-lalique.com\\\/wp-content\\\/uploads\\\/2025\\\/04\\\/arcades-des-champselysees.jpg\"},{\"@type\":\"BreadcrumbList\",\"@id\":\"https:\\\/\\\/www.musee-lalique.com\\\/de\\\/rund-ums-museum\\\/wechselausstellungen\\\/2025-rene-lalique-architecte-et-decorateur\\\/2025-contenus-additionnels\\\/vases-tourbillons-et-pierrefonds\\\/#breadcrumb\",\"itemListElement\":[{\"@type\":\"ListItem\",\"position\":1,\"name\":\"Home\",\"item\":\"https:\\\/\\\/www.musee-lalique.com\\\/de\\\/\"},{\"@type\":\"ListItem\",\"position\":2,\"name\":\"Rund ums Museum\",\"item\":\"https:\\\/\\\/www.musee-lalique.com\\\/de\\\/rund-ums-museum\\\/\"},{\"@type\":\"ListItem\",\"position\":3,\"name\":\"Wechselausstellungen\",\"item\":\"https:\\\/\\\/www.musee-lalique.com\\\/de\\\/rund-ums-museum\\\/wechselausstellungen\\\/\"},{\"@type\":\"ListItem\",\"position\":4,\"name\":\"2025 : Ren\u00e9 Lalique, Architekt und Dekorateur\",\"item\":\"https:\\\/\\\/www.musee-lalique.com\\\/de\\\/rund-ums-museum\\\/wechselausstellungen\\\/2025-rene-lalique-architecte-et-decorateur\\\/\"},{\"@type\":\"ListItem\",\"position\":5,\"name\":\"2025 : zus\u00e4tzlichen Inhalten\",\"item\":\"https:\\\/\\\/www.musee-lalique.com\\\/de\\\/rund-ums-museum\\\/wechselausstellungen\\\/2025-rene-lalique-architecte-et-decorateur\\\/2025-contenus-additionnels\\\/\"},{\"@type\":\"ListItem\",\"position\":6,\"name\":\"Vases Tourbillons und Pierrefonds\"}]},{\"@type\":\"WebSite\",\"@id\":\"https:\\\/\\\/musee-lalique.com\\\/#website\",\"url\":\"https:\\\/\\\/musee-lalique.com\\\/\",\"name\":\"museelalique\",\"description\":\"\",\"potentialAction\":[{\"@type\":\"SearchAction\",\"target\":{\"@type\":\"EntryPoint\",\"urlTemplate\":\"https:\\\/\\\/musee-lalique.com\\\/?s={search_term_string}\"},\"query-input\":{\"@type\":\"PropertyValueSpecification\",\"valueRequired\":true,\"valueName\":\"search_term_string\"}}],\"inLanguage\":\"de-DE\"}]}<\/script>\n<!-- \/ Yoast SEO plugin. -->","yoast_head_json":{"title":"Vases Tourbillons und Pierrefonds - museelalique","robots":{"index":"index","follow":"follow","max-snippet":"max-snippet:-1","max-image-preview":"max-image-preview:large","max-video-preview":"max-video-preview:-1"},"canonical":"https:\/\/www.musee-lalique.com\/de\/rund-ums-museum\/wechselausstellungen\/2025-rene-lalique-architecte-et-decorateur\/2025-contenus-additionnels\/vases-tourbillons-et-pierrefonds\/","og_locale":"de_DE","og_type":"article","og_title":"Vases Tourbillons und Pierrefonds - museelalique","og_description":"Vase Tourbillons Modell entworfen 1926 Vase Pierrefonds Modell entworfen 1926 Im Motiv der Vase Tourbillons und der Henkel der Vase Pierrefonds, beides Modelle aus dem Jahr 1926, spiegelt sich die Form der als Halterung f\u00fcr die Laternen dienenden schmiedeeisernen Bischofsst\u00e4be an der Fassade der im gleichen Jahr gestalteten Galerie des Champs-Elys\u00e9es wider. Ren\u00e9 Lalique wirkte [&hellip;]","og_url":"https:\/\/www.musee-lalique.com\/de\/rund-ums-museum\/wechselausstellungen\/2025-rene-lalique-architecte-et-decorateur\/2025-contenus-additionnels\/vases-tourbillons-et-pierrefonds\/","og_site_name":"museelalique","article_modified_time":"2025-04-23T15:57:17+00:00","og_image":[{"width":1232,"height":1590,"url":"https:\/\/www.musee-lalique.com\/wp-content\/uploads\/2025\/04\/arcades-des-champselysees-1232x1590.jpg","type":"image\/jpeg"}],"twitter_card":"summary_large_image","twitter_misc":{"Est. reading time":"1 minute"},"schema":{"@context":"https:\/\/schema.org","@graph":[{"@type":"WebPage","@id":"https:\/\/www.musee-lalique.com\/de\/rund-ums-museum\/wechselausstellungen\/2025-rene-lalique-architecte-et-decorateur\/2025-contenus-additionnels\/vases-tourbillons-et-pierrefonds\/","url":"https:\/\/www.musee-lalique.com\/de\/rund-ums-museum\/wechselausstellungen\/2025-rene-lalique-architecte-et-decorateur\/2025-contenus-additionnels\/vases-tourbillons-et-pierrefonds\/","name":"Vases Tourbillons und Pierrefonds - museelalique","isPartOf":{"@id":"https:\/\/musee-lalique.com\/#website"},"primaryImageOfPage":{"@id":"https:\/\/www.musee-lalique.com\/de\/rund-ums-museum\/wechselausstellungen\/2025-rene-lalique-architecte-et-decorateur\/2025-contenus-additionnels\/vases-tourbillons-et-pierrefonds\/#primaryimage"},"image":{"@id":"https:\/\/www.musee-lalique.com\/de\/rund-ums-museum\/wechselausstellungen\/2025-rene-lalique-architecte-et-decorateur\/2025-contenus-additionnels\/vases-tourbillons-et-pierrefonds\/#primaryimage"},"thumbnailUrl":"https:\/\/www.musee-lalique.com\/wp-content\/uploads\/2025\/04\/arcades-des-champselysees.jpg","datePublished":"2025-04-12T11:36:48+00:00","dateModified":"2025-04-23T15:57:17+00:00","breadcrumb":{"@id":"https:\/\/www.musee-lalique.com\/de\/rund-ums-museum\/wechselausstellungen\/2025-rene-lalique-architecte-et-decorateur\/2025-contenus-additionnels\/vases-tourbillons-et-pierrefonds\/#breadcrumb"},"inLanguage":"de-DE","potentialAction":[{"@type":"ReadAction","target":["https:\/\/www.musee-lalique.com\/de\/rund-ums-museum\/wechselausstellungen\/2025-rene-lalique-architecte-et-decorateur\/2025-contenus-additionnels\/vases-tourbillons-et-pierrefonds\/"]}]},{"@type":"ImageObject","inLanguage":"de-DE","@id":"https:\/\/www.musee-lalique.com\/de\/rund-ums-museum\/wechselausstellungen\/2025-rene-lalique-architecte-et-decorateur\/2025-contenus-additionnels\/vases-tourbillons-et-pierrefonds\/#primaryimage","url":"https:\/\/www.musee-lalique.com\/wp-content\/uploads\/2025\/04\/arcades-des-champselysees.jpg","contentUrl":"https:\/\/www.musee-lalique.com\/wp-content\/uploads\/2025\/04\/arcades-des-champselysees.jpg"},{"@type":"BreadcrumbList","@id":"https:\/\/www.musee-lalique.com\/de\/rund-ums-museum\/wechselausstellungen\/2025-rene-lalique-architecte-et-decorateur\/2025-contenus-additionnels\/vases-tourbillons-et-pierrefonds\/#breadcrumb","itemListElement":[{"@type":"ListItem","position":1,"name":"Home","item":"https:\/\/www.musee-lalique.com\/de\/"},{"@type":"ListItem","position":2,"name":"Rund ums Museum","item":"https:\/\/www.musee-lalique.com\/de\/rund-ums-museum\/"},{"@type":"ListItem","position":3,"name":"Wechselausstellungen","item":"https:\/\/www.musee-lalique.com\/de\/rund-ums-museum\/wechselausstellungen\/"},{"@type":"ListItem","position":4,"name":"2025 : Ren\u00e9 Lalique, Architekt und Dekorateur","item":"https:\/\/www.musee-lalique.com\/de\/rund-ums-museum\/wechselausstellungen\/2025-rene-lalique-architecte-et-decorateur\/"},{"@type":"ListItem","position":5,"name":"2025 : zus\u00e4tzlichen Inhalten","item":"https:\/\/www.musee-lalique.com\/de\/rund-ums-museum\/wechselausstellungen\/2025-rene-lalique-architecte-et-decorateur\/2025-contenus-additionnels\/"},{"@type":"ListItem","position":6,"name":"Vases Tourbillons und Pierrefonds"}]},{"@type":"WebSite","@id":"https:\/\/musee-lalique.com\/#website","url":"https:\/\/musee-lalique.com\/","name":"museelalique","description":"","potentialAction":[{"@type":"SearchAction","target":{"@type":"EntryPoint","urlTemplate":"https:\/\/musee-lalique.com\/?s={search_term_string}"},"query-input":{"@type":"PropertyValueSpecification","valueRequired":true,"valueName":"search_term_string"}}],"inLanguage":"de-DE"}]}},"_links":{"self":[{"href":"https:\/\/www.musee-lalique.com\/de\/wp-json\/wp\/v2\/pages\/14437","targetHints":{"allow":["GET"]}}],"collection":[{"href":"https:\/\/www.musee-lalique.com\/de\/wp-json\/wp\/v2\/pages"}],"about":[{"href":"https:\/\/www.musee-lalique.com\/de\/wp-json\/wp\/v2\/types\/page"}],"author":[{"embeddable":true,"href":"https:\/\/www.musee-lalique.com\/de\/wp-json\/wp\/v2\/users\/6"}],"replies":[{"embeddable":true,"href":"https:\/\/www.musee-lalique.com\/de\/wp-json\/wp\/v2\/comments?post=14437"}],"version-history":[{"count":3,"href":"https:\/\/www.musee-lalique.com\/de\/wp-json\/wp\/v2\/pages\/14437\/revisions"}],"predecessor-version":[{"id":14444,"href":"https:\/\/www.musee-lalique.com\/de\/wp-json\/wp\/v2\/pages\/14437\/revisions\/14444"}],"up":[{"embeddable":true,"href":"https:\/\/www.musee-lalique.com\/de\/wp-json\/wp\/v2\/pages\/14333"}],"wp:attachment":[{"href":"https:\/\/www.musee-lalique.com\/de\/wp-json\/wp\/v2\/media?parent=14437"}],"curies":[{"name":"wp","href":"https:\/\/api.w.org\/{rel}","templated":true}]}}