{"id":14412,"date":"2025-04-12T13:12:18","date_gmt":"2025-04-12T11:12:18","guid":{"rendered":"https:\/\/www.musee-lalique.com\/rund-ums-museum\/wechselausstellungen\/2025-rene-lalique-architecte-et-decorateur\/2025-contenus-additionnels\/statue-cherubins-enlaces\/"},"modified":"2025-04-23T17:22:01","modified_gmt":"2025-04-23T15:22:01","slug":"statue-cherubins-enlaces","status":"publish","type":"page","link":"https:\/\/www.musee-lalique.com\/de\/rund-ums-museum\/wechselausstellungen\/2025-rene-lalique-architecte-et-decorateur\/2025-contenus-additionnels\/statue-cherubins-enlaces\/","title":{"rendered":"Statue Ch\u00e9rubins enlac\u00e9s (Einander umarmende Cherubim)"},"content":{"rendered":"<p>Entworfen 1930<\/p>\n<p>1930 wurde Ren\u00e9 Lalique mit der Ausstattung des Speisezimmers von Jeanne Paquin beauftragt. Bevor Lalique seine Werke bei der ber\u00fchmten Modesch\u00f6pferin installierte, pr\u00e4sentierte er sie auf dem <em>Salon des artistes d\u00e9corateurs<\/em>. Der vollst\u00e4ndig mit kleinen eingelassenen, das Licht reflektierenden Glasquadraten besetztem, gebleichtem Bergahorn get\u00e4felte Raum verf\u00fcgte \u00fcber ein Eichenparkett, das von einem breiten Travertin-Band eingerahmt war. In der Mitte des Raums befand sich ein imposanter Tisch mit einer Glasplatte und auf einer Seite eine Travertin-Konsole, die mit einem <em>Amour<\/em>-Tafelaufsatz geschm\u00fcckt war. Aber das \u00dcberraschungsmoment war ein in eine Nische eingelassener Brunnen, der mit einem Bogen mit Glastafeln mit Blumen- und Fruchtmotiven geschm\u00fcckt war. In der Mitte der Nische ruhte vor einem Hintergrund von transparenten Kacheln diese beeindruckende Skulptur, die zwei einander umarmende Kinder auf vier Stufen aus Glas, die eine Pyramide formen, zeigt.<\/p>\n<p>&nbsp;<\/p>\n<p><img loading=\"lazy\" decoding=\"async\" class=\"alignnone wp-image-14167\" src=\"https:\/\/www.musee-lalique.com\/wp-content\/uploads\/2025\/04\/salle-a-manger-lalique-projet-mme-paquin-salon-artistes.jpg\" alt=\"\" width=\"763\" height=\"560\" srcset=\"https:\/\/www.musee-lalique.com\/wp-content\/uploads\/2025\/04\/salle-a-manger-lalique-projet-mme-paquin-salon-artistes.jpg 4928w, https:\/\/www.musee-lalique.com\/wp-content\/uploads\/2025\/04\/salle-a-manger-lalique-projet-mme-paquin-salon-artistes-300x220.jpg 300w, https:\/\/www.musee-lalique.com\/wp-content\/uploads\/2025\/04\/salle-a-manger-lalique-projet-mme-paquin-salon-artistes-1232x905.jpg 1232w, https:\/\/www.musee-lalique.com\/wp-content\/uploads\/2025\/04\/salle-a-manger-lalique-projet-mme-paquin-salon-artistes-768x564.jpg 768w, https:\/\/www.musee-lalique.com\/wp-content\/uploads\/2025\/04\/salle-a-manger-lalique-projet-mme-paquin-salon-artistes-1536x1128.jpg 1536w, https:\/\/www.musee-lalique.com\/wp-content\/uploads\/2025\/04\/salle-a-manger-lalique-projet-mme-paquin-salon-artistes-2048x1504.jpg 2048w, https:\/\/www.musee-lalique.com\/wp-content\/uploads\/2025\/04\/salle-a-manger-lalique-projet-mme-paquin-salon-artistes-1184x870.jpg 1184w, https:\/\/www.musee-lalique.com\/wp-content\/uploads\/2025\/04\/salle-a-manger-lalique-projet-mme-paquin-salon-artistes-592x435.jpg 592w, https:\/\/www.musee-lalique.com\/wp-content\/uploads\/2025\/04\/salle-a-manger-lalique-projet-mme-paquin-salon-artistes-1984x1457.jpg 1984w, https:\/\/www.musee-lalique.com\/wp-content\/uploads\/2025\/04\/salle-a-manger-lalique-projet-mme-paquin-salon-artistes-992x729.jpg 992w, https:\/\/www.musee-lalique.com\/wp-content\/uploads\/2025\/04\/salle-a-manger-lalique-projet-mme-paquin-salon-artistes-580x426.jpg 580w, https:\/\/www.musee-lalique.com\/wp-content\/uploads\/2025\/04\/salle-a-manger-lalique-projet-mme-paquin-salon-artistes-290x213.jpg 290w, https:\/\/www.musee-lalique.com\/wp-content\/uploads\/2025\/04\/salle-a-manger-lalique-projet-mme-paquin-salon-artistes-681x500.jpg 681w, https:\/\/www.musee-lalique.com\/wp-content\/uploads\/2025\/04\/salle-a-manger-lalique-projet-mme-paquin-salon-artistes-340x250.jpg 340w\" sizes=\"auto, (max-width: 763px) 100vw, 763px\" \/><\/p>\n","protected":false},"excerpt":{"rendered":"<p>Entworfen 1930 1930 wurde Ren\u00e9 Lalique mit der Ausstattung des Speisezimmers von Jeanne Paquin beauftragt. Bevor Lalique seine Werke bei der ber\u00fchmten Modesch\u00f6pferin installierte, pr\u00e4sentierte er sie auf dem Salon des artistes d\u00e9corateurs. Der vollst\u00e4ndig mit kleinen eingelassenen, das Licht reflektierenden Glasquadraten besetztem, gebleichtem Bergahorn get\u00e4felte Raum verf\u00fcgte \u00fcber ein Eichenparkett, das von einem breiten [&hellip;]<\/p>\n","protected":false},"author":6,"featured_media":0,"parent":14333,"menu_order":0,"comment_status":"closed","ping_status":"closed","template":"","meta":{"_acf_changed":false,"footnotes":""},"class_list":["post-14412","page","type-page","status-publish","hentry"],"acf":[],"yoast_head":"<!-- This site is optimized with the Yoast SEO plugin v27.3 - https:\/\/yoast.com\/product\/yoast-seo-wordpress\/ -->\n<title>Statue Ch\u00e9rubins enlac\u00e9s (Einander umarmende Cherubim) - museelalique<\/title>\n<meta name=\"robots\" content=\"index, follow, max-snippet:-1, max-image-preview:large, max-video-preview:-1\" \/>\n<link rel=\"canonical\" href=\"https:\/\/www.musee-lalique.com\/de\/rund-ums-museum\/wechselausstellungen\/2025-rene-lalique-architecte-et-decorateur\/2025-contenus-additionnels\/statue-cherubins-enlaces\/\" \/>\n<meta property=\"og:locale\" content=\"de_DE\" \/>\n<meta property=\"og:type\" content=\"article\" \/>\n<meta property=\"og:title\" content=\"Statue Ch\u00e9rubins enlac\u00e9s (Einander umarmende Cherubim) - museelalique\" \/>\n<meta property=\"og:description\" content=\"Entworfen 1930 1930 wurde Ren\u00e9 Lalique mit der Ausstattung des Speisezimmers von Jeanne Paquin beauftragt. Bevor Lalique seine Werke bei der ber\u00fchmten Modesch\u00f6pferin installierte, pr\u00e4sentierte er sie auf dem Salon des artistes d\u00e9corateurs. Der vollst\u00e4ndig mit kleinen eingelassenen, das Licht reflektierenden Glasquadraten besetztem, gebleichtem Bergahorn get\u00e4felte Raum verf\u00fcgte \u00fcber ein Eichenparkett, das von einem breiten [&hellip;]\" \/>\n<meta property=\"og:url\" content=\"https:\/\/www.musee-lalique.com\/de\/rund-ums-museum\/wechselausstellungen\/2025-rene-lalique-architecte-et-decorateur\/2025-contenus-additionnels\/statue-cherubins-enlaces\/\" \/>\n<meta property=\"og:site_name\" content=\"museelalique\" \/>\n<meta property=\"article:modified_time\" content=\"2025-04-23T15:22:01+00:00\" \/>\n<meta property=\"og:image\" content=\"https:\/\/www.musee-lalique.com\/wp-content\/uploads\/2025\/04\/salle-a-manger-lalique-projet-mme-paquin-salon-artistes.jpg\" \/>\n\t<meta property=\"og:image:width\" content=\"4928\" \/>\n\t<meta property=\"og:image:height\" content=\"3620\" \/>\n\t<meta property=\"og:image:type\" content=\"image\/jpeg\" \/>\n<meta name=\"twitter:card\" content=\"summary_large_image\" \/>\n<meta name=\"twitter:label1\" content=\"Est. reading time\" \/>\n\t<meta name=\"twitter:data1\" content=\"2 minutes\" \/>\n<script type=\"application\/ld+json\" class=\"yoast-schema-graph\">{\"@context\":\"https:\\\/\\\/schema.org\",\"@graph\":[{\"@type\":\"WebPage\",\"@id\":\"https:\\\/\\\/www.musee-lalique.com\\\/de\\\/rund-ums-museum\\\/wechselausstellungen\\\/2025-rene-lalique-architecte-et-decorateur\\\/2025-contenus-additionnels\\\/statue-cherubins-enlaces\\\/\",\"url\":\"https:\\\/\\\/www.musee-lalique.com\\\/de\\\/rund-ums-museum\\\/wechselausstellungen\\\/2025-rene-lalique-architecte-et-decorateur\\\/2025-contenus-additionnels\\\/statue-cherubins-enlaces\\\/\",\"name\":\"Statue Ch\u00e9rubins enlac\u00e9s (Einander umarmende Cherubim) - museelalique\",\"isPartOf\":{\"@id\":\"https:\\\/\\\/musee-lalique.com\\\/#website\"},\"primaryImageOfPage\":{\"@id\":\"https:\\\/\\\/www.musee-lalique.com\\\/de\\\/rund-ums-museum\\\/wechselausstellungen\\\/2025-rene-lalique-architecte-et-decorateur\\\/2025-contenus-additionnels\\\/statue-cherubins-enlaces\\\/#primaryimage\"},\"image\":{\"@id\":\"https:\\\/\\\/www.musee-lalique.com\\\/de\\\/rund-ums-museum\\\/wechselausstellungen\\\/2025-rene-lalique-architecte-et-decorateur\\\/2025-contenus-additionnels\\\/statue-cherubins-enlaces\\\/#primaryimage\"},\"thumbnailUrl\":\"https:\\\/\\\/www.musee-lalique.com\\\/wp-content\\\/uploads\\\/2025\\\/04\\\/salle-a-manger-lalique-projet-mme-paquin-salon-artistes.jpg\",\"datePublished\":\"2025-04-12T11:12:18+00:00\",\"dateModified\":\"2025-04-23T15:22:01+00:00\",\"breadcrumb\":{\"@id\":\"https:\\\/\\\/www.musee-lalique.com\\\/de\\\/rund-ums-museum\\\/wechselausstellungen\\\/2025-rene-lalique-architecte-et-decorateur\\\/2025-contenus-additionnels\\\/statue-cherubins-enlaces\\\/#breadcrumb\"},\"inLanguage\":\"de-DE\",\"potentialAction\":[{\"@type\":\"ReadAction\",\"target\":[\"https:\\\/\\\/www.musee-lalique.com\\\/de\\\/rund-ums-museum\\\/wechselausstellungen\\\/2025-rene-lalique-architecte-et-decorateur\\\/2025-contenus-additionnels\\\/statue-cherubins-enlaces\\\/\"]}]},{\"@type\":\"ImageObject\",\"inLanguage\":\"de-DE\",\"@id\":\"https:\\\/\\\/www.musee-lalique.com\\\/de\\\/rund-ums-museum\\\/wechselausstellungen\\\/2025-rene-lalique-architecte-et-decorateur\\\/2025-contenus-additionnels\\\/statue-cherubins-enlaces\\\/#primaryimage\",\"url\":\"https:\\\/\\\/www.musee-lalique.com\\\/wp-content\\\/uploads\\\/2025\\\/04\\\/salle-a-manger-lalique-projet-mme-paquin-salon-artistes.jpg\",\"contentUrl\":\"https:\\\/\\\/www.musee-lalique.com\\\/wp-content\\\/uploads\\\/2025\\\/04\\\/salle-a-manger-lalique-projet-mme-paquin-salon-artistes.jpg\"},{\"@type\":\"BreadcrumbList\",\"@id\":\"https:\\\/\\\/www.musee-lalique.com\\\/de\\\/rund-ums-museum\\\/wechselausstellungen\\\/2025-rene-lalique-architecte-et-decorateur\\\/2025-contenus-additionnels\\\/statue-cherubins-enlaces\\\/#breadcrumb\",\"itemListElement\":[{\"@type\":\"ListItem\",\"position\":1,\"name\":\"Home\",\"item\":\"https:\\\/\\\/www.musee-lalique.com\\\/de\\\/\"},{\"@type\":\"ListItem\",\"position\":2,\"name\":\"Rund ums Museum\",\"item\":\"https:\\\/\\\/www.musee-lalique.com\\\/de\\\/rund-ums-museum\\\/\"},{\"@type\":\"ListItem\",\"position\":3,\"name\":\"Wechselausstellungen\",\"item\":\"https:\\\/\\\/www.musee-lalique.com\\\/de\\\/rund-ums-museum\\\/wechselausstellungen\\\/\"},{\"@type\":\"ListItem\",\"position\":4,\"name\":\"2025 : Ren\u00e9 Lalique, Architekt und Dekorateur\",\"item\":\"https:\\\/\\\/www.musee-lalique.com\\\/de\\\/rund-ums-museum\\\/wechselausstellungen\\\/2025-rene-lalique-architecte-et-decorateur\\\/\"},{\"@type\":\"ListItem\",\"position\":5,\"name\":\"2025 : zus\u00e4tzlichen Inhalten\",\"item\":\"https:\\\/\\\/www.musee-lalique.com\\\/de\\\/rund-ums-museum\\\/wechselausstellungen\\\/2025-rene-lalique-architecte-et-decorateur\\\/2025-contenus-additionnels\\\/\"},{\"@type\":\"ListItem\",\"position\":6,\"name\":\"Statue Ch\u00e9rubins enlac\u00e9s (Einander umarmende Cherubim)\"}]},{\"@type\":\"WebSite\",\"@id\":\"https:\\\/\\\/musee-lalique.com\\\/#website\",\"url\":\"https:\\\/\\\/musee-lalique.com\\\/\",\"name\":\"museelalique\",\"description\":\"\",\"potentialAction\":[{\"@type\":\"SearchAction\",\"target\":{\"@type\":\"EntryPoint\",\"urlTemplate\":\"https:\\\/\\\/musee-lalique.com\\\/?s={search_term_string}\"},\"query-input\":{\"@type\":\"PropertyValueSpecification\",\"valueRequired\":true,\"valueName\":\"search_term_string\"}}],\"inLanguage\":\"de-DE\"}]}<\/script>\n<!-- \/ Yoast SEO plugin. -->","yoast_head_json":{"title":"Statue Ch\u00e9rubins enlac\u00e9s (Einander umarmende Cherubim) - museelalique","robots":{"index":"index","follow":"follow","max-snippet":"max-snippet:-1","max-image-preview":"max-image-preview:large","max-video-preview":"max-video-preview:-1"},"canonical":"https:\/\/www.musee-lalique.com\/de\/rund-ums-museum\/wechselausstellungen\/2025-rene-lalique-architecte-et-decorateur\/2025-contenus-additionnels\/statue-cherubins-enlaces\/","og_locale":"de_DE","og_type":"article","og_title":"Statue Ch\u00e9rubins enlac\u00e9s (Einander umarmende Cherubim) - museelalique","og_description":"Entworfen 1930 1930 wurde Ren\u00e9 Lalique mit der Ausstattung des Speisezimmers von Jeanne Paquin beauftragt. Bevor Lalique seine Werke bei der ber\u00fchmten Modesch\u00f6pferin installierte, pr\u00e4sentierte er sie auf dem Salon des artistes d\u00e9corateurs. Der vollst\u00e4ndig mit kleinen eingelassenen, das Licht reflektierenden Glasquadraten besetztem, gebleichtem Bergahorn get\u00e4felte Raum verf\u00fcgte \u00fcber ein Eichenparkett, das von einem breiten [&hellip;]","og_url":"https:\/\/www.musee-lalique.com\/de\/rund-ums-museum\/wechselausstellungen\/2025-rene-lalique-architecte-et-decorateur\/2025-contenus-additionnels\/statue-cherubins-enlaces\/","og_site_name":"museelalique","article_modified_time":"2025-04-23T15:22:01+00:00","og_image":[{"width":4928,"height":3620,"url":"https:\/\/www.musee-lalique.com\/wp-content\/uploads\/2025\/04\/salle-a-manger-lalique-projet-mme-paquin-salon-artistes.jpg","type":"image\/jpeg"}],"twitter_card":"summary_large_image","twitter_misc":{"Est. reading time":"2 minutes"},"schema":{"@context":"https:\/\/schema.org","@graph":[{"@type":"WebPage","@id":"https:\/\/www.musee-lalique.com\/de\/rund-ums-museum\/wechselausstellungen\/2025-rene-lalique-architecte-et-decorateur\/2025-contenus-additionnels\/statue-cherubins-enlaces\/","url":"https:\/\/www.musee-lalique.com\/de\/rund-ums-museum\/wechselausstellungen\/2025-rene-lalique-architecte-et-decorateur\/2025-contenus-additionnels\/statue-cherubins-enlaces\/","name":"Statue Ch\u00e9rubins enlac\u00e9s (Einander umarmende Cherubim) - museelalique","isPartOf":{"@id":"https:\/\/musee-lalique.com\/#website"},"primaryImageOfPage":{"@id":"https:\/\/www.musee-lalique.com\/de\/rund-ums-museum\/wechselausstellungen\/2025-rene-lalique-architecte-et-decorateur\/2025-contenus-additionnels\/statue-cherubins-enlaces\/#primaryimage"},"image":{"@id":"https:\/\/www.musee-lalique.com\/de\/rund-ums-museum\/wechselausstellungen\/2025-rene-lalique-architecte-et-decorateur\/2025-contenus-additionnels\/statue-cherubins-enlaces\/#primaryimage"},"thumbnailUrl":"https:\/\/www.musee-lalique.com\/wp-content\/uploads\/2025\/04\/salle-a-manger-lalique-projet-mme-paquin-salon-artistes.jpg","datePublished":"2025-04-12T11:12:18+00:00","dateModified":"2025-04-23T15:22:01+00:00","breadcrumb":{"@id":"https:\/\/www.musee-lalique.com\/de\/rund-ums-museum\/wechselausstellungen\/2025-rene-lalique-architecte-et-decorateur\/2025-contenus-additionnels\/statue-cherubins-enlaces\/#breadcrumb"},"inLanguage":"de-DE","potentialAction":[{"@type":"ReadAction","target":["https:\/\/www.musee-lalique.com\/de\/rund-ums-museum\/wechselausstellungen\/2025-rene-lalique-architecte-et-decorateur\/2025-contenus-additionnels\/statue-cherubins-enlaces\/"]}]},{"@type":"ImageObject","inLanguage":"de-DE","@id":"https:\/\/www.musee-lalique.com\/de\/rund-ums-museum\/wechselausstellungen\/2025-rene-lalique-architecte-et-decorateur\/2025-contenus-additionnels\/statue-cherubins-enlaces\/#primaryimage","url":"https:\/\/www.musee-lalique.com\/wp-content\/uploads\/2025\/04\/salle-a-manger-lalique-projet-mme-paquin-salon-artistes.jpg","contentUrl":"https:\/\/www.musee-lalique.com\/wp-content\/uploads\/2025\/04\/salle-a-manger-lalique-projet-mme-paquin-salon-artistes.jpg"},{"@type":"BreadcrumbList","@id":"https:\/\/www.musee-lalique.com\/de\/rund-ums-museum\/wechselausstellungen\/2025-rene-lalique-architecte-et-decorateur\/2025-contenus-additionnels\/statue-cherubins-enlaces\/#breadcrumb","itemListElement":[{"@type":"ListItem","position":1,"name":"Home","item":"https:\/\/www.musee-lalique.com\/de\/"},{"@type":"ListItem","position":2,"name":"Rund ums Museum","item":"https:\/\/www.musee-lalique.com\/de\/rund-ums-museum\/"},{"@type":"ListItem","position":3,"name":"Wechselausstellungen","item":"https:\/\/www.musee-lalique.com\/de\/rund-ums-museum\/wechselausstellungen\/"},{"@type":"ListItem","position":4,"name":"2025 : Ren\u00e9 Lalique, Architekt und Dekorateur","item":"https:\/\/www.musee-lalique.com\/de\/rund-ums-museum\/wechselausstellungen\/2025-rene-lalique-architecte-et-decorateur\/"},{"@type":"ListItem","position":5,"name":"2025 : zus\u00e4tzlichen Inhalten","item":"https:\/\/www.musee-lalique.com\/de\/rund-ums-museum\/wechselausstellungen\/2025-rene-lalique-architecte-et-decorateur\/2025-contenus-additionnels\/"},{"@type":"ListItem","position":6,"name":"Statue Ch\u00e9rubins enlac\u00e9s (Einander umarmende Cherubim)"}]},{"@type":"WebSite","@id":"https:\/\/musee-lalique.com\/#website","url":"https:\/\/musee-lalique.com\/","name":"museelalique","description":"","potentialAction":[{"@type":"SearchAction","target":{"@type":"EntryPoint","urlTemplate":"https:\/\/musee-lalique.com\/?s={search_term_string}"},"query-input":{"@type":"PropertyValueSpecification","valueRequired":true,"valueName":"search_term_string"}}],"inLanguage":"de-DE"}]}},"_links":{"self":[{"href":"https:\/\/www.musee-lalique.com\/de\/wp-json\/wp\/v2\/pages\/14412","targetHints":{"allow":["GET"]}}],"collection":[{"href":"https:\/\/www.musee-lalique.com\/de\/wp-json\/wp\/v2\/pages"}],"about":[{"href":"https:\/\/www.musee-lalique.com\/de\/wp-json\/wp\/v2\/types\/page"}],"author":[{"embeddable":true,"href":"https:\/\/www.musee-lalique.com\/de\/wp-json\/wp\/v2\/users\/6"}],"replies":[{"embeddable":true,"href":"https:\/\/www.musee-lalique.com\/de\/wp-json\/wp\/v2\/comments?post=14412"}],"version-history":[{"count":2,"href":"https:\/\/www.musee-lalique.com\/de\/wp-json\/wp\/v2\/pages\/14412\/revisions"}],"predecessor-version":[{"id":14417,"href":"https:\/\/www.musee-lalique.com\/de\/wp-json\/wp\/v2\/pages\/14412\/revisions\/14417"}],"up":[{"embeddable":true,"href":"https:\/\/www.musee-lalique.com\/de\/wp-json\/wp\/v2\/pages\/14333"}],"wp:attachment":[{"href":"https:\/\/www.musee-lalique.com\/de\/wp-json\/wp\/v2\/media?parent=14412"}],"curies":[{"name":"wp","href":"https:\/\/api.w.org\/{rel}","templated":true}]}}