{"id":14396,"date":"2025-04-12T12:17:51","date_gmt":"2025-04-12T10:17:51","guid":{"rendered":"https:\/\/www.musee-lalique.com\/rund-ums-museum\/wechselausstellungen\/2025-rene-lalique-architecte-et-decorateur\/2025-contenus-additionnels\/fontaine-poissons\/"},"modified":"2025-04-23T17:01:39","modified_gmt":"2025-04-23T15:01:39","slug":"fontaine-poissons","status":"publish","type":"page","link":"https:\/\/www.musee-lalique.com\/de\/rund-ums-museum\/wechselausstellungen\/2025-rene-lalique-architecte-et-decorateur\/2025-contenus-additionnels\/fontaine-poissons\/","title":{"rendered":"Der Brunnen Poissons (Fische)"},"content":{"rendered":"<p>Neuauflage eines 1937 von Ren\u00e9 Lalique entworfenen Modells<\/p>\n<p>F\u00fcr die <em>Exposition internationale des Arts et Techniques dans la vie moderne<\/em> 1937 schuf Lalique zwei Brunnen, einen mit dem Titel <em>Poissons<\/em> (Fische) und einen anderen, monumentaleren mit dem Titel <em>Jet d\u2019eau<\/em> (Font\u00e4ne). Sie geh\u00f6ren zu den letzten Werken des K\u00fcnstlers. Ihre geometrische Komposition und ihre Art der Beleuchtung f\u00fcgen sich hervorragend in die k\u00fcnstlerischen und architektonischen Entwicklungen der Zeit ein. Die Leichtigkeit und der Klassizismus Ren\u00e9 Laliques sind dennoch nach wie vor erkennbar und die Poesie des Konzepts hat Vorrang vor der Starre der grafischen Komposition. Die Glaskugeln oder \u2013blasen, die in die Masse eingeschlossen sind, sind eine echte Metapher f\u00fcr die Beziehung zwischen dem Glas, dem Licht und dem Wasser. Der Brunnen <em>Poissons<\/em> wird heute von der Manufaktur Lalique in Kristall neu herausgegeben.<\/p>\n<p>&nbsp;<\/p>\n<p><img loading=\"lazy\" decoding=\"async\" class=\"alignnone wp-image-14040\" src=\"https:\/\/www.musee-lalique.com\/wp-content\/uploads\/2025\/04\/fontaine-poissons.jpg\" alt=\"Fontaine Poissons en verre\" width=\"930\" height=\"637\" srcset=\"https:\/\/www.musee-lalique.com\/wp-content\/uploads\/2025\/04\/fontaine-poissons.jpg 2807w, https:\/\/www.musee-lalique.com\/wp-content\/uploads\/2025\/04\/fontaine-poissons-300x206.jpg 300w, https:\/\/www.musee-lalique.com\/wp-content\/uploads\/2025\/04\/fontaine-poissons-1232x844.jpg 1232w, https:\/\/www.musee-lalique.com\/wp-content\/uploads\/2025\/04\/fontaine-poissons-768x526.jpg 768w, https:\/\/www.musee-lalique.com\/wp-content\/uploads\/2025\/04\/fontaine-poissons-1536x1053.jpg 1536w, https:\/\/www.musee-lalique.com\/wp-content\/uploads\/2025\/04\/fontaine-poissons-2048x1404.jpg 2048w, https:\/\/www.musee-lalique.com\/wp-content\/uploads\/2025\/04\/fontaine-poissons-1184x812.jpg 1184w, https:\/\/www.musee-lalique.com\/wp-content\/uploads\/2025\/04\/fontaine-poissons-592x406.jpg 592w, https:\/\/www.musee-lalique.com\/wp-content\/uploads\/2025\/04\/fontaine-poissons-1984x1360.jpg 1984w, https:\/\/www.musee-lalique.com\/wp-content\/uploads\/2025\/04\/fontaine-poissons-992x680.jpg 992w, https:\/\/www.musee-lalique.com\/wp-content\/uploads\/2025\/04\/fontaine-poissons-580x398.jpg 580w, https:\/\/www.musee-lalique.com\/wp-content\/uploads\/2025\/04\/fontaine-poissons-290x199.jpg 290w, https:\/\/www.musee-lalique.com\/wp-content\/uploads\/2025\/04\/fontaine-poissons-729x500.jpg 729w, https:\/\/www.musee-lalique.com\/wp-content\/uploads\/2025\/04\/fontaine-poissons-365x250.jpg 365w\" sizes=\"auto, (max-width: 930px) 100vw, 930px\" \/><\/p>\n","protected":false},"excerpt":{"rendered":"<p>Neuauflage eines 1937 von Ren\u00e9 Lalique entworfenen Modells F\u00fcr die Exposition internationale des Arts et Techniques dans la vie moderne 1937 schuf Lalique zwei Brunnen, einen mit dem Titel Poissons (Fische) und einen anderen, monumentaleren mit dem Titel Jet d\u2019eau (Font\u00e4ne). Sie geh\u00f6ren zu den letzten Werken des K\u00fcnstlers. Ihre geometrische Komposition und ihre Art [&hellip;]<\/p>\n","protected":false},"author":6,"featured_media":0,"parent":14333,"menu_order":0,"comment_status":"closed","ping_status":"closed","template":"","meta":{"_acf_changed":false,"footnotes":""},"class_list":["post-14396","page","type-page","status-publish","hentry"],"acf":[],"yoast_head":"<!-- This site is optimized with the Yoast SEO plugin v27.3 - https:\/\/yoast.com\/product\/yoast-seo-wordpress\/ -->\n<title>Der Brunnen Poissons (Fische) - museelalique<\/title>\n<meta name=\"robots\" content=\"index, follow, max-snippet:-1, max-image-preview:large, max-video-preview:-1\" \/>\n<link rel=\"canonical\" href=\"https:\/\/www.musee-lalique.com\/de\/rund-ums-museum\/wechselausstellungen\/2025-rene-lalique-architecte-et-decorateur\/2025-contenus-additionnels\/fontaine-poissons\/\" \/>\n<meta property=\"og:locale\" content=\"de_DE\" \/>\n<meta property=\"og:type\" content=\"article\" \/>\n<meta property=\"og:title\" content=\"Der Brunnen Poissons (Fische) - museelalique\" \/>\n<meta property=\"og:description\" content=\"Neuauflage eines 1937 von Ren\u00e9 Lalique entworfenen Modells F\u00fcr die Exposition internationale des Arts et Techniques dans la vie moderne 1937 schuf Lalique zwei Brunnen, einen mit dem Titel Poissons (Fische) und einen anderen, monumentaleren mit dem Titel Jet d\u2019eau (Font\u00e4ne). Sie geh\u00f6ren zu den letzten Werken des K\u00fcnstlers. Ihre geometrische Komposition und ihre Art [&hellip;]\" \/>\n<meta property=\"og:url\" content=\"https:\/\/www.musee-lalique.com\/de\/rund-ums-museum\/wechselausstellungen\/2025-rene-lalique-architecte-et-decorateur\/2025-contenus-additionnels\/fontaine-poissons\/\" \/>\n<meta property=\"og:site_name\" content=\"museelalique\" \/>\n<meta property=\"article:modified_time\" content=\"2025-04-23T15:01:39+00:00\" \/>\n<meta property=\"og:image\" content=\"https:\/\/www.musee-lalique.com\/wp-content\/uploads\/2025\/04\/fontaine-poissons.jpg\" \/>\n\t<meta property=\"og:image:width\" content=\"2807\" \/>\n\t<meta property=\"og:image:height\" content=\"1924\" \/>\n\t<meta property=\"og:image:type\" content=\"image\/jpeg\" \/>\n<meta name=\"twitter:card\" content=\"summary_large_image\" \/>\n<meta name=\"twitter:label1\" content=\"Est. reading time\" \/>\n\t<meta name=\"twitter:data1\" content=\"2 minutes\" \/>\n<script type=\"application\/ld+json\" class=\"yoast-schema-graph\">{\"@context\":\"https:\\\/\\\/schema.org\",\"@graph\":[{\"@type\":\"WebPage\",\"@id\":\"https:\\\/\\\/www.musee-lalique.com\\\/de\\\/rund-ums-museum\\\/wechselausstellungen\\\/2025-rene-lalique-architecte-et-decorateur\\\/2025-contenus-additionnels\\\/fontaine-poissons\\\/\",\"url\":\"https:\\\/\\\/www.musee-lalique.com\\\/de\\\/rund-ums-museum\\\/wechselausstellungen\\\/2025-rene-lalique-architecte-et-decorateur\\\/2025-contenus-additionnels\\\/fontaine-poissons\\\/\",\"name\":\"Der Brunnen Poissons (Fische) - museelalique\",\"isPartOf\":{\"@id\":\"https:\\\/\\\/musee-lalique.com\\\/#website\"},\"primaryImageOfPage\":{\"@id\":\"https:\\\/\\\/www.musee-lalique.com\\\/de\\\/rund-ums-museum\\\/wechselausstellungen\\\/2025-rene-lalique-architecte-et-decorateur\\\/2025-contenus-additionnels\\\/fontaine-poissons\\\/#primaryimage\"},\"image\":{\"@id\":\"https:\\\/\\\/www.musee-lalique.com\\\/de\\\/rund-ums-museum\\\/wechselausstellungen\\\/2025-rene-lalique-architecte-et-decorateur\\\/2025-contenus-additionnels\\\/fontaine-poissons\\\/#primaryimage\"},\"thumbnailUrl\":\"https:\\\/\\\/www.musee-lalique.com\\\/wp-content\\\/uploads\\\/2025\\\/04\\\/fontaine-poissons.jpg\",\"datePublished\":\"2025-04-12T10:17:51+00:00\",\"dateModified\":\"2025-04-23T15:01:39+00:00\",\"breadcrumb\":{\"@id\":\"https:\\\/\\\/www.musee-lalique.com\\\/de\\\/rund-ums-museum\\\/wechselausstellungen\\\/2025-rene-lalique-architecte-et-decorateur\\\/2025-contenus-additionnels\\\/fontaine-poissons\\\/#breadcrumb\"},\"inLanguage\":\"de-DE\",\"potentialAction\":[{\"@type\":\"ReadAction\",\"target\":[\"https:\\\/\\\/www.musee-lalique.com\\\/de\\\/rund-ums-museum\\\/wechselausstellungen\\\/2025-rene-lalique-architecte-et-decorateur\\\/2025-contenus-additionnels\\\/fontaine-poissons\\\/\"]}]},{\"@type\":\"ImageObject\",\"inLanguage\":\"de-DE\",\"@id\":\"https:\\\/\\\/www.musee-lalique.com\\\/de\\\/rund-ums-museum\\\/wechselausstellungen\\\/2025-rene-lalique-architecte-et-decorateur\\\/2025-contenus-additionnels\\\/fontaine-poissons\\\/#primaryimage\",\"url\":\"https:\\\/\\\/www.musee-lalique.com\\\/wp-content\\\/uploads\\\/2025\\\/04\\\/fontaine-poissons.jpg\",\"contentUrl\":\"https:\\\/\\\/www.musee-lalique.com\\\/wp-content\\\/uploads\\\/2025\\\/04\\\/fontaine-poissons.jpg\"},{\"@type\":\"BreadcrumbList\",\"@id\":\"https:\\\/\\\/www.musee-lalique.com\\\/de\\\/rund-ums-museum\\\/wechselausstellungen\\\/2025-rene-lalique-architecte-et-decorateur\\\/2025-contenus-additionnels\\\/fontaine-poissons\\\/#breadcrumb\",\"itemListElement\":[{\"@type\":\"ListItem\",\"position\":1,\"name\":\"Home\",\"item\":\"https:\\\/\\\/www.musee-lalique.com\\\/de\\\/\"},{\"@type\":\"ListItem\",\"position\":2,\"name\":\"Rund ums Museum\",\"item\":\"https:\\\/\\\/www.musee-lalique.com\\\/de\\\/rund-ums-museum\\\/\"},{\"@type\":\"ListItem\",\"position\":3,\"name\":\"Wechselausstellungen\",\"item\":\"https:\\\/\\\/www.musee-lalique.com\\\/de\\\/rund-ums-museum\\\/wechselausstellungen\\\/\"},{\"@type\":\"ListItem\",\"position\":4,\"name\":\"2025 : Ren\u00e9 Lalique, Architekt und Dekorateur\",\"item\":\"https:\\\/\\\/www.musee-lalique.com\\\/de\\\/rund-ums-museum\\\/wechselausstellungen\\\/2025-rene-lalique-architecte-et-decorateur\\\/\"},{\"@type\":\"ListItem\",\"position\":5,\"name\":\"2025 : zus\u00e4tzlichen Inhalten\",\"item\":\"https:\\\/\\\/www.musee-lalique.com\\\/de\\\/rund-ums-museum\\\/wechselausstellungen\\\/2025-rene-lalique-architecte-et-decorateur\\\/2025-contenus-additionnels\\\/\"},{\"@type\":\"ListItem\",\"position\":6,\"name\":\"Der Brunnen Poissons (Fische)\"}]},{\"@type\":\"WebSite\",\"@id\":\"https:\\\/\\\/musee-lalique.com\\\/#website\",\"url\":\"https:\\\/\\\/musee-lalique.com\\\/\",\"name\":\"museelalique\",\"description\":\"\",\"potentialAction\":[{\"@type\":\"SearchAction\",\"target\":{\"@type\":\"EntryPoint\",\"urlTemplate\":\"https:\\\/\\\/musee-lalique.com\\\/?s={search_term_string}\"},\"query-input\":{\"@type\":\"PropertyValueSpecification\",\"valueRequired\":true,\"valueName\":\"search_term_string\"}}],\"inLanguage\":\"de-DE\"}]}<\/script>\n<!-- \/ Yoast SEO plugin. -->","yoast_head_json":{"title":"Der Brunnen Poissons (Fische) - museelalique","robots":{"index":"index","follow":"follow","max-snippet":"max-snippet:-1","max-image-preview":"max-image-preview:large","max-video-preview":"max-video-preview:-1"},"canonical":"https:\/\/www.musee-lalique.com\/de\/rund-ums-museum\/wechselausstellungen\/2025-rene-lalique-architecte-et-decorateur\/2025-contenus-additionnels\/fontaine-poissons\/","og_locale":"de_DE","og_type":"article","og_title":"Der Brunnen Poissons (Fische) - museelalique","og_description":"Neuauflage eines 1937 von Ren\u00e9 Lalique entworfenen Modells F\u00fcr die Exposition internationale des Arts et Techniques dans la vie moderne 1937 schuf Lalique zwei Brunnen, einen mit dem Titel Poissons (Fische) und einen anderen, monumentaleren mit dem Titel Jet d\u2019eau (Font\u00e4ne). Sie geh\u00f6ren zu den letzten Werken des K\u00fcnstlers. Ihre geometrische Komposition und ihre Art [&hellip;]","og_url":"https:\/\/www.musee-lalique.com\/de\/rund-ums-museum\/wechselausstellungen\/2025-rene-lalique-architecte-et-decorateur\/2025-contenus-additionnels\/fontaine-poissons\/","og_site_name":"museelalique","article_modified_time":"2025-04-23T15:01:39+00:00","og_image":[{"width":2807,"height":1924,"url":"https:\/\/www.musee-lalique.com\/wp-content\/uploads\/2025\/04\/fontaine-poissons.jpg","type":"image\/jpeg"}],"twitter_card":"summary_large_image","twitter_misc":{"Est. reading time":"2 minutes"},"schema":{"@context":"https:\/\/schema.org","@graph":[{"@type":"WebPage","@id":"https:\/\/www.musee-lalique.com\/de\/rund-ums-museum\/wechselausstellungen\/2025-rene-lalique-architecte-et-decorateur\/2025-contenus-additionnels\/fontaine-poissons\/","url":"https:\/\/www.musee-lalique.com\/de\/rund-ums-museum\/wechselausstellungen\/2025-rene-lalique-architecte-et-decorateur\/2025-contenus-additionnels\/fontaine-poissons\/","name":"Der Brunnen Poissons (Fische) - museelalique","isPartOf":{"@id":"https:\/\/musee-lalique.com\/#website"},"primaryImageOfPage":{"@id":"https:\/\/www.musee-lalique.com\/de\/rund-ums-museum\/wechselausstellungen\/2025-rene-lalique-architecte-et-decorateur\/2025-contenus-additionnels\/fontaine-poissons\/#primaryimage"},"image":{"@id":"https:\/\/www.musee-lalique.com\/de\/rund-ums-museum\/wechselausstellungen\/2025-rene-lalique-architecte-et-decorateur\/2025-contenus-additionnels\/fontaine-poissons\/#primaryimage"},"thumbnailUrl":"https:\/\/www.musee-lalique.com\/wp-content\/uploads\/2025\/04\/fontaine-poissons.jpg","datePublished":"2025-04-12T10:17:51+00:00","dateModified":"2025-04-23T15:01:39+00:00","breadcrumb":{"@id":"https:\/\/www.musee-lalique.com\/de\/rund-ums-museum\/wechselausstellungen\/2025-rene-lalique-architecte-et-decorateur\/2025-contenus-additionnels\/fontaine-poissons\/#breadcrumb"},"inLanguage":"de-DE","potentialAction":[{"@type":"ReadAction","target":["https:\/\/www.musee-lalique.com\/de\/rund-ums-museum\/wechselausstellungen\/2025-rene-lalique-architecte-et-decorateur\/2025-contenus-additionnels\/fontaine-poissons\/"]}]},{"@type":"ImageObject","inLanguage":"de-DE","@id":"https:\/\/www.musee-lalique.com\/de\/rund-ums-museum\/wechselausstellungen\/2025-rene-lalique-architecte-et-decorateur\/2025-contenus-additionnels\/fontaine-poissons\/#primaryimage","url":"https:\/\/www.musee-lalique.com\/wp-content\/uploads\/2025\/04\/fontaine-poissons.jpg","contentUrl":"https:\/\/www.musee-lalique.com\/wp-content\/uploads\/2025\/04\/fontaine-poissons.jpg"},{"@type":"BreadcrumbList","@id":"https:\/\/www.musee-lalique.com\/de\/rund-ums-museum\/wechselausstellungen\/2025-rene-lalique-architecte-et-decorateur\/2025-contenus-additionnels\/fontaine-poissons\/#breadcrumb","itemListElement":[{"@type":"ListItem","position":1,"name":"Home","item":"https:\/\/www.musee-lalique.com\/de\/"},{"@type":"ListItem","position":2,"name":"Rund ums Museum","item":"https:\/\/www.musee-lalique.com\/de\/rund-ums-museum\/"},{"@type":"ListItem","position":3,"name":"Wechselausstellungen","item":"https:\/\/www.musee-lalique.com\/de\/rund-ums-museum\/wechselausstellungen\/"},{"@type":"ListItem","position":4,"name":"2025 : Ren\u00e9 Lalique, Architekt und Dekorateur","item":"https:\/\/www.musee-lalique.com\/de\/rund-ums-museum\/wechselausstellungen\/2025-rene-lalique-architecte-et-decorateur\/"},{"@type":"ListItem","position":5,"name":"2025 : zus\u00e4tzlichen Inhalten","item":"https:\/\/www.musee-lalique.com\/de\/rund-ums-museum\/wechselausstellungen\/2025-rene-lalique-architecte-et-decorateur\/2025-contenus-additionnels\/"},{"@type":"ListItem","position":6,"name":"Der Brunnen Poissons (Fische)"}]},{"@type":"WebSite","@id":"https:\/\/musee-lalique.com\/#website","url":"https:\/\/musee-lalique.com\/","name":"museelalique","description":"","potentialAction":[{"@type":"SearchAction","target":{"@type":"EntryPoint","urlTemplate":"https:\/\/musee-lalique.com\/?s={search_term_string}"},"query-input":{"@type":"PropertyValueSpecification","valueRequired":true,"valueName":"search_term_string"}}],"inLanguage":"de-DE"}]}},"_links":{"self":[{"href":"https:\/\/www.musee-lalique.com\/de\/wp-json\/wp\/v2\/pages\/14396","targetHints":{"allow":["GET"]}}],"collection":[{"href":"https:\/\/www.musee-lalique.com\/de\/wp-json\/wp\/v2\/pages"}],"about":[{"href":"https:\/\/www.musee-lalique.com\/de\/wp-json\/wp\/v2\/types\/page"}],"author":[{"embeddable":true,"href":"https:\/\/www.musee-lalique.com\/de\/wp-json\/wp\/v2\/users\/6"}],"replies":[{"embeddable":true,"href":"https:\/\/www.musee-lalique.com\/de\/wp-json\/wp\/v2\/comments?post=14396"}],"version-history":[{"count":2,"href":"https:\/\/www.musee-lalique.com\/de\/wp-json\/wp\/v2\/pages\/14396\/revisions"}],"predecessor-version":[{"id":14399,"href":"https:\/\/www.musee-lalique.com\/de\/wp-json\/wp\/v2\/pages\/14396\/revisions\/14399"}],"up":[{"embeddable":true,"href":"https:\/\/www.musee-lalique.com\/de\/wp-json\/wp\/v2\/pages\/14333"}],"wp:attachment":[{"href":"https:\/\/www.musee-lalique.com\/de\/wp-json\/wp\/v2\/media?parent=14396"}],"curies":[{"name":"wp","href":"https:\/\/api.w.org\/{rel}","templated":true}]}}