{"id":14388,"date":"2025-04-12T14:29:41","date_gmt":"2025-04-12T12:29:41","guid":{"rendered":"https:\/\/www.musee-lalique.com\/rund-ums-museum\/wechselausstellungen\/2025-rene-lalique-architecte-et-decorateur\/2025-contenus-additionnels\/flacons-sans-adieu-et-je-reviens-pour-worth\/"},"modified":"2025-04-23T16:52:03","modified_gmt":"2025-04-23T14:52:03","slug":"flacons-sans-adieu-et-je-reviens-pour-worth","status":"publish","type":"page","link":"https:\/\/www.musee-lalique.com\/de\/rund-ums-museum\/wechselausstellungen\/2025-rene-lalique-architecte-et-decorateur\/2025-contenus-additionnels\/flacons-sans-adieu-et-je-reviens-pour-worth\/","title":{"rendered":"Flakons Sans adieu und Je reviens f\u00fcr Worth"},"content":{"rendered":"<p>Modelle entworfen 1929 und 1931<\/p>\n<p>Das 1858 gegr\u00fcndete, ber\u00fchmte Modehaus Worth wurde in den 1920er Jahren auf dem Parf\u00fcmmarkt aktiv. 1924 entwarf Ren\u00e9 Lalique den poetischen Flakon <em>Dans la nuit<\/em>, der gro\u00dfen Erfolg hatte. Im folgenden Jahr gestaltete er eine T\u00fcr aus Glas, schwarzem Marmor und vernickeltem Stahl f\u00fcr das Gesch\u00e4ft des Modesch\u00f6pfers und Parf\u00fcmkreateurs auf der Croisette in Cannes.<\/p>\n<p>Der gr\u00fcne Flakon f\u00fcr <em>Sans adieu<\/em> und der blaue f\u00fcr <em>Je reviens<\/em> bezogen sich 1929 und 1931 explizit auf die Wolkenkratzer, die auf der anderen Seite des Atlantiks mehr und mehr aus der Erde schossen. Eine Anzeige mit sieben verschiedenen Flakon-Modellen war zweifellos von der New-Yorker Skyline inspiriert, die von Paul Haviland, dem Schwiegersohn Laliques, um 1904 verewigt wurde.<\/p>\n<p>&nbsp;<\/p>\n<p>&nbsp;<\/p>\n","protected":false},"excerpt":{"rendered":"<p>Modelle entworfen 1929 und 1931 Das 1858 gegr\u00fcndete, ber\u00fchmte Modehaus Worth wurde in den 1920er Jahren auf dem Parf\u00fcmmarkt aktiv. 1924 entwarf Ren\u00e9 Lalique den poetischen Flakon Dans la nuit, der gro\u00dfen Erfolg hatte. Im folgenden Jahr gestaltete er eine T\u00fcr aus Glas, schwarzem Marmor und vernickeltem Stahl f\u00fcr das Gesch\u00e4ft des Modesch\u00f6pfers und Parf\u00fcmkreateurs [&hellip;]<\/p>\n","protected":false},"author":6,"featured_media":0,"parent":14333,"menu_order":0,"comment_status":"closed","ping_status":"closed","template":"","meta":{"_acf_changed":false,"footnotes":""},"class_list":["post-14388","page","type-page","status-publish","hentry"],"acf":[],"yoast_head":"<!-- This site is optimized with the Yoast SEO plugin v27.4 - https:\/\/yoast.com\/product\/yoast-seo-wordpress\/ -->\n<title>Flakons Sans adieu und Je reviens f\u00fcr Worth - museelalique<\/title>\n<meta name=\"robots\" content=\"index, follow, max-snippet:-1, max-image-preview:large, max-video-preview:-1\" \/>\n<link rel=\"canonical\" href=\"https:\/\/www.musee-lalique.com\/de\/rund-ums-museum\/wechselausstellungen\/2025-rene-lalique-architecte-et-decorateur\/2025-contenus-additionnels\/flacons-sans-adieu-et-je-reviens-pour-worth\/\" \/>\n<meta property=\"og:locale\" content=\"de_DE\" \/>\n<meta property=\"og:type\" content=\"article\" \/>\n<meta property=\"og:title\" content=\"Flakons Sans adieu und Je reviens f\u00fcr Worth - museelalique\" \/>\n<meta property=\"og:description\" content=\"Modelle entworfen 1929 und 1931 Das 1858 gegr\u00fcndete, ber\u00fchmte Modehaus Worth wurde in den 1920er Jahren auf dem Parf\u00fcmmarkt aktiv. 1924 entwarf Ren\u00e9 Lalique den poetischen Flakon Dans la nuit, der gro\u00dfen Erfolg hatte. Im folgenden Jahr gestaltete er eine T\u00fcr aus Glas, schwarzem Marmor und vernickeltem Stahl f\u00fcr das Gesch\u00e4ft des Modesch\u00f6pfers und Parf\u00fcmkreateurs [&hellip;]\" \/>\n<meta property=\"og:url\" content=\"https:\/\/www.musee-lalique.com\/de\/rund-ums-museum\/wechselausstellungen\/2025-rene-lalique-architecte-et-decorateur\/2025-contenus-additionnels\/flacons-sans-adieu-et-je-reviens-pour-worth\/\" \/>\n<meta property=\"og:site_name\" content=\"museelalique\" \/>\n<meta property=\"article:modified_time\" content=\"2025-04-23T14:52:03+00:00\" \/>\n<meta name=\"twitter:card\" content=\"summary_large_image\" \/>\n<meta name=\"twitter:label1\" content=\"Est. reading time\" \/>\n\t<meta name=\"twitter:data1\" content=\"2 minutes\" \/>\n<script type=\"application\/ld+json\" class=\"yoast-schema-graph\">{\"@context\":\"https:\\\/\\\/schema.org\",\"@graph\":[{\"@type\":\"WebPage\",\"@id\":\"https:\\\/\\\/www.musee-lalique.com\\\/de\\\/rund-ums-museum\\\/wechselausstellungen\\\/2025-rene-lalique-architecte-et-decorateur\\\/2025-contenus-additionnels\\\/flacons-sans-adieu-et-je-reviens-pour-worth\\\/\",\"url\":\"https:\\\/\\\/www.musee-lalique.com\\\/de\\\/rund-ums-museum\\\/wechselausstellungen\\\/2025-rene-lalique-architecte-et-decorateur\\\/2025-contenus-additionnels\\\/flacons-sans-adieu-et-je-reviens-pour-worth\\\/\",\"name\":\"Flakons Sans adieu und Je reviens f\u00fcr Worth - museelalique\",\"isPartOf\":{\"@id\":\"https:\\\/\\\/musee-lalique.com\\\/#website\"},\"datePublished\":\"2025-04-12T12:29:41+00:00\",\"dateModified\":\"2025-04-23T14:52:03+00:00\",\"breadcrumb\":{\"@id\":\"https:\\\/\\\/www.musee-lalique.com\\\/de\\\/rund-ums-museum\\\/wechselausstellungen\\\/2025-rene-lalique-architecte-et-decorateur\\\/2025-contenus-additionnels\\\/flacons-sans-adieu-et-je-reviens-pour-worth\\\/#breadcrumb\"},\"inLanguage\":\"de-DE\",\"potentialAction\":[{\"@type\":\"ReadAction\",\"target\":[\"https:\\\/\\\/www.musee-lalique.com\\\/de\\\/rund-ums-museum\\\/wechselausstellungen\\\/2025-rene-lalique-architecte-et-decorateur\\\/2025-contenus-additionnels\\\/flacons-sans-adieu-et-je-reviens-pour-worth\\\/\"]}]},{\"@type\":\"BreadcrumbList\",\"@id\":\"https:\\\/\\\/www.musee-lalique.com\\\/de\\\/rund-ums-museum\\\/wechselausstellungen\\\/2025-rene-lalique-architecte-et-decorateur\\\/2025-contenus-additionnels\\\/flacons-sans-adieu-et-je-reviens-pour-worth\\\/#breadcrumb\",\"itemListElement\":[{\"@type\":\"ListItem\",\"position\":1,\"name\":\"Home\",\"item\":\"https:\\\/\\\/www.musee-lalique.com\\\/de\\\/\"},{\"@type\":\"ListItem\",\"position\":2,\"name\":\"Rund ums Museum\",\"item\":\"https:\\\/\\\/www.musee-lalique.com\\\/de\\\/rund-ums-museum\\\/\"},{\"@type\":\"ListItem\",\"position\":3,\"name\":\"Wechselausstellungen\",\"item\":\"https:\\\/\\\/www.musee-lalique.com\\\/de\\\/rund-ums-museum\\\/wechselausstellungen\\\/\"},{\"@type\":\"ListItem\",\"position\":4,\"name\":\"2025 : Ren\u00e9 Lalique, Architekt und Dekorateur\",\"item\":\"https:\\\/\\\/www.musee-lalique.com\\\/de\\\/rund-ums-museum\\\/wechselausstellungen\\\/2025-rene-lalique-architecte-et-decorateur\\\/\"},{\"@type\":\"ListItem\",\"position\":5,\"name\":\"2025 : zus\u00e4tzlichen Inhalten\",\"item\":\"https:\\\/\\\/www.musee-lalique.com\\\/de\\\/rund-ums-museum\\\/wechselausstellungen\\\/2025-rene-lalique-architecte-et-decorateur\\\/2025-contenus-additionnels\\\/\"},{\"@type\":\"ListItem\",\"position\":6,\"name\":\"Flakons Sans adieu und Je reviens f\u00fcr Worth\"}]},{\"@type\":\"WebSite\",\"@id\":\"https:\\\/\\\/musee-lalique.com\\\/#website\",\"url\":\"https:\\\/\\\/musee-lalique.com\\\/\",\"name\":\"museelalique\",\"description\":\"\",\"potentialAction\":[{\"@type\":\"SearchAction\",\"target\":{\"@type\":\"EntryPoint\",\"urlTemplate\":\"https:\\\/\\\/musee-lalique.com\\\/?s={search_term_string}\"},\"query-input\":{\"@type\":\"PropertyValueSpecification\",\"valueRequired\":true,\"valueName\":\"search_term_string\"}}],\"inLanguage\":\"de-DE\"}]}<\/script>\n<!-- \/ Yoast SEO plugin. -->","yoast_head_json":{"title":"Flakons Sans adieu und Je reviens f\u00fcr Worth - museelalique","robots":{"index":"index","follow":"follow","max-snippet":"max-snippet:-1","max-image-preview":"max-image-preview:large","max-video-preview":"max-video-preview:-1"},"canonical":"https:\/\/www.musee-lalique.com\/de\/rund-ums-museum\/wechselausstellungen\/2025-rene-lalique-architecte-et-decorateur\/2025-contenus-additionnels\/flacons-sans-adieu-et-je-reviens-pour-worth\/","og_locale":"de_DE","og_type":"article","og_title":"Flakons Sans adieu und Je reviens f\u00fcr Worth - museelalique","og_description":"Modelle entworfen 1929 und 1931 Das 1858 gegr\u00fcndete, ber\u00fchmte Modehaus Worth wurde in den 1920er Jahren auf dem Parf\u00fcmmarkt aktiv. 1924 entwarf Ren\u00e9 Lalique den poetischen Flakon Dans la nuit, der gro\u00dfen Erfolg hatte. Im folgenden Jahr gestaltete er eine T\u00fcr aus Glas, schwarzem Marmor und vernickeltem Stahl f\u00fcr das Gesch\u00e4ft des Modesch\u00f6pfers und Parf\u00fcmkreateurs [&hellip;]","og_url":"https:\/\/www.musee-lalique.com\/de\/rund-ums-museum\/wechselausstellungen\/2025-rene-lalique-architecte-et-decorateur\/2025-contenus-additionnels\/flacons-sans-adieu-et-je-reviens-pour-worth\/","og_site_name":"museelalique","article_modified_time":"2025-04-23T14:52:03+00:00","twitter_card":"summary_large_image","twitter_misc":{"Est. reading time":"2 minutes"},"schema":{"@context":"https:\/\/schema.org","@graph":[{"@type":"WebPage","@id":"https:\/\/www.musee-lalique.com\/de\/rund-ums-museum\/wechselausstellungen\/2025-rene-lalique-architecte-et-decorateur\/2025-contenus-additionnels\/flacons-sans-adieu-et-je-reviens-pour-worth\/","url":"https:\/\/www.musee-lalique.com\/de\/rund-ums-museum\/wechselausstellungen\/2025-rene-lalique-architecte-et-decorateur\/2025-contenus-additionnels\/flacons-sans-adieu-et-je-reviens-pour-worth\/","name":"Flakons Sans adieu und Je reviens f\u00fcr Worth - museelalique","isPartOf":{"@id":"https:\/\/musee-lalique.com\/#website"},"datePublished":"2025-04-12T12:29:41+00:00","dateModified":"2025-04-23T14:52:03+00:00","breadcrumb":{"@id":"https:\/\/www.musee-lalique.com\/de\/rund-ums-museum\/wechselausstellungen\/2025-rene-lalique-architecte-et-decorateur\/2025-contenus-additionnels\/flacons-sans-adieu-et-je-reviens-pour-worth\/#breadcrumb"},"inLanguage":"de-DE","potentialAction":[{"@type":"ReadAction","target":["https:\/\/www.musee-lalique.com\/de\/rund-ums-museum\/wechselausstellungen\/2025-rene-lalique-architecte-et-decorateur\/2025-contenus-additionnels\/flacons-sans-adieu-et-je-reviens-pour-worth\/"]}]},{"@type":"BreadcrumbList","@id":"https:\/\/www.musee-lalique.com\/de\/rund-ums-museum\/wechselausstellungen\/2025-rene-lalique-architecte-et-decorateur\/2025-contenus-additionnels\/flacons-sans-adieu-et-je-reviens-pour-worth\/#breadcrumb","itemListElement":[{"@type":"ListItem","position":1,"name":"Home","item":"https:\/\/www.musee-lalique.com\/de\/"},{"@type":"ListItem","position":2,"name":"Rund ums Museum","item":"https:\/\/www.musee-lalique.com\/de\/rund-ums-museum\/"},{"@type":"ListItem","position":3,"name":"Wechselausstellungen","item":"https:\/\/www.musee-lalique.com\/de\/rund-ums-museum\/wechselausstellungen\/"},{"@type":"ListItem","position":4,"name":"2025 : Ren\u00e9 Lalique, Architekt und Dekorateur","item":"https:\/\/www.musee-lalique.com\/de\/rund-ums-museum\/wechselausstellungen\/2025-rene-lalique-architecte-et-decorateur\/"},{"@type":"ListItem","position":5,"name":"2025 : zus\u00e4tzlichen Inhalten","item":"https:\/\/www.musee-lalique.com\/de\/rund-ums-museum\/wechselausstellungen\/2025-rene-lalique-architecte-et-decorateur\/2025-contenus-additionnels\/"},{"@type":"ListItem","position":6,"name":"Flakons Sans adieu und Je reviens f\u00fcr Worth"}]},{"@type":"WebSite","@id":"https:\/\/musee-lalique.com\/#website","url":"https:\/\/musee-lalique.com\/","name":"museelalique","description":"","potentialAction":[{"@type":"SearchAction","target":{"@type":"EntryPoint","urlTemplate":"https:\/\/musee-lalique.com\/?s={search_term_string}"},"query-input":{"@type":"PropertyValueSpecification","valueRequired":true,"valueName":"search_term_string"}}],"inLanguage":"de-DE"}]}},"_links":{"self":[{"href":"https:\/\/www.musee-lalique.com\/de\/wp-json\/wp\/v2\/pages\/14388","targetHints":{"allow":["GET"]}}],"collection":[{"href":"https:\/\/www.musee-lalique.com\/de\/wp-json\/wp\/v2\/pages"}],"about":[{"href":"https:\/\/www.musee-lalique.com\/de\/wp-json\/wp\/v2\/types\/page"}],"author":[{"embeddable":true,"href":"https:\/\/www.musee-lalique.com\/de\/wp-json\/wp\/v2\/users\/6"}],"replies":[{"embeddable":true,"href":"https:\/\/www.musee-lalique.com\/de\/wp-json\/wp\/v2\/comments?post=14388"}],"version-history":[{"count":2,"href":"https:\/\/www.musee-lalique.com\/de\/wp-json\/wp\/v2\/pages\/14388\/revisions"}],"predecessor-version":[{"id":14393,"href":"https:\/\/www.musee-lalique.com\/de\/wp-json\/wp\/v2\/pages\/14388\/revisions\/14393"}],"up":[{"embeddable":true,"href":"https:\/\/www.musee-lalique.com\/de\/wp-json\/wp\/v2\/pages\/14333"}],"wp:attachment":[{"href":"https:\/\/www.musee-lalique.com\/de\/wp-json\/wp\/v2\/media?parent=14388"}],"curies":[{"name":"wp","href":"https:\/\/api.w.org\/{rel}","templated":true}]}}