{"id":14379,"date":"2025-04-12T14:37:08","date_gmt":"2025-04-12T12:37:08","guid":{"rendered":"https:\/\/www.musee-lalique.com\/rund-ums-museum\/wechselausstellungen\/2025-rene-lalique-architecte-et-decorateur\/2025-contenus-additionnels\/le-parfum-des-anges-pour-oviatt\/"},"modified":"2025-04-23T16:39:48","modified_gmt":"2025-04-23T14:39:48","slug":"le-parfum-des-anges-pour-oviatt","status":"publish","type":"page","link":"https:\/\/www.musee-lalique.com\/de\/rund-ums-museum\/wechselausstellungen\/2025-rene-lalique-architecte-et-decorateur\/2025-contenus-additionnels\/le-parfum-des-anges-pour-oviatt\/","title":{"rendered":"Le parfum des anges (Der Duft der Engel) f\u00fcr Oviatt"},"content":{"rendered":"<p>Modell entworfen 1928<\/p>\n<p>1925 besuchte James Oviatt, der zusammen mit Alexander Franck 14 Jahre zuvor das Kaufhaus <em>Alexander and Oviatt<\/em> in Los Angeles er\u00f6ffnet hatte, die <em>Exposition des Arts d\u00e9coratifs et industriels modernes<\/em> in Paris. Begeistert von dem sich entwickelnden, neuen Stil lie\u00df er in Los Angeles ein neues Geb\u00e4ude mit 12 Stockwerken errichten: zehn f\u00fcr das Kaufhaus und zwei f\u00fcr seine Privatwohnung. Er wandte sich f\u00fcr dieses Projekt unter anderem an Ren\u00e9 Lalique, der dekorative Tafeln und Leuchten beisteuerte.<\/p>\n<p>Anl\u00e4sslich der Er\u00f6ffnung im Jahr 1928 wurde <em>Le Parfum des Anges<\/em> auf den Markt gebracht. Es wurde in einem von Ren\u00e9 Lalique entworfenen Flakon in Form einer Glocke angeboten. Sie ist mit zwei betenden, einander zugewandten Engeln geschm\u00fcckt. Ihre aufgefalteten Fl\u00fcgel treffen in der Mitte zusammen und bilden eine majest\u00e4tische, sch\u00fctzende Aura. Dieses Motiv wiederholt sich auf allen f\u00fcnf Au\u00dfenfl\u00e4chen der Box. Es erinnert an die Glasfenster, die Lalique f\u00fcr die Kirche Saint-Nicaise in Reims geschaffen hat, und in gewissem Ma\u00dfe an die T\u00fcren des Teien-Palais in Tokio.<\/p>\n","protected":false},"excerpt":{"rendered":"<p>Modell entworfen 1928 1925 besuchte James Oviatt, der zusammen mit Alexander Franck 14 Jahre zuvor das Kaufhaus Alexander and Oviatt in Los Angeles er\u00f6ffnet hatte, die Exposition des Arts d\u00e9coratifs et industriels modernes in Paris. Begeistert von dem sich entwickelnden, neuen Stil lie\u00df er in Los Angeles ein neues Geb\u00e4ude mit 12 Stockwerken errichten: zehn [&hellip;]<\/p>\n","protected":false},"author":6,"featured_media":0,"parent":14333,"menu_order":0,"comment_status":"closed","ping_status":"closed","template":"","meta":{"_acf_changed":false,"footnotes":""},"class_list":["post-14379","page","type-page","status-publish","hentry"],"acf":[],"yoast_head":"<!-- This site is optimized with the Yoast SEO plugin v27.4 - https:\/\/yoast.com\/product\/yoast-seo-wordpress\/ -->\n<title>Le parfum des anges (Der Duft der Engel) f\u00fcr Oviatt - museelalique<\/title>\n<meta name=\"robots\" content=\"index, follow, max-snippet:-1, max-image-preview:large, max-video-preview:-1\" \/>\n<link rel=\"canonical\" href=\"https:\/\/www.musee-lalique.com\/de\/rund-ums-museum\/wechselausstellungen\/2025-rene-lalique-architecte-et-decorateur\/2025-contenus-additionnels\/le-parfum-des-anges-pour-oviatt\/\" \/>\n<meta property=\"og:locale\" content=\"de_DE\" \/>\n<meta property=\"og:type\" content=\"article\" \/>\n<meta property=\"og:title\" content=\"Le parfum des anges (Der Duft der Engel) f\u00fcr Oviatt - museelalique\" \/>\n<meta property=\"og:description\" content=\"Modell entworfen 1928 1925 besuchte James Oviatt, der zusammen mit Alexander Franck 14 Jahre zuvor das Kaufhaus Alexander and Oviatt in Los Angeles er\u00f6ffnet hatte, die Exposition des Arts d\u00e9coratifs et industriels modernes in Paris. Begeistert von dem sich entwickelnden, neuen Stil lie\u00df er in Los Angeles ein neues Geb\u00e4ude mit 12 Stockwerken errichten: zehn [&hellip;]\" \/>\n<meta property=\"og:url\" content=\"https:\/\/www.musee-lalique.com\/de\/rund-ums-museum\/wechselausstellungen\/2025-rene-lalique-architecte-et-decorateur\/2025-contenus-additionnels\/le-parfum-des-anges-pour-oviatt\/\" \/>\n<meta property=\"og:site_name\" content=\"museelalique\" \/>\n<meta property=\"article:modified_time\" content=\"2025-04-23T14:39:48+00:00\" \/>\n<meta name=\"twitter:card\" content=\"summary_large_image\" \/>\n<meta name=\"twitter:label1\" content=\"Est. reading time\" \/>\n\t<meta name=\"twitter:data1\" content=\"2 minutes\" \/>\n<script type=\"application\/ld+json\" class=\"yoast-schema-graph\">{\"@context\":\"https:\\\/\\\/schema.org\",\"@graph\":[{\"@type\":\"WebPage\",\"@id\":\"https:\\\/\\\/www.musee-lalique.com\\\/de\\\/rund-ums-museum\\\/wechselausstellungen\\\/2025-rene-lalique-architecte-et-decorateur\\\/2025-contenus-additionnels\\\/le-parfum-des-anges-pour-oviatt\\\/\",\"url\":\"https:\\\/\\\/www.musee-lalique.com\\\/de\\\/rund-ums-museum\\\/wechselausstellungen\\\/2025-rene-lalique-architecte-et-decorateur\\\/2025-contenus-additionnels\\\/le-parfum-des-anges-pour-oviatt\\\/\",\"name\":\"Le parfum des anges (Der Duft der Engel) f\u00fcr Oviatt - museelalique\",\"isPartOf\":{\"@id\":\"https:\\\/\\\/musee-lalique.com\\\/#website\"},\"datePublished\":\"2025-04-12T12:37:08+00:00\",\"dateModified\":\"2025-04-23T14:39:48+00:00\",\"breadcrumb\":{\"@id\":\"https:\\\/\\\/www.musee-lalique.com\\\/de\\\/rund-ums-museum\\\/wechselausstellungen\\\/2025-rene-lalique-architecte-et-decorateur\\\/2025-contenus-additionnels\\\/le-parfum-des-anges-pour-oviatt\\\/#breadcrumb\"},\"inLanguage\":\"de-DE\",\"potentialAction\":[{\"@type\":\"ReadAction\",\"target\":[\"https:\\\/\\\/www.musee-lalique.com\\\/de\\\/rund-ums-museum\\\/wechselausstellungen\\\/2025-rene-lalique-architecte-et-decorateur\\\/2025-contenus-additionnels\\\/le-parfum-des-anges-pour-oviatt\\\/\"]}]},{\"@type\":\"BreadcrumbList\",\"@id\":\"https:\\\/\\\/www.musee-lalique.com\\\/de\\\/rund-ums-museum\\\/wechselausstellungen\\\/2025-rene-lalique-architecte-et-decorateur\\\/2025-contenus-additionnels\\\/le-parfum-des-anges-pour-oviatt\\\/#breadcrumb\",\"itemListElement\":[{\"@type\":\"ListItem\",\"position\":1,\"name\":\"Home\",\"item\":\"https:\\\/\\\/www.musee-lalique.com\\\/de\\\/\"},{\"@type\":\"ListItem\",\"position\":2,\"name\":\"Rund ums Museum\",\"item\":\"https:\\\/\\\/www.musee-lalique.com\\\/de\\\/rund-ums-museum\\\/\"},{\"@type\":\"ListItem\",\"position\":3,\"name\":\"Wechselausstellungen\",\"item\":\"https:\\\/\\\/www.musee-lalique.com\\\/de\\\/rund-ums-museum\\\/wechselausstellungen\\\/\"},{\"@type\":\"ListItem\",\"position\":4,\"name\":\"2025 : Ren\u00e9 Lalique, Architekt und Dekorateur\",\"item\":\"https:\\\/\\\/www.musee-lalique.com\\\/de\\\/rund-ums-museum\\\/wechselausstellungen\\\/2025-rene-lalique-architecte-et-decorateur\\\/\"},{\"@type\":\"ListItem\",\"position\":5,\"name\":\"2025 : zus\u00e4tzlichen Inhalten\",\"item\":\"https:\\\/\\\/www.musee-lalique.com\\\/de\\\/rund-ums-museum\\\/wechselausstellungen\\\/2025-rene-lalique-architecte-et-decorateur\\\/2025-contenus-additionnels\\\/\"},{\"@type\":\"ListItem\",\"position\":6,\"name\":\"Le parfum des anges (Der Duft der Engel) f\u00fcr Oviatt\"}]},{\"@type\":\"WebSite\",\"@id\":\"https:\\\/\\\/musee-lalique.com\\\/#website\",\"url\":\"https:\\\/\\\/musee-lalique.com\\\/\",\"name\":\"museelalique\",\"description\":\"\",\"potentialAction\":[{\"@type\":\"SearchAction\",\"target\":{\"@type\":\"EntryPoint\",\"urlTemplate\":\"https:\\\/\\\/musee-lalique.com\\\/?s={search_term_string}\"},\"query-input\":{\"@type\":\"PropertyValueSpecification\",\"valueRequired\":true,\"valueName\":\"search_term_string\"}}],\"inLanguage\":\"de-DE\"}]}<\/script>\n<!-- \/ Yoast SEO plugin. -->","yoast_head_json":{"title":"Le parfum des anges (Der Duft der Engel) f\u00fcr Oviatt - museelalique","robots":{"index":"index","follow":"follow","max-snippet":"max-snippet:-1","max-image-preview":"max-image-preview:large","max-video-preview":"max-video-preview:-1"},"canonical":"https:\/\/www.musee-lalique.com\/de\/rund-ums-museum\/wechselausstellungen\/2025-rene-lalique-architecte-et-decorateur\/2025-contenus-additionnels\/le-parfum-des-anges-pour-oviatt\/","og_locale":"de_DE","og_type":"article","og_title":"Le parfum des anges (Der Duft der Engel) f\u00fcr Oviatt - museelalique","og_description":"Modell entworfen 1928 1925 besuchte James Oviatt, der zusammen mit Alexander Franck 14 Jahre zuvor das Kaufhaus Alexander and Oviatt in Los Angeles er\u00f6ffnet hatte, die Exposition des Arts d\u00e9coratifs et industriels modernes in Paris. Begeistert von dem sich entwickelnden, neuen Stil lie\u00df er in Los Angeles ein neues Geb\u00e4ude mit 12 Stockwerken errichten: zehn [&hellip;]","og_url":"https:\/\/www.musee-lalique.com\/de\/rund-ums-museum\/wechselausstellungen\/2025-rene-lalique-architecte-et-decorateur\/2025-contenus-additionnels\/le-parfum-des-anges-pour-oviatt\/","og_site_name":"museelalique","article_modified_time":"2025-04-23T14:39:48+00:00","twitter_card":"summary_large_image","twitter_misc":{"Est. reading time":"2 minutes"},"schema":{"@context":"https:\/\/schema.org","@graph":[{"@type":"WebPage","@id":"https:\/\/www.musee-lalique.com\/de\/rund-ums-museum\/wechselausstellungen\/2025-rene-lalique-architecte-et-decorateur\/2025-contenus-additionnels\/le-parfum-des-anges-pour-oviatt\/","url":"https:\/\/www.musee-lalique.com\/de\/rund-ums-museum\/wechselausstellungen\/2025-rene-lalique-architecte-et-decorateur\/2025-contenus-additionnels\/le-parfum-des-anges-pour-oviatt\/","name":"Le parfum des anges (Der Duft der Engel) f\u00fcr Oviatt - museelalique","isPartOf":{"@id":"https:\/\/musee-lalique.com\/#website"},"datePublished":"2025-04-12T12:37:08+00:00","dateModified":"2025-04-23T14:39:48+00:00","breadcrumb":{"@id":"https:\/\/www.musee-lalique.com\/de\/rund-ums-museum\/wechselausstellungen\/2025-rene-lalique-architecte-et-decorateur\/2025-contenus-additionnels\/le-parfum-des-anges-pour-oviatt\/#breadcrumb"},"inLanguage":"de-DE","potentialAction":[{"@type":"ReadAction","target":["https:\/\/www.musee-lalique.com\/de\/rund-ums-museum\/wechselausstellungen\/2025-rene-lalique-architecte-et-decorateur\/2025-contenus-additionnels\/le-parfum-des-anges-pour-oviatt\/"]}]},{"@type":"BreadcrumbList","@id":"https:\/\/www.musee-lalique.com\/de\/rund-ums-museum\/wechselausstellungen\/2025-rene-lalique-architecte-et-decorateur\/2025-contenus-additionnels\/le-parfum-des-anges-pour-oviatt\/#breadcrumb","itemListElement":[{"@type":"ListItem","position":1,"name":"Home","item":"https:\/\/www.musee-lalique.com\/de\/"},{"@type":"ListItem","position":2,"name":"Rund ums Museum","item":"https:\/\/www.musee-lalique.com\/de\/rund-ums-museum\/"},{"@type":"ListItem","position":3,"name":"Wechselausstellungen","item":"https:\/\/www.musee-lalique.com\/de\/rund-ums-museum\/wechselausstellungen\/"},{"@type":"ListItem","position":4,"name":"2025 : Ren\u00e9 Lalique, Architekt und Dekorateur","item":"https:\/\/www.musee-lalique.com\/de\/rund-ums-museum\/wechselausstellungen\/2025-rene-lalique-architecte-et-decorateur\/"},{"@type":"ListItem","position":5,"name":"2025 : zus\u00e4tzlichen Inhalten","item":"https:\/\/www.musee-lalique.com\/de\/rund-ums-museum\/wechselausstellungen\/2025-rene-lalique-architecte-et-decorateur\/2025-contenus-additionnels\/"},{"@type":"ListItem","position":6,"name":"Le parfum des anges (Der Duft der Engel) f\u00fcr Oviatt"}]},{"@type":"WebSite","@id":"https:\/\/musee-lalique.com\/#website","url":"https:\/\/musee-lalique.com\/","name":"museelalique","description":"","potentialAction":[{"@type":"SearchAction","target":{"@type":"EntryPoint","urlTemplate":"https:\/\/musee-lalique.com\/?s={search_term_string}"},"query-input":{"@type":"PropertyValueSpecification","valueRequired":true,"valueName":"search_term_string"}}],"inLanguage":"de-DE"}]}},"_links":{"self":[{"href":"https:\/\/www.musee-lalique.com\/de\/wp-json\/wp\/v2\/pages\/14379","targetHints":{"allow":["GET"]}}],"collection":[{"href":"https:\/\/www.musee-lalique.com\/de\/wp-json\/wp\/v2\/pages"}],"about":[{"href":"https:\/\/www.musee-lalique.com\/de\/wp-json\/wp\/v2\/types\/page"}],"author":[{"embeddable":true,"href":"https:\/\/www.musee-lalique.com\/de\/wp-json\/wp\/v2\/users\/6"}],"replies":[{"embeddable":true,"href":"https:\/\/www.musee-lalique.com\/de\/wp-json\/wp\/v2\/comments?post=14379"}],"version-history":[{"count":2,"href":"https:\/\/www.musee-lalique.com\/de\/wp-json\/wp\/v2\/pages\/14379\/revisions"}],"predecessor-version":[{"id":14384,"href":"https:\/\/www.musee-lalique.com\/de\/wp-json\/wp\/v2\/pages\/14379\/revisions\/14384"}],"up":[{"embeddable":true,"href":"https:\/\/www.musee-lalique.com\/de\/wp-json\/wp\/v2\/pages\/14333"}],"wp:attachment":[{"href":"https:\/\/www.musee-lalique.com\/de\/wp-json\/wp\/v2\/media?parent=14379"}],"curies":[{"name":"wp","href":"https:\/\/api.w.org\/{rel}","templated":true}]}}