{"id":14371,"date":"2025-04-12T14:44:36","date_gmt":"2025-04-12T12:44:36","guid":{"rendered":"https:\/\/www.musee-lalique.com\/rund-ums-museum\/wechselausstellungen\/2025-rene-lalique-architecte-et-decorateur\/2025-contenus-additionnels\/presentation-pour-lucien-lelong\/"},"modified":"2025-04-23T16:29:57","modified_gmt":"2025-04-23T14:29:57","slug":"presentation-pour-lucien-lelong","status":"publish","type":"page","link":"https:\/\/www.musee-lalique.com\/de\/rund-ums-museum\/wechselausstellungen\/2025-rene-lalique-architecte-et-decorateur\/2025-contenus-additionnels\/presentation-pour-lucien-lelong\/","title":{"rendered":"Pr\u00e4sentation f\u00fcr Lucien Lelong"},"content":{"rendered":"<p>Modell entworfen 1929<\/p>\n<p>Der junge Couturier Lucien Lelong (1889-1958) gr\u00fcndete 1924 eine Parf\u00fcmmarke. Mit seiner Frau Nathalie Paley, einer Kusine des Zars Nikolaus II., die als Mannequin f\u00fcr sein Modehaus arbeitete, er\u00f6ffnete er zwei Gesch\u00e4fte jenseits des Atlantiks, das eine in Chicago, das andere in New York.<\/p>\n<p>F\u00fcr seine eleganten, aber sportlichen Kundinnen gab er bei Ren\u00e9 Lalique einen Flakon in Auftrag, der an die amerikanischen Wolkenkratzer erinnerte. Der Flakon aus mattiertem Glas ist mit nur leicht vorstehenden, mit schwarzem Email betonten Festons geschm\u00fcckt. Der Beh\u00e4lter aus verchromtem und emailliertem Metall besteht aus einem quadratischen Sockel mit abgestumpften Ecken und einer H\u00fclle, die in Form und Dekor auf den Flakon abgestimmt ist. Der Flakon ist Teil eines Necessaires, das aus Puderdosen, K\u00e4mmen, B\u00fcrsten, Handspiegeln usw. besteht.<\/p>\n<p><img loading=\"lazy\" decoding=\"async\" class=\"alignnone size-full wp-image-14290\" src=\"https:\/\/www.musee-lalique.com\/wp-content\/uploads\/2025\/04\/musee-lalique7784-det-ombre-web.jpg\" alt=\"\" width=\"1619\" height=\"1079\" srcset=\"https:\/\/www.musee-lalique.com\/wp-content\/uploads\/2025\/04\/musee-lalique7784-det-ombre-web.jpg 1619w, https:\/\/www.musee-lalique.com\/wp-content\/uploads\/2025\/04\/musee-lalique7784-det-ombre-web-300x200.jpg 300w, https:\/\/www.musee-lalique.com\/wp-content\/uploads\/2025\/04\/musee-lalique7784-det-ombre-web-1232x821.jpg 1232w, https:\/\/www.musee-lalique.com\/wp-content\/uploads\/2025\/04\/musee-lalique7784-det-ombre-web-768x512.jpg 768w, https:\/\/www.musee-lalique.com\/wp-content\/uploads\/2025\/04\/musee-lalique7784-det-ombre-web-1536x1024.jpg 1536w, https:\/\/www.musee-lalique.com\/wp-content\/uploads\/2025\/04\/musee-lalique7784-det-ombre-web-1184x789.jpg 1184w, https:\/\/www.musee-lalique.com\/wp-content\/uploads\/2025\/04\/musee-lalique7784-det-ombre-web-592x395.jpg 592w, https:\/\/www.musee-lalique.com\/wp-content\/uploads\/2025\/04\/musee-lalique7784-det-ombre-web-992x661.jpg 992w, https:\/\/www.musee-lalique.com\/wp-content\/uploads\/2025\/04\/musee-lalique7784-det-ombre-web-580x387.jpg 580w, https:\/\/www.musee-lalique.com\/wp-content\/uploads\/2025\/04\/musee-lalique7784-det-ombre-web-290x193.jpg 290w, https:\/\/www.musee-lalique.com\/wp-content\/uploads\/2025\/04\/musee-lalique7784-det-ombre-web-750x500.jpg 750w, https:\/\/www.musee-lalique.com\/wp-content\/uploads\/2025\/04\/musee-lalique7784-det-ombre-web-375x250.jpg 375w\" sizes=\"auto, (max-width: 1619px) 100vw, 1619px\" \/><\/p>\n","protected":false},"excerpt":{"rendered":"<p>Modell entworfen 1929 Der junge Couturier Lucien Lelong (1889-1958) gr\u00fcndete 1924 eine Parf\u00fcmmarke. Mit seiner Frau Nathalie Paley, einer Kusine des Zars Nikolaus II., die als Mannequin f\u00fcr sein Modehaus arbeitete, er\u00f6ffnete er zwei Gesch\u00e4fte jenseits des Atlantiks, das eine in Chicago, das andere in New York. F\u00fcr seine eleganten, aber sportlichen Kundinnen gab er [&hellip;]<\/p>\n","protected":false},"author":6,"featured_media":0,"parent":14333,"menu_order":0,"comment_status":"closed","ping_status":"closed","template":"","meta":{"_acf_changed":false,"footnotes":""},"class_list":["post-14371","page","type-page","status-publish","hentry"],"acf":[],"yoast_head":"<!-- This site is optimized with the Yoast SEO plugin v27.4 - https:\/\/yoast.com\/product\/yoast-seo-wordpress\/ -->\n<title>Pr\u00e4sentation f\u00fcr Lucien Lelong - museelalique<\/title>\n<meta name=\"robots\" content=\"index, follow, max-snippet:-1, max-image-preview:large, max-video-preview:-1\" \/>\n<link rel=\"canonical\" href=\"https:\/\/www.musee-lalique.com\/de\/rund-ums-museum\/wechselausstellungen\/2025-rene-lalique-architecte-et-decorateur\/2025-contenus-additionnels\/presentation-pour-lucien-lelong\/\" \/>\n<meta property=\"og:locale\" content=\"de_DE\" \/>\n<meta property=\"og:type\" content=\"article\" \/>\n<meta property=\"og:title\" content=\"Pr\u00e4sentation f\u00fcr Lucien Lelong - museelalique\" \/>\n<meta property=\"og:description\" content=\"Modell entworfen 1929 Der junge Couturier Lucien Lelong (1889-1958) gr\u00fcndete 1924 eine Parf\u00fcmmarke. Mit seiner Frau Nathalie Paley, einer Kusine des Zars Nikolaus II., die als Mannequin f\u00fcr sein Modehaus arbeitete, er\u00f6ffnete er zwei Gesch\u00e4fte jenseits des Atlantiks, das eine in Chicago, das andere in New York. F\u00fcr seine eleganten, aber sportlichen Kundinnen gab er [&hellip;]\" \/>\n<meta property=\"og:url\" content=\"https:\/\/www.musee-lalique.com\/de\/rund-ums-museum\/wechselausstellungen\/2025-rene-lalique-architecte-et-decorateur\/2025-contenus-additionnels\/presentation-pour-lucien-lelong\/\" \/>\n<meta property=\"og:site_name\" content=\"museelalique\" \/>\n<meta property=\"article:modified_time\" content=\"2025-04-23T14:29:57+00:00\" \/>\n<meta property=\"og:image\" content=\"https:\/\/www.musee-lalique.com\/wp-content\/uploads\/2025\/04\/musee-lalique7784-det-ombre-web.jpg\" \/>\n\t<meta property=\"og:image:width\" content=\"1619\" \/>\n\t<meta property=\"og:image:height\" content=\"1079\" \/>\n\t<meta property=\"og:image:type\" content=\"image\/jpeg\" \/>\n<meta name=\"twitter:card\" content=\"summary_large_image\" \/>\n<meta name=\"twitter:label1\" content=\"Est. reading time\" \/>\n\t<meta name=\"twitter:data1\" content=\"2 minutes\" \/>\n<script type=\"application\/ld+json\" class=\"yoast-schema-graph\">{\"@context\":\"https:\\\/\\\/schema.org\",\"@graph\":[{\"@type\":\"WebPage\",\"@id\":\"https:\\\/\\\/www.musee-lalique.com\\\/de\\\/rund-ums-museum\\\/wechselausstellungen\\\/2025-rene-lalique-architecte-et-decorateur\\\/2025-contenus-additionnels\\\/presentation-pour-lucien-lelong\\\/\",\"url\":\"https:\\\/\\\/www.musee-lalique.com\\\/de\\\/rund-ums-museum\\\/wechselausstellungen\\\/2025-rene-lalique-architecte-et-decorateur\\\/2025-contenus-additionnels\\\/presentation-pour-lucien-lelong\\\/\",\"name\":\"Pr\u00e4sentation f\u00fcr Lucien Lelong - museelalique\",\"isPartOf\":{\"@id\":\"https:\\\/\\\/musee-lalique.com\\\/#website\"},\"primaryImageOfPage\":{\"@id\":\"https:\\\/\\\/www.musee-lalique.com\\\/de\\\/rund-ums-museum\\\/wechselausstellungen\\\/2025-rene-lalique-architecte-et-decorateur\\\/2025-contenus-additionnels\\\/presentation-pour-lucien-lelong\\\/#primaryimage\"},\"image\":{\"@id\":\"https:\\\/\\\/www.musee-lalique.com\\\/de\\\/rund-ums-museum\\\/wechselausstellungen\\\/2025-rene-lalique-architecte-et-decorateur\\\/2025-contenus-additionnels\\\/presentation-pour-lucien-lelong\\\/#primaryimage\"},\"thumbnailUrl\":\"https:\\\/\\\/www.musee-lalique.com\\\/wp-content\\\/uploads\\\/2025\\\/04\\\/musee-lalique7784-det-ombre-web.jpg\",\"datePublished\":\"2025-04-12T12:44:36+00:00\",\"dateModified\":\"2025-04-23T14:29:57+00:00\",\"breadcrumb\":{\"@id\":\"https:\\\/\\\/www.musee-lalique.com\\\/de\\\/rund-ums-museum\\\/wechselausstellungen\\\/2025-rene-lalique-architecte-et-decorateur\\\/2025-contenus-additionnels\\\/presentation-pour-lucien-lelong\\\/#breadcrumb\"},\"inLanguage\":\"de-DE\",\"potentialAction\":[{\"@type\":\"ReadAction\",\"target\":[\"https:\\\/\\\/www.musee-lalique.com\\\/de\\\/rund-ums-museum\\\/wechselausstellungen\\\/2025-rene-lalique-architecte-et-decorateur\\\/2025-contenus-additionnels\\\/presentation-pour-lucien-lelong\\\/\"]}]},{\"@type\":\"ImageObject\",\"inLanguage\":\"de-DE\",\"@id\":\"https:\\\/\\\/www.musee-lalique.com\\\/de\\\/rund-ums-museum\\\/wechselausstellungen\\\/2025-rene-lalique-architecte-et-decorateur\\\/2025-contenus-additionnels\\\/presentation-pour-lucien-lelong\\\/#primaryimage\",\"url\":\"https:\\\/\\\/www.musee-lalique.com\\\/wp-content\\\/uploads\\\/2025\\\/04\\\/musee-lalique7784-det-ombre-web.jpg\",\"contentUrl\":\"https:\\\/\\\/www.musee-lalique.com\\\/wp-content\\\/uploads\\\/2025\\\/04\\\/musee-lalique7784-det-ombre-web.jpg\"},{\"@type\":\"BreadcrumbList\",\"@id\":\"https:\\\/\\\/www.musee-lalique.com\\\/de\\\/rund-ums-museum\\\/wechselausstellungen\\\/2025-rene-lalique-architecte-et-decorateur\\\/2025-contenus-additionnels\\\/presentation-pour-lucien-lelong\\\/#breadcrumb\",\"itemListElement\":[{\"@type\":\"ListItem\",\"position\":1,\"name\":\"Home\",\"item\":\"https:\\\/\\\/www.musee-lalique.com\\\/de\\\/\"},{\"@type\":\"ListItem\",\"position\":2,\"name\":\"Rund ums Museum\",\"item\":\"https:\\\/\\\/www.musee-lalique.com\\\/de\\\/rund-ums-museum\\\/\"},{\"@type\":\"ListItem\",\"position\":3,\"name\":\"Wechselausstellungen\",\"item\":\"https:\\\/\\\/www.musee-lalique.com\\\/de\\\/rund-ums-museum\\\/wechselausstellungen\\\/\"},{\"@type\":\"ListItem\",\"position\":4,\"name\":\"2025 : Ren\u00e9 Lalique, Architekt und Dekorateur\",\"item\":\"https:\\\/\\\/www.musee-lalique.com\\\/de\\\/rund-ums-museum\\\/wechselausstellungen\\\/2025-rene-lalique-architecte-et-decorateur\\\/\"},{\"@type\":\"ListItem\",\"position\":5,\"name\":\"2025 : zus\u00e4tzlichen Inhalten\",\"item\":\"https:\\\/\\\/www.musee-lalique.com\\\/de\\\/rund-ums-museum\\\/wechselausstellungen\\\/2025-rene-lalique-architecte-et-decorateur\\\/2025-contenus-additionnels\\\/\"},{\"@type\":\"ListItem\",\"position\":6,\"name\":\"Pr\u00e4sentation f\u00fcr Lucien Lelong\"}]},{\"@type\":\"WebSite\",\"@id\":\"https:\\\/\\\/musee-lalique.com\\\/#website\",\"url\":\"https:\\\/\\\/musee-lalique.com\\\/\",\"name\":\"museelalique\",\"description\":\"\",\"potentialAction\":[{\"@type\":\"SearchAction\",\"target\":{\"@type\":\"EntryPoint\",\"urlTemplate\":\"https:\\\/\\\/musee-lalique.com\\\/?s={search_term_string}\"},\"query-input\":{\"@type\":\"PropertyValueSpecification\",\"valueRequired\":true,\"valueName\":\"search_term_string\"}}],\"inLanguage\":\"de-DE\"}]}<\/script>\n<!-- \/ Yoast SEO plugin. -->","yoast_head_json":{"title":"Pr\u00e4sentation f\u00fcr Lucien Lelong - museelalique","robots":{"index":"index","follow":"follow","max-snippet":"max-snippet:-1","max-image-preview":"max-image-preview:large","max-video-preview":"max-video-preview:-1"},"canonical":"https:\/\/www.musee-lalique.com\/de\/rund-ums-museum\/wechselausstellungen\/2025-rene-lalique-architecte-et-decorateur\/2025-contenus-additionnels\/presentation-pour-lucien-lelong\/","og_locale":"de_DE","og_type":"article","og_title":"Pr\u00e4sentation f\u00fcr Lucien Lelong - museelalique","og_description":"Modell entworfen 1929 Der junge Couturier Lucien Lelong (1889-1958) gr\u00fcndete 1924 eine Parf\u00fcmmarke. Mit seiner Frau Nathalie Paley, einer Kusine des Zars Nikolaus II., die als Mannequin f\u00fcr sein Modehaus arbeitete, er\u00f6ffnete er zwei Gesch\u00e4fte jenseits des Atlantiks, das eine in Chicago, das andere in New York. F\u00fcr seine eleganten, aber sportlichen Kundinnen gab er [&hellip;]","og_url":"https:\/\/www.musee-lalique.com\/de\/rund-ums-museum\/wechselausstellungen\/2025-rene-lalique-architecte-et-decorateur\/2025-contenus-additionnels\/presentation-pour-lucien-lelong\/","og_site_name":"museelalique","article_modified_time":"2025-04-23T14:29:57+00:00","og_image":[{"width":1619,"height":1079,"url":"https:\/\/www.musee-lalique.com\/wp-content\/uploads\/2025\/04\/musee-lalique7784-det-ombre-web.jpg","type":"image\/jpeg"}],"twitter_card":"summary_large_image","twitter_misc":{"Est. reading time":"2 minutes"},"schema":{"@context":"https:\/\/schema.org","@graph":[{"@type":"WebPage","@id":"https:\/\/www.musee-lalique.com\/de\/rund-ums-museum\/wechselausstellungen\/2025-rene-lalique-architecte-et-decorateur\/2025-contenus-additionnels\/presentation-pour-lucien-lelong\/","url":"https:\/\/www.musee-lalique.com\/de\/rund-ums-museum\/wechselausstellungen\/2025-rene-lalique-architecte-et-decorateur\/2025-contenus-additionnels\/presentation-pour-lucien-lelong\/","name":"Pr\u00e4sentation f\u00fcr Lucien Lelong - museelalique","isPartOf":{"@id":"https:\/\/musee-lalique.com\/#website"},"primaryImageOfPage":{"@id":"https:\/\/www.musee-lalique.com\/de\/rund-ums-museum\/wechselausstellungen\/2025-rene-lalique-architecte-et-decorateur\/2025-contenus-additionnels\/presentation-pour-lucien-lelong\/#primaryimage"},"image":{"@id":"https:\/\/www.musee-lalique.com\/de\/rund-ums-museum\/wechselausstellungen\/2025-rene-lalique-architecte-et-decorateur\/2025-contenus-additionnels\/presentation-pour-lucien-lelong\/#primaryimage"},"thumbnailUrl":"https:\/\/www.musee-lalique.com\/wp-content\/uploads\/2025\/04\/musee-lalique7784-det-ombre-web.jpg","datePublished":"2025-04-12T12:44:36+00:00","dateModified":"2025-04-23T14:29:57+00:00","breadcrumb":{"@id":"https:\/\/www.musee-lalique.com\/de\/rund-ums-museum\/wechselausstellungen\/2025-rene-lalique-architecte-et-decorateur\/2025-contenus-additionnels\/presentation-pour-lucien-lelong\/#breadcrumb"},"inLanguage":"de-DE","potentialAction":[{"@type":"ReadAction","target":["https:\/\/www.musee-lalique.com\/de\/rund-ums-museum\/wechselausstellungen\/2025-rene-lalique-architecte-et-decorateur\/2025-contenus-additionnels\/presentation-pour-lucien-lelong\/"]}]},{"@type":"ImageObject","inLanguage":"de-DE","@id":"https:\/\/www.musee-lalique.com\/de\/rund-ums-museum\/wechselausstellungen\/2025-rene-lalique-architecte-et-decorateur\/2025-contenus-additionnels\/presentation-pour-lucien-lelong\/#primaryimage","url":"https:\/\/www.musee-lalique.com\/wp-content\/uploads\/2025\/04\/musee-lalique7784-det-ombre-web.jpg","contentUrl":"https:\/\/www.musee-lalique.com\/wp-content\/uploads\/2025\/04\/musee-lalique7784-det-ombre-web.jpg"},{"@type":"BreadcrumbList","@id":"https:\/\/www.musee-lalique.com\/de\/rund-ums-museum\/wechselausstellungen\/2025-rene-lalique-architecte-et-decorateur\/2025-contenus-additionnels\/presentation-pour-lucien-lelong\/#breadcrumb","itemListElement":[{"@type":"ListItem","position":1,"name":"Home","item":"https:\/\/www.musee-lalique.com\/de\/"},{"@type":"ListItem","position":2,"name":"Rund ums Museum","item":"https:\/\/www.musee-lalique.com\/de\/rund-ums-museum\/"},{"@type":"ListItem","position":3,"name":"Wechselausstellungen","item":"https:\/\/www.musee-lalique.com\/de\/rund-ums-museum\/wechselausstellungen\/"},{"@type":"ListItem","position":4,"name":"2025 : Ren\u00e9 Lalique, Architekt und Dekorateur","item":"https:\/\/www.musee-lalique.com\/de\/rund-ums-museum\/wechselausstellungen\/2025-rene-lalique-architecte-et-decorateur\/"},{"@type":"ListItem","position":5,"name":"2025 : zus\u00e4tzlichen Inhalten","item":"https:\/\/www.musee-lalique.com\/de\/rund-ums-museum\/wechselausstellungen\/2025-rene-lalique-architecte-et-decorateur\/2025-contenus-additionnels\/"},{"@type":"ListItem","position":6,"name":"Pr\u00e4sentation f\u00fcr Lucien Lelong"}]},{"@type":"WebSite","@id":"https:\/\/musee-lalique.com\/#website","url":"https:\/\/musee-lalique.com\/","name":"museelalique","description":"","potentialAction":[{"@type":"SearchAction","target":{"@type":"EntryPoint","urlTemplate":"https:\/\/musee-lalique.com\/?s={search_term_string}"},"query-input":{"@type":"PropertyValueSpecification","valueRequired":true,"valueName":"search_term_string"}}],"inLanguage":"de-DE"}]}},"_links":{"self":[{"href":"https:\/\/www.musee-lalique.com\/de\/wp-json\/wp\/v2\/pages\/14371","targetHints":{"allow":["GET"]}}],"collection":[{"href":"https:\/\/www.musee-lalique.com\/de\/wp-json\/wp\/v2\/pages"}],"about":[{"href":"https:\/\/www.musee-lalique.com\/de\/wp-json\/wp\/v2\/types\/page"}],"author":[{"embeddable":true,"href":"https:\/\/www.musee-lalique.com\/de\/wp-json\/wp\/v2\/users\/6"}],"replies":[{"embeddable":true,"href":"https:\/\/www.musee-lalique.com\/de\/wp-json\/wp\/v2\/comments?post=14371"}],"version-history":[{"count":2,"href":"https:\/\/www.musee-lalique.com\/de\/wp-json\/wp\/v2\/pages\/14371\/revisions"}],"predecessor-version":[{"id":14376,"href":"https:\/\/www.musee-lalique.com\/de\/wp-json\/wp\/v2\/pages\/14371\/revisions\/14376"}],"up":[{"embeddable":true,"href":"https:\/\/www.musee-lalique.com\/de\/wp-json\/wp\/v2\/pages\/14333"}],"wp:attachment":[{"href":"https:\/\/www.musee-lalique.com\/de\/wp-json\/wp\/v2\/media?parent=14371"}],"curies":[{"name":"wp","href":"https:\/\/api.w.org\/{rel}","templated":true}]}}