{"id":14360,"date":"2025-04-12T14:50:46","date_gmt":"2025-04-12T12:50:46","guid":{"rendered":"https:\/\/www.musee-lalique.com\/rund-ums-museum\/wechselausstellungen\/2025-rene-lalique-architecte-et-decorateur\/2025-contenus-additionnels\/plaque-publicitaire-pour-roger-gallet\/"},"modified":"2025-04-23T16:14:49","modified_gmt":"2025-04-23T14:14:49","slug":"plaque-publicitaire-pour-roger-gallet","status":"publish","type":"page","link":"https:\/\/www.musee-lalique.com\/de\/rund-ums-museum\/wechselausstellungen\/2025-rene-lalique-architecte-et-decorateur\/2025-contenus-additionnels\/plaque-publicitaire-pour-roger-gallet\/","title":{"rendered":"Werbetafel f\u00fcr Roger &#038; Gallet"},"content":{"rendered":"<p>Ab 1910 arbeitete Ren\u00e9 Lalique mit Roger &amp; Gallet zusammen. Er entwarf ein Dutzend Parf\u00fcmflakons und Werbetafeln, aber auch den Stand des Parf\u00fcmherstellers auf der <em>Exposition des Arts d\u00e9coratifs et industriels modernes<\/em> des Jahres 1925.<\/p>\n<p>Dieser wurde von einem korbf\u00f6rmigen L\u00fcster beleuchtet, aus dem Blumenranken hervorwuchsen, die sich \u00fcber die W\u00e4nde fortsetzten. Sie waren aus Glas gefertigt und brachten Licht in dieses Ensemble, in dem Silber und Schwarz vorherrschten und das von der Kritik als dezent und elegant, ja sogar d\u00fcster bezeichnet wurde.<\/p>\n<p>&nbsp;<\/p>\n<p><img loading=\"lazy\" decoding=\"async\" class=\"alignnone size-full wp-image-14299\" src=\"https:\/\/www.musee-lalique.com\/wp-content\/uploads\/2025\/04\/roger-gallet.jpg\" alt=\"\" width=\"2047\" height=\"2733\" srcset=\"https:\/\/www.musee-lalique.com\/wp-content\/uploads\/2025\/04\/roger-gallet.jpg 2047w, https:\/\/www.musee-lalique.com\/wp-content\/uploads\/2025\/04\/roger-gallet-225x300.jpg 225w, https:\/\/www.musee-lalique.com\/wp-content\/uploads\/2025\/04\/roger-gallet-1232x1645.jpg 1232w, https:\/\/www.musee-lalique.com\/wp-content\/uploads\/2025\/04\/roger-gallet-768x1025.jpg 768w, https:\/\/www.musee-lalique.com\/wp-content\/uploads\/2025\/04\/roger-gallet-1150x1536.jpg 1150w, https:\/\/www.musee-lalique.com\/wp-content\/uploads\/2025\/04\/roger-gallet-1534x2048.jpg 1534w, https:\/\/www.musee-lalique.com\/wp-content\/uploads\/2025\/04\/roger-gallet-1184x1581.jpg 1184w, https:\/\/www.musee-lalique.com\/wp-content\/uploads\/2025\/04\/roger-gallet-592x790.jpg 592w, https:\/\/www.musee-lalique.com\/wp-content\/uploads\/2025\/04\/roger-gallet-1984x2649.jpg 1984w, https:\/\/www.musee-lalique.com\/wp-content\/uploads\/2025\/04\/roger-gallet-992x1324.jpg 992w, https:\/\/www.musee-lalique.com\/wp-content\/uploads\/2025\/04\/roger-gallet-580x774.jpg 580w, https:\/\/www.musee-lalique.com\/wp-content\/uploads\/2025\/04\/roger-gallet-290x387.jpg 290w, https:\/\/www.musee-lalique.com\/wp-content\/uploads\/2025\/04\/roger-gallet-374x500.jpg 374w, https:\/\/www.musee-lalique.com\/wp-content\/uploads\/2025\/04\/roger-gallet-187x250.jpg 187w\" sizes=\"auto, (max-width: 2047px) 100vw, 2047px\" \/><\/p>\n<p>&nbsp;<\/p>\n<p>&nbsp;<\/p>\n","protected":false},"excerpt":{"rendered":"<p>Ab 1910 arbeitete Ren\u00e9 Lalique mit Roger &amp; Gallet zusammen. Er entwarf ein Dutzend Parf\u00fcmflakons und Werbetafeln, aber auch den Stand des Parf\u00fcmherstellers auf der Exposition des Arts d\u00e9coratifs et industriels modernes des Jahres 1925. Dieser wurde von einem korbf\u00f6rmigen L\u00fcster beleuchtet, aus dem Blumenranken hervorwuchsen, die sich \u00fcber die W\u00e4nde fortsetzten. Sie waren aus [&hellip;]<\/p>\n","protected":false},"author":6,"featured_media":0,"parent":14333,"menu_order":0,"comment_status":"closed","ping_status":"closed","template":"","meta":{"_acf_changed":false,"footnotes":""},"class_list":["post-14360","page","type-page","status-publish","hentry"],"acf":[],"yoast_head":"<!-- This site is optimized with the Yoast SEO plugin v27.3 - https:\/\/yoast.com\/product\/yoast-seo-wordpress\/ -->\n<title>Werbetafel f\u00fcr Roger &amp; Gallet - museelalique<\/title>\n<meta name=\"robots\" content=\"index, follow, max-snippet:-1, max-image-preview:large, max-video-preview:-1\" \/>\n<link rel=\"canonical\" href=\"https:\/\/www.musee-lalique.com\/de\/rund-ums-museum\/wechselausstellungen\/2025-rene-lalique-architecte-et-decorateur\/2025-contenus-additionnels\/plaque-publicitaire-pour-roger-gallet\/\" \/>\n<meta property=\"og:locale\" content=\"de_DE\" \/>\n<meta property=\"og:type\" content=\"article\" \/>\n<meta property=\"og:title\" content=\"Werbetafel f\u00fcr Roger &amp; Gallet - museelalique\" \/>\n<meta property=\"og:description\" content=\"Ab 1910 arbeitete Ren\u00e9 Lalique mit Roger &amp; Gallet zusammen. Er entwarf ein Dutzend Parf\u00fcmflakons und Werbetafeln, aber auch den Stand des Parf\u00fcmherstellers auf der Exposition des Arts d\u00e9coratifs et industriels modernes des Jahres 1925. Dieser wurde von einem korbf\u00f6rmigen L\u00fcster beleuchtet, aus dem Blumenranken hervorwuchsen, die sich \u00fcber die W\u00e4nde fortsetzten. Sie waren aus [&hellip;]\" \/>\n<meta property=\"og:url\" content=\"https:\/\/www.musee-lalique.com\/de\/rund-ums-museum\/wechselausstellungen\/2025-rene-lalique-architecte-et-decorateur\/2025-contenus-additionnels\/plaque-publicitaire-pour-roger-gallet\/\" \/>\n<meta property=\"og:site_name\" content=\"museelalique\" \/>\n<meta property=\"article:modified_time\" content=\"2025-04-23T14:14:49+00:00\" \/>\n<meta property=\"og:image\" content=\"https:\/\/www.musee-lalique.com\/wp-content\/uploads\/2025\/04\/roger-gallet.jpg\" \/>\n\t<meta property=\"og:image:width\" content=\"2047\" \/>\n\t<meta property=\"og:image:height\" content=\"2733\" \/>\n\t<meta property=\"og:image:type\" content=\"image\/jpeg\" \/>\n<meta name=\"twitter:card\" content=\"summary_large_image\" \/>\n<meta name=\"twitter:label1\" content=\"Est. reading time\" \/>\n\t<meta name=\"twitter:data1\" content=\"1 minute\" \/>\n<script type=\"application\/ld+json\" class=\"yoast-schema-graph\">{\"@context\":\"https:\\\/\\\/schema.org\",\"@graph\":[{\"@type\":\"WebPage\",\"@id\":\"https:\\\/\\\/www.musee-lalique.com\\\/de\\\/rund-ums-museum\\\/wechselausstellungen\\\/2025-rene-lalique-architecte-et-decorateur\\\/2025-contenus-additionnels\\\/plaque-publicitaire-pour-roger-gallet\\\/\",\"url\":\"https:\\\/\\\/www.musee-lalique.com\\\/de\\\/rund-ums-museum\\\/wechselausstellungen\\\/2025-rene-lalique-architecte-et-decorateur\\\/2025-contenus-additionnels\\\/plaque-publicitaire-pour-roger-gallet\\\/\",\"name\":\"Werbetafel f\u00fcr Roger & Gallet - museelalique\",\"isPartOf\":{\"@id\":\"https:\\\/\\\/musee-lalique.com\\\/#website\"},\"primaryImageOfPage\":{\"@id\":\"https:\\\/\\\/www.musee-lalique.com\\\/de\\\/rund-ums-museum\\\/wechselausstellungen\\\/2025-rene-lalique-architecte-et-decorateur\\\/2025-contenus-additionnels\\\/plaque-publicitaire-pour-roger-gallet\\\/#primaryimage\"},\"image\":{\"@id\":\"https:\\\/\\\/www.musee-lalique.com\\\/de\\\/rund-ums-museum\\\/wechselausstellungen\\\/2025-rene-lalique-architecte-et-decorateur\\\/2025-contenus-additionnels\\\/plaque-publicitaire-pour-roger-gallet\\\/#primaryimage\"},\"thumbnailUrl\":\"https:\\\/\\\/www.musee-lalique.com\\\/wp-content\\\/uploads\\\/2025\\\/04\\\/roger-gallet.jpg\",\"datePublished\":\"2025-04-12T12:50:46+00:00\",\"dateModified\":\"2025-04-23T14:14:49+00:00\",\"breadcrumb\":{\"@id\":\"https:\\\/\\\/www.musee-lalique.com\\\/de\\\/rund-ums-museum\\\/wechselausstellungen\\\/2025-rene-lalique-architecte-et-decorateur\\\/2025-contenus-additionnels\\\/plaque-publicitaire-pour-roger-gallet\\\/#breadcrumb\"},\"inLanguage\":\"de-DE\",\"potentialAction\":[{\"@type\":\"ReadAction\",\"target\":[\"https:\\\/\\\/www.musee-lalique.com\\\/de\\\/rund-ums-museum\\\/wechselausstellungen\\\/2025-rene-lalique-architecte-et-decorateur\\\/2025-contenus-additionnels\\\/plaque-publicitaire-pour-roger-gallet\\\/\"]}]},{\"@type\":\"ImageObject\",\"inLanguage\":\"de-DE\",\"@id\":\"https:\\\/\\\/www.musee-lalique.com\\\/de\\\/rund-ums-museum\\\/wechselausstellungen\\\/2025-rene-lalique-architecte-et-decorateur\\\/2025-contenus-additionnels\\\/plaque-publicitaire-pour-roger-gallet\\\/#primaryimage\",\"url\":\"https:\\\/\\\/www.musee-lalique.com\\\/wp-content\\\/uploads\\\/2025\\\/04\\\/roger-gallet.jpg\",\"contentUrl\":\"https:\\\/\\\/www.musee-lalique.com\\\/wp-content\\\/uploads\\\/2025\\\/04\\\/roger-gallet.jpg\"},{\"@type\":\"BreadcrumbList\",\"@id\":\"https:\\\/\\\/www.musee-lalique.com\\\/de\\\/rund-ums-museum\\\/wechselausstellungen\\\/2025-rene-lalique-architecte-et-decorateur\\\/2025-contenus-additionnels\\\/plaque-publicitaire-pour-roger-gallet\\\/#breadcrumb\",\"itemListElement\":[{\"@type\":\"ListItem\",\"position\":1,\"name\":\"Home\",\"item\":\"https:\\\/\\\/www.musee-lalique.com\\\/de\\\/\"},{\"@type\":\"ListItem\",\"position\":2,\"name\":\"Rund ums Museum\",\"item\":\"https:\\\/\\\/www.musee-lalique.com\\\/de\\\/rund-ums-museum\\\/\"},{\"@type\":\"ListItem\",\"position\":3,\"name\":\"Wechselausstellungen\",\"item\":\"https:\\\/\\\/www.musee-lalique.com\\\/de\\\/rund-ums-museum\\\/wechselausstellungen\\\/\"},{\"@type\":\"ListItem\",\"position\":4,\"name\":\"2025 : Ren\u00e9 Lalique, Architekt und Dekorateur\",\"item\":\"https:\\\/\\\/www.musee-lalique.com\\\/de\\\/rund-ums-museum\\\/wechselausstellungen\\\/2025-rene-lalique-architecte-et-decorateur\\\/\"},{\"@type\":\"ListItem\",\"position\":5,\"name\":\"2025 : zus\u00e4tzlichen Inhalten\",\"item\":\"https:\\\/\\\/www.musee-lalique.com\\\/de\\\/rund-ums-museum\\\/wechselausstellungen\\\/2025-rene-lalique-architecte-et-decorateur\\\/2025-contenus-additionnels\\\/\"},{\"@type\":\"ListItem\",\"position\":6,\"name\":\"Werbetafel f\u00fcr Roger &#038; Gallet\"}]},{\"@type\":\"WebSite\",\"@id\":\"https:\\\/\\\/musee-lalique.com\\\/#website\",\"url\":\"https:\\\/\\\/musee-lalique.com\\\/\",\"name\":\"museelalique\",\"description\":\"\",\"potentialAction\":[{\"@type\":\"SearchAction\",\"target\":{\"@type\":\"EntryPoint\",\"urlTemplate\":\"https:\\\/\\\/musee-lalique.com\\\/?s={search_term_string}\"},\"query-input\":{\"@type\":\"PropertyValueSpecification\",\"valueRequired\":true,\"valueName\":\"search_term_string\"}}],\"inLanguage\":\"de-DE\"}]}<\/script>\n<!-- \/ Yoast SEO plugin. -->","yoast_head_json":{"title":"Werbetafel f\u00fcr Roger & Gallet - museelalique","robots":{"index":"index","follow":"follow","max-snippet":"max-snippet:-1","max-image-preview":"max-image-preview:large","max-video-preview":"max-video-preview:-1"},"canonical":"https:\/\/www.musee-lalique.com\/de\/rund-ums-museum\/wechselausstellungen\/2025-rene-lalique-architecte-et-decorateur\/2025-contenus-additionnels\/plaque-publicitaire-pour-roger-gallet\/","og_locale":"de_DE","og_type":"article","og_title":"Werbetafel f\u00fcr Roger & Gallet - museelalique","og_description":"Ab 1910 arbeitete Ren\u00e9 Lalique mit Roger &amp; Gallet zusammen. Er entwarf ein Dutzend Parf\u00fcmflakons und Werbetafeln, aber auch den Stand des Parf\u00fcmherstellers auf der Exposition des Arts d\u00e9coratifs et industriels modernes des Jahres 1925. Dieser wurde von einem korbf\u00f6rmigen L\u00fcster beleuchtet, aus dem Blumenranken hervorwuchsen, die sich \u00fcber die W\u00e4nde fortsetzten. Sie waren aus [&hellip;]","og_url":"https:\/\/www.musee-lalique.com\/de\/rund-ums-museum\/wechselausstellungen\/2025-rene-lalique-architecte-et-decorateur\/2025-contenus-additionnels\/plaque-publicitaire-pour-roger-gallet\/","og_site_name":"museelalique","article_modified_time":"2025-04-23T14:14:49+00:00","og_image":[{"width":2047,"height":2733,"url":"https:\/\/www.musee-lalique.com\/wp-content\/uploads\/2025\/04\/roger-gallet.jpg","type":"image\/jpeg"}],"twitter_card":"summary_large_image","twitter_misc":{"Est. reading time":"1 minute"},"schema":{"@context":"https:\/\/schema.org","@graph":[{"@type":"WebPage","@id":"https:\/\/www.musee-lalique.com\/de\/rund-ums-museum\/wechselausstellungen\/2025-rene-lalique-architecte-et-decorateur\/2025-contenus-additionnels\/plaque-publicitaire-pour-roger-gallet\/","url":"https:\/\/www.musee-lalique.com\/de\/rund-ums-museum\/wechselausstellungen\/2025-rene-lalique-architecte-et-decorateur\/2025-contenus-additionnels\/plaque-publicitaire-pour-roger-gallet\/","name":"Werbetafel f\u00fcr Roger & Gallet - museelalique","isPartOf":{"@id":"https:\/\/musee-lalique.com\/#website"},"primaryImageOfPage":{"@id":"https:\/\/www.musee-lalique.com\/de\/rund-ums-museum\/wechselausstellungen\/2025-rene-lalique-architecte-et-decorateur\/2025-contenus-additionnels\/plaque-publicitaire-pour-roger-gallet\/#primaryimage"},"image":{"@id":"https:\/\/www.musee-lalique.com\/de\/rund-ums-museum\/wechselausstellungen\/2025-rene-lalique-architecte-et-decorateur\/2025-contenus-additionnels\/plaque-publicitaire-pour-roger-gallet\/#primaryimage"},"thumbnailUrl":"https:\/\/www.musee-lalique.com\/wp-content\/uploads\/2025\/04\/roger-gallet.jpg","datePublished":"2025-04-12T12:50:46+00:00","dateModified":"2025-04-23T14:14:49+00:00","breadcrumb":{"@id":"https:\/\/www.musee-lalique.com\/de\/rund-ums-museum\/wechselausstellungen\/2025-rene-lalique-architecte-et-decorateur\/2025-contenus-additionnels\/plaque-publicitaire-pour-roger-gallet\/#breadcrumb"},"inLanguage":"de-DE","potentialAction":[{"@type":"ReadAction","target":["https:\/\/www.musee-lalique.com\/de\/rund-ums-museum\/wechselausstellungen\/2025-rene-lalique-architecte-et-decorateur\/2025-contenus-additionnels\/plaque-publicitaire-pour-roger-gallet\/"]}]},{"@type":"ImageObject","inLanguage":"de-DE","@id":"https:\/\/www.musee-lalique.com\/de\/rund-ums-museum\/wechselausstellungen\/2025-rene-lalique-architecte-et-decorateur\/2025-contenus-additionnels\/plaque-publicitaire-pour-roger-gallet\/#primaryimage","url":"https:\/\/www.musee-lalique.com\/wp-content\/uploads\/2025\/04\/roger-gallet.jpg","contentUrl":"https:\/\/www.musee-lalique.com\/wp-content\/uploads\/2025\/04\/roger-gallet.jpg"},{"@type":"BreadcrumbList","@id":"https:\/\/www.musee-lalique.com\/de\/rund-ums-museum\/wechselausstellungen\/2025-rene-lalique-architecte-et-decorateur\/2025-contenus-additionnels\/plaque-publicitaire-pour-roger-gallet\/#breadcrumb","itemListElement":[{"@type":"ListItem","position":1,"name":"Home","item":"https:\/\/www.musee-lalique.com\/de\/"},{"@type":"ListItem","position":2,"name":"Rund ums Museum","item":"https:\/\/www.musee-lalique.com\/de\/rund-ums-museum\/"},{"@type":"ListItem","position":3,"name":"Wechselausstellungen","item":"https:\/\/www.musee-lalique.com\/de\/rund-ums-museum\/wechselausstellungen\/"},{"@type":"ListItem","position":4,"name":"2025 : Ren\u00e9 Lalique, Architekt und Dekorateur","item":"https:\/\/www.musee-lalique.com\/de\/rund-ums-museum\/wechselausstellungen\/2025-rene-lalique-architecte-et-decorateur\/"},{"@type":"ListItem","position":5,"name":"2025 : zus\u00e4tzlichen Inhalten","item":"https:\/\/www.musee-lalique.com\/de\/rund-ums-museum\/wechselausstellungen\/2025-rene-lalique-architecte-et-decorateur\/2025-contenus-additionnels\/"},{"@type":"ListItem","position":6,"name":"Werbetafel f\u00fcr Roger &#038; Gallet"}]},{"@type":"WebSite","@id":"https:\/\/musee-lalique.com\/#website","url":"https:\/\/musee-lalique.com\/","name":"museelalique","description":"","potentialAction":[{"@type":"SearchAction","target":{"@type":"EntryPoint","urlTemplate":"https:\/\/musee-lalique.com\/?s={search_term_string}"},"query-input":{"@type":"PropertyValueSpecification","valueRequired":true,"valueName":"search_term_string"}}],"inLanguage":"de-DE"}]}},"_links":{"self":[{"href":"https:\/\/www.musee-lalique.com\/de\/wp-json\/wp\/v2\/pages\/14360","targetHints":{"allow":["GET"]}}],"collection":[{"href":"https:\/\/www.musee-lalique.com\/de\/wp-json\/wp\/v2\/pages"}],"about":[{"href":"https:\/\/www.musee-lalique.com\/de\/wp-json\/wp\/v2\/types\/page"}],"author":[{"embeddable":true,"href":"https:\/\/www.musee-lalique.com\/de\/wp-json\/wp\/v2\/users\/6"}],"replies":[{"embeddable":true,"href":"https:\/\/www.musee-lalique.com\/de\/wp-json\/wp\/v2\/comments?post=14360"}],"version-history":[{"count":2,"href":"https:\/\/www.musee-lalique.com\/de\/wp-json\/wp\/v2\/pages\/14360\/revisions"}],"predecessor-version":[{"id":14367,"href":"https:\/\/www.musee-lalique.com\/de\/wp-json\/wp\/v2\/pages\/14360\/revisions\/14367"}],"up":[{"embeddable":true,"href":"https:\/\/www.musee-lalique.com\/de\/wp-json\/wp\/v2\/pages\/14333"}],"wp:attachment":[{"href":"https:\/\/www.musee-lalique.com\/de\/wp-json\/wp\/v2\/media?parent=14360"}],"curies":[{"name":"wp","href":"https:\/\/api.w.org\/{rel}","templated":true}]}}