{"id":14352,"date":"2025-04-12T14:57:07","date_gmt":"2025-04-12T12:57:07","guid":{"rendered":"https:\/\/www.musee-lalique.com\/rund-ums-museum\/wechselausstellungen\/2025-rene-lalique-architecte-et-decorateur\/2025-contenus-additionnels\/flacon-scarabee-pour-l-t-piver\/"},"modified":"2025-04-23T15:55:51","modified_gmt":"2025-04-23T13:55:51","slug":"flacon-scarabee-pour-l-t-piver","status":"publish","type":"page","link":"https:\/\/www.musee-lalique.com\/de\/rund-ums-museum\/wechselausstellungen\/2025-rene-lalique-architecte-et-decorateur\/2025-contenus-additionnels\/flacon-scarabee-pour-l-t-piver\/","title":{"rendered":"Flakon Scarab\u00e9e (Skarab\u00e4us) f\u00fcr L.T. Piver"},"content":{"rendered":"<p>Modell entworfen 1909<\/p>\n<p>L.T. Piver (L.T. steht f\u00fcr Louis-Toussaint) ist einer der \u00e4ltesten franz\u00f6sischen Parf\u00fcmhersteller. Die Urspr\u00fcnge reichen bis 1769 zur\u00fcck, der internationale Erfolg begann ab der Mitte des 19. Jahrhunderts. 1893 heiratete Jacques Rouch\u00e9 (1862-1957), Absolvent der \u00c9cole polytechnique, der sich f\u00fcr Politik und Theater begeisterte, die Erbin des ber\u00fchmten Unternehmens, dessen gesch\u00e4ftsf\u00fchrender Direktor er danach wurde. Er erwarb Kenntnisse auf dem Gebiet der Chemie, wollte aber auch das Image des Unternehmens ver\u00e4ndern, indem er an der graphischen Gestaltung der Etiketten und der Schatullen arbeitete. 1909 \u00fcbertrug er Ren\u00e9 Lalique die Gestaltung der Pr\u00e4sentation seines neuen Parf\u00fcms <em>Scarab\u00e9e<\/em>.<\/p>\n<p>Vier Jahre fr\u00fcher hatte Jacques Rouch\u00e9 ein Stadthaus in der Rue de Prony 30 in Paris erworben. Er wollte es im Stil des Art nouveau renovieren und wandte sich deshalb an K\u00fcnstler wie Edgar Brandt f\u00fcr die Schmiedearbeiten und William Lemit f\u00fcr die Fassadenskulpturen, Maurice Denis und Henri Matisse f\u00fcr die Gestaltung der W\u00e4nde und Decken, Maurice Dufr\u00eane und Louis Majorelle f\u00fcr die M\u00f6bel. Ren\u00e9 Lalique entwarf L\u00fcster, Wandleuchten, T\u00fcr- und Fenstergriffe. Diese Kreationen, die der Kunstkritiker Eug\u00e8ne Belville in einem Artikel in der Zeitschrift <em>Art et d\u00e9coration <\/em>als <em>bester Lalique <\/em>bezeichnete<em>, <\/em>wurden von der gesamten Pariser Kunst- und Kulturszene, die bei den Rouch\u00e9s zu Gast waren, bewundert.<\/p>\n<p>&nbsp;<\/p>\n<p><img loading=\"lazy\" decoding=\"async\" class=\"alignnone size-full wp-image-14306\" src=\"https:\/\/www.musee-lalique.com\/wp-content\/uploads\/2025\/04\/salle-a-manger-rouche.jpg\" alt=\"\" width=\"2194\" height=\"1602\" srcset=\"https:\/\/www.musee-lalique.com\/wp-content\/uploads\/2025\/04\/salle-a-manger-rouche.jpg 2194w, https:\/\/www.musee-lalique.com\/wp-content\/uploads\/2025\/04\/salle-a-manger-rouche-300x219.jpg 300w, https:\/\/www.musee-lalique.com\/wp-content\/uploads\/2025\/04\/salle-a-manger-rouche-1232x900.jpg 1232w, https:\/\/www.musee-lalique.com\/wp-content\/uploads\/2025\/04\/salle-a-manger-rouche-768x561.jpg 768w, https:\/\/www.musee-lalique.com\/wp-content\/uploads\/2025\/04\/salle-a-manger-rouche-1536x1122.jpg 1536w, https:\/\/www.musee-lalique.com\/wp-content\/uploads\/2025\/04\/salle-a-manger-rouche-2048x1495.jpg 2048w, https:\/\/www.musee-lalique.com\/wp-content\/uploads\/2025\/04\/salle-a-manger-rouche-1184x865.jpg 1184w, https:\/\/www.musee-lalique.com\/wp-content\/uploads\/2025\/04\/salle-a-manger-rouche-592x432.jpg 592w, https:\/\/www.musee-lalique.com\/wp-content\/uploads\/2025\/04\/salle-a-manger-rouche-1984x1449.jpg 1984w, https:\/\/www.musee-lalique.com\/wp-content\/uploads\/2025\/04\/salle-a-manger-rouche-992x724.jpg 992w, https:\/\/www.musee-lalique.com\/wp-content\/uploads\/2025\/04\/salle-a-manger-rouche-580x424.jpg 580w, https:\/\/www.musee-lalique.com\/wp-content\/uploads\/2025\/04\/salle-a-manger-rouche-290x212.jpg 290w, https:\/\/www.musee-lalique.com\/wp-content\/uploads\/2025\/04\/salle-a-manger-rouche-685x500.jpg 685w, https:\/\/www.musee-lalique.com\/wp-content\/uploads\/2025\/04\/salle-a-manger-rouche-342x250.jpg 342w\" sizes=\"auto, (max-width: 2194px) 100vw, 2194px\" \/><\/p>\n","protected":false},"excerpt":{"rendered":"<p>Modell entworfen 1909 L.T. Piver (L.T. steht f\u00fcr Louis-Toussaint) ist einer der \u00e4ltesten franz\u00f6sischen Parf\u00fcmhersteller. Die Urspr\u00fcnge reichen bis 1769 zur\u00fcck, der internationale Erfolg begann ab der Mitte des 19. Jahrhunderts. 1893 heiratete Jacques Rouch\u00e9 (1862-1957), Absolvent der \u00c9cole polytechnique, der sich f\u00fcr Politik und Theater begeisterte, die Erbin des ber\u00fchmten Unternehmens, dessen gesch\u00e4ftsf\u00fchrender Direktor [&hellip;]<\/p>\n","protected":false},"author":6,"featured_media":0,"parent":14333,"menu_order":0,"comment_status":"closed","ping_status":"closed","template":"","meta":{"_acf_changed":false,"footnotes":""},"class_list":["post-14352","page","type-page","status-publish","hentry"],"acf":[],"yoast_head":"<!-- This site is optimized with the Yoast SEO plugin v27.4 - https:\/\/yoast.com\/product\/yoast-seo-wordpress\/ -->\n<title>Flakon Scarab\u00e9e (Skarab\u00e4us) f\u00fcr L.T. Piver - museelalique<\/title>\n<meta name=\"robots\" content=\"index, follow, max-snippet:-1, max-image-preview:large, max-video-preview:-1\" \/>\n<link rel=\"canonical\" href=\"https:\/\/www.musee-lalique.com\/de\/rund-ums-museum\/wechselausstellungen\/2025-rene-lalique-architecte-et-decorateur\/2025-contenus-additionnels\/flacon-scarabee-pour-l-t-piver\/\" \/>\n<meta property=\"og:locale\" content=\"de_DE\" \/>\n<meta property=\"og:type\" content=\"article\" \/>\n<meta property=\"og:title\" content=\"Flakon Scarab\u00e9e (Skarab\u00e4us) f\u00fcr L.T. Piver - museelalique\" \/>\n<meta property=\"og:description\" content=\"Modell entworfen 1909 L.T. Piver (L.T. steht f\u00fcr Louis-Toussaint) ist einer der \u00e4ltesten franz\u00f6sischen Parf\u00fcmhersteller. Die Urspr\u00fcnge reichen bis 1769 zur\u00fcck, der internationale Erfolg begann ab der Mitte des 19. Jahrhunderts. 1893 heiratete Jacques Rouch\u00e9 (1862-1957), Absolvent der \u00c9cole polytechnique, der sich f\u00fcr Politik und Theater begeisterte, die Erbin des ber\u00fchmten Unternehmens, dessen gesch\u00e4ftsf\u00fchrender Direktor [&hellip;]\" \/>\n<meta property=\"og:url\" content=\"https:\/\/www.musee-lalique.com\/de\/rund-ums-museum\/wechselausstellungen\/2025-rene-lalique-architecte-et-decorateur\/2025-contenus-additionnels\/flacon-scarabee-pour-l-t-piver\/\" \/>\n<meta property=\"og:site_name\" content=\"museelalique\" \/>\n<meta property=\"article:modified_time\" content=\"2025-04-23T13:55:51+00:00\" \/>\n<meta property=\"og:image\" content=\"https:\/\/www.musee-lalique.com\/wp-content\/uploads\/2025\/04\/salle-a-manger-rouche.jpg\" \/>\n\t<meta property=\"og:image:width\" content=\"2194\" \/>\n\t<meta property=\"og:image:height\" content=\"1602\" \/>\n\t<meta property=\"og:image:type\" content=\"image\/jpeg\" \/>\n<meta name=\"twitter:card\" content=\"summary_large_image\" \/>\n<meta name=\"twitter:label1\" content=\"Est. reading time\" \/>\n\t<meta name=\"twitter:data1\" content=\"2 minutes\" \/>\n<script type=\"application\/ld+json\" class=\"yoast-schema-graph\">{\"@context\":\"https:\\\/\\\/schema.org\",\"@graph\":[{\"@type\":\"WebPage\",\"@id\":\"https:\\\/\\\/www.musee-lalique.com\\\/de\\\/rund-ums-museum\\\/wechselausstellungen\\\/2025-rene-lalique-architecte-et-decorateur\\\/2025-contenus-additionnels\\\/flacon-scarabee-pour-l-t-piver\\\/\",\"url\":\"https:\\\/\\\/www.musee-lalique.com\\\/de\\\/rund-ums-museum\\\/wechselausstellungen\\\/2025-rene-lalique-architecte-et-decorateur\\\/2025-contenus-additionnels\\\/flacon-scarabee-pour-l-t-piver\\\/\",\"name\":\"Flakon Scarab\u00e9e (Skarab\u00e4us) f\u00fcr L.T. Piver - museelalique\",\"isPartOf\":{\"@id\":\"https:\\\/\\\/musee-lalique.com\\\/#website\"},\"primaryImageOfPage\":{\"@id\":\"https:\\\/\\\/www.musee-lalique.com\\\/de\\\/rund-ums-museum\\\/wechselausstellungen\\\/2025-rene-lalique-architecte-et-decorateur\\\/2025-contenus-additionnels\\\/flacon-scarabee-pour-l-t-piver\\\/#primaryimage\"},\"image\":{\"@id\":\"https:\\\/\\\/www.musee-lalique.com\\\/de\\\/rund-ums-museum\\\/wechselausstellungen\\\/2025-rene-lalique-architecte-et-decorateur\\\/2025-contenus-additionnels\\\/flacon-scarabee-pour-l-t-piver\\\/#primaryimage\"},\"thumbnailUrl\":\"https:\\\/\\\/www.musee-lalique.com\\\/wp-content\\\/uploads\\\/2025\\\/04\\\/salle-a-manger-rouche.jpg\",\"datePublished\":\"2025-04-12T12:57:07+00:00\",\"dateModified\":\"2025-04-23T13:55:51+00:00\",\"breadcrumb\":{\"@id\":\"https:\\\/\\\/www.musee-lalique.com\\\/de\\\/rund-ums-museum\\\/wechselausstellungen\\\/2025-rene-lalique-architecte-et-decorateur\\\/2025-contenus-additionnels\\\/flacon-scarabee-pour-l-t-piver\\\/#breadcrumb\"},\"inLanguage\":\"de-DE\",\"potentialAction\":[{\"@type\":\"ReadAction\",\"target\":[\"https:\\\/\\\/www.musee-lalique.com\\\/de\\\/rund-ums-museum\\\/wechselausstellungen\\\/2025-rene-lalique-architecte-et-decorateur\\\/2025-contenus-additionnels\\\/flacon-scarabee-pour-l-t-piver\\\/\"]}]},{\"@type\":\"ImageObject\",\"inLanguage\":\"de-DE\",\"@id\":\"https:\\\/\\\/www.musee-lalique.com\\\/de\\\/rund-ums-museum\\\/wechselausstellungen\\\/2025-rene-lalique-architecte-et-decorateur\\\/2025-contenus-additionnels\\\/flacon-scarabee-pour-l-t-piver\\\/#primaryimage\",\"url\":\"https:\\\/\\\/www.musee-lalique.com\\\/wp-content\\\/uploads\\\/2025\\\/04\\\/salle-a-manger-rouche.jpg\",\"contentUrl\":\"https:\\\/\\\/www.musee-lalique.com\\\/wp-content\\\/uploads\\\/2025\\\/04\\\/salle-a-manger-rouche.jpg\"},{\"@type\":\"BreadcrumbList\",\"@id\":\"https:\\\/\\\/www.musee-lalique.com\\\/de\\\/rund-ums-museum\\\/wechselausstellungen\\\/2025-rene-lalique-architecte-et-decorateur\\\/2025-contenus-additionnels\\\/flacon-scarabee-pour-l-t-piver\\\/#breadcrumb\",\"itemListElement\":[{\"@type\":\"ListItem\",\"position\":1,\"name\":\"Home\",\"item\":\"https:\\\/\\\/www.musee-lalique.com\\\/de\\\/\"},{\"@type\":\"ListItem\",\"position\":2,\"name\":\"Rund ums Museum\",\"item\":\"https:\\\/\\\/www.musee-lalique.com\\\/de\\\/rund-ums-museum\\\/\"},{\"@type\":\"ListItem\",\"position\":3,\"name\":\"Wechselausstellungen\",\"item\":\"https:\\\/\\\/www.musee-lalique.com\\\/de\\\/rund-ums-museum\\\/wechselausstellungen\\\/\"},{\"@type\":\"ListItem\",\"position\":4,\"name\":\"2025 : Ren\u00e9 Lalique, Architekt und Dekorateur\",\"item\":\"https:\\\/\\\/www.musee-lalique.com\\\/de\\\/rund-ums-museum\\\/wechselausstellungen\\\/2025-rene-lalique-architecte-et-decorateur\\\/\"},{\"@type\":\"ListItem\",\"position\":5,\"name\":\"2025 : zus\u00e4tzlichen Inhalten\",\"item\":\"https:\\\/\\\/www.musee-lalique.com\\\/de\\\/rund-ums-museum\\\/wechselausstellungen\\\/2025-rene-lalique-architecte-et-decorateur\\\/2025-contenus-additionnels\\\/\"},{\"@type\":\"ListItem\",\"position\":6,\"name\":\"Flakon Scarab\u00e9e (Skarab\u00e4us) f\u00fcr L.T. Piver\"}]},{\"@type\":\"WebSite\",\"@id\":\"https:\\\/\\\/musee-lalique.com\\\/#website\",\"url\":\"https:\\\/\\\/musee-lalique.com\\\/\",\"name\":\"museelalique\",\"description\":\"\",\"potentialAction\":[{\"@type\":\"SearchAction\",\"target\":{\"@type\":\"EntryPoint\",\"urlTemplate\":\"https:\\\/\\\/musee-lalique.com\\\/?s={search_term_string}\"},\"query-input\":{\"@type\":\"PropertyValueSpecification\",\"valueRequired\":true,\"valueName\":\"search_term_string\"}}],\"inLanguage\":\"de-DE\"}]}<\/script>\n<!-- \/ Yoast SEO plugin. -->","yoast_head_json":{"title":"Flakon Scarab\u00e9e (Skarab\u00e4us) f\u00fcr L.T. Piver - museelalique","robots":{"index":"index","follow":"follow","max-snippet":"max-snippet:-1","max-image-preview":"max-image-preview:large","max-video-preview":"max-video-preview:-1"},"canonical":"https:\/\/www.musee-lalique.com\/de\/rund-ums-museum\/wechselausstellungen\/2025-rene-lalique-architecte-et-decorateur\/2025-contenus-additionnels\/flacon-scarabee-pour-l-t-piver\/","og_locale":"de_DE","og_type":"article","og_title":"Flakon Scarab\u00e9e (Skarab\u00e4us) f\u00fcr L.T. Piver - museelalique","og_description":"Modell entworfen 1909 L.T. Piver (L.T. steht f\u00fcr Louis-Toussaint) ist einer der \u00e4ltesten franz\u00f6sischen Parf\u00fcmhersteller. Die Urspr\u00fcnge reichen bis 1769 zur\u00fcck, der internationale Erfolg begann ab der Mitte des 19. Jahrhunderts. 1893 heiratete Jacques Rouch\u00e9 (1862-1957), Absolvent der \u00c9cole polytechnique, der sich f\u00fcr Politik und Theater begeisterte, die Erbin des ber\u00fchmten Unternehmens, dessen gesch\u00e4ftsf\u00fchrender Direktor [&hellip;]","og_url":"https:\/\/www.musee-lalique.com\/de\/rund-ums-museum\/wechselausstellungen\/2025-rene-lalique-architecte-et-decorateur\/2025-contenus-additionnels\/flacon-scarabee-pour-l-t-piver\/","og_site_name":"museelalique","article_modified_time":"2025-04-23T13:55:51+00:00","og_image":[{"width":2194,"height":1602,"url":"https:\/\/www.musee-lalique.com\/wp-content\/uploads\/2025\/04\/salle-a-manger-rouche.jpg","type":"image\/jpeg"}],"twitter_card":"summary_large_image","twitter_misc":{"Est. reading time":"2 minutes"},"schema":{"@context":"https:\/\/schema.org","@graph":[{"@type":"WebPage","@id":"https:\/\/www.musee-lalique.com\/de\/rund-ums-museum\/wechselausstellungen\/2025-rene-lalique-architecte-et-decorateur\/2025-contenus-additionnels\/flacon-scarabee-pour-l-t-piver\/","url":"https:\/\/www.musee-lalique.com\/de\/rund-ums-museum\/wechselausstellungen\/2025-rene-lalique-architecte-et-decorateur\/2025-contenus-additionnels\/flacon-scarabee-pour-l-t-piver\/","name":"Flakon Scarab\u00e9e (Skarab\u00e4us) f\u00fcr L.T. Piver - museelalique","isPartOf":{"@id":"https:\/\/musee-lalique.com\/#website"},"primaryImageOfPage":{"@id":"https:\/\/www.musee-lalique.com\/de\/rund-ums-museum\/wechselausstellungen\/2025-rene-lalique-architecte-et-decorateur\/2025-contenus-additionnels\/flacon-scarabee-pour-l-t-piver\/#primaryimage"},"image":{"@id":"https:\/\/www.musee-lalique.com\/de\/rund-ums-museum\/wechselausstellungen\/2025-rene-lalique-architecte-et-decorateur\/2025-contenus-additionnels\/flacon-scarabee-pour-l-t-piver\/#primaryimage"},"thumbnailUrl":"https:\/\/www.musee-lalique.com\/wp-content\/uploads\/2025\/04\/salle-a-manger-rouche.jpg","datePublished":"2025-04-12T12:57:07+00:00","dateModified":"2025-04-23T13:55:51+00:00","breadcrumb":{"@id":"https:\/\/www.musee-lalique.com\/de\/rund-ums-museum\/wechselausstellungen\/2025-rene-lalique-architecte-et-decorateur\/2025-contenus-additionnels\/flacon-scarabee-pour-l-t-piver\/#breadcrumb"},"inLanguage":"de-DE","potentialAction":[{"@type":"ReadAction","target":["https:\/\/www.musee-lalique.com\/de\/rund-ums-museum\/wechselausstellungen\/2025-rene-lalique-architecte-et-decorateur\/2025-contenus-additionnels\/flacon-scarabee-pour-l-t-piver\/"]}]},{"@type":"ImageObject","inLanguage":"de-DE","@id":"https:\/\/www.musee-lalique.com\/de\/rund-ums-museum\/wechselausstellungen\/2025-rene-lalique-architecte-et-decorateur\/2025-contenus-additionnels\/flacon-scarabee-pour-l-t-piver\/#primaryimage","url":"https:\/\/www.musee-lalique.com\/wp-content\/uploads\/2025\/04\/salle-a-manger-rouche.jpg","contentUrl":"https:\/\/www.musee-lalique.com\/wp-content\/uploads\/2025\/04\/salle-a-manger-rouche.jpg"},{"@type":"BreadcrumbList","@id":"https:\/\/www.musee-lalique.com\/de\/rund-ums-museum\/wechselausstellungen\/2025-rene-lalique-architecte-et-decorateur\/2025-contenus-additionnels\/flacon-scarabee-pour-l-t-piver\/#breadcrumb","itemListElement":[{"@type":"ListItem","position":1,"name":"Home","item":"https:\/\/www.musee-lalique.com\/de\/"},{"@type":"ListItem","position":2,"name":"Rund ums Museum","item":"https:\/\/www.musee-lalique.com\/de\/rund-ums-museum\/"},{"@type":"ListItem","position":3,"name":"Wechselausstellungen","item":"https:\/\/www.musee-lalique.com\/de\/rund-ums-museum\/wechselausstellungen\/"},{"@type":"ListItem","position":4,"name":"2025 : Ren\u00e9 Lalique, Architekt und Dekorateur","item":"https:\/\/www.musee-lalique.com\/de\/rund-ums-museum\/wechselausstellungen\/2025-rene-lalique-architecte-et-decorateur\/"},{"@type":"ListItem","position":5,"name":"2025 : zus\u00e4tzlichen Inhalten","item":"https:\/\/www.musee-lalique.com\/de\/rund-ums-museum\/wechselausstellungen\/2025-rene-lalique-architecte-et-decorateur\/2025-contenus-additionnels\/"},{"@type":"ListItem","position":6,"name":"Flakon Scarab\u00e9e (Skarab\u00e4us) f\u00fcr L.T. Piver"}]},{"@type":"WebSite","@id":"https:\/\/musee-lalique.com\/#website","url":"https:\/\/musee-lalique.com\/","name":"museelalique","description":"","potentialAction":[{"@type":"SearchAction","target":{"@type":"EntryPoint","urlTemplate":"https:\/\/musee-lalique.com\/?s={search_term_string}"},"query-input":{"@type":"PropertyValueSpecification","valueRequired":true,"valueName":"search_term_string"}}],"inLanguage":"de-DE"}]}},"_links":{"self":[{"href":"https:\/\/www.musee-lalique.com\/de\/wp-json\/wp\/v2\/pages\/14352","targetHints":{"allow":["GET"]}}],"collection":[{"href":"https:\/\/www.musee-lalique.com\/de\/wp-json\/wp\/v2\/pages"}],"about":[{"href":"https:\/\/www.musee-lalique.com\/de\/wp-json\/wp\/v2\/types\/page"}],"author":[{"embeddable":true,"href":"https:\/\/www.musee-lalique.com\/de\/wp-json\/wp\/v2\/users\/6"}],"replies":[{"embeddable":true,"href":"https:\/\/www.musee-lalique.com\/de\/wp-json\/wp\/v2\/comments?post=14352"}],"version-history":[{"count":2,"href":"https:\/\/www.musee-lalique.com\/de\/wp-json\/wp\/v2\/pages\/14352\/revisions"}],"predecessor-version":[{"id":14357,"href":"https:\/\/www.musee-lalique.com\/de\/wp-json\/wp\/v2\/pages\/14352\/revisions\/14357"}],"up":[{"embeddable":true,"href":"https:\/\/www.musee-lalique.com\/de\/wp-json\/wp\/v2\/pages\/14333"}],"wp:attachment":[{"href":"https:\/\/www.musee-lalique.com\/de\/wp-json\/wp\/v2\/media?parent=14352"}],"curies":[{"name":"wp","href":"https:\/\/api.w.org\/{rel}","templated":true}]}}