{"id":14333,"date":"2025-04-12T07:48:53","date_gmt":"2025-04-12T05:48:53","guid":{"rendered":"https:\/\/www.musee-lalique.com\/rund-ums-museum\/wechselausstellungen\/2025-rene-lalique-architecte-et-decorateur\/2025-contenus-additionnels\/"},"modified":"2025-04-23T20:05:28","modified_gmt":"2025-04-23T18:05:28","slug":"2025-contenus-additionnels","status":"publish","type":"page","link":"https:\/\/www.musee-lalique.com\/de\/rund-ums-museum\/wechselausstellungen\/2025-rene-lalique-architecte-et-decorateur\/2025-contenus-additionnels\/","title":{"rendered":"2025 : zus\u00e4tzlichen Inhalten"},"content":{"rendered":"<p><a href=\"https:\/\/www.musee-lalique.com\/de\/rund-ums-museum\/wechselausstellungen\/2025-rene-lalique-architecte-et-decorateur\/2025-contenus-additionnels\/flacons-leffleurt-pour-coty\/\">Flakons <em>L\u2019Effleurt<\/em> f\u00fcr Coty<\/a><\/p>\n<p><a href=\"https:\/\/www.musee-lalique.com\/de\/rund-ums-museum\/wechselausstellungen\/2025-rene-lalique-architecte-et-decorateur\/2025-contenus-additionnels\/flacon-scarabee-pour-l-t-piver\/\">Flakon <em>Scarab\u00e9e<\/em> <em>(Skarab\u00e4us) <\/em>f\u00fcr L.T. Piver<\/a><\/p>\n<p><a href=\"https:\/\/www.musee-lalique.com\/de\/rund-ums-museum\/wechselausstellungen\/2025-rene-lalique-architecte-et-decorateur\/2025-contenus-additionnels\/plaque-publicitaire-pour-roger-gallet\/\">Werbetafel f\u00fcr Roger &amp; Gallet<\/a><\/p>\n<p><a href=\"https:\/\/www.musee-lalique.com\/de\/rund-ums-museum\/wechselausstellungen\/2025-rene-lalique-architecte-et-decorateur\/2025-contenus-additionnels\/presentation-pour-lucien-lelong\/\">Pr\u00e4sentation f\u00fcr Lucien Lelong<\/a><\/p>\n<p><a href=\"https:\/\/www.musee-lalique.com\/de\/rund-ums-museum\/wechselausstellungen\/2025-rene-lalique-architecte-et-decorateur\/2025-contenus-additionnels\/le-parfum-des-anges-pour-oviatt\/\"><em>Le parfum des anges (Der Duft der Engel)<\/em> f\u00fcr Oviatt<\/a><\/p>\n<p><a href=\"https:\/\/www.musee-lalique.com\/de\/rund-ums-museum\/wechselausstellungen\/2025-rene-lalique-architecte-et-decorateur\/2025-contenus-additionnels\/flacons-sans-adieu-et-je-reviens-pour-worth\/\">Flakons <em>Sans adieu<\/em> und <em>Je reviens<\/em> f\u00fcr Worth<\/a><\/p>\n<p><a href=\"https:\/\/www.musee-lalique.com\/de\/rund-ums-museum\/wechselausstellungen\/2025-rene-lalique-architecte-et-decorateur\/2025-contenus-additionnels\/chapelle-de-la-vierge-fidele-douvres-la-delivrande\/\">Chapelle de la Vierge Fid\u00e8le &#8211; Douvres-la-D\u00e9livrande<\/a><\/p>\n<p><a href=\"https:\/\/www.musee-lalique.com\/de\/rund-ums-museum\/wechselausstellungen\/2025-rene-lalique-architecte-et-decorateur\/2025-contenus-additionnels\/panneau-lys\/\">Glastafel <em>Lys<\/em> (Lilien)<\/a><\/p>\n<p><a href=\"https:\/\/www.musee-lalique.com\/de\/rund-ums-museum\/wechselausstellungen\/2025-rene-lalique-architecte-et-decorateur\/2025-contenus-additionnels\/portes-du-palais-de-teien\/\">T\u00fcren des Teien-Palais<\/a><\/p>\n<p><a href=\"https:\/\/www.musee-lalique.com\/de\/rund-ums-museum\/wechselausstellungen\/2025-rene-lalique-architecte-et-decorateur\/2025-contenus-additionnels\/statuettes-sources-de-france\/\">Statuetten <em>Sources de France<\/em><\/a><\/p>\n<p><a href=\"https:\/\/www.musee-lalique.com\/de\/rund-ums-museum\/wechselausstellungen\/2025-rene-lalique-architecte-et-decorateur\/2025-contenus-additionnels\/plateau-a-fromage-aster\/\">K\u00e4seplatte <em>Aster<\/em><\/a><\/p>\n<p><a href=\"https:\/\/www.musee-lalique.com\/de\/rund-ums-museum\/wechselausstellungen\/2025-rene-lalique-architecte-et-decorateur\/2025-contenus-additionnels\/14208-2\/\">Gl\u00e4ser <em>Normandie<\/em><\/a><\/p>\n<p><a href=\"https:\/\/www.musee-lalique.com\/de\/rund-ums-museum\/wechselausstellungen\/2025-rene-lalique-architecte-et-decorateur\/2025-contenus-additionnels\/candelabres-trois-branches-de-raisins\/\">Leuchter <em>Trois branches de raisins <\/em>(<em>Drei Weinrebenzweige)<\/em><\/a><\/p>\n<p><a href=\"https:\/\/www.musee-lalique.com\/de\/rund-ums-museum\/wechselausstellungen\/2025-rene-lalique-architecte-et-decorateur\/2025-contenus-additionnels\/vases-tourbillons-et-pierrefonds\/\">Vase <em>Tourbillons<\/em> und Vase <\/a><em>Pierrefonds <\/em><\/p>\n<p><a href=\"https:\/\/www.musee-lalique.com\/de\/rund-ums-museum\/wechselausstellungen\/2025-rene-lalique-architecte-et-decorateur\/2025-contenus-additionnels\/14182-2\/\">Vase <em>Trois poissons grondins<\/em> (Drei Knurrh\u00e4hne)<\/a><\/p>\n<p><a href=\"https:\/\/www.musee-lalique.com\/de\/rund-ums-museum\/wechselausstellungen\/2025-rene-lalique-architecte-et-decorateur\/2025-contenus-additionnels\/panneau-athletes\/\">Tafel <em>Athl\u00e8tes<\/em> (Athleten)<\/a><\/p>\n<p><a href=\"https:\/\/www.musee-lalique.com\/de\/rund-ums-museum\/wechselausstellungen\/2025-rene-lalique-architecte-et-decorateur\/2025-contenus-additionnels\/statue-cherubins-enlaces\/\">Statue <em>Cherubins enlac\u00e9s <\/em>(Einander umarmende Cherubim)<\/a><\/p>\n<p><a href=\"https:\/\/www.musee-lalique.com\/de\/rund-ums-museum\/wechselausstellungen\/2025-rene-lalique-architecte-et-decorateur\/2025-contenus-additionnels\/statuette-cote-dazur\/\">Statuette <em>C\u00f4te d&#8217;Azur<\/em><\/a><\/p>\n<p><a href=\"https:\/\/www.musee-lalique.com\/de\/rund-ums-museum\/wechselausstellungen\/2025-rene-lalique-architecte-et-decorateur\/2025-contenus-additionnels\/fontaine-poissons\/\">Der Brunnen <em>Poissons<\/em> (Fische)<\/a><\/p>\n<p><a href=\"https:\/\/www.musee-lalique.com\/de\/rund-ums-museum\/wechselausstellungen\/2025-rene-lalique-architecte-et-decorateur\/2025-contenus-additionnels\/vase-manifesto\/\">Vase <em>Manifesto<\/em><\/a><\/p>\n","protected":false},"excerpt":{"rendered":"<p>Flakons L\u2019Effleurt f\u00fcr Coty Flakon Scarab\u00e9e (Skarab\u00e4us) f\u00fcr L.T. Piver Werbetafel f\u00fcr Roger &amp; Gallet Pr\u00e4sentation f\u00fcr Lucien Lelong Le parfum des anges (Der Duft der Engel) f\u00fcr Oviatt Flakons Sans adieu und Je reviens f\u00fcr Worth Chapelle de la Vierge Fid\u00e8le &#8211; Douvres-la-D\u00e9livrande Glastafel Lys (Lilien) T\u00fcren des Teien-Palais Statuetten Sources de France K\u00e4seplatte [&hellip;]<\/p>\n","protected":false},"author":6,"featured_media":0,"parent":14323,"menu_order":0,"comment_status":"closed","ping_status":"closed","template":"","meta":{"_acf_changed":false,"footnotes":""},"class_list":["post-14333","page","type-page","status-publish","hentry"],"acf":[],"yoast_head":"<!-- This site is optimized with the Yoast SEO plugin v27.3 - https:\/\/yoast.com\/product\/yoast-seo-wordpress\/ -->\n<title>2025 : zus\u00e4tzlichen Inhalten - museelalique<\/title>\n<meta name=\"robots\" content=\"index, follow, max-snippet:-1, max-image-preview:large, max-video-preview:-1\" \/>\n<link rel=\"canonical\" href=\"https:\/\/www.musee-lalique.com\/de\/rund-ums-museum\/wechselausstellungen\/2025-rene-lalique-architecte-et-decorateur\/2025-contenus-additionnels\/\" \/>\n<meta property=\"og:locale\" content=\"de_DE\" \/>\n<meta property=\"og:type\" content=\"article\" \/>\n<meta property=\"og:title\" content=\"2025 : zus\u00e4tzlichen Inhalten - museelalique\" \/>\n<meta property=\"og:description\" content=\"Flakons L\u2019Effleurt f\u00fcr Coty Flakon Scarab\u00e9e (Skarab\u00e4us) f\u00fcr L.T. Piver Werbetafel f\u00fcr Roger &amp; Gallet Pr\u00e4sentation f\u00fcr Lucien Lelong Le parfum des anges (Der Duft der Engel) f\u00fcr Oviatt Flakons Sans adieu und Je reviens f\u00fcr Worth Chapelle de la Vierge Fid\u00e8le &#8211; Douvres-la-D\u00e9livrande Glastafel Lys (Lilien) T\u00fcren des Teien-Palais Statuetten Sources de France K\u00e4seplatte [&hellip;]\" \/>\n<meta property=\"og:url\" content=\"https:\/\/www.musee-lalique.com\/de\/rund-ums-museum\/wechselausstellungen\/2025-rene-lalique-architecte-et-decorateur\/2025-contenus-additionnels\/\" \/>\n<meta property=\"og:site_name\" content=\"museelalique\" \/>\n<meta property=\"article:modified_time\" content=\"2025-04-23T18:05:28+00:00\" \/>\n<meta name=\"twitter:card\" content=\"summary_large_image\" \/>\n<meta name=\"twitter:label1\" content=\"Est. reading time\" \/>\n\t<meta name=\"twitter:data1\" content=\"1 minute\" \/>\n<script type=\"application\/ld+json\" class=\"yoast-schema-graph\">{\"@context\":\"https:\\\/\\\/schema.org\",\"@graph\":[{\"@type\":\"WebPage\",\"@id\":\"https:\\\/\\\/www.musee-lalique.com\\\/de\\\/rund-ums-museum\\\/wechselausstellungen\\\/2025-rene-lalique-architecte-et-decorateur\\\/2025-contenus-additionnels\\\/\",\"url\":\"https:\\\/\\\/www.musee-lalique.com\\\/de\\\/rund-ums-museum\\\/wechselausstellungen\\\/2025-rene-lalique-architecte-et-decorateur\\\/2025-contenus-additionnels\\\/\",\"name\":\"2025 : zus\u00e4tzlichen Inhalten - museelalique\",\"isPartOf\":{\"@id\":\"https:\\\/\\\/musee-lalique.com\\\/#website\"},\"datePublished\":\"2025-04-12T05:48:53+00:00\",\"dateModified\":\"2025-04-23T18:05:28+00:00\",\"breadcrumb\":{\"@id\":\"https:\\\/\\\/www.musee-lalique.com\\\/de\\\/rund-ums-museum\\\/wechselausstellungen\\\/2025-rene-lalique-architecte-et-decorateur\\\/2025-contenus-additionnels\\\/#breadcrumb\"},\"inLanguage\":\"de-DE\",\"potentialAction\":[{\"@type\":\"ReadAction\",\"target\":[\"https:\\\/\\\/www.musee-lalique.com\\\/de\\\/rund-ums-museum\\\/wechselausstellungen\\\/2025-rene-lalique-architecte-et-decorateur\\\/2025-contenus-additionnels\\\/\"]}]},{\"@type\":\"BreadcrumbList\",\"@id\":\"https:\\\/\\\/www.musee-lalique.com\\\/de\\\/rund-ums-museum\\\/wechselausstellungen\\\/2025-rene-lalique-architecte-et-decorateur\\\/2025-contenus-additionnels\\\/#breadcrumb\",\"itemListElement\":[{\"@type\":\"ListItem\",\"position\":1,\"name\":\"Home\",\"item\":\"https:\\\/\\\/www.musee-lalique.com\\\/de\\\/\"},{\"@type\":\"ListItem\",\"position\":2,\"name\":\"Rund ums Museum\",\"item\":\"https:\\\/\\\/www.musee-lalique.com\\\/de\\\/rund-ums-museum\\\/\"},{\"@type\":\"ListItem\",\"position\":3,\"name\":\"Wechselausstellungen\",\"item\":\"https:\\\/\\\/www.musee-lalique.com\\\/de\\\/rund-ums-museum\\\/wechselausstellungen\\\/\"},{\"@type\":\"ListItem\",\"position\":4,\"name\":\"2025 : Ren\u00e9 Lalique, Architekt und Dekorateur\",\"item\":\"https:\\\/\\\/www.musee-lalique.com\\\/de\\\/rund-ums-museum\\\/wechselausstellungen\\\/2025-rene-lalique-architecte-et-decorateur\\\/\"},{\"@type\":\"ListItem\",\"position\":5,\"name\":\"2025 : zus\u00e4tzlichen Inhalten\"}]},{\"@type\":\"WebSite\",\"@id\":\"https:\\\/\\\/musee-lalique.com\\\/#website\",\"url\":\"https:\\\/\\\/musee-lalique.com\\\/\",\"name\":\"museelalique\",\"description\":\"\",\"potentialAction\":[{\"@type\":\"SearchAction\",\"target\":{\"@type\":\"EntryPoint\",\"urlTemplate\":\"https:\\\/\\\/musee-lalique.com\\\/?s={search_term_string}\"},\"query-input\":{\"@type\":\"PropertyValueSpecification\",\"valueRequired\":true,\"valueName\":\"search_term_string\"}}],\"inLanguage\":\"de-DE\"}]}<\/script>\n<!-- \/ Yoast SEO plugin. -->","yoast_head_json":{"title":"2025 : zus\u00e4tzlichen Inhalten - museelalique","robots":{"index":"index","follow":"follow","max-snippet":"max-snippet:-1","max-image-preview":"max-image-preview:large","max-video-preview":"max-video-preview:-1"},"canonical":"https:\/\/www.musee-lalique.com\/de\/rund-ums-museum\/wechselausstellungen\/2025-rene-lalique-architecte-et-decorateur\/2025-contenus-additionnels\/","og_locale":"de_DE","og_type":"article","og_title":"2025 : zus\u00e4tzlichen Inhalten - museelalique","og_description":"Flakons L\u2019Effleurt f\u00fcr Coty Flakon Scarab\u00e9e (Skarab\u00e4us) f\u00fcr L.T. Piver Werbetafel f\u00fcr Roger &amp; Gallet Pr\u00e4sentation f\u00fcr Lucien Lelong Le parfum des anges (Der Duft der Engel) f\u00fcr Oviatt Flakons Sans adieu und Je reviens f\u00fcr Worth Chapelle de la Vierge Fid\u00e8le &#8211; Douvres-la-D\u00e9livrande Glastafel Lys (Lilien) T\u00fcren des Teien-Palais Statuetten Sources de France K\u00e4seplatte [&hellip;]","og_url":"https:\/\/www.musee-lalique.com\/de\/rund-ums-museum\/wechselausstellungen\/2025-rene-lalique-architecte-et-decorateur\/2025-contenus-additionnels\/","og_site_name":"museelalique","article_modified_time":"2025-04-23T18:05:28+00:00","twitter_card":"summary_large_image","twitter_misc":{"Est. reading time":"1 minute"},"schema":{"@context":"https:\/\/schema.org","@graph":[{"@type":"WebPage","@id":"https:\/\/www.musee-lalique.com\/de\/rund-ums-museum\/wechselausstellungen\/2025-rene-lalique-architecte-et-decorateur\/2025-contenus-additionnels\/","url":"https:\/\/www.musee-lalique.com\/de\/rund-ums-museum\/wechselausstellungen\/2025-rene-lalique-architecte-et-decorateur\/2025-contenus-additionnels\/","name":"2025 : zus\u00e4tzlichen Inhalten - museelalique","isPartOf":{"@id":"https:\/\/musee-lalique.com\/#website"},"datePublished":"2025-04-12T05:48:53+00:00","dateModified":"2025-04-23T18:05:28+00:00","breadcrumb":{"@id":"https:\/\/www.musee-lalique.com\/de\/rund-ums-museum\/wechselausstellungen\/2025-rene-lalique-architecte-et-decorateur\/2025-contenus-additionnels\/#breadcrumb"},"inLanguage":"de-DE","potentialAction":[{"@type":"ReadAction","target":["https:\/\/www.musee-lalique.com\/de\/rund-ums-museum\/wechselausstellungen\/2025-rene-lalique-architecte-et-decorateur\/2025-contenus-additionnels\/"]}]},{"@type":"BreadcrumbList","@id":"https:\/\/www.musee-lalique.com\/de\/rund-ums-museum\/wechselausstellungen\/2025-rene-lalique-architecte-et-decorateur\/2025-contenus-additionnels\/#breadcrumb","itemListElement":[{"@type":"ListItem","position":1,"name":"Home","item":"https:\/\/www.musee-lalique.com\/de\/"},{"@type":"ListItem","position":2,"name":"Rund ums Museum","item":"https:\/\/www.musee-lalique.com\/de\/rund-ums-museum\/"},{"@type":"ListItem","position":3,"name":"Wechselausstellungen","item":"https:\/\/www.musee-lalique.com\/de\/rund-ums-museum\/wechselausstellungen\/"},{"@type":"ListItem","position":4,"name":"2025 : Ren\u00e9 Lalique, Architekt und Dekorateur","item":"https:\/\/www.musee-lalique.com\/de\/rund-ums-museum\/wechselausstellungen\/2025-rene-lalique-architecte-et-decorateur\/"},{"@type":"ListItem","position":5,"name":"2025 : zus\u00e4tzlichen Inhalten"}]},{"@type":"WebSite","@id":"https:\/\/musee-lalique.com\/#website","url":"https:\/\/musee-lalique.com\/","name":"museelalique","description":"","potentialAction":[{"@type":"SearchAction","target":{"@type":"EntryPoint","urlTemplate":"https:\/\/musee-lalique.com\/?s={search_term_string}"},"query-input":{"@type":"PropertyValueSpecification","valueRequired":true,"valueName":"search_term_string"}}],"inLanguage":"de-DE"}]}},"_links":{"self":[{"href":"https:\/\/www.musee-lalique.com\/de\/wp-json\/wp\/v2\/pages\/14333","targetHints":{"allow":["GET"]}}],"collection":[{"href":"https:\/\/www.musee-lalique.com\/de\/wp-json\/wp\/v2\/pages"}],"about":[{"href":"https:\/\/www.musee-lalique.com\/de\/wp-json\/wp\/v2\/types\/page"}],"author":[{"embeddable":true,"href":"https:\/\/www.musee-lalique.com\/de\/wp-json\/wp\/v2\/users\/6"}],"replies":[{"embeddable":true,"href":"https:\/\/www.musee-lalique.com\/de\/wp-json\/wp\/v2\/comments?post=14333"}],"version-history":[{"count":10,"href":"https:\/\/www.musee-lalique.com\/de\/wp-json\/wp\/v2\/pages\/14333\/revisions"}],"predecessor-version":[{"id":14514,"href":"https:\/\/www.musee-lalique.com\/de\/wp-json\/wp\/v2\/pages\/14333\/revisions\/14514"}],"up":[{"embeddable":true,"href":"https:\/\/www.musee-lalique.com\/de\/wp-json\/wp\/v2\/pages\/14323"}],"wp:attachment":[{"href":"https:\/\/www.musee-lalique.com\/de\/wp-json\/wp\/v2\/media?parent=14333"}],"curies":[{"name":"wp","href":"https:\/\/api.w.org\/{rel}","templated":true}]}}