{"id":14323,"date":"2025-04-12T07:38:16","date_gmt":"2025-04-12T05:38:16","guid":{"rendered":"https:\/\/www.musee-lalique.com\/rund-ums-museum\/wechselausstellungen\/2025-rene-lalique-architecte-et-decorateur\/"},"modified":"2025-04-23T15:22:05","modified_gmt":"2025-04-23T13:22:05","slug":"2025-rene-lalique-architecte-et-decorateur","status":"publish","type":"page","link":"https:\/\/www.musee-lalique.com\/de\/rund-ums-museum\/wechselausstellungen\/2025-rene-lalique-architecte-et-decorateur\/","title":{"rendered":"2025 : Ren\u00e9 Lalique, Architekt und Dekorateur"},"content":{"rendered":"<p>Das Lalique-Museum befindet sich im Elsass, in dem Dorf, in dem sich die Manufaktur befindet, die einzige Produktionsst\u00e4tte f\u00fcr Kristallglas der Marke. Jedes Jahr stellt es in seiner Sommerausstellung ein neues Thema in den Vordergrund, um die chronologische Pr\u00e4sentation (vom Jugendstilschmuck \u00fcber Art-d\u00e9co-Glas und Parf\u00fcmflakons bis hin zum heutigen Kristall) in den st\u00e4ndigen Sammlungen zu erg\u00e4nzen. Nach dem Schmuck im Jahr 2024 stehen 2025 die Architektur und die Dekoration im Mittelpunkt.<\/p>\n<p>1925 fand die Internationale Ausstellung f\u00fcr moderne dekorative und industrielle K\u00fcnste in Paris statt. Ren\u00e9 Lalique nahm in vielerlei Hinsicht an dieser au\u00dfergew\u00f6hnlichen Veranstaltung teil. Sie ist der Ausgangspunkt f\u00fcr die Ausstellung, die vom 1. Mai bis zum 2. November 2025 in Wingen-sur-Moder zu sehen sein wird.<\/p>\n<p>In der Ausstellung \u201eRen\u00e9 Lalique, Architekt und Dekorateur\u201c werden gro\u00dfformatige Fotografien, Zeitdokumente und Glasdekorationselemente, die eine Zeitreise mit den K\u00fcnstlern erm\u00f6glichen, in den richtigen Kontext gesetzt.<\/p>\n<p>Anschlie\u00dfend werden die von Ren\u00e9 Lalique geschaffenen Brunnen, insbesondere jene, die die Champs-Elys\u00e9es schm\u00fcckten, erw\u00e4hnt, aber auch seine Kreationen zur Dekoration von Boutiquen, sei es f\u00fcr Couturiers oder Parf\u00fcmeure, sowie seine Arbeit an Privath\u00e4usern, beginnend mit seinem eigenen in Paris.<\/p>\n<p>&nbsp;<\/p>\n<p>Der Besucher wird schlie\u00dflich dazu angehalten, seinen Spaziergang durch die st\u00e4ndigen Sammlungen des Museums fortzusetzen, wo ein System von QR-Codes die Verbindung zwischen den gezeigten Objekten und der Architektur oder Dekoration herstellen kann.<\/p>\n<p>Der Eintritt ist im Eintrittspreis des Museums inbegriffen.<br \/>\nVom 1. Mai bis zum 2. November 2025<\/p>\n<p>&nbsp;<\/p>\n<p>Weiterf\u00fchrende Informationen zur Ausstellung: <a href=\"https:\/\/www.musee-lalique.com\/de\/rund-ums-museum\/wechselausstellungen\/2025-rene-lalique-architecte-et-decorateur\/2025-contenus-additionnels\/\">Links zu zus\u00e4tzlichen Inhalten<\/a><\/p>\n<p>&nbsp;<\/p>\n<p>&nbsp;<\/p>\n","protected":false},"excerpt":{"rendered":"<p>Das Lalique-Museum befindet sich im Elsass, in dem Dorf, in dem sich die Manufaktur befindet, die einzige Produktionsst\u00e4tte f\u00fcr Kristallglas der Marke. Jedes Jahr stellt es in seiner Sommerausstellung ein neues Thema in den Vordergrund, um die chronologische Pr\u00e4sentation (vom Jugendstilschmuck \u00fcber Art-d\u00e9co-Glas und Parf\u00fcmflakons bis hin zum heutigen Kristall) in den st\u00e4ndigen Sammlungen zu [&hellip;]<\/p>\n","protected":false},"author":6,"featured_media":0,"parent":3147,"menu_order":0,"comment_status":"closed","ping_status":"closed","template":"","meta":{"_acf_changed":false,"footnotes":""},"class_list":["post-14323","page","type-page","status-publish","hentry"],"acf":[],"yoast_head":"<!-- This site is optimized with the Yoast SEO plugin v27.4 - https:\/\/yoast.com\/product\/yoast-seo-wordpress\/ -->\n<title>2025 : Ren\u00e9 Lalique, Architekt und Dekorateur - museelalique<\/title>\n<meta name=\"robots\" content=\"index, follow, max-snippet:-1, max-image-preview:large, max-video-preview:-1\" \/>\n<link rel=\"canonical\" href=\"https:\/\/www.musee-lalique.com\/de\/rund-ums-museum\/wechselausstellungen\/2025-rene-lalique-architecte-et-decorateur\/\" \/>\n<meta property=\"og:locale\" content=\"de_DE\" \/>\n<meta property=\"og:type\" content=\"article\" \/>\n<meta property=\"og:title\" content=\"2025 : Ren\u00e9 Lalique, Architekt und Dekorateur - museelalique\" \/>\n<meta property=\"og:description\" content=\"Das Lalique-Museum befindet sich im Elsass, in dem Dorf, in dem sich die Manufaktur befindet, die einzige Produktionsst\u00e4tte f\u00fcr Kristallglas der Marke. Jedes Jahr stellt es in seiner Sommerausstellung ein neues Thema in den Vordergrund, um die chronologische Pr\u00e4sentation (vom Jugendstilschmuck \u00fcber Art-d\u00e9co-Glas und Parf\u00fcmflakons bis hin zum heutigen Kristall) in den st\u00e4ndigen Sammlungen zu [&hellip;]\" \/>\n<meta property=\"og:url\" content=\"https:\/\/www.musee-lalique.com\/de\/rund-ums-museum\/wechselausstellungen\/2025-rene-lalique-architecte-et-decorateur\/\" \/>\n<meta property=\"og:site_name\" content=\"museelalique\" \/>\n<meta property=\"article:modified_time\" content=\"2025-04-23T13:22:05+00:00\" \/>\n<meta name=\"twitter:card\" content=\"summary_large_image\" \/>\n<meta name=\"twitter:label1\" content=\"Est. reading time\" \/>\n\t<meta name=\"twitter:data1\" content=\"2 minutes\" \/>\n<script type=\"application\/ld+json\" class=\"yoast-schema-graph\">{\"@context\":\"https:\\\/\\\/schema.org\",\"@graph\":[{\"@type\":\"WebPage\",\"@id\":\"https:\\\/\\\/www.musee-lalique.com\\\/de\\\/rund-ums-museum\\\/wechselausstellungen\\\/2025-rene-lalique-architecte-et-decorateur\\\/\",\"url\":\"https:\\\/\\\/www.musee-lalique.com\\\/de\\\/rund-ums-museum\\\/wechselausstellungen\\\/2025-rene-lalique-architecte-et-decorateur\\\/\",\"name\":\"2025 : Ren\u00e9 Lalique, Architekt und Dekorateur - museelalique\",\"isPartOf\":{\"@id\":\"https:\\\/\\\/musee-lalique.com\\\/#website\"},\"datePublished\":\"2025-04-12T05:38:16+00:00\",\"dateModified\":\"2025-04-23T13:22:05+00:00\",\"breadcrumb\":{\"@id\":\"https:\\\/\\\/www.musee-lalique.com\\\/de\\\/rund-ums-museum\\\/wechselausstellungen\\\/2025-rene-lalique-architecte-et-decorateur\\\/#breadcrumb\"},\"inLanguage\":\"de-DE\",\"potentialAction\":[{\"@type\":\"ReadAction\",\"target\":[\"https:\\\/\\\/www.musee-lalique.com\\\/de\\\/rund-ums-museum\\\/wechselausstellungen\\\/2025-rene-lalique-architecte-et-decorateur\\\/\"]}]},{\"@type\":\"BreadcrumbList\",\"@id\":\"https:\\\/\\\/www.musee-lalique.com\\\/de\\\/rund-ums-museum\\\/wechselausstellungen\\\/2025-rene-lalique-architecte-et-decorateur\\\/#breadcrumb\",\"itemListElement\":[{\"@type\":\"ListItem\",\"position\":1,\"name\":\"Home\",\"item\":\"https:\\\/\\\/www.musee-lalique.com\\\/de\\\/\"},{\"@type\":\"ListItem\",\"position\":2,\"name\":\"Rund ums Museum\",\"item\":\"https:\\\/\\\/www.musee-lalique.com\\\/de\\\/rund-ums-museum\\\/\"},{\"@type\":\"ListItem\",\"position\":3,\"name\":\"Wechselausstellungen\",\"item\":\"https:\\\/\\\/www.musee-lalique.com\\\/de\\\/rund-ums-museum\\\/wechselausstellungen\\\/\"},{\"@type\":\"ListItem\",\"position\":4,\"name\":\"2025 : Ren\u00e9 Lalique, Architekt und Dekorateur\"}]},{\"@type\":\"WebSite\",\"@id\":\"https:\\\/\\\/musee-lalique.com\\\/#website\",\"url\":\"https:\\\/\\\/musee-lalique.com\\\/\",\"name\":\"museelalique\",\"description\":\"\",\"potentialAction\":[{\"@type\":\"SearchAction\",\"target\":{\"@type\":\"EntryPoint\",\"urlTemplate\":\"https:\\\/\\\/musee-lalique.com\\\/?s={search_term_string}\"},\"query-input\":{\"@type\":\"PropertyValueSpecification\",\"valueRequired\":true,\"valueName\":\"search_term_string\"}}],\"inLanguage\":\"de-DE\"}]}<\/script>\n<!-- \/ Yoast SEO plugin. -->","yoast_head_json":{"title":"2025 : Ren\u00e9 Lalique, Architekt und Dekorateur - museelalique","robots":{"index":"index","follow":"follow","max-snippet":"max-snippet:-1","max-image-preview":"max-image-preview:large","max-video-preview":"max-video-preview:-1"},"canonical":"https:\/\/www.musee-lalique.com\/de\/rund-ums-museum\/wechselausstellungen\/2025-rene-lalique-architecte-et-decorateur\/","og_locale":"de_DE","og_type":"article","og_title":"2025 : Ren\u00e9 Lalique, Architekt und Dekorateur - museelalique","og_description":"Das Lalique-Museum befindet sich im Elsass, in dem Dorf, in dem sich die Manufaktur befindet, die einzige Produktionsst\u00e4tte f\u00fcr Kristallglas der Marke. Jedes Jahr stellt es in seiner Sommerausstellung ein neues Thema in den Vordergrund, um die chronologische Pr\u00e4sentation (vom Jugendstilschmuck \u00fcber Art-d\u00e9co-Glas und Parf\u00fcmflakons bis hin zum heutigen Kristall) in den st\u00e4ndigen Sammlungen zu [&hellip;]","og_url":"https:\/\/www.musee-lalique.com\/de\/rund-ums-museum\/wechselausstellungen\/2025-rene-lalique-architecte-et-decorateur\/","og_site_name":"museelalique","article_modified_time":"2025-04-23T13:22:05+00:00","twitter_card":"summary_large_image","twitter_misc":{"Est. reading time":"2 minutes"},"schema":{"@context":"https:\/\/schema.org","@graph":[{"@type":"WebPage","@id":"https:\/\/www.musee-lalique.com\/de\/rund-ums-museum\/wechselausstellungen\/2025-rene-lalique-architecte-et-decorateur\/","url":"https:\/\/www.musee-lalique.com\/de\/rund-ums-museum\/wechselausstellungen\/2025-rene-lalique-architecte-et-decorateur\/","name":"2025 : Ren\u00e9 Lalique, Architekt und Dekorateur - museelalique","isPartOf":{"@id":"https:\/\/musee-lalique.com\/#website"},"datePublished":"2025-04-12T05:38:16+00:00","dateModified":"2025-04-23T13:22:05+00:00","breadcrumb":{"@id":"https:\/\/www.musee-lalique.com\/de\/rund-ums-museum\/wechselausstellungen\/2025-rene-lalique-architecte-et-decorateur\/#breadcrumb"},"inLanguage":"de-DE","potentialAction":[{"@type":"ReadAction","target":["https:\/\/www.musee-lalique.com\/de\/rund-ums-museum\/wechselausstellungen\/2025-rene-lalique-architecte-et-decorateur\/"]}]},{"@type":"BreadcrumbList","@id":"https:\/\/www.musee-lalique.com\/de\/rund-ums-museum\/wechselausstellungen\/2025-rene-lalique-architecte-et-decorateur\/#breadcrumb","itemListElement":[{"@type":"ListItem","position":1,"name":"Home","item":"https:\/\/www.musee-lalique.com\/de\/"},{"@type":"ListItem","position":2,"name":"Rund ums Museum","item":"https:\/\/www.musee-lalique.com\/de\/rund-ums-museum\/"},{"@type":"ListItem","position":3,"name":"Wechselausstellungen","item":"https:\/\/www.musee-lalique.com\/de\/rund-ums-museum\/wechselausstellungen\/"},{"@type":"ListItem","position":4,"name":"2025 : Ren\u00e9 Lalique, Architekt und Dekorateur"}]},{"@type":"WebSite","@id":"https:\/\/musee-lalique.com\/#website","url":"https:\/\/musee-lalique.com\/","name":"museelalique","description":"","potentialAction":[{"@type":"SearchAction","target":{"@type":"EntryPoint","urlTemplate":"https:\/\/musee-lalique.com\/?s={search_term_string}"},"query-input":{"@type":"PropertyValueSpecification","valueRequired":true,"valueName":"search_term_string"}}],"inLanguage":"de-DE"}]}},"_links":{"self":[{"href":"https:\/\/www.musee-lalique.com\/de\/wp-json\/wp\/v2\/pages\/14323","targetHints":{"allow":["GET"]}}],"collection":[{"href":"https:\/\/www.musee-lalique.com\/de\/wp-json\/wp\/v2\/pages"}],"about":[{"href":"https:\/\/www.musee-lalique.com\/de\/wp-json\/wp\/v2\/types\/page"}],"author":[{"embeddable":true,"href":"https:\/\/www.musee-lalique.com\/de\/wp-json\/wp\/v2\/users\/6"}],"replies":[{"embeddable":true,"href":"https:\/\/www.musee-lalique.com\/de\/wp-json\/wp\/v2\/comments?post=14323"}],"version-history":[{"count":3,"href":"https:\/\/www.musee-lalique.com\/de\/wp-json\/wp\/v2\/pages\/14323\/revisions"}],"predecessor-version":[{"id":14343,"href":"https:\/\/www.musee-lalique.com\/de\/wp-json\/wp\/v2\/pages\/14323\/revisions\/14343"}],"up":[{"embeddable":true,"href":"https:\/\/www.musee-lalique.com\/de\/wp-json\/wp\/v2\/pages\/3147"}],"wp:attachment":[{"href":"https:\/\/www.musee-lalique.com\/de\/wp-json\/wp\/v2\/media?parent=14323"}],"curies":[{"name":"wp","href":"https:\/\/api.w.org\/{rel}","templated":true}]}}