{"id":13606,"date":"2024-08-27T11:18:57","date_gmt":"2024-08-27T09:18:57","guid":{"rendered":"https:\/\/www.musee-lalique.com\/infos\/electric-cars\/"},"modified":"2024-08-27T16:05:40","modified_gmt":"2024-08-27T14:05:40","slug":"elektroautos","status":"publish","type":"page","link":"https:\/\/www.musee-lalique.com\/de\/infos\/elektroautos\/","title":{"rendered":"Elektroautos"},"content":{"rendered":"<h3><span class=\"HwtZe\" lang=\"de\"><span class=\"jCAhz ChMk0b\"><span class=\"ryNqvb\"><strong>Es ist jetzt m\u00f6glich, Ihr Elektroauto w\u00e4hrend Ihres Besuchs im Lalique-Museum aufzuladen!<\/strong> <\/span><\/span><\/span><\/h3>\n<p><span class=\"HwtZe\" lang=\"de\"><span class=\"jCAhz ChMk0b\"><span class=\"ryNqvb\">Auf dem Parkplatz P2 (erreichbar \u00fcber einen Kreisverkehr in unmittelbarer N\u00e4he des Museums) sind hierf\u00fcr 2 Pl\u00e4tze reserviert.<\/span><\/span><\/span><\/p>\n<p><span class=\"HwtZe\" lang=\"de\"> <span class=\"jCAhz ChMk0b\"><span class=\"ryNqvb\">Mit dem Terminal k\u00f6nnen Sie zwei Autos gleichzeitig laden.<br \/>\n<\/span><\/span><span class=\"jCAhz ChMk0b\"><span class=\"ryNqvb\">Leistung: 22 kW <\/span><\/span><\/span><\/p>\n<p><span class=\"HwtZe\" lang=\"de\"><span class=\"jCAhz ChMk0b\"><span class=\"ryNqvb\">Sie m\u00fcssen die <a href=\"https:\/\/www.chargepoint.com\/de-de\">Chargepoint<\/a>-Anwendung direkt auf Ihr Telefon herunterladen, um das Terminal nutzen zu k\u00f6nnen:<br \/>\n<\/span><\/span><span class=\"jCAhz\"><span class=\"ryNqvb\">\u2013 im App Store: <a href=\"https:\/\/apps.apple.com\/de\/app\/chargepoint\/id356866743\">https:\/\/apps.apple.com\/fr\/app\/chargepoint\/id356866743<\/a><br \/>\n<\/span><\/span><span class=\"jCAhz\"><span class=\"ryNqvb\">\u2013 bei Google Play: <a href=\"https:\/\/play.google.com\/store\/apps\/details?id=com.coulombtech&amp;hl=de&amp;gl=de&amp;pli=1\">https:\/\/play.google.com\/store\/apps\/details?id=com.coulombtech&amp;hl=fr&amp;gl=fr<\/a> <\/span><\/span><\/span><\/p>\n<p><span class=\"HwtZe\" lang=\"de\"><span class=\"jCAhz ChMk0b\"><span class=\"ryNqvb\">Sie k\u00f6nnen auch mit Kreditkarte bezahlen. <\/span><\/span><\/span><\/p>\n<p><span class=\"HwtZe\" lang=\"de\"><span class=\"jCAhz\"><span class=\"ryNqvb\"><strong>Preise:<\/strong><br \/>\n<\/span><\/span><span class=\"jCAhz ChMk0b\"><span class=\"ryNqvb\">\u2013 1,50 \u20ac pro Verbindung<br \/>\n<\/span><\/span><span class=\"jCAhz\"><span class=\"ryNqvb\">\u2013 0,45\u20ac\/kWh<br \/>\n<\/span><\/span><span class=\"jCAhz ChMk0b\"><span class=\"ryNqvb\">\u2013 +0,05 \u20ac\/Min. nach 3 Stunden Nutzung <\/span><\/span><\/span><\/p>\n<p><span class=\"HwtZe\" lang=\"de\"><span class=\"jCAhz ChMk0b\"><span class=\"ryNqvb\"><strong>Kleine Erinnerung:<\/strong> Au\u00dferhalb der <a href=\"https:\/\/www.musee-lalique.com\/de\/infos\/offnungszeiten\/\">Museums\u00f6ffnungszeiten<\/a> ist der Parkplatz geschlossen.<\/span><\/span> <span class=\"jCAhz ChMk0b\"><span class=\"ryNqvb\">Aus diesem Grund wird das Terminal nicht auf der Karte angezeigt, auf der Chargepoint-Terminals angezeigt werden.<\/span><\/span><\/span><\/p>\n","protected":false},"excerpt":{"rendered":"<p>Es ist jetzt m\u00f6glich, Ihr Elektroauto w\u00e4hrend Ihres Besuchs im Lalique-Museum aufzuladen! Auf dem Parkplatz P2 (erreichbar \u00fcber einen Kreisverkehr in unmittelbarer N\u00e4he des Museums) sind hierf\u00fcr 2 Pl\u00e4tze reserviert. Mit dem Terminal k\u00f6nnen Sie zwei Autos gleichzeitig laden. Leistung: 22 kW Sie m\u00fcssen die Chargepoint-Anwendung direkt auf Ihr Telefon herunterladen, um das Terminal nutzen [&hellip;]<\/p>\n","protected":false},"author":6,"featured_media":0,"parent":3138,"menu_order":5,"comment_status":"closed","ping_status":"closed","template":"","meta":{"_acf_changed":false,"footnotes":""},"class_list":["post-13606","page","type-page","status-publish","hentry"],"acf":[],"yoast_head":"<!-- This site is optimized with the Yoast SEO plugin v27.4 - https:\/\/yoast.com\/product\/yoast-seo-wordpress\/ -->\n<title>Elektroautos - museelalique<\/title>\n<meta name=\"robots\" content=\"index, follow, max-snippet:-1, max-image-preview:large, max-video-preview:-1\" \/>\n<link rel=\"canonical\" href=\"https:\/\/www.musee-lalique.com\/de\/infos\/elektroautos\/\" \/>\n<meta property=\"og:locale\" content=\"de_DE\" \/>\n<meta property=\"og:type\" content=\"article\" \/>\n<meta property=\"og:title\" content=\"Elektroautos - museelalique\" \/>\n<meta property=\"og:description\" content=\"Es ist jetzt m\u00f6glich, Ihr Elektroauto w\u00e4hrend Ihres Besuchs im Lalique-Museum aufzuladen! Auf dem Parkplatz P2 (erreichbar \u00fcber einen Kreisverkehr in unmittelbarer N\u00e4he des Museums) sind hierf\u00fcr 2 Pl\u00e4tze reserviert. Mit dem Terminal k\u00f6nnen Sie zwei Autos gleichzeitig laden. Leistung: 22 kW Sie m\u00fcssen die Chargepoint-Anwendung direkt auf Ihr Telefon herunterladen, um das Terminal nutzen [&hellip;]\" \/>\n<meta property=\"og:url\" content=\"https:\/\/www.musee-lalique.com\/de\/infos\/elektroautos\/\" \/>\n<meta property=\"og:site_name\" content=\"museelalique\" \/>\n<meta property=\"article:modified_time\" content=\"2024-08-27T14:05:40+00:00\" \/>\n<meta name=\"twitter:card\" content=\"summary_large_image\" \/>\n<meta name=\"twitter:label1\" content=\"Est. reading time\" \/>\n\t<meta name=\"twitter:data1\" content=\"1 minute\" \/>\n<script type=\"application\/ld+json\" class=\"yoast-schema-graph\">{\"@context\":\"https:\\\/\\\/schema.org\",\"@graph\":[{\"@type\":\"WebPage\",\"@id\":\"https:\\\/\\\/www.musee-lalique.com\\\/de\\\/infos\\\/elektroautos\\\/\",\"url\":\"https:\\\/\\\/www.musee-lalique.com\\\/de\\\/infos\\\/elektroautos\\\/\",\"name\":\"Elektroautos - museelalique\",\"isPartOf\":{\"@id\":\"https:\\\/\\\/musee-lalique.com\\\/#website\"},\"datePublished\":\"2024-08-27T09:18:57+00:00\",\"dateModified\":\"2024-08-27T14:05:40+00:00\",\"breadcrumb\":{\"@id\":\"https:\\\/\\\/www.musee-lalique.com\\\/de\\\/infos\\\/elektroautos\\\/#breadcrumb\"},\"inLanguage\":\"de-DE\",\"potentialAction\":[{\"@type\":\"ReadAction\",\"target\":[\"https:\\\/\\\/www.musee-lalique.com\\\/de\\\/infos\\\/elektroautos\\\/\"]}]},{\"@type\":\"BreadcrumbList\",\"@id\":\"https:\\\/\\\/www.musee-lalique.com\\\/de\\\/infos\\\/elektroautos\\\/#breadcrumb\",\"itemListElement\":[{\"@type\":\"ListItem\",\"position\":1,\"name\":\"Home\",\"item\":\"https:\\\/\\\/www.musee-lalique.com\\\/de\\\/\"},{\"@type\":\"ListItem\",\"position\":2,\"name\":\"Infos\",\"item\":\"https:\\\/\\\/musee-lalique.com\\\/infos-pratiques\\\/\"},{\"@type\":\"ListItem\",\"position\":3,\"name\":\"Elektroautos\"}]},{\"@type\":\"WebSite\",\"@id\":\"https:\\\/\\\/musee-lalique.com\\\/#website\",\"url\":\"https:\\\/\\\/musee-lalique.com\\\/\",\"name\":\"museelalique\",\"description\":\"\",\"potentialAction\":[{\"@type\":\"SearchAction\",\"target\":{\"@type\":\"EntryPoint\",\"urlTemplate\":\"https:\\\/\\\/musee-lalique.com\\\/?s={search_term_string}\"},\"query-input\":{\"@type\":\"PropertyValueSpecification\",\"valueRequired\":true,\"valueName\":\"search_term_string\"}}],\"inLanguage\":\"de-DE\"}]}<\/script>\n<!-- \/ Yoast SEO plugin. -->","yoast_head_json":{"title":"Elektroautos - museelalique","robots":{"index":"index","follow":"follow","max-snippet":"max-snippet:-1","max-image-preview":"max-image-preview:large","max-video-preview":"max-video-preview:-1"},"canonical":"https:\/\/www.musee-lalique.com\/de\/infos\/elektroautos\/","og_locale":"de_DE","og_type":"article","og_title":"Elektroautos - museelalique","og_description":"Es ist jetzt m\u00f6glich, Ihr Elektroauto w\u00e4hrend Ihres Besuchs im Lalique-Museum aufzuladen! Auf dem Parkplatz P2 (erreichbar \u00fcber einen Kreisverkehr in unmittelbarer N\u00e4he des Museums) sind hierf\u00fcr 2 Pl\u00e4tze reserviert. Mit dem Terminal k\u00f6nnen Sie zwei Autos gleichzeitig laden. Leistung: 22 kW Sie m\u00fcssen die Chargepoint-Anwendung direkt auf Ihr Telefon herunterladen, um das Terminal nutzen [&hellip;]","og_url":"https:\/\/www.musee-lalique.com\/de\/infos\/elektroautos\/","og_site_name":"museelalique","article_modified_time":"2024-08-27T14:05:40+00:00","twitter_card":"summary_large_image","twitter_misc":{"Est. reading time":"1 minute"},"schema":{"@context":"https:\/\/schema.org","@graph":[{"@type":"WebPage","@id":"https:\/\/www.musee-lalique.com\/de\/infos\/elektroautos\/","url":"https:\/\/www.musee-lalique.com\/de\/infos\/elektroautos\/","name":"Elektroautos - museelalique","isPartOf":{"@id":"https:\/\/musee-lalique.com\/#website"},"datePublished":"2024-08-27T09:18:57+00:00","dateModified":"2024-08-27T14:05:40+00:00","breadcrumb":{"@id":"https:\/\/www.musee-lalique.com\/de\/infos\/elektroautos\/#breadcrumb"},"inLanguage":"de-DE","potentialAction":[{"@type":"ReadAction","target":["https:\/\/www.musee-lalique.com\/de\/infos\/elektroautos\/"]}]},{"@type":"BreadcrumbList","@id":"https:\/\/www.musee-lalique.com\/de\/infos\/elektroautos\/#breadcrumb","itemListElement":[{"@type":"ListItem","position":1,"name":"Home","item":"https:\/\/www.musee-lalique.com\/de\/"},{"@type":"ListItem","position":2,"name":"Infos","item":"https:\/\/musee-lalique.com\/infos-pratiques\/"},{"@type":"ListItem","position":3,"name":"Elektroautos"}]},{"@type":"WebSite","@id":"https:\/\/musee-lalique.com\/#website","url":"https:\/\/musee-lalique.com\/","name":"museelalique","description":"","potentialAction":[{"@type":"SearchAction","target":{"@type":"EntryPoint","urlTemplate":"https:\/\/musee-lalique.com\/?s={search_term_string}"},"query-input":{"@type":"PropertyValueSpecification","valueRequired":true,"valueName":"search_term_string"}}],"inLanguage":"de-DE"}]}},"_links":{"self":[{"href":"https:\/\/www.musee-lalique.com\/de\/wp-json\/wp\/v2\/pages\/13606","targetHints":{"allow":["GET"]}}],"collection":[{"href":"https:\/\/www.musee-lalique.com\/de\/wp-json\/wp\/v2\/pages"}],"about":[{"href":"https:\/\/www.musee-lalique.com\/de\/wp-json\/wp\/v2\/types\/page"}],"author":[{"embeddable":true,"href":"https:\/\/www.musee-lalique.com\/de\/wp-json\/wp\/v2\/users\/6"}],"replies":[{"embeddable":true,"href":"https:\/\/www.musee-lalique.com\/de\/wp-json\/wp\/v2\/comments?post=13606"}],"version-history":[{"count":7,"href":"https:\/\/www.musee-lalique.com\/de\/wp-json\/wp\/v2\/pages\/13606\/revisions"}],"predecessor-version":[{"id":13623,"href":"https:\/\/www.musee-lalique.com\/de\/wp-json\/wp\/v2\/pages\/13606\/revisions\/13623"}],"up":[{"embeddable":true,"href":"https:\/\/www.musee-lalique.com\/de\/wp-json\/wp\/v2\/pages\/3138"}],"wp:attachment":[{"href":"https:\/\/www.musee-lalique.com\/de\/wp-json\/wp\/v2\/media?parent=13606"}],"curies":[{"name":"wp","href":"https:\/\/api.w.org\/{rel}","templated":true}]}}