{"id":13479,"date":"2024-04-25T07:31:40","date_gmt":"2024-04-25T05:31:40","guid":{"rendered":"https:\/\/www.musee-lalique.com\/rund-ums-museum\/wechselausstellungen\/rene-lalique-linventeur-du-bijou-moderne\/"},"modified":"2024-06-20T07:42:35","modified_gmt":"2024-06-20T05:42:35","slug":"rene-lalique-linventeur-du-bijou-moderne","status":"publish","type":"page","link":"https:\/\/www.musee-lalique.com\/de\/rund-ums-museum\/wechselausstellungen\/rene-lalique-linventeur-du-bijou-moderne\/","title":{"rendered":"Ren\u00e9 Lalique, der Erfinder des modernen Schmucks"},"content":{"rendered":"<p><em>Ein einziger K\u00fcnstler, und einer der gr\u00f6\u00dften [\u2026], Ren\u00e9 Lalique, hatte die Gabe, die Welt mit dem Schauder einer neuen Sch\u00f6nheit zu ber\u00fchren<\/em>, betont Henri Clouzot. <em>Vor ihm kannte die Schmuckkunst nur Gold,<\/em><br \/>\n<em>Silber, Perlen, Diamanten und Edelsteine. [\u2026] Er brach mit allen Traditionen und rehabilitierte die bescheidenen, bis dahin verschm\u00e4hten Steine wie Korund, Onyx und Sarder, Jade, Achat und Opale.<\/em><br \/>\n<em>Er schuf ein komplettes Schmuckensemble f\u00fcr die Frau: Diademe, K\u00e4mme, Broschen, Brustschmuck, Anh\u00e4nger, Ringe, Armb\u00e4nder \u2013 bei dem der Materialwert gegen\u00fcber der herausragenden Qualit\u00e4t der k\u00fcnstlerischen Arbeit, dem Einsatz der sch\u00f6pferischen Fantasie an Bedeutung verlor. Alle Formen der Natur wirkten in einem pantheistischen Rahmen zusammen: die Blumen, die Fr\u00fcchte, die Insekten, die V\u00f6gel, die Fische, die Reptilien. Aber er schuf sie neu, um sie an die Technik des Schmuckst\u00fccks anzupassen, wozu die zahllosen Nachahmer, die ihm seine geniale Kunst in beiden Welten verschaffte, nicht in der Lage waren oder nicht die M\u00f6glichkeit hatten. Die Juwelierkunst sollte bald wieder ihren angestammten Platz einnehmen.<\/em><\/p>\n<p>Ziel der Ausstellung <em>Ren\u00e9 Lalique, der Erfinder des modernen Schmucks<\/em> ist es, den Beitrag des K\u00fcnstlers zur Schmuckkunst des Art nouveau aufzuzeigen. Im Zusammenhang mit dem Tragen seiner Schmuckst\u00fccke widmet sie sich auch der Mode in der Belle \u00c9poque. Mit dem Blick auf seine Schmuckst\u00fccke als Gesamtkunstwerke lenkt sie das Augenmerk sowohl auf die strukturelle Dimension als auch auf die gro\u00dfe Aufmerksamkeit f\u00fcr die kleinsten Details. Und schlie\u00dflich interessiert sich die Ausstellung f\u00fcr den Schaffens- und Herstellungsprozess Laliques und betrachtet seine Bildwelten, die<br \/>\nBedeutung der Zeichnung f\u00fcr seine Arbeit, die verwendeten Materialien, die Frage des Volumens und schlie\u00dflich den Aspekt der verschiedenen Varianten seiner Werke. Sie zeigt, wie Andr\u00e9 Beaunier es ausdr\u00fcckte, dass er ein neues, eigenst\u00e4ndiges und von jedem Einfluss freies Werk geschaffen hat oder um es mit den Worten \u00c9mile Sedeyns zu sagen: <em>So macht sich das Genie einen Spa\u00df daraus, zum Tagesgespr\u00e4ch zu werden, und schafft gleichzeitig das Ewige.<\/em><\/p>\n<p>&nbsp;<\/p>\n<p>Ausstellung vom 1. Mai bis 3. November<br \/>\nIm Preis inbegriffen ist der Eintritt in die Dauerausstellungen des Museums.<\/p>\n<p>&nbsp;<\/p>\n<p><iframe loading=\"lazy\" title=\"YouTube video player\" src=\"https:\/\/www.youtube.com\/embed\/9I-ZuWfwg94?si=9OGzVVYtvrtN_bed\" width=\"560\" height=\"315\" frameborder=\"0\" allowfullscreen=\"allowfullscreen\"><\/iframe><\/p>\n","protected":false},"excerpt":{"rendered":"<p>Ein einziger K\u00fcnstler, und einer der gr\u00f6\u00dften [\u2026], Ren\u00e9 Lalique, hatte die Gabe, die Welt mit dem Schauder einer neuen Sch\u00f6nheit zu ber\u00fchren, betont Henri Clouzot. Vor ihm kannte die Schmuckkunst nur Gold, Silber, Perlen, Diamanten und Edelsteine. [\u2026] Er brach mit allen Traditionen und rehabilitierte die bescheidenen, bis dahin verschm\u00e4hten Steine wie Korund, Onyx [&hellip;]<\/p>\n","protected":false},"author":6,"featured_media":0,"parent":3147,"menu_order":0,"comment_status":"closed","ping_status":"closed","template":"","meta":{"_acf_changed":false,"footnotes":""},"class_list":["post-13479","page","type-page","status-publish","hentry"],"acf":[],"yoast_head":"<!-- This site is optimized with the Yoast SEO plugin v27.4 - https:\/\/yoast.com\/product\/yoast-seo-wordpress\/ -->\n<title>Ren\u00e9 Lalique, der Erfinder des modernen Schmucks - museelalique<\/title>\n<meta name=\"robots\" content=\"index, follow, max-snippet:-1, max-image-preview:large, max-video-preview:-1\" \/>\n<link rel=\"canonical\" href=\"https:\/\/www.musee-lalique.com\/de\/rund-ums-museum\/wechselausstellungen\/rene-lalique-linventeur-du-bijou-moderne\/\" \/>\n<meta property=\"og:locale\" content=\"de_DE\" \/>\n<meta property=\"og:type\" content=\"article\" \/>\n<meta property=\"og:title\" content=\"Ren\u00e9 Lalique, der Erfinder des modernen Schmucks - museelalique\" \/>\n<meta property=\"og:description\" content=\"Ein einziger K\u00fcnstler, und einer der gr\u00f6\u00dften [\u2026], Ren\u00e9 Lalique, hatte die Gabe, die Welt mit dem Schauder einer neuen Sch\u00f6nheit zu ber\u00fchren, betont Henri Clouzot. Vor ihm kannte die Schmuckkunst nur Gold, Silber, Perlen, Diamanten und Edelsteine. [\u2026] Er brach mit allen Traditionen und rehabilitierte die bescheidenen, bis dahin verschm\u00e4hten Steine wie Korund, Onyx [&hellip;]\" \/>\n<meta property=\"og:url\" content=\"https:\/\/www.musee-lalique.com\/de\/rund-ums-museum\/wechselausstellungen\/rene-lalique-linventeur-du-bijou-moderne\/\" \/>\n<meta property=\"og:site_name\" content=\"museelalique\" \/>\n<meta property=\"article:modified_time\" content=\"2024-06-20T05:42:35+00:00\" \/>\n<meta name=\"twitter:card\" content=\"summary_large_image\" \/>\n<meta name=\"twitter:label1\" content=\"Est. reading time\" \/>\n\t<meta name=\"twitter:data1\" content=\"2 minutes\" \/>\n<script type=\"application\/ld+json\" class=\"yoast-schema-graph\">{\"@context\":\"https:\\\/\\\/schema.org\",\"@graph\":[{\"@type\":\"WebPage\",\"@id\":\"https:\\\/\\\/www.musee-lalique.com\\\/de\\\/rund-ums-museum\\\/wechselausstellungen\\\/rene-lalique-linventeur-du-bijou-moderne\\\/\",\"url\":\"https:\\\/\\\/www.musee-lalique.com\\\/de\\\/rund-ums-museum\\\/wechselausstellungen\\\/rene-lalique-linventeur-du-bijou-moderne\\\/\",\"name\":\"Ren\u00e9 Lalique, der Erfinder des modernen Schmucks - museelalique\",\"isPartOf\":{\"@id\":\"https:\\\/\\\/musee-lalique.com\\\/#website\"},\"datePublished\":\"2024-04-25T05:31:40+00:00\",\"dateModified\":\"2024-06-20T05:42:35+00:00\",\"breadcrumb\":{\"@id\":\"https:\\\/\\\/www.musee-lalique.com\\\/de\\\/rund-ums-museum\\\/wechselausstellungen\\\/rene-lalique-linventeur-du-bijou-moderne\\\/#breadcrumb\"},\"inLanguage\":\"de-DE\",\"potentialAction\":[{\"@type\":\"ReadAction\",\"target\":[\"https:\\\/\\\/www.musee-lalique.com\\\/de\\\/rund-ums-museum\\\/wechselausstellungen\\\/rene-lalique-linventeur-du-bijou-moderne\\\/\"]}]},{\"@type\":\"BreadcrumbList\",\"@id\":\"https:\\\/\\\/www.musee-lalique.com\\\/de\\\/rund-ums-museum\\\/wechselausstellungen\\\/rene-lalique-linventeur-du-bijou-moderne\\\/#breadcrumb\",\"itemListElement\":[{\"@type\":\"ListItem\",\"position\":1,\"name\":\"Home\",\"item\":\"https:\\\/\\\/www.musee-lalique.com\\\/de\\\/\"},{\"@type\":\"ListItem\",\"position\":2,\"name\":\"Rund ums Museum\",\"item\":\"https:\\\/\\\/www.musee-lalique.com\\\/de\\\/rund-ums-museum\\\/\"},{\"@type\":\"ListItem\",\"position\":3,\"name\":\"Wechselausstellungen\",\"item\":\"https:\\\/\\\/www.musee-lalique.com\\\/de\\\/rund-ums-museum\\\/wechselausstellungen\\\/\"},{\"@type\":\"ListItem\",\"position\":4,\"name\":\"Ren\u00e9 Lalique, der Erfinder des modernen Schmucks\"}]},{\"@type\":\"WebSite\",\"@id\":\"https:\\\/\\\/musee-lalique.com\\\/#website\",\"url\":\"https:\\\/\\\/musee-lalique.com\\\/\",\"name\":\"museelalique\",\"description\":\"\",\"potentialAction\":[{\"@type\":\"SearchAction\",\"target\":{\"@type\":\"EntryPoint\",\"urlTemplate\":\"https:\\\/\\\/musee-lalique.com\\\/?s={search_term_string}\"},\"query-input\":{\"@type\":\"PropertyValueSpecification\",\"valueRequired\":true,\"valueName\":\"search_term_string\"}}],\"inLanguage\":\"de-DE\"}]}<\/script>\n<!-- \/ Yoast SEO plugin. -->","yoast_head_json":{"title":"Ren\u00e9 Lalique, der Erfinder des modernen Schmucks - museelalique","robots":{"index":"index","follow":"follow","max-snippet":"max-snippet:-1","max-image-preview":"max-image-preview:large","max-video-preview":"max-video-preview:-1"},"canonical":"https:\/\/www.musee-lalique.com\/de\/rund-ums-museum\/wechselausstellungen\/rene-lalique-linventeur-du-bijou-moderne\/","og_locale":"de_DE","og_type":"article","og_title":"Ren\u00e9 Lalique, der Erfinder des modernen Schmucks - museelalique","og_description":"Ein einziger K\u00fcnstler, und einer der gr\u00f6\u00dften [\u2026], Ren\u00e9 Lalique, hatte die Gabe, die Welt mit dem Schauder einer neuen Sch\u00f6nheit zu ber\u00fchren, betont Henri Clouzot. Vor ihm kannte die Schmuckkunst nur Gold, Silber, Perlen, Diamanten und Edelsteine. [\u2026] Er brach mit allen Traditionen und rehabilitierte die bescheidenen, bis dahin verschm\u00e4hten Steine wie Korund, Onyx [&hellip;]","og_url":"https:\/\/www.musee-lalique.com\/de\/rund-ums-museum\/wechselausstellungen\/rene-lalique-linventeur-du-bijou-moderne\/","og_site_name":"museelalique","article_modified_time":"2024-06-20T05:42:35+00:00","twitter_card":"summary_large_image","twitter_misc":{"Est. reading time":"2 minutes"},"schema":{"@context":"https:\/\/schema.org","@graph":[{"@type":"WebPage","@id":"https:\/\/www.musee-lalique.com\/de\/rund-ums-museum\/wechselausstellungen\/rene-lalique-linventeur-du-bijou-moderne\/","url":"https:\/\/www.musee-lalique.com\/de\/rund-ums-museum\/wechselausstellungen\/rene-lalique-linventeur-du-bijou-moderne\/","name":"Ren\u00e9 Lalique, der Erfinder des modernen Schmucks - museelalique","isPartOf":{"@id":"https:\/\/musee-lalique.com\/#website"},"datePublished":"2024-04-25T05:31:40+00:00","dateModified":"2024-06-20T05:42:35+00:00","breadcrumb":{"@id":"https:\/\/www.musee-lalique.com\/de\/rund-ums-museum\/wechselausstellungen\/rene-lalique-linventeur-du-bijou-moderne\/#breadcrumb"},"inLanguage":"de-DE","potentialAction":[{"@type":"ReadAction","target":["https:\/\/www.musee-lalique.com\/de\/rund-ums-museum\/wechselausstellungen\/rene-lalique-linventeur-du-bijou-moderne\/"]}]},{"@type":"BreadcrumbList","@id":"https:\/\/www.musee-lalique.com\/de\/rund-ums-museum\/wechselausstellungen\/rene-lalique-linventeur-du-bijou-moderne\/#breadcrumb","itemListElement":[{"@type":"ListItem","position":1,"name":"Home","item":"https:\/\/www.musee-lalique.com\/de\/"},{"@type":"ListItem","position":2,"name":"Rund ums Museum","item":"https:\/\/www.musee-lalique.com\/de\/rund-ums-museum\/"},{"@type":"ListItem","position":3,"name":"Wechselausstellungen","item":"https:\/\/www.musee-lalique.com\/de\/rund-ums-museum\/wechselausstellungen\/"},{"@type":"ListItem","position":4,"name":"Ren\u00e9 Lalique, der Erfinder des modernen Schmucks"}]},{"@type":"WebSite","@id":"https:\/\/musee-lalique.com\/#website","url":"https:\/\/musee-lalique.com\/","name":"museelalique","description":"","potentialAction":[{"@type":"SearchAction","target":{"@type":"EntryPoint","urlTemplate":"https:\/\/musee-lalique.com\/?s={search_term_string}"},"query-input":{"@type":"PropertyValueSpecification","valueRequired":true,"valueName":"search_term_string"}}],"inLanguage":"de-DE"}]}},"_links":{"self":[{"href":"https:\/\/www.musee-lalique.com\/de\/wp-json\/wp\/v2\/pages\/13479","targetHints":{"allow":["GET"]}}],"collection":[{"href":"https:\/\/www.musee-lalique.com\/de\/wp-json\/wp\/v2\/pages"}],"about":[{"href":"https:\/\/www.musee-lalique.com\/de\/wp-json\/wp\/v2\/types\/page"}],"author":[{"embeddable":true,"href":"https:\/\/www.musee-lalique.com\/de\/wp-json\/wp\/v2\/users\/6"}],"replies":[{"embeddable":true,"href":"https:\/\/www.musee-lalique.com\/de\/wp-json\/wp\/v2\/comments?post=13479"}],"version-history":[{"count":3,"href":"https:\/\/www.musee-lalique.com\/de\/wp-json\/wp\/v2\/pages\/13479\/revisions"}],"predecessor-version":[{"id":13487,"href":"https:\/\/www.musee-lalique.com\/de\/wp-json\/wp\/v2\/pages\/13479\/revisions\/13487"}],"up":[{"embeddable":true,"href":"https:\/\/www.musee-lalique.com\/de\/wp-json\/wp\/v2\/pages\/3147"}],"wp:attachment":[{"href":"https:\/\/www.musee-lalique.com\/de\/wp-json\/wp\/v2\/media?parent=13479"}],"curies":[{"name":"wp","href":"https:\/\/api.w.org\/{rel}","templated":true}]}}